{"id":204,"date":"2022-09-14T12:00:05","date_gmt":"2022-09-14T10:00:05","guid":{"rendered":"https:\/\/www.karlhauser.com\/?page_id=204"},"modified":"2024-07-29T10:25:49","modified_gmt":"2024-07-29T08:25:49","slug":"imitarbeiter","status":"publish","type":"page","link":"https:\/\/www.karlhauser.com\/de\/imitarbeiter\/","title":{"rendered":"Imitarbeiter"},"content":{"rendered":"<div class=\"wpb-content-wrapper\"><p>[vc_row css=&#8220;.vc_custom_1663004730339{padding-top: 2em !important;padding-bottom: 2em !important;}&#8220;][vc_column width=&#8220;5\/6&#8243; offset=&#8220;vc_col-sm-offset-1&#8243;]<h2 class=\"deco-title sinistra\"><span class=\"deco-eylet\">Imitarbeiter<\/span><span>Unsere Staff<\/span><\/h2>[vc_row_inner equal_height=&#8220;yes&#8220; content_placement=&#8220;middle&#8220; css=&#8220;.vc_custom_1663005213043{padding-top: 2em !important;padding-bottom: 2em !important;}&#8220;][vc_column_inner width=&#8220;1\/4&#8243;][vc_single_image image=&#8220;12756&#8243; img_size=&#8220;full&#8220; alignment=&#8220;center&#8220; style=&#8220;vc_box_border_circle&#8220; css_animation=&#8220;fadeIn&#8220; css=&#8220;&#8220;][\/vc_column_inner][vc_column_inner width=&#8220;1\/4&#8243;][vc_column_text css=&#8220;&#8220;]<\/p>\n<h4>Mirella Levrini<\/h4>\n<p>Administration<\/p>\n<p>Karl H\u00e4user<\/p>\n<p><a href=\"https:\/\/www.karlhauser.com\">https:\/\/www.karlhauser.com<\/a>[\/vc_column_text][\/vc_column_inner][vc_column_inner width=&#8220;1\/4&#8243;][vc_single_image image=&#8220;12753&#8243; img_size=&#8220;full&#8220; alignment=&#8220;center&#8220; style=&#8220;vc_box_border_circle&#8220; css_animation=&#8220;fadeIn&#8220; css=&#8220;&#8220;][\/vc_column_inner][vc_column_inner width=&#8220;1\/4&#8243;][vc_column_text css=&#8220;&#8220;]<\/p>\n<h4>Karl H\u00e4user<\/h4>\n<p>Experte f\u00fcr Milit\u00e4rische Antiquit\u00e4ten und Waffen<\/p>\n<p>Karl H\u00e4user<\/p>\n<p><a href=\"https:\/\/www.karlhauser.com\">https:\/\/www.karlhauser.com<\/a>[\/vc_column_text][\/vc_column_inner][\/vc_row_inner][vc_row_inner equal_height=&#8220;yes&#8220; content_placement=&#8220;middle&#8220; css=&#8220;.vc_custom_1663005213043{padding-top: 2em !important;padding-bottom: 2em !important;}&#8220;][vc_column_inner width=&#8220;1\/4&#8243;][vc_single_image image=&#8220;89&#8243; img_size=&#8220;full&#8220; alignment=&#8220;center&#8220; style=&#8220;vc_box_border_circle&#8220; css_animation=&#8220;fadeIn&#8220;][\/vc_column_inner][vc_column_inner width=&#8220;1\/4&#8243;][vc_column_text]<\/p>\n<h4>Filippo Barbieri<\/h4>\n<p>Experte f\u00fcr milit\u00e4rische Antiquit\u00e4ten<\/p>\n<p>Mitglied von B&amp;V Studio<\/p>\n<p><a href=\"https:\/\/www.bv-studio.it\">https:\/\/www.bv-studio.it<\/a>[\/vc_column_text][\/vc_column_inner][vc_column_inner width=&#8220;1\/4&#8243;][vc_single_image image=&#8220;86&#8243; img_size=&#8220;full&#8220; alignment=&#8220;center&#8220; style=&#8220;vc_box_border_circle&#8220; css_animation=&#8220;fadeIn&#8220;][\/vc_column_inner][vc_column_inner width=&#8220;1\/4&#8243;][vc_column_text]<\/p>\n<h4>Giulio Verrecchia<\/h4>\n<p>Experte f\u00fcr Antiquit\u00e4ten und moderne Waffen und Munition<\/p>\n<p>Mitglied von B&amp;V Studio<\/p>\n<p><a href=\"https:\/\/www.bv-studio.it\">https:\/\/www.bv-studio.it<\/a>[\/vc_column_text][\/vc_column_inner][\/vc_row_inner][\/vc_column][\/vc_row][vc_row css=&#8220;.vc_custom_1663004730339{padding-top: 2em !important;padding-bottom: 2em !important;}&#8220;][vc_column width=&#8220;5\/6&#8243; offset=&#8220;vc_col-sm-offset-1&#8243;]<h2 class=\"deco-title centro\"><span>Werden wir auf folgenden Messen ausstellen<\/span><\/h2>\n\t\t\t<div class=\"standard-gallery-wrapper mb-3 \">\n\t\t\t\t<div class=\"row justify-content-center\">\n\t\t\t\t\t<div class=\"col-lg-3 col-md-6 offset-md-0 col-10 offset-1\">\n\t\t\t\t\t<a href=\"https:\/\/waffenboersen.com\/\" target=\"_blank\">\n\t\t\t\t\t<div class=\"aspect-image rounded shadow \" data-delta=\"1.3333333333333\" data-url=\"https:\/\/www.karlhauser.com\/wp-content\/uploads\/2022\/09\/wbk-1.jpg\" data-width=\"320\" data-height=\"240\" style=\"background-image:url('https:\/\/www.karlhauser.com\/wp-content\/uploads\/2022\/09\/wbk-1.jpg'); aspect-ratio:4 \/ 3;\">\n\t\t\t\t\t\t\n\t\t\t\t\t<\/div>\n\t\t\t\t\t<\/a>\n\t\t\t\t<\/div>\n<div class=\"col-lg-3 col-md-6 offset-md-0 col-10 offset-1\">\n\t\t\t\t\t<a href=\"https:\/\/www.cineyexpo.be\/\" target=\"_blank\">\n\t\t\t\t\t<div class=\"aspect-image rounded shadow \" data-delta=\"1.3333333333333\" data-url=\"https:\/\/www.karlhauser.com\/wp-content\/uploads\/2022\/09\/Ciney.jpg\" data-width=\"319\" data-height=\"240\" style=\"background-image:url('https:\/\/www.karlhauser.com\/wp-content\/uploads\/2022\/09\/Ciney.jpg'); aspect-ratio:4 \/ 3;\">\n\t\t\t\t\t\t\n\t\t\t\t\t<\/div>\n\t\t\t\t\t<\/a>\n\t\t\t\t<\/div>\n<div class=\"col-lg-3 col-md-6 offset-md-0 col-10 offset-1\">\n\t\t\t\t\t<a href=\"https:\/\/parcoesposizioninovegro.it\/\" target=\"_blank\">\n\t\t\t\t\t<div class=\"aspect-image rounded shadow \" data-delta=\"1.3333333333333\" data-url=\"https:\/\/www.karlhauser.com\/wp-content\/uploads\/2022\/09\/Fiera-Militalia-Novegro-2021-1.jpg\" data-width=\"320\" data-height=\"240\" style=\"background-image:url('https:\/\/www.karlhauser.com\/wp-content\/uploads\/2022\/09\/Fiera-Militalia-Novegro-2021-1.jpg'); aspect-ratio:4 \/ 3;\">\n\t\t\t\t\t\t\n\t\t\t\t\t<\/div>\n\t\t\t\t\t<\/a>\n\t\t\t\t<\/div>\n\t\t\t\t<\/div>\n\t\t\t<\/div>[\/vc_column][\/vc_row]<\/p>\n<\/div>","protected":false},"excerpt":{"rendered":"<p>[vc_row css=&#8220;.vc_custom_1663004730339{padding-top: 2em !important;padding-bottom: 2em !important;}&#8220;][vc_column width=&#8220;5\/6&#8243; offset=&#8220;vc_col-sm-offset-1&#8243;][vc_row_inner equal_height=&#8220;yes&#8220; content_placement=&#8220;middle&#8220; css=&#8220;.vc_custom_1663005213043{padding-top: 2em !important;padding-bottom: 2em !important;}&#8220;][vc_column_inner width=&#8220;1\/4&#8243;][vc_single_image image=&#8220;12756&#8243; img_size=&#8220;full&#8220; alignment=&#8220;center&#8220; style=&#8220;vc_box_border_circle&#8220; css_animation=&#8220;fadeIn&#8220; css=&#8220;&#8220;][\/vc_column_inner][vc_column_inner width=&#8220;1\/4&#8243;][vc_column_text css=&#8220;&#8220;] Mirella Levrini Administration Karl H\u00e4user https:\/\/www.karlhauser.com[\/vc_column_text][\/vc_column_inner][vc_column_inner width=&#8220;1\/4&#8243;][vc_single_image image=&#8220;12753&#8243; img_size=&#8220;full&#8220; alignment=&#8220;center&#8220; style=&#8220;vc_box_border_circle&#8220; css_animation=&#8220;fadeIn&#8220; css=&#8220;&#8220;][\/vc_column_inner][vc_column_inner width=&#8220;1\/4&#8243;][vc_column_text css=&#8220;&#8220;] Karl H\u00e4user Experte f\u00fcr Milit\u00e4rische Antiquit\u00e4ten und Waffen Karl H\u00e4user https:\/\/www.karlhauser.com[\/vc_column_text][\/vc_column_inner][\/vc_row_inner][vc_row_inner equal_height=&#8220;yes&#8220; content_placement=&#8220;middle&#8220; css=&#8220;.vc_custom_1663005213043{padding-top: 2em !important;padding-bottom: [&hellip;]<\/p>\n","protected":false},"author":1,"featured_media":0,"parent":0,"menu_order":0,"comment_status":"closed","ping_status":"closed","template":"","meta":{"_acf_changed":false,"footnotes":""},"class_list":["post-204","page","type-page","status-publish","hentry"],"acf":[],"yoast_head":"<!-- This site is optimized with the Yoast SEO plugin v27.6 - https:\/\/yoast.com\/product\/yoast-seo-wordpress\/ -->\n<title>Imitarbeiter - Karl H\u00e4user<\/title>\n<meta name=\"robots\" content=\"index, follow, max-snippet:-1, max-image-preview:large, max-video-preview:-1\" \/>\n<link rel=\"canonical\" href=\"https:\/\/www.karlhauser.com\/de\/imitarbeiter\/\" \/>\n<meta property=\"og:locale\" content=\"de_DE\" \/>\n<meta property=\"og:type\" content=\"article\" \/>\n<meta property=\"og:title\" content=\"Imitarbeiter - Karl H\u00e4user\" \/>\n<meta property=\"og:description\" content=\"[vc_row css=&#8220;.vc_custom_1663004730339{padding-top: 2em !important;padding-bottom: 2em !important;}&#8220;][vc_column width=&#8220;5\/6&#8243; offset=&#8220;vc_col-sm-offset-1&#8243;][vc_row_inner equal_height=&#8220;yes&#8220; content_placement=&#8220;middle&#8220; css=&#8220;.vc_custom_1663005213043{padding-top: 2em !important;padding-bottom: 2em !important;}&#8220;][vc_column_inner width=&#8220;1\/4&#8243;][vc_single_image image=&#8220;12756&#8243; img_size=&#8220;full&#8220; alignment=&#8220;center&#8220; style=&#8220;vc_box_border_circle&#8220; css_animation=&#8220;fadeIn&#8220; css=&#8220;&#8220;][\/vc_column_inner][vc_column_inner width=&#8220;1\/4&#8243;][vc_column_text css=&#8220;&#8220;] Mirella Levrini Administration Karl H\u00e4user https:\/\/www.karlhauser.com[\/vc_column_text][\/vc_column_inner][vc_column_inner width=&#8220;1\/4&#8243;][vc_single_image image=&#8220;12753&#8243; img_size=&#8220;full&#8220; alignment=&#8220;center&#8220; style=&#8220;vc_box_border_circle&#8220; css_animation=&#8220;fadeIn&#8220; css=&#8220;&#8220;][\/vc_column_inner][vc_column_inner width=&#8220;1\/4&#8243;][vc_column_text css=&#8220;&#8220;] Karl H\u00e4user Experte f\u00fcr Milit\u00e4rische Antiquit\u00e4ten und Waffen Karl H\u00e4user https:\/\/www.karlhauser.com[\/vc_column_text][\/vc_column_inner][\/vc_row_inner][vc_row_inner equal_height=&#8220;yes&#8220; content_placement=&#8220;middle&#8220; css=&#8220;.vc_custom_1663005213043{padding-top: 2em !important;padding-bottom: [&hellip;]\" \/>\n<meta property=\"og:url\" content=\"https:\/\/www.karlhauser.com\/de\/imitarbeiter\/\" \/>\n<meta property=\"og:site_name\" content=\"Karl H\u00e4user\" \/>\n<meta property=\"article:modified_time\" content=\"2024-07-29T08:25:49+00:00\" \/>\n<meta name=\"twitter:card\" content=\"summary_large_image\" \/>\n<meta name=\"twitter:label1\" content=\"Gesch\u00e4tzte Lesezeit\" \/>\n\t<meta name=\"twitter:data1\" content=\"3\u00a0Minuten\" \/>\n<script type=\"application\/ld+json\" class=\"yoast-schema-graph\">{\"@context\":\"https:\\\/\\\/schema.org\",\"@graph\":[{\"@type\":\"WebPage\",\"@id\":\"https:\\\/\\\/www.karlhauser.com\\\/de\\\/imitarbeiter\\\/\",\"url\":\"https:\\\/\\\/www.karlhauser.com\\\/de\\\/imitarbeiter\\\/\",\"name\":\"Imitarbeiter - Karl H\u00e4user\",\"isPartOf\":{\"@id\":\"https:\\\/\\\/www.karlhauser.com\\\/de\\\/#website\"},\"datePublished\":\"2022-09-14T10:00:05+00:00\",\"dateModified\":\"2024-07-29T08:25:49+00:00\",\"breadcrumb\":{\"@id\":\"https:\\\/\\\/www.karlhauser.com\\\/de\\\/imitarbeiter\\\/#breadcrumb\"},\"inLanguage\":\"de\",\"potentialAction\":[{\"@type\":\"ReadAction\",\"target\":[\"https:\\\/\\\/www.karlhauser.com\\\/de\\\/imitarbeiter\\\/\"]}]},{\"@type\":\"BreadcrumbList\",\"@id\":\"https:\\\/\\\/www.karlhauser.com\\\/de\\\/imitarbeiter\\\/#breadcrumb\",\"itemListElement\":[{\"@type\":\"ListItem\",\"position\":1,\"name\":\"Home\",\"item\":\"https:\\\/\\\/www.karlhauser.com\\\/de\\\/\"},{\"@type\":\"ListItem\",\"position\":2,\"name\":\"Imitarbeiter\"}]},{\"@type\":\"WebSite\",\"@id\":\"https:\\\/\\\/www.karlhauser.com\\\/de\\\/#website\",\"url\":\"https:\\\/\\\/www.karlhauser.com\\\/de\\\/\",\"name\":\"Karl H\u00e4user\",\"description\":\"Milit\u00e4rische Antiquit\u00e4ten und Waffen Vermittlung\",\"publisher\":{\"@id\":\"https:\\\/\\\/www.karlhauser.com\\\/de\\\/#organization\"},\"potentialAction\":[{\"@type\":\"SearchAction\",\"target\":{\"@type\":\"EntryPoint\",\"urlTemplate\":\"https:\\\/\\\/www.karlhauser.com\\\/de\\\/?s={search_term_string}\"},\"query-input\":{\"@type\":\"PropertyValueSpecification\",\"valueRequired\":true,\"valueName\":\"search_term_string\"}}],\"inLanguage\":\"de\"},{\"@type\":\"Organization\",\"@id\":\"https:\\\/\\\/www.karlhauser.com\\\/de\\\/#organization\",\"name\":\"Karl H\u00e4user\",\"url\":\"https:\\\/\\\/www.karlhauser.com\\\/de\\\/\",\"logo\":{\"@type\":\"ImageObject\",\"inLanguage\":\"de\",\"@id\":\"https:\\\/\\\/www.karlhauser.com\\\/de\\\/#\\\/schema\\\/logo\\\/image\\\/\",\"url\":\"https:\\\/\\\/www.karlhauser.com\\\/wp-content\\\/uploads\\\/2022\\\/09\\\/KH-generico-3.jpg\",\"contentUrl\":\"https:\\\/\\\/www.karlhauser.com\\\/wp-content\\\/uploads\\\/2022\\\/09\\\/KH-generico-3.jpg\",\"width\":470,\"height\":470,\"caption\":\"Karl H\u00e4user\"},\"image\":{\"@id\":\"https:\\\/\\\/www.karlhauser.com\\\/de\\\/#\\\/schema\\\/logo\\\/image\\\/\"},\"sameAs\":[\"https:\\\/\\\/www.instagram.com\\\/karlhauser.antik\\\/\",\"https:\\\/\\\/www.youtube.com\\\/channel\\\/UCt-9t2bku12mwXmte0FJLGQ\",\"https:\\\/\\\/www.ebay.it\\\/str\\\/karlhausermilitaryantiques?_trksid=p2047675.m3561.l2563\"]}]}<\/script>\n<!-- \/ Yoast SEO plugin. -->","yoast_head_json":{"title":"Imitarbeiter - Karl H\u00e4user","robots":{"index":"index","follow":"follow","max-snippet":"max-snippet:-1","max-image-preview":"max-image-preview:large","max-video-preview":"max-video-preview:-1"},"canonical":"https:\/\/www.karlhauser.com\/de\/imitarbeiter\/","og_locale":"de_DE","og_type":"article","og_title":"Imitarbeiter - Karl H\u00e4user","og_description":"[vc_row css=&#8220;.vc_custom_1663004730339{padding-top: 2em !important;padding-bottom: 2em !important;}&#8220;][vc_column width=&#8220;5\/6&#8243; offset=&#8220;vc_col-sm-offset-1&#8243;][vc_row_inner equal_height=&#8220;yes&#8220; content_placement=&#8220;middle&#8220; css=&#8220;.vc_custom_1663005213043{padding-top: 2em !important;padding-bottom: 2em !important;}&#8220;][vc_column_inner width=&#8220;1\/4&#8243;][vc_single_image image=&#8220;12756&#8243; img_size=&#8220;full&#8220; alignment=&#8220;center&#8220; style=&#8220;vc_box_border_circle&#8220; css_animation=&#8220;fadeIn&#8220; css=&#8220;&#8220;][\/vc_column_inner][vc_column_inner width=&#8220;1\/4&#8243;][vc_column_text css=&#8220;&#8220;] Mirella Levrini Administration Karl H\u00e4user https:\/\/www.karlhauser.com[\/vc_column_text][\/vc_column_inner][vc_column_inner width=&#8220;1\/4&#8243;][vc_single_image image=&#8220;12753&#8243; img_size=&#8220;full&#8220; alignment=&#8220;center&#8220; style=&#8220;vc_box_border_circle&#8220; css_animation=&#8220;fadeIn&#8220; css=&#8220;&#8220;][\/vc_column_inner][vc_column_inner width=&#8220;1\/4&#8243;][vc_column_text css=&#8220;&#8220;] Karl H\u00e4user Experte f\u00fcr Milit\u00e4rische Antiquit\u00e4ten und Waffen Karl H\u00e4user https:\/\/www.karlhauser.com[\/vc_column_text][\/vc_column_inner][\/vc_row_inner][vc_row_inner equal_height=&#8220;yes&#8220; content_placement=&#8220;middle&#8220; css=&#8220;.vc_custom_1663005213043{padding-top: 2em !important;padding-bottom: [&hellip;]","og_url":"https:\/\/www.karlhauser.com\/de\/imitarbeiter\/","og_site_name":"Karl H\u00e4user","article_modified_time":"2024-07-29T08:25:49+00:00","twitter_card":"summary_large_image","twitter_misc":{"Gesch\u00e4tzte Lesezeit":"3\u00a0Minuten"},"schema":{"@context":"https:\/\/schema.org","@graph":[{"@type":"WebPage","@id":"https:\/\/www.karlhauser.com\/de\/imitarbeiter\/","url":"https:\/\/www.karlhauser.com\/de\/imitarbeiter\/","name":"Imitarbeiter - Karl H\u00e4user","isPartOf":{"@id":"https:\/\/www.karlhauser.com\/de\/#website"},"datePublished":"2022-09-14T10:00:05+00:00","dateModified":"2024-07-29T08:25:49+00:00","breadcrumb":{"@id":"https:\/\/www.karlhauser.com\/de\/imitarbeiter\/#breadcrumb"},"inLanguage":"de","potentialAction":[{"@type":"ReadAction","target":["https:\/\/www.karlhauser.com\/de\/imitarbeiter\/"]}]},{"@type":"BreadcrumbList","@id":"https:\/\/www.karlhauser.com\/de\/imitarbeiter\/#breadcrumb","itemListElement":[{"@type":"ListItem","position":1,"name":"Home","item":"https:\/\/www.karlhauser.com\/de\/"},{"@type":"ListItem","position":2,"name":"Imitarbeiter"}]},{"@type":"WebSite","@id":"https:\/\/www.karlhauser.com\/de\/#website","url":"https:\/\/www.karlhauser.com\/de\/","name":"Karl H\u00e4user","description":"Milit\u00e4rische Antiquit\u00e4ten und Waffen Vermittlung","publisher":{"@id":"https:\/\/www.karlhauser.com\/de\/#organization"},"potentialAction":[{"@type":"SearchAction","target":{"@type":"EntryPoint","urlTemplate":"https:\/\/www.karlhauser.com\/de\/?s={search_term_string}"},"query-input":{"@type":"PropertyValueSpecification","valueRequired":true,"valueName":"search_term_string"}}],"inLanguage":"de"},{"@type":"Organization","@id":"https:\/\/www.karlhauser.com\/de\/#organization","name":"Karl H\u00e4user","url":"https:\/\/www.karlhauser.com\/de\/","logo":{"@type":"ImageObject","inLanguage":"de","@id":"https:\/\/www.karlhauser.com\/de\/#\/schema\/logo\/image\/","url":"https:\/\/www.karlhauser.com\/wp-content\/uploads\/2022\/09\/KH-generico-3.jpg","contentUrl":"https:\/\/www.karlhauser.com\/wp-content\/uploads\/2022\/09\/KH-generico-3.jpg","width":470,"height":470,"caption":"Karl H\u00e4user"},"image":{"@id":"https:\/\/www.karlhauser.com\/de\/#\/schema\/logo\/image\/"},"sameAs":["https:\/\/www.instagram.com\/karlhauser.antik\/","https:\/\/www.youtube.com\/channel\/UCt-9t2bku12mwXmte0FJLGQ","https:\/\/www.ebay.it\/str\/karlhausermilitaryantiques?_trksid=p2047675.m3561.l2563"]}]}},"_links":{"self":[{"href":"https:\/\/www.karlhauser.com\/de\/wp-json\/wp\/v2\/pages\/204","targetHints":{"allow":["GET"]}}],"collection":[{"href":"https:\/\/www.karlhauser.com\/de\/wp-json\/wp\/v2\/pages"}],"about":[{"href":"https:\/\/www.karlhauser.com\/de\/wp-json\/wp\/v2\/types\/page"}],"author":[{"embeddable":true,"href":"https:\/\/www.karlhauser.com\/de\/wp-json\/wp\/v2\/users\/1"}],"replies":[{"embeddable":true,"href":"https:\/\/www.karlhauser.com\/de\/wp-json\/wp\/v2\/comments?post=204"}],"version-history":[{"count":12,"href":"https:\/\/www.karlhauser.com\/de\/wp-json\/wp\/v2\/pages\/204\/revisions"}],"predecessor-version":[{"id":12792,"href":"https:\/\/www.karlhauser.com\/de\/wp-json\/wp\/v2\/pages\/204\/revisions\/12792"}],"wp:attachment":[{"href":"https:\/\/www.karlhauser.com\/de\/wp-json\/wp\/v2\/media?parent=204"}],"curies":[{"name":"wp","href":"https:\/\/api.w.org\/{rel}","templated":true}]}}