{"id":216,"date":"2022-09-14T12:06:50","date_gmt":"2022-09-14T10:06:50","guid":{"rendered":"https:\/\/www.karlhauser.com\/?page_id=216"},"modified":"2025-07-01T07:52:40","modified_gmt":"2025-07-01T05:52:40","slug":"kontact","status":"publish","type":"page","link":"https:\/\/www.karlhauser.com\/de\/kontact\/","title":{"rendered":"Kontact"},"content":{"rendered":"<div class=\"wpb-content-wrapper\"><p>[vc_row content_placement=&#8220;middle&#8220; css=&#8220;.vc_custom_1663003540846{padding-top: 2em !important;}&#8220;][vc_column width=&#8220;1\/3&#8243; offset=&#8220;vc_col-sm-offset-1&#8243;][vc_gmaps link=&#8220;#E-8_JTNDaWZyYW1lJTIwc3JjJTNEJTIyaHR0cHMlM0ElMkYlMkZ3d3cuZ29vZ2xlLmNvbSUyRm1hcHMlMkZlbWJlZCUzRnBiJTNEJTIxMW0xOCUyMTFtMTIlMjExbTMlMjExZDI3MDcuNDQ5Mzk5NDg3MzY5JTIxMmQxMS4zODgwMzgzNzY4NTkwNjMlMjEzZDQ3LjI2NjQ2ODk3MTE2MDY0JTIxMm0zJTIxMWYwJTIxMmYwJTIxM2YwJTIxM20yJTIxMWkxMDI0JTIxMmk3NjglMjE0ZjEzLjElMjEzbTMlMjExbTIlMjExczB4NDc5ZDZiZmFlOWUyNGIyZiUyNTNBMHg2ZGM5MTQxNGVlZTkyZDkzJTIxMnNJbm5yYWluJTI1MjAxNSUyNTJDJTI1MjA2MDIwJTI1MjBJbm5zYnJ1Y2slMjUyQyUyNTIwQXVzdHJpYSUyMTVlMCUyMTNtMiUyMTFzaXQlMjEyc2l0JTIxNHYxNzIyMjM2ODAwMDg2JTIxNW0yJTIxMXNpdCUyMTJzaXQlMjIlMjB3aWR0aCUzRCUyMjYwMCUyMiUyMGhlaWdodCUzRCUyMjQ1MCUyMiUyMHN0eWxlJTNEJTIyYm9yZGVyJTNBMCUzQiUyMiUyMGFsbG93ZnVsbHNjcmVlbiUzRCUyMiUyMiUyMGxvYWRpbmclM0QlMjJsYXp5JTIyJTIwcmVmZXJyZXJwb2xpY3klM0QlMjJuby1yZWZlcnJlci13aGVuLWRvd25ncmFkZSUyMiUzRSUzQyUyRmlmcmFtZSUzRQ==&#8220; css=&#8220;&#8220;][\/vc_column][vc_column css_animation=&#8220;right-to-left&#8220; width=&#8220;1\/2&#8243;]<h2 class=\"deco-title sinistra\"><span class=\"deco-eylet\">Innsbruck<\/span><span>Verwaltungssitz<\/span><\/h2>[vc_column_text css=&#8220;&#8220;]Unser <strong>Verwaltungssitz<\/strong> befindet sich in Tirol. Die Verwaltungs- und Buchhaltungsunterlagen werden hier verwaltet.<\/p>\n<p><strong>Innrain, 15 &#8211; 6020\u00a0 Innsbruck<\/strong><\/p>\n<p>Postfach 0140 \u2013 6010 Innsbruck[\/vc_column_text][\/vc_column][\/vc_row][vc_row full_width=&#8220;stretch_row&#8220; content_placement=&#8220;middle&#8220; css=&#8220;.vc_custom_1663003532052{padding-top: 2em !important;padding-bottom: 2em !important;background-color: #f5f5f5 !important;}&#8220;][vc_column width=&#8220;1\/2&#8243; offset=&#8220;vc_col-sm-offset-1&#8243;]<h2 class=\"deco-title sinistra\"><span class=\"deco-eylet\">Modena<\/span><span>Betriebsstandort<\/span><\/h2>[vc_column_text css=&#8220;&#8220;]Unser italienisches <strong>Betriebsstandort<\/strong> befindet sich nicht weit von der s\u00fcdlichen Ausfahrt der Autobahn von Modena entfernt.<\/p>\n<p><strong>Via Raimondo dalla Costa, 440 Modena<\/strong>[\/vc_column_text][\/vc_column][vc_column css_animation=&#8220;right-to-left&#8220; width=&#8220;1\/3&#8243;][vc_gmaps link=&#8220;#E-8_JTNDaWZyYW1lJTIwc3JjJTNEJTIyaHR0cHMlM0ElMkYlMkZ3d3cuZ29vZ2xlLmNvbSUyRm1hcHMlMkZlbWJlZCUzRnBiJTNEJTIxMW0xOCUyMTFtMTIlMjExbTMlMjExZDI4MzguMDE3OTEyMTQxNDY4NSUyMTJkMTAuOTY4MDU0MDE1NzY0Mjc2JTIxM2Q0NC42NTc5ODU2OTQ4OTQxNyUyMTJtMyUyMTFmMCUyMTJmMCUyMTNmMCUyMTNtMiUyMTFpMTAyNCUyMTJpNzY4JTIxNGYxMy4xJTIxM20zJTIxMW0yJTIxMXMweDQ3N2ZlOGQ3ZTg4MzE4YjclMjUzQTB4NjFlMzExZDU1MTYwYzM4ZCUyMTJzVmlhJTI1MjBSYWltb25kbyUyNTIwZGFsbGElMjUyMENvc3RhJTI1MkMlMjUyMDQ0MCUyNTJDJTI1MjA0MTEyMiUyNTIwTW9kZW5hJTI1MjBNTyUyMTVlMCUyMTNtMiUyMTFzaXQlMjEyc2l0JTIxNHYxNjYzMDAzNDAwNDgyJTIxNW0yJTIxMXNpdCUyMTJzaXQlMjIlMjB3aWR0aCUzRCUyMjYwMCUyMiUyMGhlaWdodCUzRCUyMjQ1MCUyMiUyMHN0eWxlJTNEJTIyYm9yZGVyJTNBMCUzQiUyMiUyMGFsbG93ZnVsbHNjcmVlbiUzRCUyMiUyMiUyMGxvYWRpbmclM0QlMjJsYXp5JTIyJTIwcmVmZXJyZXJwb2xpY3klM0QlMjJuby1yZWZlcnJlci13aGVuLWRvd25ncmFkZSUyMiUzRSUzQyUyRmlmcmFtZSUzRQ==&#8220;][\/vc_column][\/vc_row]<\/p>\n<\/div>","protected":false},"excerpt":{"rendered":"<p>[vc_row content_placement=&#8220;middle&#8220; css=&#8220;.vc_custom_1663003540846{padding-top: 2em !important;}&#8220;][vc_column width=&#8220;1\/3&#8243; offset=&#8220;vc_col-sm-offset-1&#8243;][vc_gmaps link=&#8220;#E-8_JTNDaWZyYW1lJTIwc3JjJTNEJTIyaHR0cHMlM0ElMkYlMkZ3d3cuZ29vZ2xlLmNvbSUyRm1hcHMlMkZlbWJlZCUzRnBiJTNEJTIxMW0xOCUyMTFtMTIlMjExbTMlMjExZDI3MDcuNDQ5Mzk5NDg3MzY5JTIxMmQxMS4zODgwMzgzNzY4NTkwNjMlMjEzZDQ3LjI2NjQ2ODk3MTE2MDY0JTIxMm0zJTIxMWYwJTIxMmYwJTIxM2YwJTIxM20yJTIxMWkxMDI0JTIxMmk3NjglMjE0ZjEzLjElMjEzbTMlMjExbTIlMjExczB4NDc5ZDZiZmFlOWUyNGIyZiUyNTNBMHg2ZGM5MTQxNGVlZTkyZDkzJTIxMnNJbm5yYWluJTI1MjAxNSUyNTJDJTI1MjA2MDIwJTI1MjBJbm5zYnJ1Y2slMjUyQyUyNTIwQXVzdHJpYSUyMTVlMCUyMTNtMiUyMTFzaXQlMjEyc2l0JTIxNHYxNzIyMjM2ODAwMDg2JTIxNW0yJTIxMXNpdCUyMTJzaXQlMjIlMjB3aWR0aCUzRCUyMjYwMCUyMiUyMGhlaWdodCUzRCUyMjQ1MCUyMiUyMHN0eWxlJTNEJTIyYm9yZGVyJTNBMCUzQiUyMiUyMGFsbG93ZnVsbHNjcmVlbiUzRCUyMiUyMiUyMGxvYWRpbmclM0QlMjJsYXp5JTIyJTIwcmVmZXJyZXJwb2xpY3klM0QlMjJuby1yZWZlcnJlci13aGVuLWRvd25ncmFkZSUyMiUzRSUzQyUyRmlmcmFtZSUzRQ==&#8220; css=&#8220;&#8220;][\/vc_column][vc_column css_animation=&#8220;right-to-left&#8220; width=&#8220;1\/2&#8243;][vc_column_text css=&#8220;&#8220;]Unser Verwaltungssitz befindet sich in Tirol. Die Verwaltungs- und Buchhaltungsunterlagen werden hier verwaltet. Innrain, 15 &#8211; 6020\u00a0 Innsbruck Postfach 0140 \u2013 6010 Innsbruck[\/vc_column_text][\/vc_column][\/vc_row][vc_row full_width=&#8220;stretch_row&#8220; content_placement=&#8220;middle&#8220; css=&#8220;.vc_custom_1663003532052{padding-top: 2em !important;padding-bottom: 2em !important;background-color: #f5f5f5 !important;}&#8220;][vc_column width=&#8220;1\/2&#8243; offset=&#8220;vc_col-sm-offset-1&#8243;][vc_column_text css=&#8220;&#8220;]Unser italienisches Betriebsstandort befindet sich nicht weit von der s\u00fcdlichen [&hellip;]<\/p>\n","protected":false},"author":1,"featured_media":0,"parent":0,"menu_order":0,"comment_status":"closed","ping_status":"closed","template":"","meta":{"_acf_changed":false,"footnotes":""},"class_list":["post-216","page","type-page","status-publish","hentry"],"acf":[],"yoast_head":"<!-- This site is optimized with the Yoast SEO plugin v27.6 - https:\/\/yoast.com\/product\/yoast-seo-wordpress\/ -->\n<title>Kontact - Karl H\u00e4user<\/title>\n<meta name=\"robots\" content=\"index, follow, max-snippet:-1, max-image-preview:large, max-video-preview:-1\" \/>\n<link rel=\"canonical\" href=\"https:\/\/www.karlhauser.com\/de\/kontact\/\" \/>\n<meta property=\"og:locale\" content=\"de_DE\" \/>\n<meta property=\"og:type\" content=\"article\" \/>\n<meta property=\"og:title\" content=\"Kontact - Karl H\u00e4user\" \/>\n<meta property=\"og:description\" content=\"[vc_row content_placement=&#8220;middle&#8220; css=&#8220;.vc_custom_1663003540846{padding-top: 2em !important;}&#8220;][vc_column width=&#8220;1\/3&#8243; offset=&#8220;vc_col-sm-offset-1&#8243;][vc_gmaps link=&#8220;#E-8_JTNDaWZyYW1lJTIwc3JjJTNEJTIyaHR0cHMlM0ElMkYlMkZ3d3cuZ29vZ2xlLmNvbSUyRm1hcHMlMkZlbWJlZCUzRnBiJTNEJTIxMW0xOCUyMTFtMTIlMjExbTMlMjExZDI3MDcuNDQ5Mzk5NDg3MzY5JTIxMmQxMS4zODgwMzgzNzY4NTkwNjMlMjEzZDQ3LjI2NjQ2ODk3MTE2MDY0JTIxMm0zJTIxMWYwJTIxMmYwJTIxM2YwJTIxM20yJTIxMWkxMDI0JTIxMmk3NjglMjE0ZjEzLjElMjEzbTMlMjExbTIlMjExczB4NDc5ZDZiZmFlOWUyNGIyZiUyNTNBMHg2ZGM5MTQxNGVlZTkyZDkzJTIxMnNJbm5yYWluJTI1MjAxNSUyNTJDJTI1MjA2MDIwJTI1MjBJbm5zYnJ1Y2slMjUyQyUyNTIwQXVzdHJpYSUyMTVlMCUyMTNtMiUyMTFzaXQlMjEyc2l0JTIxNHYxNzIyMjM2ODAwMDg2JTIxNW0yJTIxMXNpdCUyMTJzaXQlMjIlMjB3aWR0aCUzRCUyMjYwMCUyMiUyMGhlaWdodCUzRCUyMjQ1MCUyMiUyMHN0eWxlJTNEJTIyYm9yZGVyJTNBMCUzQiUyMiUyMGFsbG93ZnVsbHNjcmVlbiUzRCUyMiUyMiUyMGxvYWRpbmclM0QlMjJsYXp5JTIyJTIwcmVmZXJyZXJwb2xpY3klM0QlMjJuby1yZWZlcnJlci13aGVuLWRvd25ncmFkZSUyMiUzRSUzQyUyRmlmcmFtZSUzRQ==&#8220; css=&#8220;&#8220;][\/vc_column][vc_column css_animation=&#8220;right-to-left&#8220; width=&#8220;1\/2&#8243;][vc_column_text css=&#8220;&#8220;]Unser Verwaltungssitz befindet sich in Tirol. Die Verwaltungs- und Buchhaltungsunterlagen werden hier verwaltet. Innrain, 15 &#8211; 6020\u00a0 Innsbruck Postfach 0140 \u2013 6010 Innsbruck[\/vc_column_text][\/vc_column][\/vc_row][vc_row full_width=&#8220;stretch_row&#8220; content_placement=&#8220;middle&#8220; css=&#8220;.vc_custom_1663003532052{padding-top: 2em !important;padding-bottom: 2em !important;background-color: #f5f5f5 !important;}&#8220;][vc_column width=&#8220;1\/2&#8243; offset=&#8220;vc_col-sm-offset-1&#8243;][vc_column_text css=&#8220;&#8220;]Unser italienisches Betriebsstandort befindet sich nicht weit von der s\u00fcdlichen [&hellip;]\" \/>\n<meta property=\"og:url\" content=\"https:\/\/www.karlhauser.com\/de\/kontact\/\" \/>\n<meta property=\"og:site_name\" content=\"Karl H\u00e4user\" \/>\n<meta property=\"article:modified_time\" content=\"2025-07-01T05:52:40+00:00\" \/>\n<meta name=\"twitter:card\" content=\"summary_large_image\" \/>\n<meta name=\"twitter:label1\" content=\"Gesch\u00e4tzte Lesezeit\" \/>\n\t<meta name=\"twitter:data1\" content=\"1\u00a0Minute\" \/>\n<script type=\"application\/ld+json\" class=\"yoast-schema-graph\">{\"@context\":\"https:\\\/\\\/schema.org\",\"@graph\":[{\"@type\":\"WebPage\",\"@id\":\"https:\\\/\\\/www.karlhauser.com\\\/de\\\/kontact\\\/\",\"url\":\"https:\\\/\\\/www.karlhauser.com\\\/de\\\/kontact\\\/\",\"name\":\"Kontact - Karl H\u00e4user\",\"isPartOf\":{\"@id\":\"https:\\\/\\\/www.karlhauser.com\\\/de\\\/#website\"},\"datePublished\":\"2022-09-14T10:06:50+00:00\",\"dateModified\":\"2025-07-01T05:52:40+00:00\",\"breadcrumb\":{\"@id\":\"https:\\\/\\\/www.karlhauser.com\\\/de\\\/kontact\\\/#breadcrumb\"},\"inLanguage\":\"de\",\"potentialAction\":[{\"@type\":\"ReadAction\",\"target\":[\"https:\\\/\\\/www.karlhauser.com\\\/de\\\/kontact\\\/\"]}]},{\"@type\":\"BreadcrumbList\",\"@id\":\"https:\\\/\\\/www.karlhauser.com\\\/de\\\/kontact\\\/#breadcrumb\",\"itemListElement\":[{\"@type\":\"ListItem\",\"position\":1,\"name\":\"Home\",\"item\":\"https:\\\/\\\/www.karlhauser.com\\\/de\\\/\"},{\"@type\":\"ListItem\",\"position\":2,\"name\":\"Kontact\"}]},{\"@type\":\"WebSite\",\"@id\":\"https:\\\/\\\/www.karlhauser.com\\\/de\\\/#website\",\"url\":\"https:\\\/\\\/www.karlhauser.com\\\/de\\\/\",\"name\":\"Karl H\u00e4user\",\"description\":\"Milit\u00e4rische Antiquit\u00e4ten und Waffen Vermittlung\",\"publisher\":{\"@id\":\"https:\\\/\\\/www.karlhauser.com\\\/de\\\/#organization\"},\"potentialAction\":[{\"@type\":\"SearchAction\",\"target\":{\"@type\":\"EntryPoint\",\"urlTemplate\":\"https:\\\/\\\/www.karlhauser.com\\\/de\\\/?s={search_term_string}\"},\"query-input\":{\"@type\":\"PropertyValueSpecification\",\"valueRequired\":true,\"valueName\":\"search_term_string\"}}],\"inLanguage\":\"de\"},{\"@type\":\"Organization\",\"@id\":\"https:\\\/\\\/www.karlhauser.com\\\/de\\\/#organization\",\"name\":\"Karl H\u00e4user\",\"url\":\"https:\\\/\\\/www.karlhauser.com\\\/de\\\/\",\"logo\":{\"@type\":\"ImageObject\",\"inLanguage\":\"de\",\"@id\":\"https:\\\/\\\/www.karlhauser.com\\\/de\\\/#\\\/schema\\\/logo\\\/image\\\/\",\"url\":\"https:\\\/\\\/www.karlhauser.com\\\/wp-content\\\/uploads\\\/2022\\\/09\\\/KH-generico-3.jpg\",\"contentUrl\":\"https:\\\/\\\/www.karlhauser.com\\\/wp-content\\\/uploads\\\/2022\\\/09\\\/KH-generico-3.jpg\",\"width\":470,\"height\":470,\"caption\":\"Karl H\u00e4user\"},\"image\":{\"@id\":\"https:\\\/\\\/www.karlhauser.com\\\/de\\\/#\\\/schema\\\/logo\\\/image\\\/\"},\"sameAs\":[\"https:\\\/\\\/www.instagram.com\\\/karlhauser.antik\\\/\",\"https:\\\/\\\/www.youtube.com\\\/channel\\\/UCt-9t2bku12mwXmte0FJLGQ\",\"https:\\\/\\\/www.ebay.it\\\/str\\\/karlhausermilitaryantiques?_trksid=p2047675.m3561.l2563\"]}]}<\/script>\n<!-- \/ Yoast SEO plugin. -->","yoast_head_json":{"title":"Kontact - Karl H\u00e4user","robots":{"index":"index","follow":"follow","max-snippet":"max-snippet:-1","max-image-preview":"max-image-preview:large","max-video-preview":"max-video-preview:-1"},"canonical":"https:\/\/www.karlhauser.com\/de\/kontact\/","og_locale":"de_DE","og_type":"article","og_title":"Kontact - Karl H\u00e4user","og_description":"[vc_row content_placement=&#8220;middle&#8220; css=&#8220;.vc_custom_1663003540846{padding-top: 2em !important;}&#8220;][vc_column width=&#8220;1\/3&#8243; offset=&#8220;vc_col-sm-offset-1&#8243;][vc_gmaps link=&#8220;#E-8_JTNDaWZyYW1lJTIwc3JjJTNEJTIyaHR0cHMlM0ElMkYlMkZ3d3cuZ29vZ2xlLmNvbSUyRm1hcHMlMkZlbWJlZCUzRnBiJTNEJTIxMW0xOCUyMTFtMTIlMjExbTMlMjExZDI3MDcuNDQ5Mzk5NDg3MzY5JTIxMmQxMS4zODgwMzgzNzY4NTkwNjMlMjEzZDQ3LjI2NjQ2ODk3MTE2MDY0JTIxMm0zJTIxMWYwJTIxMmYwJTIxM2YwJTIxM20yJTIxMWkxMDI0JTIxMmk3NjglMjE0ZjEzLjElMjEzbTMlMjExbTIlMjExczB4NDc5ZDZiZmFlOWUyNGIyZiUyNTNBMHg2ZGM5MTQxNGVlZTkyZDkzJTIxMnNJbm5yYWluJTI1MjAxNSUyNTJDJTI1MjA2MDIwJTI1MjBJbm5zYnJ1Y2slMjUyQyUyNTIwQXVzdHJpYSUyMTVlMCUyMTNtMiUyMTFzaXQlMjEyc2l0JTIxNHYxNzIyMjM2ODAwMDg2JTIxNW0yJTIxMXNpdCUyMTJzaXQlMjIlMjB3aWR0aCUzRCUyMjYwMCUyMiUyMGhlaWdodCUzRCUyMjQ1MCUyMiUyMHN0eWxlJTNEJTIyYm9yZGVyJTNBMCUzQiUyMiUyMGFsbG93ZnVsbHNjcmVlbiUzRCUyMiUyMiUyMGxvYWRpbmclM0QlMjJsYXp5JTIyJTIwcmVmZXJyZXJwb2xpY3klM0QlMjJuby1yZWZlcnJlci13aGVuLWRvd25ncmFkZSUyMiUzRSUzQyUyRmlmcmFtZSUzRQ==&#8220; css=&#8220;&#8220;][\/vc_column][vc_column css_animation=&#8220;right-to-left&#8220; width=&#8220;1\/2&#8243;][vc_column_text css=&#8220;&#8220;]Unser Verwaltungssitz befindet sich in Tirol. Die Verwaltungs- und Buchhaltungsunterlagen werden hier verwaltet. Innrain, 15 &#8211; 6020\u00a0 Innsbruck Postfach 0140 \u2013 6010 Innsbruck[\/vc_column_text][\/vc_column][\/vc_row][vc_row full_width=&#8220;stretch_row&#8220; content_placement=&#8220;middle&#8220; css=&#8220;.vc_custom_1663003532052{padding-top: 2em !important;padding-bottom: 2em !important;background-color: #f5f5f5 !important;}&#8220;][vc_column width=&#8220;1\/2&#8243; offset=&#8220;vc_col-sm-offset-1&#8243;][vc_column_text css=&#8220;&#8220;]Unser italienisches Betriebsstandort befindet sich nicht weit von der s\u00fcdlichen [&hellip;]","og_url":"https:\/\/www.karlhauser.com\/de\/kontact\/","og_site_name":"Karl H\u00e4user","article_modified_time":"2025-07-01T05:52:40+00:00","twitter_card":"summary_large_image","twitter_misc":{"Gesch\u00e4tzte Lesezeit":"1\u00a0Minute"},"schema":{"@context":"https:\/\/schema.org","@graph":[{"@type":"WebPage","@id":"https:\/\/www.karlhauser.com\/de\/kontact\/","url":"https:\/\/www.karlhauser.com\/de\/kontact\/","name":"Kontact - Karl H\u00e4user","isPartOf":{"@id":"https:\/\/www.karlhauser.com\/de\/#website"},"datePublished":"2022-09-14T10:06:50+00:00","dateModified":"2025-07-01T05:52:40+00:00","breadcrumb":{"@id":"https:\/\/www.karlhauser.com\/de\/kontact\/#breadcrumb"},"inLanguage":"de","potentialAction":[{"@type":"ReadAction","target":["https:\/\/www.karlhauser.com\/de\/kontact\/"]}]},{"@type":"BreadcrumbList","@id":"https:\/\/www.karlhauser.com\/de\/kontact\/#breadcrumb","itemListElement":[{"@type":"ListItem","position":1,"name":"Home","item":"https:\/\/www.karlhauser.com\/de\/"},{"@type":"ListItem","position":2,"name":"Kontact"}]},{"@type":"WebSite","@id":"https:\/\/www.karlhauser.com\/de\/#website","url":"https:\/\/www.karlhauser.com\/de\/","name":"Karl H\u00e4user","description":"Milit\u00e4rische Antiquit\u00e4ten und Waffen Vermittlung","publisher":{"@id":"https:\/\/www.karlhauser.com\/de\/#organization"},"potentialAction":[{"@type":"SearchAction","target":{"@type":"EntryPoint","urlTemplate":"https:\/\/www.karlhauser.com\/de\/?s={search_term_string}"},"query-input":{"@type":"PropertyValueSpecification","valueRequired":true,"valueName":"search_term_string"}}],"inLanguage":"de"},{"@type":"Organization","@id":"https:\/\/www.karlhauser.com\/de\/#organization","name":"Karl H\u00e4user","url":"https:\/\/www.karlhauser.com\/de\/","logo":{"@type":"ImageObject","inLanguage":"de","@id":"https:\/\/www.karlhauser.com\/de\/#\/schema\/logo\/image\/","url":"https:\/\/www.karlhauser.com\/wp-content\/uploads\/2022\/09\/KH-generico-3.jpg","contentUrl":"https:\/\/www.karlhauser.com\/wp-content\/uploads\/2022\/09\/KH-generico-3.jpg","width":470,"height":470,"caption":"Karl H\u00e4user"},"image":{"@id":"https:\/\/www.karlhauser.com\/de\/#\/schema\/logo\/image\/"},"sameAs":["https:\/\/www.instagram.com\/karlhauser.antik\/","https:\/\/www.youtube.com\/channel\/UCt-9t2bku12mwXmte0FJLGQ","https:\/\/www.ebay.it\/str\/karlhausermilitaryantiques?_trksid=p2047675.m3561.l2563"]}]}},"_links":{"self":[{"href":"https:\/\/www.karlhauser.com\/de\/wp-json\/wp\/v2\/pages\/216","targetHints":{"allow":["GET"]}}],"collection":[{"href":"https:\/\/www.karlhauser.com\/de\/wp-json\/wp\/v2\/pages"}],"about":[{"href":"https:\/\/www.karlhauser.com\/de\/wp-json\/wp\/v2\/types\/page"}],"author":[{"embeddable":true,"href":"https:\/\/www.karlhauser.com\/de\/wp-json\/wp\/v2\/users\/1"}],"replies":[{"embeddable":true,"href":"https:\/\/www.karlhauser.com\/de\/wp-json\/wp\/v2\/comments?post=216"}],"version-history":[{"count":13,"href":"https:\/\/www.karlhauser.com\/de\/wp-json\/wp\/v2\/pages\/216\/revisions"}],"predecessor-version":[{"id":19351,"href":"https:\/\/www.karlhauser.com\/de\/wp-json\/wp\/v2\/pages\/216\/revisions\/19351"}],"wp:attachment":[{"href":"https:\/\/www.karlhauser.com\/de\/wp-json\/wp\/v2\/media?parent=216"}],"curies":[{"name":"wp","href":"https:\/\/api.w.org\/{rel}","templated":true}]}}