{"id":1147,"date":"2023-04-11T10:07:38","date_gmt":"2023-04-11T08:07:38","guid":{"rendered":"https:\/\/web.karlhauser.com\/?post_type=product&#038;p=1147"},"modified":"2025-10-17T16:51:42","modified_gmt":"2025-10-17T14:51:42","slug":"service-uniform-jacket-private-88th-infantry-division-blue-devils-5th-army","status":"publish","type":"product","link":"https:\/\/www.karlhauser.com\/de\/produkte\/service-uniform-jacket-private-88th-infantry-division-blue-devils-5th-army\/","title":{"rendered":"SERVICE UNIFORM JACKET &#8211; PRIVATE &#8211; 88TH INFANTRY DIVISION BLUE DEVILS &#8211; 5TH ARMY"},"content":{"rendered":"<p>SERVICE UNIFORM JACKET &#8211; PRIVATE &#8211; 88TH INFANTRY DIVISION BLUE DEVILS &#8211; 5TH ARMY<\/p>\n<p>The\u00a088th Infantry Division\u00a0was an\u00a0infantry\u00a0division\u00a0of the\u00a0United States Army\u00a0that saw service in both\u00a0World War I\u00a0and\u00a0World War II. It was one of the first of the\u00a0Organized Reserve\u00a0divisions to be called into federal service, created nearly &#8222;from scratch&#8220; after the\u00a0implementation of the draft\u00a0in 1940. Previous divisions were composed of either\u00a0Regular Army\u00a0or\u00a0National Guard\u00a0personnel. Much of the experience in reactivating it was used in the subsequent expansion of the U.S. Army.<\/p>\n<p>By the end of World War II the 88th Infantry fought its way to the northernmost extreme of Italy. In early May 1945 troops of its 349th Infantry Regiment joined the\u00a0103d Infantry Division\u00a0of the\u00a0VI Corps\u00a0of the\u00a0U.S. Seventh Army, part of the\u00a06th Army Group, which had raced south through Bavaria into\u00a0Innsbruck, Austria, in\u00a0Vipiteno\u00a0in the Italian Alps.<\/p>\n<p>U.S. Army basic service uniforms consisted of a winter service uniform of\u00a0olive drab\u00a0wool worn in temperate weather, and a summer service uniform of\u00a0khaki\u00a0cotton fabric worn in tropical weather. In addition to the service uniforms worn for ordinary duty and dress purposes there were a variety of fatigue and combat uniforms. Summer and winter service uniforms were worn during their respective seasons in the continental United States. During the war, the European Theater of Operations (Northwestern Europe) was considered a year-round temperate zone and the Pacific Theater of Operations a year-round tropical uniform zone. In the Mediterranean Theater of Operations, U.S. soldiers wore both seasonal uniforms.<\/p>\n<p>&nbsp;<\/p>\n","protected":false},"excerpt":{"rendered":"<p>SERVICE UNIFORM JACKET &#8211; PRIVATE &#8211; 88TH INFANTRY DIVISION BLUE DEVILS &#8211; 5TH ARMY U.S. Army basic service uniforms consisted of a winter service uniform of\u00a0olive drab\u00a0wool worn in temperate weather, and a summer service uniform of\u00a0khaki\u00a0cotton fabric worn in tropical weather.<\/p>\n<p>&nbsp;<\/p>\n","protected":false},"featured_media":1148,"template":"","meta":{"_acf_changed":false},"product_brand":[],"product_cat":[47],"product_tag":[99,98],"class_list":{"0":"post-1147","1":"product","2":"type-product","3":"status-publish","4":"has-post-thumbnail","6":"product_cat-allied-ww2","7":"product_tag-blue-devils","8":"product_tag-uniform","10":"first","11":"outofstock","12":"taxable","13":"shipping-taxable","14":"purchasable","15":"product-type-simple"},"acf":[],"yoast_head":"<!-- This site is optimized with the Yoast SEO plugin v27.4 - https:\/\/yoast.com\/product\/yoast-seo-wordpress\/ -->\n<title>SERVICE UNIFORM JACKET - PRIVATE - 88TH INFANTRY DIVISION BLUE DEVILS - 5TH ARMY - Karl H\u00e4user<\/title>\n<meta name=\"robots\" content=\"index, follow, max-snippet:-1, max-image-preview:large, max-video-preview:-1\" \/>\n<link rel=\"canonical\" href=\"https:\/\/www.karlhauser.com\/de\/produkte\/service-uniform-jacket-private-88th-infantry-division-blue-devils-5th-army\/\" \/>\n<meta property=\"og:locale\" content=\"de_DE\" \/>\n<meta property=\"og:type\" content=\"article\" \/>\n<meta property=\"og:title\" content=\"SERVICE UNIFORM JACKET - PRIVATE - 88TH INFANTRY DIVISION BLUE DEVILS - 5TH ARMY - Karl H\u00e4user\" \/>\n<meta property=\"og:description\" content=\"SERVICE UNIFORM JACKET - PRIVATE - 88TH INFANTRY DIVISION BLUE DEVILS - 5TH ARMY U.S. Army basic service uniforms consisted of a winter service uniform of\u00a0olive drab\u00a0wool worn in temperate weather, and a summer service uniform of\u00a0khaki\u00a0cotton fabric worn in tropical weather.  &nbsp;\" \/>\n<meta property=\"og:url\" content=\"https:\/\/www.karlhauser.com\/de\/produkte\/service-uniform-jacket-private-88th-infantry-division-blue-devils-5th-army\/\" \/>\n<meta property=\"og:site_name\" content=\"Karl H\u00e4user\" \/>\n<meta property=\"article:modified_time\" content=\"2025-10-17T14:51:42+00:00\" \/>\n<meta property=\"og:image\" content=\"https:\/\/www.karlhauser.com\/wp-content\/uploads\/2023\/04\/20221102_183504-scaled.jpg\" \/>\n\t<meta property=\"og:image:width\" content=\"1920\" \/>\n\t<meta property=\"og:image:height\" content=\"2415\" \/>\n\t<meta property=\"og:image:type\" content=\"image\/jpeg\" \/>\n<meta name=\"twitter:card\" content=\"summary_large_image\" \/>\n<meta name=\"twitter:label1\" content=\"Gesch\u00e4tzte Lesezeit\" \/>\n\t<meta name=\"twitter:data1\" content=\"2\u00a0Minuten\" \/>\n<script type=\"application\/ld+json\" class=\"yoast-schema-graph\">{\"@context\":\"https:\\\/\\\/schema.org\",\"@graph\":[{\"@type\":\"WebPage\",\"@id\":\"https:\\\/\\\/www.karlhauser.com\\\/de\\\/produkte\\\/service-uniform-jacket-private-88th-infantry-division-blue-devils-5th-army\\\/\",\"url\":\"https:\\\/\\\/www.karlhauser.com\\\/de\\\/produkte\\\/service-uniform-jacket-private-88th-infantry-division-blue-devils-5th-army\\\/\",\"name\":\"SERVICE UNIFORM JACKET - PRIVATE - 88TH INFANTRY DIVISION BLUE DEVILS - 5TH ARMY - Karl H\u00e4user\",\"isPartOf\":{\"@id\":\"https:\\\/\\\/www.karlhauser.com\\\/de\\\/#website\"},\"primaryImageOfPage\":{\"@id\":\"https:\\\/\\\/www.karlhauser.com\\\/de\\\/produkte\\\/service-uniform-jacket-private-88th-infantry-division-blue-devils-5th-army\\\/#primaryimage\"},\"image\":{\"@id\":\"https:\\\/\\\/www.karlhauser.com\\\/de\\\/produkte\\\/service-uniform-jacket-private-88th-infantry-division-blue-devils-5th-army\\\/#primaryimage\"},\"thumbnailUrl\":\"https:\\\/\\\/www.karlhauser.com\\\/wp-content\\\/uploads\\\/2023\\\/04\\\/20221102_183504-scaled.jpg\",\"datePublished\":\"2023-04-11T08:07:38+00:00\",\"dateModified\":\"2025-10-17T14:51:42+00:00\",\"breadcrumb\":{\"@id\":\"https:\\\/\\\/www.karlhauser.com\\\/de\\\/produkte\\\/service-uniform-jacket-private-88th-infantry-division-blue-devils-5th-army\\\/#breadcrumb\"},\"inLanguage\":\"de\",\"potentialAction\":[{\"@type\":\"ReadAction\",\"target\":[\"https:\\\/\\\/www.karlhauser.com\\\/de\\\/produkte\\\/service-uniform-jacket-private-88th-infantry-division-blue-devils-5th-army\\\/\"]}]},{\"@type\":\"ImageObject\",\"inLanguage\":\"de\",\"@id\":\"https:\\\/\\\/www.karlhauser.com\\\/de\\\/produkte\\\/service-uniform-jacket-private-88th-infantry-division-blue-devils-5th-army\\\/#primaryimage\",\"url\":\"https:\\\/\\\/www.karlhauser.com\\\/wp-content\\\/uploads\\\/2023\\\/04\\\/20221102_183504-scaled.jpg\",\"contentUrl\":\"https:\\\/\\\/www.karlhauser.com\\\/wp-content\\\/uploads\\\/2023\\\/04\\\/20221102_183504-scaled.jpg\",\"width\":1920,\"height\":2415},{\"@type\":\"BreadcrumbList\",\"@id\":\"https:\\\/\\\/www.karlhauser.com\\\/de\\\/produkte\\\/service-uniform-jacket-private-88th-infantry-division-blue-devils-5th-army\\\/#breadcrumb\",\"itemListElement\":[{\"@type\":\"ListItem\",\"position\":1,\"name\":\"Home\",\"item\":\"https:\\\/\\\/www.karlhauser.com\\\/de\\\/\"},{\"@type\":\"ListItem\",\"position\":2,\"name\":\"Shop\",\"item\":\"https:\\\/\\\/www.karlhauser.com\\\/de\\\/shop\\\/\"},{\"@type\":\"ListItem\",\"position\":3,\"name\":\"SERVICE UNIFORM JACKET &#8211; PRIVATE &#8211; 88TH INFANTRY DIVISION BLUE DEVILS &#8211; 5TH ARMY\"}]},{\"@type\":\"WebSite\",\"@id\":\"https:\\\/\\\/www.karlhauser.com\\\/de\\\/#website\",\"url\":\"https:\\\/\\\/www.karlhauser.com\\\/de\\\/\",\"name\":\"Karl H\u00e4user\",\"description\":\"Milit\u00e4rische Antiquit\u00e4ten und Waffen Vermittlung\",\"publisher\":{\"@id\":\"https:\\\/\\\/www.karlhauser.com\\\/de\\\/#organization\"},\"potentialAction\":[{\"@type\":\"SearchAction\",\"target\":{\"@type\":\"EntryPoint\",\"urlTemplate\":\"https:\\\/\\\/www.karlhauser.com\\\/de\\\/?s={search_term_string}\"},\"query-input\":{\"@type\":\"PropertyValueSpecification\",\"valueRequired\":true,\"valueName\":\"search_term_string\"}}],\"inLanguage\":\"de\"},{\"@type\":\"Organization\",\"@id\":\"https:\\\/\\\/www.karlhauser.com\\\/de\\\/#organization\",\"name\":\"Karl H\u00e4user\",\"url\":\"https:\\\/\\\/www.karlhauser.com\\\/de\\\/\",\"logo\":{\"@type\":\"ImageObject\",\"inLanguage\":\"de\",\"@id\":\"https:\\\/\\\/www.karlhauser.com\\\/de\\\/#\\\/schema\\\/logo\\\/image\\\/\",\"url\":\"https:\\\/\\\/www.karlhauser.com\\\/wp-content\\\/uploads\\\/2022\\\/09\\\/KH-generico-3.jpg\",\"contentUrl\":\"https:\\\/\\\/www.karlhauser.com\\\/wp-content\\\/uploads\\\/2022\\\/09\\\/KH-generico-3.jpg\",\"width\":470,\"height\":470,\"caption\":\"Karl H\u00e4user\"},\"image\":{\"@id\":\"https:\\\/\\\/www.karlhauser.com\\\/de\\\/#\\\/schema\\\/logo\\\/image\\\/\"},\"sameAs\":[\"https:\\\/\\\/www.instagram.com\\\/karlhauser.antik\\\/\",\"https:\\\/\\\/www.youtube.com\\\/channel\\\/UCt-9t2bku12mwXmte0FJLGQ\",\"https:\\\/\\\/www.ebay.it\\\/str\\\/karlhausermilitaryantiques?_trksid=p2047675.m3561.l2563\"]}]}<\/script>\n<!-- \/ Yoast SEO plugin. -->","yoast_head_json":{"title":"SERVICE UNIFORM JACKET - PRIVATE - 88TH INFANTRY DIVISION BLUE DEVILS - 5TH ARMY - Karl H\u00e4user","robots":{"index":"index","follow":"follow","max-snippet":"max-snippet:-1","max-image-preview":"max-image-preview:large","max-video-preview":"max-video-preview:-1"},"canonical":"https:\/\/www.karlhauser.com\/de\/produkte\/service-uniform-jacket-private-88th-infantry-division-blue-devils-5th-army\/","og_locale":"de_DE","og_type":"article","og_title":"SERVICE UNIFORM JACKET - PRIVATE - 88TH INFANTRY DIVISION BLUE DEVILS - 5TH ARMY - Karl H\u00e4user","og_description":"SERVICE UNIFORM JACKET - PRIVATE - 88TH INFANTRY DIVISION BLUE DEVILS - 5TH ARMY U.S. Army basic service uniforms consisted of a winter service uniform of\u00a0olive drab\u00a0wool worn in temperate weather, and a summer service uniform of\u00a0khaki\u00a0cotton fabric worn in tropical weather.  &nbsp;","og_url":"https:\/\/www.karlhauser.com\/de\/produkte\/service-uniform-jacket-private-88th-infantry-division-blue-devils-5th-army\/","og_site_name":"Karl H\u00e4user","article_modified_time":"2025-10-17T14:51:42+00:00","og_image":[{"width":1920,"height":2415,"url":"https:\/\/www.karlhauser.com\/wp-content\/uploads\/2023\/04\/20221102_183504-scaled.jpg","type":"image\/jpeg"}],"twitter_card":"summary_large_image","twitter_misc":{"Gesch\u00e4tzte Lesezeit":"2\u00a0Minuten"},"schema":{"@context":"https:\/\/schema.org","@graph":[{"@type":"WebPage","@id":"https:\/\/www.karlhauser.com\/de\/produkte\/service-uniform-jacket-private-88th-infantry-division-blue-devils-5th-army\/","url":"https:\/\/www.karlhauser.com\/de\/produkte\/service-uniform-jacket-private-88th-infantry-division-blue-devils-5th-army\/","name":"SERVICE UNIFORM JACKET - PRIVATE - 88TH INFANTRY DIVISION BLUE DEVILS - 5TH ARMY - Karl H\u00e4user","isPartOf":{"@id":"https:\/\/www.karlhauser.com\/de\/#website"},"primaryImageOfPage":{"@id":"https:\/\/www.karlhauser.com\/de\/produkte\/service-uniform-jacket-private-88th-infantry-division-blue-devils-5th-army\/#primaryimage"},"image":{"@id":"https:\/\/www.karlhauser.com\/de\/produkte\/service-uniform-jacket-private-88th-infantry-division-blue-devils-5th-army\/#primaryimage"},"thumbnailUrl":"https:\/\/www.karlhauser.com\/wp-content\/uploads\/2023\/04\/20221102_183504-scaled.jpg","datePublished":"2023-04-11T08:07:38+00:00","dateModified":"2025-10-17T14:51:42+00:00","breadcrumb":{"@id":"https:\/\/www.karlhauser.com\/de\/produkte\/service-uniform-jacket-private-88th-infantry-division-blue-devils-5th-army\/#breadcrumb"},"inLanguage":"de","potentialAction":[{"@type":"ReadAction","target":["https:\/\/www.karlhauser.com\/de\/produkte\/service-uniform-jacket-private-88th-infantry-division-blue-devils-5th-army\/"]}]},{"@type":"ImageObject","inLanguage":"de","@id":"https:\/\/www.karlhauser.com\/de\/produkte\/service-uniform-jacket-private-88th-infantry-division-blue-devils-5th-army\/#primaryimage","url":"https:\/\/www.karlhauser.com\/wp-content\/uploads\/2023\/04\/20221102_183504-scaled.jpg","contentUrl":"https:\/\/www.karlhauser.com\/wp-content\/uploads\/2023\/04\/20221102_183504-scaled.jpg","width":1920,"height":2415},{"@type":"BreadcrumbList","@id":"https:\/\/www.karlhauser.com\/de\/produkte\/service-uniform-jacket-private-88th-infantry-division-blue-devils-5th-army\/#breadcrumb","itemListElement":[{"@type":"ListItem","position":1,"name":"Home","item":"https:\/\/www.karlhauser.com\/de\/"},{"@type":"ListItem","position":2,"name":"Shop","item":"https:\/\/www.karlhauser.com\/de\/shop\/"},{"@type":"ListItem","position":3,"name":"SERVICE UNIFORM JACKET &#8211; PRIVATE &#8211; 88TH INFANTRY DIVISION BLUE DEVILS &#8211; 5TH ARMY"}]},{"@type":"WebSite","@id":"https:\/\/www.karlhauser.com\/de\/#website","url":"https:\/\/www.karlhauser.com\/de\/","name":"Karl H\u00e4user","description":"Milit\u00e4rische Antiquit\u00e4ten und Waffen Vermittlung","publisher":{"@id":"https:\/\/www.karlhauser.com\/de\/#organization"},"potentialAction":[{"@type":"SearchAction","target":{"@type":"EntryPoint","urlTemplate":"https:\/\/www.karlhauser.com\/de\/?s={search_term_string}"},"query-input":{"@type":"PropertyValueSpecification","valueRequired":true,"valueName":"search_term_string"}}],"inLanguage":"de"},{"@type":"Organization","@id":"https:\/\/www.karlhauser.com\/de\/#organization","name":"Karl H\u00e4user","url":"https:\/\/www.karlhauser.com\/de\/","logo":{"@type":"ImageObject","inLanguage":"de","@id":"https:\/\/www.karlhauser.com\/de\/#\/schema\/logo\/image\/","url":"https:\/\/www.karlhauser.com\/wp-content\/uploads\/2022\/09\/KH-generico-3.jpg","contentUrl":"https:\/\/www.karlhauser.com\/wp-content\/uploads\/2022\/09\/KH-generico-3.jpg","width":470,"height":470,"caption":"Karl H\u00e4user"},"image":{"@id":"https:\/\/www.karlhauser.com\/de\/#\/schema\/logo\/image\/"},"sameAs":["https:\/\/www.instagram.com\/karlhauser.antik\/","https:\/\/www.youtube.com\/channel\/UCt-9t2bku12mwXmte0FJLGQ","https:\/\/www.ebay.it\/str\/karlhausermilitaryantiques?_trksid=p2047675.m3561.l2563"]}]}},"_links":{"self":[{"href":"https:\/\/www.karlhauser.com\/de\/wp-json\/wp\/v2\/product\/1147","targetHints":{"allow":["GET"]}}],"collection":[{"href":"https:\/\/www.karlhauser.com\/de\/wp-json\/wp\/v2\/product"}],"about":[{"href":"https:\/\/www.karlhauser.com\/de\/wp-json\/wp\/v2\/types\/product"}],"wp:featuredmedia":[{"embeddable":true,"href":"https:\/\/www.karlhauser.com\/de\/wp-json\/wp\/v2\/media\/1148"}],"wp:attachment":[{"href":"https:\/\/www.karlhauser.com\/de\/wp-json\/wp\/v2\/media?parent=1147"}],"wp:term":[{"taxonomy":"product_brand","embeddable":true,"href":"https:\/\/www.karlhauser.com\/de\/wp-json\/wp\/v2\/product_brand?post=1147"},{"taxonomy":"product_cat","embeddable":true,"href":"https:\/\/www.karlhauser.com\/de\/wp-json\/wp\/v2\/product_cat?post=1147"},{"taxonomy":"product_tag","embeddable":true,"href":"https:\/\/www.karlhauser.com\/de\/wp-json\/wp\/v2\/product_tag?post=1147"}],"curies":[{"name":"wp","href":"https:\/\/api.w.org\/{rel}","templated":true}]}}