{"id":1563,"date":"2023-04-12T18:24:59","date_gmt":"2023-04-12T16:24:59","guid":{"rendered":"https:\/\/web.karlhauser.com\/?post_type=product&#038;p=1563"},"modified":"2025-10-17T16:44:36","modified_gmt":"2025-10-17T14:44:36","slug":"front-seam-swivel-bail-5th-infantry-division-badge","status":"publish","type":"product","link":"https:\/\/www.karlhauser.com\/de\/produkte\/front-seam-swivel-bail-5th-infantry-division-badge\/","title":{"rendered":"FRONT SEAM SWIVEL BAIL &#8211; 5th INFANTRY DIVISION BADGE"},"content":{"rendered":"<p>FRONT SEAM SWIVEL BAIL &#8211; 5th INFANTRY DIVISION BADGE<\/p>\n<p>The\u00a05th Infantry Division (Mechanized)\u2014nicknamed the &#8222;Red Diamond&#8220;, or the &#8222;Red Devils&#8220; \u2014was an infantry\u00a0division\u00a0of the\u00a0United States Army\u00a0that served in World War I, World War II and the\u00a0Vietnam War, and with\u00a0NATO\u00a0and the\u00a0U.S. Army III Corps. It was inactivated on 24 November 1992 and reflagged as the 2nd Armored Division.<\/p>\n<p>&nbsp;<\/p>\n","protected":false},"excerpt":{"rendered":"<p>Red Devils<\/p>\n","protected":false},"featured_media":1611,"template":"","meta":{"_acf_changed":false},"product_brand":[],"product_cat":[47],"product_tag":[145,144],"class_list":{"0":"post-1563","1":"product","2":"type-product","3":"status-publish","4":"has-post-thumbnail","6":"product_cat-allied-ww2","7":"product_tag-helmet","8":"product_tag-m1","10":"first","11":"outofstock","12":"taxable","13":"shipping-taxable","14":"purchasable","15":"product-type-simple"},"acf":[],"yoast_head":"<!-- This site is optimized with the Yoast SEO plugin v27.5 - https:\/\/yoast.com\/product\/yoast-seo-wordpress\/ -->\n<title>FRONT SEAM SWIVEL BAIL - 5th INFANTRY DIVISION BADGE - Karl H\u00e4user<\/title>\n<meta name=\"robots\" content=\"index, follow, max-snippet:-1, max-image-preview:large, max-video-preview:-1\" \/>\n<link rel=\"canonical\" href=\"https:\/\/www.karlhauser.com\/de\/produkte\/front-seam-swivel-bail-5th-infantry-division-badge\/\" \/>\n<meta property=\"og:locale\" content=\"de_DE\" \/>\n<meta property=\"og:type\" content=\"article\" \/>\n<meta property=\"og:title\" content=\"FRONT SEAM SWIVEL BAIL - 5th INFANTRY DIVISION BADGE - Karl H\u00e4user\" \/>\n<meta property=\"og:description\" content=\"Red Devils\" \/>\n<meta property=\"og:url\" content=\"https:\/\/www.karlhauser.com\/de\/produkte\/front-seam-swivel-bail-5th-infantry-division-badge\/\" \/>\n<meta property=\"og:site_name\" content=\"Karl H\u00e4user\" \/>\n<meta property=\"article:modified_time\" content=\"2025-10-17T14:44:36+00:00\" \/>\n<meta property=\"og:image\" content=\"https:\/\/www.karlhauser.com\/wp-content\/uploads\/2023\/04\/20221120_183202-scaled.jpg\" \/>\n\t<meta property=\"og:image:width\" content=\"1920\" \/>\n\t<meta property=\"og:image:height\" content=\"1985\" \/>\n\t<meta property=\"og:image:type\" content=\"image\/jpeg\" \/>\n<meta name=\"twitter:card\" content=\"summary_large_image\" \/>\n<meta name=\"twitter:label1\" content=\"Gesch\u00e4tzte Lesezeit\" \/>\n\t<meta name=\"twitter:data1\" content=\"1\u00a0Minute\" \/>\n<script type=\"application\/ld+json\" class=\"yoast-schema-graph\">{\"@context\":\"https:\\\/\\\/schema.org\",\"@graph\":[{\"@type\":\"WebPage\",\"@id\":\"https:\\\/\\\/www.karlhauser.com\\\/de\\\/produkte\\\/front-seam-swivel-bail-5th-infantry-division-badge\\\/\",\"url\":\"https:\\\/\\\/www.karlhauser.com\\\/de\\\/produkte\\\/front-seam-swivel-bail-5th-infantry-division-badge\\\/\",\"name\":\"FRONT SEAM SWIVEL BAIL - 5th INFANTRY DIVISION BADGE - Karl H\u00e4user\",\"isPartOf\":{\"@id\":\"https:\\\/\\\/www.karlhauser.com\\\/de\\\/#website\"},\"primaryImageOfPage\":{\"@id\":\"https:\\\/\\\/www.karlhauser.com\\\/de\\\/produkte\\\/front-seam-swivel-bail-5th-infantry-division-badge\\\/#primaryimage\"},\"image\":{\"@id\":\"https:\\\/\\\/www.karlhauser.com\\\/de\\\/produkte\\\/front-seam-swivel-bail-5th-infantry-division-badge\\\/#primaryimage\"},\"thumbnailUrl\":\"https:\\\/\\\/www.karlhauser.com\\\/wp-content\\\/uploads\\\/2023\\\/04\\\/20221120_183202-scaled.jpg\",\"datePublished\":\"2023-04-12T16:24:59+00:00\",\"dateModified\":\"2025-10-17T14:44:36+00:00\",\"breadcrumb\":{\"@id\":\"https:\\\/\\\/www.karlhauser.com\\\/de\\\/produkte\\\/front-seam-swivel-bail-5th-infantry-division-badge\\\/#breadcrumb\"},\"inLanguage\":\"de\",\"potentialAction\":[{\"@type\":\"ReadAction\",\"target\":[\"https:\\\/\\\/www.karlhauser.com\\\/de\\\/produkte\\\/front-seam-swivel-bail-5th-infantry-division-badge\\\/\"]}]},{\"@type\":\"ImageObject\",\"inLanguage\":\"de\",\"@id\":\"https:\\\/\\\/www.karlhauser.com\\\/de\\\/produkte\\\/front-seam-swivel-bail-5th-infantry-division-badge\\\/#primaryimage\",\"url\":\"https:\\\/\\\/www.karlhauser.com\\\/wp-content\\\/uploads\\\/2023\\\/04\\\/20221120_183202-scaled.jpg\",\"contentUrl\":\"https:\\\/\\\/www.karlhauser.com\\\/wp-content\\\/uploads\\\/2023\\\/04\\\/20221120_183202-scaled.jpg\",\"width\":1920,\"height\":1985},{\"@type\":\"BreadcrumbList\",\"@id\":\"https:\\\/\\\/www.karlhauser.com\\\/de\\\/produkte\\\/front-seam-swivel-bail-5th-infantry-division-badge\\\/#breadcrumb\",\"itemListElement\":[{\"@type\":\"ListItem\",\"position\":1,\"name\":\"Home\",\"item\":\"https:\\\/\\\/www.karlhauser.com\\\/de\\\/\"},{\"@type\":\"ListItem\",\"position\":2,\"name\":\"Shop\",\"item\":\"https:\\\/\\\/www.karlhauser.com\\\/de\\\/shop\\\/\"},{\"@type\":\"ListItem\",\"position\":3,\"name\":\"FRONT SEAM SWIVEL BAIL &#8211; 5th INFANTRY DIVISION BADGE\"}]},{\"@type\":\"WebSite\",\"@id\":\"https:\\\/\\\/www.karlhauser.com\\\/de\\\/#website\",\"url\":\"https:\\\/\\\/www.karlhauser.com\\\/de\\\/\",\"name\":\"Karl H\u00e4user\",\"description\":\"Milit\u00e4rische Antiquit\u00e4ten und Waffen Vermittlung\",\"publisher\":{\"@id\":\"https:\\\/\\\/www.karlhauser.com\\\/de\\\/#organization\"},\"potentialAction\":[{\"@type\":\"SearchAction\",\"target\":{\"@type\":\"EntryPoint\",\"urlTemplate\":\"https:\\\/\\\/www.karlhauser.com\\\/de\\\/?s={search_term_string}\"},\"query-input\":{\"@type\":\"PropertyValueSpecification\",\"valueRequired\":true,\"valueName\":\"search_term_string\"}}],\"inLanguage\":\"de\"},{\"@type\":\"Organization\",\"@id\":\"https:\\\/\\\/www.karlhauser.com\\\/de\\\/#organization\",\"name\":\"Karl H\u00e4user\",\"url\":\"https:\\\/\\\/www.karlhauser.com\\\/de\\\/\",\"logo\":{\"@type\":\"ImageObject\",\"inLanguage\":\"de\",\"@id\":\"https:\\\/\\\/www.karlhauser.com\\\/de\\\/#\\\/schema\\\/logo\\\/image\\\/\",\"url\":\"https:\\\/\\\/www.karlhauser.com\\\/wp-content\\\/uploads\\\/2022\\\/09\\\/KH-generico-3.jpg\",\"contentUrl\":\"https:\\\/\\\/www.karlhauser.com\\\/wp-content\\\/uploads\\\/2022\\\/09\\\/KH-generico-3.jpg\",\"width\":470,\"height\":470,\"caption\":\"Karl H\u00e4user\"},\"image\":{\"@id\":\"https:\\\/\\\/www.karlhauser.com\\\/de\\\/#\\\/schema\\\/logo\\\/image\\\/\"},\"sameAs\":[\"https:\\\/\\\/www.instagram.com\\\/karlhauser.antik\\\/\",\"https:\\\/\\\/www.youtube.com\\\/channel\\\/UCt-9t2bku12mwXmte0FJLGQ\",\"https:\\\/\\\/www.ebay.it\\\/str\\\/karlhausermilitaryantiques?_trksid=p2047675.m3561.l2563\"]}]}<\/script>\n<!-- \/ Yoast SEO plugin. -->","yoast_head_json":{"title":"FRONT SEAM SWIVEL BAIL - 5th INFANTRY DIVISION BADGE - Karl H\u00e4user","robots":{"index":"index","follow":"follow","max-snippet":"max-snippet:-1","max-image-preview":"max-image-preview:large","max-video-preview":"max-video-preview:-1"},"canonical":"https:\/\/www.karlhauser.com\/de\/produkte\/front-seam-swivel-bail-5th-infantry-division-badge\/","og_locale":"de_DE","og_type":"article","og_title":"FRONT SEAM SWIVEL BAIL - 5th INFANTRY DIVISION BADGE - Karl H\u00e4user","og_description":"Red Devils","og_url":"https:\/\/www.karlhauser.com\/de\/produkte\/front-seam-swivel-bail-5th-infantry-division-badge\/","og_site_name":"Karl H\u00e4user","article_modified_time":"2025-10-17T14:44:36+00:00","og_image":[{"width":1920,"height":1985,"url":"https:\/\/www.karlhauser.com\/wp-content\/uploads\/2023\/04\/20221120_183202-scaled.jpg","type":"image\/jpeg"}],"twitter_card":"summary_large_image","twitter_misc":{"Gesch\u00e4tzte Lesezeit":"1\u00a0Minute"},"schema":{"@context":"https:\/\/schema.org","@graph":[{"@type":"WebPage","@id":"https:\/\/www.karlhauser.com\/de\/produkte\/front-seam-swivel-bail-5th-infantry-division-badge\/","url":"https:\/\/www.karlhauser.com\/de\/produkte\/front-seam-swivel-bail-5th-infantry-division-badge\/","name":"FRONT SEAM SWIVEL BAIL - 5th INFANTRY DIVISION BADGE - Karl H\u00e4user","isPartOf":{"@id":"https:\/\/www.karlhauser.com\/de\/#website"},"primaryImageOfPage":{"@id":"https:\/\/www.karlhauser.com\/de\/produkte\/front-seam-swivel-bail-5th-infantry-division-badge\/#primaryimage"},"image":{"@id":"https:\/\/www.karlhauser.com\/de\/produkte\/front-seam-swivel-bail-5th-infantry-division-badge\/#primaryimage"},"thumbnailUrl":"https:\/\/www.karlhauser.com\/wp-content\/uploads\/2023\/04\/20221120_183202-scaled.jpg","datePublished":"2023-04-12T16:24:59+00:00","dateModified":"2025-10-17T14:44:36+00:00","breadcrumb":{"@id":"https:\/\/www.karlhauser.com\/de\/produkte\/front-seam-swivel-bail-5th-infantry-division-badge\/#breadcrumb"},"inLanguage":"de","potentialAction":[{"@type":"ReadAction","target":["https:\/\/www.karlhauser.com\/de\/produkte\/front-seam-swivel-bail-5th-infantry-division-badge\/"]}]},{"@type":"ImageObject","inLanguage":"de","@id":"https:\/\/www.karlhauser.com\/de\/produkte\/front-seam-swivel-bail-5th-infantry-division-badge\/#primaryimage","url":"https:\/\/www.karlhauser.com\/wp-content\/uploads\/2023\/04\/20221120_183202-scaled.jpg","contentUrl":"https:\/\/www.karlhauser.com\/wp-content\/uploads\/2023\/04\/20221120_183202-scaled.jpg","width":1920,"height":1985},{"@type":"BreadcrumbList","@id":"https:\/\/www.karlhauser.com\/de\/produkte\/front-seam-swivel-bail-5th-infantry-division-badge\/#breadcrumb","itemListElement":[{"@type":"ListItem","position":1,"name":"Home","item":"https:\/\/www.karlhauser.com\/de\/"},{"@type":"ListItem","position":2,"name":"Shop","item":"https:\/\/www.karlhauser.com\/de\/shop\/"},{"@type":"ListItem","position":3,"name":"FRONT SEAM SWIVEL BAIL &#8211; 5th INFANTRY DIVISION BADGE"}]},{"@type":"WebSite","@id":"https:\/\/www.karlhauser.com\/de\/#website","url":"https:\/\/www.karlhauser.com\/de\/","name":"Karl H\u00e4user","description":"Milit\u00e4rische Antiquit\u00e4ten und Waffen Vermittlung","publisher":{"@id":"https:\/\/www.karlhauser.com\/de\/#organization"},"potentialAction":[{"@type":"SearchAction","target":{"@type":"EntryPoint","urlTemplate":"https:\/\/www.karlhauser.com\/de\/?s={search_term_string}"},"query-input":{"@type":"PropertyValueSpecification","valueRequired":true,"valueName":"search_term_string"}}],"inLanguage":"de"},{"@type":"Organization","@id":"https:\/\/www.karlhauser.com\/de\/#organization","name":"Karl H\u00e4user","url":"https:\/\/www.karlhauser.com\/de\/","logo":{"@type":"ImageObject","inLanguage":"de","@id":"https:\/\/www.karlhauser.com\/de\/#\/schema\/logo\/image\/","url":"https:\/\/www.karlhauser.com\/wp-content\/uploads\/2022\/09\/KH-generico-3.jpg","contentUrl":"https:\/\/www.karlhauser.com\/wp-content\/uploads\/2022\/09\/KH-generico-3.jpg","width":470,"height":470,"caption":"Karl H\u00e4user"},"image":{"@id":"https:\/\/www.karlhauser.com\/de\/#\/schema\/logo\/image\/"},"sameAs":["https:\/\/www.instagram.com\/karlhauser.antik\/","https:\/\/www.youtube.com\/channel\/UCt-9t2bku12mwXmte0FJLGQ","https:\/\/www.ebay.it\/str\/karlhausermilitaryantiques?_trksid=p2047675.m3561.l2563"]}]}},"_links":{"self":[{"href":"https:\/\/www.karlhauser.com\/de\/wp-json\/wp\/v2\/product\/1563","targetHints":{"allow":["GET"]}}],"collection":[{"href":"https:\/\/www.karlhauser.com\/de\/wp-json\/wp\/v2\/product"}],"about":[{"href":"https:\/\/www.karlhauser.com\/de\/wp-json\/wp\/v2\/types\/product"}],"wp:featuredmedia":[{"embeddable":true,"href":"https:\/\/www.karlhauser.com\/de\/wp-json\/wp\/v2\/media\/1611"}],"wp:attachment":[{"href":"https:\/\/www.karlhauser.com\/de\/wp-json\/wp\/v2\/media?parent=1563"}],"wp:term":[{"taxonomy":"product_brand","embeddable":true,"href":"https:\/\/www.karlhauser.com\/de\/wp-json\/wp\/v2\/product_brand?post=1563"},{"taxonomy":"product_cat","embeddable":true,"href":"https:\/\/www.karlhauser.com\/de\/wp-json\/wp\/v2\/product_cat?post=1563"},{"taxonomy":"product_tag","embeddable":true,"href":"https:\/\/www.karlhauser.com\/de\/wp-json\/wp\/v2\/product_tag?post=1563"}],"curies":[{"name":"wp","href":"https:\/\/api.w.org\/{rel}","templated":true}]}}