{"id":23595,"date":"2025-12-05T11:19:45","date_gmt":"2025-12-05T10:19:45","guid":{"rendered":"https:\/\/www.karlhauser.com\/?post_type=product&#038;p=23595"},"modified":"2025-12-05T11:21:22","modified_gmt":"2025-12-05T10:21:22","slug":"fallschirmjager-portraits-of-german-paratroops-in-combat","status":"publish","type":"product","link":"https:\/\/www.karlhauser.com\/de\/produkte\/fallschirmjager-portraits-of-german-paratroops-in-combat\/","title":{"rendered":"Fallschirmj\u00e4ger  Portraits of German Paratroops in Combat"},"content":{"rendered":"<h2 id=\"popup_cart_title\">Fallschirmj\u00e4ger : Portraits of German Paratroops in Combat<\/h2>\n<p>German Fallschirmj\u00e4ger as you&#8217;ve never seen before! Over 160 images from the files of the Bundesarchiv in Germany, the over-whelming majority shown for the first time in print since World War II. Printed mostly full page and showing details of various uniforms and equipment, helmets with various painted camouflage schemes, wire and covers. This book is a must have for any collector or historian.<\/p>\n<p><span class=\"accent_text\">Size:\u00a0<span class=\"\">9.0in x 12.0in<\/span><\/span><span class=\"accent_text\">\u00a0\u00a0|\u00a0 Pages:\u00a0<span class=\"\">192<\/span><\/span><span class=\"accent_text\">\u00a0\u00a0|\u00a0 over 160 large format sepia tinted photos<\/span><\/p>\n<div class=\" accent_text\">Binding: Hardback<\/div>\n<div class=\"product-sku accent_text\">ISBN:\u00a0<span class=\"variant-sku\">9780764325656<\/span><\/div>\n","protected":false},"excerpt":{"rendered":"<p><span class=\"accent_text\">Size:\u00a0<span class=\"\">9.0in x 12.0in<\/span><\/span><span class=\"accent_text\">\u00a0\u00a0|\u00a0 Pages:\u00a0<span class=\"\">192<\/span><\/span><span class=\"accent_text\">\u00a0\u00a0|\u00a0 over 160 large format sepia tinted photos<\/span><\/p>\n<div class=\" accent_text\">Binding: Hardback<\/div>\n<div class=\"product-sku accent_text\">ISBN:\u00a0<span class=\"variant-sku\">9780764325656<\/span><\/div>\n","protected":false},"featured_media":23596,"template":"","meta":{"_acf_changed":false},"product_brand":[],"product_cat":[546],"product_tag":[215,571],"class_list":{"0":"post-23595","1":"product","2":"type-product","3":"status-publish","4":"has-post-thumbnail","6":"product_cat-books-2","7":"product_tag-grosdeutschland","8":"product_tag-panzerkorps","10":"first","11":"instock","12":"taxable","13":"shipping-taxable","14":"purchasable","15":"product-type-simple"},"acf":[],"yoast_head":"<!-- This site is optimized with the Yoast SEO plugin v27.4 - https:\/\/yoast.com\/product\/yoast-seo-wordpress\/ -->\n<title>Fallschirmj\u00e4ger Portraits of German Paratroops in Combat - Karl H\u00e4user<\/title>\n<meta name=\"robots\" content=\"index, follow, max-snippet:-1, max-image-preview:large, max-video-preview:-1\" \/>\n<link rel=\"canonical\" href=\"https:\/\/www.karlhauser.com\/de\/produkte\/fallschirmjager-portraits-of-german-paratroops-in-combat\/\" \/>\n<meta property=\"og:locale\" content=\"de_DE\" \/>\n<meta property=\"og:type\" content=\"article\" \/>\n<meta property=\"og:title\" content=\"Fallschirmj\u00e4ger Portraits of German Paratroops in Combat - Karl H\u00e4user\" \/>\n<meta property=\"og:description\" content=\"Size:\u00a09.0in x 12.0in\u00a0\u00a0|\u00a0 Pages:\u00a0192\u00a0\u00a0|\u00a0 over 160 large format sepia tinted photos Binding: Hardback ISBN:\u00a09780764325656\" \/>\n<meta property=\"og:url\" content=\"https:\/\/www.karlhauser.com\/de\/produkte\/fallschirmjager-portraits-of-german-paratroops-in-combat\/\" \/>\n<meta property=\"og:site_name\" content=\"Karl H\u00e4user\" \/>\n<meta property=\"article:modified_time\" content=\"2025-12-05T10:21:22+00:00\" \/>\n<meta property=\"og:image\" content=\"https:\/\/www.karlhauser.com\/wp-content\/uploads\/2025\/12\/20250927_150021-scaled.jpg\" \/>\n\t<meta property=\"og:image:width\" content=\"1920\" \/>\n\t<meta property=\"og:image:height\" content=\"2560\" \/>\n\t<meta property=\"og:image:type\" content=\"image\/jpeg\" \/>\n<meta name=\"twitter:card\" content=\"summary_large_image\" \/>\n<meta name=\"twitter:label1\" content=\"Gesch\u00e4tzte Lesezeit\" \/>\n\t<meta name=\"twitter:data1\" content=\"1\u00a0Minute\" \/>\n<script type=\"application\/ld+json\" class=\"yoast-schema-graph\">{\"@context\":\"https:\\\/\\\/schema.org\",\"@graph\":[{\"@type\":\"WebPage\",\"@id\":\"https:\\\/\\\/www.karlhauser.com\\\/de\\\/produkte\\\/fallschirmjager-portraits-of-german-paratroops-in-combat\\\/\",\"url\":\"https:\\\/\\\/www.karlhauser.com\\\/de\\\/produkte\\\/fallschirmjager-portraits-of-german-paratroops-in-combat\\\/\",\"name\":\"Fallschirmj\u00e4ger Portraits of German Paratroops in Combat - Karl H\u00e4user\",\"isPartOf\":{\"@id\":\"https:\\\/\\\/www.karlhauser.com\\\/de\\\/#website\"},\"primaryImageOfPage\":{\"@id\":\"https:\\\/\\\/www.karlhauser.com\\\/de\\\/produkte\\\/fallschirmjager-portraits-of-german-paratroops-in-combat\\\/#primaryimage\"},\"image\":{\"@id\":\"https:\\\/\\\/www.karlhauser.com\\\/de\\\/produkte\\\/fallschirmjager-portraits-of-german-paratroops-in-combat\\\/#primaryimage\"},\"thumbnailUrl\":\"https:\\\/\\\/www.karlhauser.com\\\/wp-content\\\/uploads\\\/2025\\\/12\\\/20250927_150021-scaled.jpg\",\"datePublished\":\"2025-12-05T10:19:45+00:00\",\"dateModified\":\"2025-12-05T10:21:22+00:00\",\"breadcrumb\":{\"@id\":\"https:\\\/\\\/www.karlhauser.com\\\/de\\\/produkte\\\/fallschirmjager-portraits-of-german-paratroops-in-combat\\\/#breadcrumb\"},\"inLanguage\":\"de\",\"potentialAction\":[{\"@type\":\"ReadAction\",\"target\":[\"https:\\\/\\\/www.karlhauser.com\\\/de\\\/produkte\\\/fallschirmjager-portraits-of-german-paratroops-in-combat\\\/\"]}]},{\"@type\":\"ImageObject\",\"inLanguage\":\"de\",\"@id\":\"https:\\\/\\\/www.karlhauser.com\\\/de\\\/produkte\\\/fallschirmjager-portraits-of-german-paratroops-in-combat\\\/#primaryimage\",\"url\":\"https:\\\/\\\/www.karlhauser.com\\\/wp-content\\\/uploads\\\/2025\\\/12\\\/20250927_150021-scaled.jpg\",\"contentUrl\":\"https:\\\/\\\/www.karlhauser.com\\\/wp-content\\\/uploads\\\/2025\\\/12\\\/20250927_150021-scaled.jpg\",\"width\":1920,\"height\":2560},{\"@type\":\"BreadcrumbList\",\"@id\":\"https:\\\/\\\/www.karlhauser.com\\\/de\\\/produkte\\\/fallschirmjager-portraits-of-german-paratroops-in-combat\\\/#breadcrumb\",\"itemListElement\":[{\"@type\":\"ListItem\",\"position\":1,\"name\":\"Home\",\"item\":\"https:\\\/\\\/www.karlhauser.com\\\/de\\\/\"},{\"@type\":\"ListItem\",\"position\":2,\"name\":\"Shop\",\"item\":\"https:\\\/\\\/www.karlhauser.com\\\/de\\\/shop\\\/\"},{\"@type\":\"ListItem\",\"position\":3,\"name\":\"Fallschirmj\u00e4ger Portraits of German Paratroops in Combat\"}]},{\"@type\":\"WebSite\",\"@id\":\"https:\\\/\\\/www.karlhauser.com\\\/de\\\/#website\",\"url\":\"https:\\\/\\\/www.karlhauser.com\\\/de\\\/\",\"name\":\"Karl H\u00e4user\",\"description\":\"Milit\u00e4rische Antiquit\u00e4ten und Waffen Vermittlung\",\"publisher\":{\"@id\":\"https:\\\/\\\/www.karlhauser.com\\\/de\\\/#organization\"},\"potentialAction\":[{\"@type\":\"SearchAction\",\"target\":{\"@type\":\"EntryPoint\",\"urlTemplate\":\"https:\\\/\\\/www.karlhauser.com\\\/de\\\/?s={search_term_string}\"},\"query-input\":{\"@type\":\"PropertyValueSpecification\",\"valueRequired\":true,\"valueName\":\"search_term_string\"}}],\"inLanguage\":\"de\"},{\"@type\":\"Organization\",\"@id\":\"https:\\\/\\\/www.karlhauser.com\\\/de\\\/#organization\",\"name\":\"Karl H\u00e4user\",\"url\":\"https:\\\/\\\/www.karlhauser.com\\\/de\\\/\",\"logo\":{\"@type\":\"ImageObject\",\"inLanguage\":\"de\",\"@id\":\"https:\\\/\\\/www.karlhauser.com\\\/de\\\/#\\\/schema\\\/logo\\\/image\\\/\",\"url\":\"https:\\\/\\\/www.karlhauser.com\\\/wp-content\\\/uploads\\\/2022\\\/09\\\/KH-generico-3.jpg\",\"contentUrl\":\"https:\\\/\\\/www.karlhauser.com\\\/wp-content\\\/uploads\\\/2022\\\/09\\\/KH-generico-3.jpg\",\"width\":470,\"height\":470,\"caption\":\"Karl H\u00e4user\"},\"image\":{\"@id\":\"https:\\\/\\\/www.karlhauser.com\\\/de\\\/#\\\/schema\\\/logo\\\/image\\\/\"},\"sameAs\":[\"https:\\\/\\\/www.instagram.com\\\/karlhauser.antik\\\/\",\"https:\\\/\\\/www.youtube.com\\\/channel\\\/UCt-9t2bku12mwXmte0FJLGQ\",\"https:\\\/\\\/www.ebay.it\\\/str\\\/karlhausermilitaryantiques?_trksid=p2047675.m3561.l2563\"]}]}<\/script>\n<!-- \/ Yoast SEO plugin. -->","yoast_head_json":{"title":"Fallschirmj\u00e4ger Portraits of German Paratroops in Combat - Karl H\u00e4user","robots":{"index":"index","follow":"follow","max-snippet":"max-snippet:-1","max-image-preview":"max-image-preview:large","max-video-preview":"max-video-preview:-1"},"canonical":"https:\/\/www.karlhauser.com\/de\/produkte\/fallschirmjager-portraits-of-german-paratroops-in-combat\/","og_locale":"de_DE","og_type":"article","og_title":"Fallschirmj\u00e4ger Portraits of German Paratroops in Combat - Karl H\u00e4user","og_description":"Size:\u00a09.0in x 12.0in\u00a0\u00a0|\u00a0 Pages:\u00a0192\u00a0\u00a0|\u00a0 over 160 large format sepia tinted photos Binding: Hardback ISBN:\u00a09780764325656","og_url":"https:\/\/www.karlhauser.com\/de\/produkte\/fallschirmjager-portraits-of-german-paratroops-in-combat\/","og_site_name":"Karl H\u00e4user","article_modified_time":"2025-12-05T10:21:22+00:00","og_image":[{"width":1920,"height":2560,"url":"https:\/\/www.karlhauser.com\/wp-content\/uploads\/2025\/12\/20250927_150021-scaled.jpg","type":"image\/jpeg"}],"twitter_card":"summary_large_image","twitter_misc":{"Gesch\u00e4tzte Lesezeit":"1\u00a0Minute"},"schema":{"@context":"https:\/\/schema.org","@graph":[{"@type":"WebPage","@id":"https:\/\/www.karlhauser.com\/de\/produkte\/fallschirmjager-portraits-of-german-paratroops-in-combat\/","url":"https:\/\/www.karlhauser.com\/de\/produkte\/fallschirmjager-portraits-of-german-paratroops-in-combat\/","name":"Fallschirmj\u00e4ger Portraits of German Paratroops in Combat - Karl H\u00e4user","isPartOf":{"@id":"https:\/\/www.karlhauser.com\/de\/#website"},"primaryImageOfPage":{"@id":"https:\/\/www.karlhauser.com\/de\/produkte\/fallschirmjager-portraits-of-german-paratroops-in-combat\/#primaryimage"},"image":{"@id":"https:\/\/www.karlhauser.com\/de\/produkte\/fallschirmjager-portraits-of-german-paratroops-in-combat\/#primaryimage"},"thumbnailUrl":"https:\/\/www.karlhauser.com\/wp-content\/uploads\/2025\/12\/20250927_150021-scaled.jpg","datePublished":"2025-12-05T10:19:45+00:00","dateModified":"2025-12-05T10:21:22+00:00","breadcrumb":{"@id":"https:\/\/www.karlhauser.com\/de\/produkte\/fallschirmjager-portraits-of-german-paratroops-in-combat\/#breadcrumb"},"inLanguage":"de","potentialAction":[{"@type":"ReadAction","target":["https:\/\/www.karlhauser.com\/de\/produkte\/fallschirmjager-portraits-of-german-paratroops-in-combat\/"]}]},{"@type":"ImageObject","inLanguage":"de","@id":"https:\/\/www.karlhauser.com\/de\/produkte\/fallschirmjager-portraits-of-german-paratroops-in-combat\/#primaryimage","url":"https:\/\/www.karlhauser.com\/wp-content\/uploads\/2025\/12\/20250927_150021-scaled.jpg","contentUrl":"https:\/\/www.karlhauser.com\/wp-content\/uploads\/2025\/12\/20250927_150021-scaled.jpg","width":1920,"height":2560},{"@type":"BreadcrumbList","@id":"https:\/\/www.karlhauser.com\/de\/produkte\/fallschirmjager-portraits-of-german-paratroops-in-combat\/#breadcrumb","itemListElement":[{"@type":"ListItem","position":1,"name":"Home","item":"https:\/\/www.karlhauser.com\/de\/"},{"@type":"ListItem","position":2,"name":"Shop","item":"https:\/\/www.karlhauser.com\/de\/shop\/"},{"@type":"ListItem","position":3,"name":"Fallschirmj\u00e4ger Portraits of German Paratroops in Combat"}]},{"@type":"WebSite","@id":"https:\/\/www.karlhauser.com\/de\/#website","url":"https:\/\/www.karlhauser.com\/de\/","name":"Karl H\u00e4user","description":"Milit\u00e4rische Antiquit\u00e4ten und Waffen Vermittlung","publisher":{"@id":"https:\/\/www.karlhauser.com\/de\/#organization"},"potentialAction":[{"@type":"SearchAction","target":{"@type":"EntryPoint","urlTemplate":"https:\/\/www.karlhauser.com\/de\/?s={search_term_string}"},"query-input":{"@type":"PropertyValueSpecification","valueRequired":true,"valueName":"search_term_string"}}],"inLanguage":"de"},{"@type":"Organization","@id":"https:\/\/www.karlhauser.com\/de\/#organization","name":"Karl H\u00e4user","url":"https:\/\/www.karlhauser.com\/de\/","logo":{"@type":"ImageObject","inLanguage":"de","@id":"https:\/\/www.karlhauser.com\/de\/#\/schema\/logo\/image\/","url":"https:\/\/www.karlhauser.com\/wp-content\/uploads\/2022\/09\/KH-generico-3.jpg","contentUrl":"https:\/\/www.karlhauser.com\/wp-content\/uploads\/2022\/09\/KH-generico-3.jpg","width":470,"height":470,"caption":"Karl H\u00e4user"},"image":{"@id":"https:\/\/www.karlhauser.com\/de\/#\/schema\/logo\/image\/"},"sameAs":["https:\/\/www.instagram.com\/karlhauser.antik\/","https:\/\/www.youtube.com\/channel\/UCt-9t2bku12mwXmte0FJLGQ","https:\/\/www.ebay.it\/str\/karlhausermilitaryantiques?_trksid=p2047675.m3561.l2563"]}]}},"_links":{"self":[{"href":"https:\/\/www.karlhauser.com\/de\/wp-json\/wp\/v2\/product\/23595","targetHints":{"allow":["GET"]}}],"collection":[{"href":"https:\/\/www.karlhauser.com\/de\/wp-json\/wp\/v2\/product"}],"about":[{"href":"https:\/\/www.karlhauser.com\/de\/wp-json\/wp\/v2\/types\/product"}],"wp:featuredmedia":[{"embeddable":true,"href":"https:\/\/www.karlhauser.com\/de\/wp-json\/wp\/v2\/media\/23596"}],"wp:attachment":[{"href":"https:\/\/www.karlhauser.com\/de\/wp-json\/wp\/v2\/media?parent=23595"}],"wp:term":[{"taxonomy":"product_brand","embeddable":true,"href":"https:\/\/www.karlhauser.com\/de\/wp-json\/wp\/v2\/product_brand?post=23595"},{"taxonomy":"product_cat","embeddable":true,"href":"https:\/\/www.karlhauser.com\/de\/wp-json\/wp\/v2\/product_cat?post=23595"},{"taxonomy":"product_tag","embeddable":true,"href":"https:\/\/www.karlhauser.com\/de\/wp-json\/wp\/v2\/product_tag?post=23595"}],"curies":[{"name":"wp","href":"https:\/\/api.w.org\/{rel}","templated":true}]}}