{"id":23599,"date":"2025-12-05T11:35:02","date_gmt":"2025-12-05T10:35:02","guid":{"rendered":"https:\/\/www.karlhauser.com\/?post_type=product&#038;p=23599"},"modified":"2025-12-05T11:38:54","modified_gmt":"2025-12-05T10:38:54","slug":"rsi-forze-armate-della-repubblica-sociale-italiana-la-guerra-in-italia-1944-vol-2","status":"publish","type":"product","link":"https:\/\/www.karlhauser.com\/de\/produkte\/rsi-forze-armate-della-repubblica-sociale-italiana-la-guerra-in-italia-1944-vol-2\/","title":{"rendered":"RSI Forze Armate della Repubblica Sociale Italiana \u2013 La guerra in Italia 1944 Vol 2"},"content":{"rendered":"<p>Strutturato in tre volumi, questo lavoro di Nino Arena, delinea la struttura e la composizione delle Forze Armate della Repubblica Sociale Italiana. Dalle ultime operazioni degli alleati sul suolo italiano prima dell\u20198 settembre 1943, alla liberazione di Musolini e alla nascita, piu\u2019 o meno spontanea, delle prime formazioni militari, dall\u2019Esercito Nazionale Repubblicano di Graziani all\u2019Esercito politico di Pavolini (GNR), dalle formazioni costituite dai tedeschi (ss italiane, Btg. Difesa Costiera e Campale, Flak ecc.) all\u2019Aeronautica Nazionale Repubblicana, alla Decima Mas, alle Brigate Nere. Ampiamente documentata, l\u2019opera si avvale di un superbo apparato iconografico di circa 2000 illustrazioni. Questo secondo volume tratta l\u2019anno 1944.<\/p>\n<p>Rilegato, 22 x 29 cm. pag. 507 completamente illustrato con circa 772 foto b\/n<\/p>\n","protected":false},"excerpt":{"rendered":"<p><span class=\"tagged_as\">Editore: Albertelli,\u00a0<\/span><\/p>\n<p><span class=\"tagged_as\">Autore: Nino Arena<\/span><span class=\"posted_in\">i<\/span><\/p>\n","protected":false},"featured_media":23600,"template":"","meta":{"_acf_changed":false},"product_brand":[],"product_cat":[546],"product_tag":[215,571],"class_list":{"0":"post-23599","1":"product","2":"type-product","3":"status-publish","4":"has-post-thumbnail","6":"product_cat-books-2","7":"product_tag-grosdeutschland","8":"product_tag-panzerkorps","10":"first","11":"instock","12":"taxable","13":"shipping-taxable","14":"purchasable","15":"product-type-simple"},"acf":[],"yoast_head":"<!-- This site is optimized with the Yoast SEO plugin v27.4 - https:\/\/yoast.com\/product\/yoast-seo-wordpress\/ -->\n<title>RSI Forze Armate della Repubblica Sociale Italiana \u2013 La guerra in Italia 1944 Vol 2 - Karl H\u00e4user<\/title>\n<meta name=\"robots\" content=\"index, follow, max-snippet:-1, max-image-preview:large, max-video-preview:-1\" \/>\n<link rel=\"canonical\" href=\"https:\/\/www.karlhauser.com\/de\/produkte\/rsi-forze-armate-della-repubblica-sociale-italiana-la-guerra-in-italia-1944-vol-2\/\" \/>\n<meta property=\"og:locale\" content=\"de_DE\" \/>\n<meta property=\"og:type\" content=\"article\" \/>\n<meta property=\"og:title\" content=\"RSI Forze Armate della Repubblica Sociale Italiana \u2013 La guerra in Italia 1944 Vol 2 - Karl H\u00e4user\" \/>\n<meta property=\"og:description\" content=\"Editore: Albertelli,\u00a0  Autore: Nino Arenai\" \/>\n<meta property=\"og:url\" content=\"https:\/\/www.karlhauser.com\/de\/produkte\/rsi-forze-armate-della-repubblica-sociale-italiana-la-guerra-in-italia-1944-vol-2\/\" \/>\n<meta property=\"og:site_name\" content=\"Karl H\u00e4user\" \/>\n<meta property=\"article:modified_time\" content=\"2025-12-05T10:38:54+00:00\" \/>\n<meta property=\"og:image\" content=\"https:\/\/www.karlhauser.com\/wp-content\/uploads\/2025\/12\/20250927_150101-scaled.jpg\" \/>\n\t<meta property=\"og:image:width\" content=\"1920\" \/>\n\t<meta property=\"og:image:height\" content=\"2560\" \/>\n\t<meta property=\"og:image:type\" content=\"image\/jpeg\" \/>\n<meta name=\"twitter:card\" content=\"summary_large_image\" \/>\n<meta name=\"twitter:label1\" content=\"Gesch\u00e4tzte Lesezeit\" \/>\n\t<meta name=\"twitter:data1\" content=\"1\u00a0Minute\" \/>\n<script type=\"application\/ld+json\" class=\"yoast-schema-graph\">{\"@context\":\"https:\\\/\\\/schema.org\",\"@graph\":[{\"@type\":\"WebPage\",\"@id\":\"https:\\\/\\\/www.karlhauser.com\\\/de\\\/produkte\\\/rsi-forze-armate-della-repubblica-sociale-italiana-la-guerra-in-italia-1944-vol-2\\\/\",\"url\":\"https:\\\/\\\/www.karlhauser.com\\\/de\\\/produkte\\\/rsi-forze-armate-della-repubblica-sociale-italiana-la-guerra-in-italia-1944-vol-2\\\/\",\"name\":\"RSI Forze Armate della Repubblica Sociale Italiana \u2013 La guerra in Italia 1944 Vol 2 - Karl H\u00e4user\",\"isPartOf\":{\"@id\":\"https:\\\/\\\/www.karlhauser.com\\\/de\\\/#website\"},\"primaryImageOfPage\":{\"@id\":\"https:\\\/\\\/www.karlhauser.com\\\/de\\\/produkte\\\/rsi-forze-armate-della-repubblica-sociale-italiana-la-guerra-in-italia-1944-vol-2\\\/#primaryimage\"},\"image\":{\"@id\":\"https:\\\/\\\/www.karlhauser.com\\\/de\\\/produkte\\\/rsi-forze-armate-della-repubblica-sociale-italiana-la-guerra-in-italia-1944-vol-2\\\/#primaryimage\"},\"thumbnailUrl\":\"https:\\\/\\\/www.karlhauser.com\\\/wp-content\\\/uploads\\\/2025\\\/12\\\/20250927_150101-scaled.jpg\",\"datePublished\":\"2025-12-05T10:35:02+00:00\",\"dateModified\":\"2025-12-05T10:38:54+00:00\",\"breadcrumb\":{\"@id\":\"https:\\\/\\\/www.karlhauser.com\\\/de\\\/produkte\\\/rsi-forze-armate-della-repubblica-sociale-italiana-la-guerra-in-italia-1944-vol-2\\\/#breadcrumb\"},\"inLanguage\":\"de\",\"potentialAction\":[{\"@type\":\"ReadAction\",\"target\":[\"https:\\\/\\\/www.karlhauser.com\\\/de\\\/produkte\\\/rsi-forze-armate-della-repubblica-sociale-italiana-la-guerra-in-italia-1944-vol-2\\\/\"]}]},{\"@type\":\"ImageObject\",\"inLanguage\":\"de\",\"@id\":\"https:\\\/\\\/www.karlhauser.com\\\/de\\\/produkte\\\/rsi-forze-armate-della-repubblica-sociale-italiana-la-guerra-in-italia-1944-vol-2\\\/#primaryimage\",\"url\":\"https:\\\/\\\/www.karlhauser.com\\\/wp-content\\\/uploads\\\/2025\\\/12\\\/20250927_150101-scaled.jpg\",\"contentUrl\":\"https:\\\/\\\/www.karlhauser.com\\\/wp-content\\\/uploads\\\/2025\\\/12\\\/20250927_150101-scaled.jpg\",\"width\":1920,\"height\":2560},{\"@type\":\"BreadcrumbList\",\"@id\":\"https:\\\/\\\/www.karlhauser.com\\\/de\\\/produkte\\\/rsi-forze-armate-della-repubblica-sociale-italiana-la-guerra-in-italia-1944-vol-2\\\/#breadcrumb\",\"itemListElement\":[{\"@type\":\"ListItem\",\"position\":1,\"name\":\"Home\",\"item\":\"https:\\\/\\\/www.karlhauser.com\\\/de\\\/\"},{\"@type\":\"ListItem\",\"position\":2,\"name\":\"Shop\",\"item\":\"https:\\\/\\\/www.karlhauser.com\\\/de\\\/shop\\\/\"},{\"@type\":\"ListItem\",\"position\":3,\"name\":\"RSI Forze Armate della Repubblica Sociale Italiana \u2013 La guerra in Italia 1944 Vol 2\"}]},{\"@type\":\"WebSite\",\"@id\":\"https:\\\/\\\/www.karlhauser.com\\\/de\\\/#website\",\"url\":\"https:\\\/\\\/www.karlhauser.com\\\/de\\\/\",\"name\":\"Karl H\u00e4user\",\"description\":\"Milit\u00e4rische Antiquit\u00e4ten und Waffen Vermittlung\",\"publisher\":{\"@id\":\"https:\\\/\\\/www.karlhauser.com\\\/de\\\/#organization\"},\"potentialAction\":[{\"@type\":\"SearchAction\",\"target\":{\"@type\":\"EntryPoint\",\"urlTemplate\":\"https:\\\/\\\/www.karlhauser.com\\\/de\\\/?s={search_term_string}\"},\"query-input\":{\"@type\":\"PropertyValueSpecification\",\"valueRequired\":true,\"valueName\":\"search_term_string\"}}],\"inLanguage\":\"de\"},{\"@type\":\"Organization\",\"@id\":\"https:\\\/\\\/www.karlhauser.com\\\/de\\\/#organization\",\"name\":\"Karl H\u00e4user\",\"url\":\"https:\\\/\\\/www.karlhauser.com\\\/de\\\/\",\"logo\":{\"@type\":\"ImageObject\",\"inLanguage\":\"de\",\"@id\":\"https:\\\/\\\/www.karlhauser.com\\\/de\\\/#\\\/schema\\\/logo\\\/image\\\/\",\"url\":\"https:\\\/\\\/www.karlhauser.com\\\/wp-content\\\/uploads\\\/2022\\\/09\\\/KH-generico-3.jpg\",\"contentUrl\":\"https:\\\/\\\/www.karlhauser.com\\\/wp-content\\\/uploads\\\/2022\\\/09\\\/KH-generico-3.jpg\",\"width\":470,\"height\":470,\"caption\":\"Karl H\u00e4user\"},\"image\":{\"@id\":\"https:\\\/\\\/www.karlhauser.com\\\/de\\\/#\\\/schema\\\/logo\\\/image\\\/\"},\"sameAs\":[\"https:\\\/\\\/www.instagram.com\\\/karlhauser.antik\\\/\",\"https:\\\/\\\/www.youtube.com\\\/channel\\\/UCt-9t2bku12mwXmte0FJLGQ\",\"https:\\\/\\\/www.ebay.it\\\/str\\\/karlhausermilitaryantiques?_trksid=p2047675.m3561.l2563\"]}]}<\/script>\n<!-- \/ Yoast SEO plugin. -->","yoast_head_json":{"title":"RSI Forze Armate della Repubblica Sociale Italiana \u2013 La guerra in Italia 1944 Vol 2 - Karl H\u00e4user","robots":{"index":"index","follow":"follow","max-snippet":"max-snippet:-1","max-image-preview":"max-image-preview:large","max-video-preview":"max-video-preview:-1"},"canonical":"https:\/\/www.karlhauser.com\/de\/produkte\/rsi-forze-armate-della-repubblica-sociale-italiana-la-guerra-in-italia-1944-vol-2\/","og_locale":"de_DE","og_type":"article","og_title":"RSI Forze Armate della Repubblica Sociale Italiana \u2013 La guerra in Italia 1944 Vol 2 - Karl H\u00e4user","og_description":"Editore: Albertelli,\u00a0  Autore: Nino Arenai","og_url":"https:\/\/www.karlhauser.com\/de\/produkte\/rsi-forze-armate-della-repubblica-sociale-italiana-la-guerra-in-italia-1944-vol-2\/","og_site_name":"Karl H\u00e4user","article_modified_time":"2025-12-05T10:38:54+00:00","og_image":[{"width":1920,"height":2560,"url":"https:\/\/www.karlhauser.com\/wp-content\/uploads\/2025\/12\/20250927_150101-scaled.jpg","type":"image\/jpeg"}],"twitter_card":"summary_large_image","twitter_misc":{"Gesch\u00e4tzte Lesezeit":"1\u00a0Minute"},"schema":{"@context":"https:\/\/schema.org","@graph":[{"@type":"WebPage","@id":"https:\/\/www.karlhauser.com\/de\/produkte\/rsi-forze-armate-della-repubblica-sociale-italiana-la-guerra-in-italia-1944-vol-2\/","url":"https:\/\/www.karlhauser.com\/de\/produkte\/rsi-forze-armate-della-repubblica-sociale-italiana-la-guerra-in-italia-1944-vol-2\/","name":"RSI Forze Armate della Repubblica Sociale Italiana \u2013 La guerra in Italia 1944 Vol 2 - Karl H\u00e4user","isPartOf":{"@id":"https:\/\/www.karlhauser.com\/de\/#website"},"primaryImageOfPage":{"@id":"https:\/\/www.karlhauser.com\/de\/produkte\/rsi-forze-armate-della-repubblica-sociale-italiana-la-guerra-in-italia-1944-vol-2\/#primaryimage"},"image":{"@id":"https:\/\/www.karlhauser.com\/de\/produkte\/rsi-forze-armate-della-repubblica-sociale-italiana-la-guerra-in-italia-1944-vol-2\/#primaryimage"},"thumbnailUrl":"https:\/\/www.karlhauser.com\/wp-content\/uploads\/2025\/12\/20250927_150101-scaled.jpg","datePublished":"2025-12-05T10:35:02+00:00","dateModified":"2025-12-05T10:38:54+00:00","breadcrumb":{"@id":"https:\/\/www.karlhauser.com\/de\/produkte\/rsi-forze-armate-della-repubblica-sociale-italiana-la-guerra-in-italia-1944-vol-2\/#breadcrumb"},"inLanguage":"de","potentialAction":[{"@type":"ReadAction","target":["https:\/\/www.karlhauser.com\/de\/produkte\/rsi-forze-armate-della-repubblica-sociale-italiana-la-guerra-in-italia-1944-vol-2\/"]}]},{"@type":"ImageObject","inLanguage":"de","@id":"https:\/\/www.karlhauser.com\/de\/produkte\/rsi-forze-armate-della-repubblica-sociale-italiana-la-guerra-in-italia-1944-vol-2\/#primaryimage","url":"https:\/\/www.karlhauser.com\/wp-content\/uploads\/2025\/12\/20250927_150101-scaled.jpg","contentUrl":"https:\/\/www.karlhauser.com\/wp-content\/uploads\/2025\/12\/20250927_150101-scaled.jpg","width":1920,"height":2560},{"@type":"BreadcrumbList","@id":"https:\/\/www.karlhauser.com\/de\/produkte\/rsi-forze-armate-della-repubblica-sociale-italiana-la-guerra-in-italia-1944-vol-2\/#breadcrumb","itemListElement":[{"@type":"ListItem","position":1,"name":"Home","item":"https:\/\/www.karlhauser.com\/de\/"},{"@type":"ListItem","position":2,"name":"Shop","item":"https:\/\/www.karlhauser.com\/de\/shop\/"},{"@type":"ListItem","position":3,"name":"RSI Forze Armate della Repubblica Sociale Italiana \u2013 La guerra in Italia 1944 Vol 2"}]},{"@type":"WebSite","@id":"https:\/\/www.karlhauser.com\/de\/#website","url":"https:\/\/www.karlhauser.com\/de\/","name":"Karl H\u00e4user","description":"Milit\u00e4rische Antiquit\u00e4ten und Waffen Vermittlung","publisher":{"@id":"https:\/\/www.karlhauser.com\/de\/#organization"},"potentialAction":[{"@type":"SearchAction","target":{"@type":"EntryPoint","urlTemplate":"https:\/\/www.karlhauser.com\/de\/?s={search_term_string}"},"query-input":{"@type":"PropertyValueSpecification","valueRequired":true,"valueName":"search_term_string"}}],"inLanguage":"de"},{"@type":"Organization","@id":"https:\/\/www.karlhauser.com\/de\/#organization","name":"Karl H\u00e4user","url":"https:\/\/www.karlhauser.com\/de\/","logo":{"@type":"ImageObject","inLanguage":"de","@id":"https:\/\/www.karlhauser.com\/de\/#\/schema\/logo\/image\/","url":"https:\/\/www.karlhauser.com\/wp-content\/uploads\/2022\/09\/KH-generico-3.jpg","contentUrl":"https:\/\/www.karlhauser.com\/wp-content\/uploads\/2022\/09\/KH-generico-3.jpg","width":470,"height":470,"caption":"Karl H\u00e4user"},"image":{"@id":"https:\/\/www.karlhauser.com\/de\/#\/schema\/logo\/image\/"},"sameAs":["https:\/\/www.instagram.com\/karlhauser.antik\/","https:\/\/www.youtube.com\/channel\/UCt-9t2bku12mwXmte0FJLGQ","https:\/\/www.ebay.it\/str\/karlhausermilitaryantiques?_trksid=p2047675.m3561.l2563"]}]}},"_links":{"self":[{"href":"https:\/\/www.karlhauser.com\/de\/wp-json\/wp\/v2\/product\/23599","targetHints":{"allow":["GET"]}}],"collection":[{"href":"https:\/\/www.karlhauser.com\/de\/wp-json\/wp\/v2\/product"}],"about":[{"href":"https:\/\/www.karlhauser.com\/de\/wp-json\/wp\/v2\/types\/product"}],"wp:featuredmedia":[{"embeddable":true,"href":"https:\/\/www.karlhauser.com\/de\/wp-json\/wp\/v2\/media\/23600"}],"wp:attachment":[{"href":"https:\/\/www.karlhauser.com\/de\/wp-json\/wp\/v2\/media?parent=23599"}],"wp:term":[{"taxonomy":"product_brand","embeddable":true,"href":"https:\/\/www.karlhauser.com\/de\/wp-json\/wp\/v2\/product_brand?post=23599"},{"taxonomy":"product_cat","embeddable":true,"href":"https:\/\/www.karlhauser.com\/de\/wp-json\/wp\/v2\/product_cat?post=23599"},{"taxonomy":"product_tag","embeddable":true,"href":"https:\/\/www.karlhauser.com\/de\/wp-json\/wp\/v2\/product_tag?post=23599"}],"curies":[{"name":"wp","href":"https:\/\/api.w.org\/{rel}","templated":true}]}}