{"id":23607,"date":"2025-12-05T11:49:18","date_gmt":"2025-12-05T10:49:18","guid":{"rendered":"https:\/\/www.karlhauser.com\/?post_type=product&#038;p=23607"},"modified":"2025-12-05T11:51:32","modified_gmt":"2025-12-05T10:51:32","slug":"deutsche-fallschirmjager-im-2-weltkrieg","status":"publish","type":"product","link":"https:\/\/www.karlhauser.com\/de\/produkte\/deutsche-fallschirmjager-im-2-weltkrieg\/","title":{"rendered":"Deutsche FallschirmJ\u00e4ger im 2 Weltkrieg"},"content":{"rendered":"<p>Von den ersten Versuchen des Fallschirmabsprungs \u00fcber den Einsatz des Fallschirms in der Fallschirmtruppe des Zweiten Weltkriegs bis hin zum Sport des Fallschirmfliegens heute spannt sich der Rahmen dieses Werkes aus der Feder eines profilierten Forschers der Fallschirmgeschichte.<br \/>\nIm Schwerpunkt dieses Werkes stehen die opfervollen Eins\u00e4tze der deutschen Fallschirmj\u00e4ger des Zweiten Weltkriegs.<br \/>\nIhr Sprung in die Festung Holland war ebenso wie die Eroberung der Insel Kreta\u00a0aus der Luft eine &#8222;Revolution in der Kriegstaktik&#8220;.<br \/>\nAn allen Fronten, in Afrika und bei Monte Cassino, in der Eish\u00f6lle Russlands, in der Normandie und in den Ardennen k\u00e4mpften Fallschirmj\u00e4ger, um ihr letztes Schicksal im Abwehrkampf um das Reich zu erleiden: Tod oder langj\u00e4hrige Gefangenschaft.<br \/>\nEin Buch, das die ganze Tapferkeit von Menschen zeigt, die mi\u00dfbraucht wurden; die ganze Gnadenlosigkeit eines Ringens, das sich niemals wiederholen darf.<\/p>\n<p><strong>Deutsche Sprache, 399 Seiten mit Abbildungen<br \/>\nAutor: Franz Kurowski<\/strong><\/p>\n","protected":false},"excerpt":{"rendered":"<ul class=\"info-essential list-unstyled\">\n<li class=\"product-sku\"><strong>SKU:\u00a0<\/strong>190439<\/li>\n<\/ul>\n","protected":false},"featured_media":23608,"template":"","meta":{"_acf_changed":false},"product_brand":[],"product_cat":[546],"product_tag":[215,571],"class_list":{"0":"post-23607","1":"product","2":"type-product","3":"status-publish","4":"has-post-thumbnail","6":"product_cat-books-2","7":"product_tag-grosdeutschland","8":"product_tag-panzerkorps","10":"first","11":"instock","12":"taxable","13":"shipping-taxable","14":"purchasable","15":"product-type-simple"},"acf":[],"yoast_head":"<!-- This site is optimized with the Yoast SEO plugin v27.4 - https:\/\/yoast.com\/product\/yoast-seo-wordpress\/ -->\n<title>Deutsche FallschirmJ\u00e4ger im 2 Weltkrieg - Karl H\u00e4user<\/title>\n<meta name=\"robots\" content=\"index, follow, max-snippet:-1, max-image-preview:large, max-video-preview:-1\" \/>\n<link rel=\"canonical\" href=\"https:\/\/www.karlhauser.com\/de\/produkte\/deutsche-fallschirmjager-im-2-weltkrieg\/\" \/>\n<meta property=\"og:locale\" content=\"de_DE\" \/>\n<meta property=\"og:type\" content=\"article\" \/>\n<meta property=\"og:title\" content=\"Deutsche FallschirmJ\u00e4ger im 2 Weltkrieg - Karl H\u00e4user\" \/>\n<meta property=\"og:description\" content=\"SKU:\u00a0190439\" \/>\n<meta property=\"og:url\" content=\"https:\/\/www.karlhauser.com\/de\/produkte\/deutsche-fallschirmjager-im-2-weltkrieg\/\" \/>\n<meta property=\"og:site_name\" content=\"Karl H\u00e4user\" \/>\n<meta property=\"article:modified_time\" content=\"2025-12-05T10:51:32+00:00\" \/>\n<meta property=\"og:image\" content=\"https:\/\/www.karlhauser.com\/wp-content\/uploads\/2025\/12\/20250927_145906-scaled.jpg\" \/>\n\t<meta property=\"og:image:width\" content=\"1920\" \/>\n\t<meta property=\"og:image:height\" content=\"2560\" \/>\n\t<meta property=\"og:image:type\" content=\"image\/jpeg\" \/>\n<meta name=\"twitter:card\" content=\"summary_large_image\" \/>\n<meta name=\"twitter:label1\" content=\"Gesch\u00e4tzte Lesezeit\" \/>\n\t<meta name=\"twitter:data1\" content=\"1\u00a0Minute\" \/>\n<script type=\"application\/ld+json\" class=\"yoast-schema-graph\">{\"@context\":\"https:\\\/\\\/schema.org\",\"@graph\":[{\"@type\":\"WebPage\",\"@id\":\"https:\\\/\\\/www.karlhauser.com\\\/de\\\/produkte\\\/deutsche-fallschirmjager-im-2-weltkrieg\\\/\",\"url\":\"https:\\\/\\\/www.karlhauser.com\\\/de\\\/produkte\\\/deutsche-fallschirmjager-im-2-weltkrieg\\\/\",\"name\":\"Deutsche FallschirmJ\u00e4ger im 2 Weltkrieg - Karl H\u00e4user\",\"isPartOf\":{\"@id\":\"https:\\\/\\\/www.karlhauser.com\\\/de\\\/#website\"},\"primaryImageOfPage\":{\"@id\":\"https:\\\/\\\/www.karlhauser.com\\\/de\\\/produkte\\\/deutsche-fallschirmjager-im-2-weltkrieg\\\/#primaryimage\"},\"image\":{\"@id\":\"https:\\\/\\\/www.karlhauser.com\\\/de\\\/produkte\\\/deutsche-fallschirmjager-im-2-weltkrieg\\\/#primaryimage\"},\"thumbnailUrl\":\"https:\\\/\\\/www.karlhauser.com\\\/wp-content\\\/uploads\\\/2025\\\/12\\\/20250927_145906-scaled.jpg\",\"datePublished\":\"2025-12-05T10:49:18+00:00\",\"dateModified\":\"2025-12-05T10:51:32+00:00\",\"breadcrumb\":{\"@id\":\"https:\\\/\\\/www.karlhauser.com\\\/de\\\/produkte\\\/deutsche-fallschirmjager-im-2-weltkrieg\\\/#breadcrumb\"},\"inLanguage\":\"de\",\"potentialAction\":[{\"@type\":\"ReadAction\",\"target\":[\"https:\\\/\\\/www.karlhauser.com\\\/de\\\/produkte\\\/deutsche-fallschirmjager-im-2-weltkrieg\\\/\"]}]},{\"@type\":\"ImageObject\",\"inLanguage\":\"de\",\"@id\":\"https:\\\/\\\/www.karlhauser.com\\\/de\\\/produkte\\\/deutsche-fallschirmjager-im-2-weltkrieg\\\/#primaryimage\",\"url\":\"https:\\\/\\\/www.karlhauser.com\\\/wp-content\\\/uploads\\\/2025\\\/12\\\/20250927_145906-scaled.jpg\",\"contentUrl\":\"https:\\\/\\\/www.karlhauser.com\\\/wp-content\\\/uploads\\\/2025\\\/12\\\/20250927_145906-scaled.jpg\",\"width\":1920,\"height\":2560},{\"@type\":\"BreadcrumbList\",\"@id\":\"https:\\\/\\\/www.karlhauser.com\\\/de\\\/produkte\\\/deutsche-fallschirmjager-im-2-weltkrieg\\\/#breadcrumb\",\"itemListElement\":[{\"@type\":\"ListItem\",\"position\":1,\"name\":\"Home\",\"item\":\"https:\\\/\\\/www.karlhauser.com\\\/de\\\/\"},{\"@type\":\"ListItem\",\"position\":2,\"name\":\"Shop\",\"item\":\"https:\\\/\\\/www.karlhauser.com\\\/de\\\/shop\\\/\"},{\"@type\":\"ListItem\",\"position\":3,\"name\":\"Deutsche FallschirmJ\u00e4ger im 2 Weltkrieg\"}]},{\"@type\":\"WebSite\",\"@id\":\"https:\\\/\\\/www.karlhauser.com\\\/de\\\/#website\",\"url\":\"https:\\\/\\\/www.karlhauser.com\\\/de\\\/\",\"name\":\"Karl H\u00e4user\",\"description\":\"Milit\u00e4rische Antiquit\u00e4ten und Waffen Vermittlung\",\"publisher\":{\"@id\":\"https:\\\/\\\/www.karlhauser.com\\\/de\\\/#organization\"},\"potentialAction\":[{\"@type\":\"SearchAction\",\"target\":{\"@type\":\"EntryPoint\",\"urlTemplate\":\"https:\\\/\\\/www.karlhauser.com\\\/de\\\/?s={search_term_string}\"},\"query-input\":{\"@type\":\"PropertyValueSpecification\",\"valueRequired\":true,\"valueName\":\"search_term_string\"}}],\"inLanguage\":\"de\"},{\"@type\":\"Organization\",\"@id\":\"https:\\\/\\\/www.karlhauser.com\\\/de\\\/#organization\",\"name\":\"Karl H\u00e4user\",\"url\":\"https:\\\/\\\/www.karlhauser.com\\\/de\\\/\",\"logo\":{\"@type\":\"ImageObject\",\"inLanguage\":\"de\",\"@id\":\"https:\\\/\\\/www.karlhauser.com\\\/de\\\/#\\\/schema\\\/logo\\\/image\\\/\",\"url\":\"https:\\\/\\\/www.karlhauser.com\\\/wp-content\\\/uploads\\\/2022\\\/09\\\/KH-generico-3.jpg\",\"contentUrl\":\"https:\\\/\\\/www.karlhauser.com\\\/wp-content\\\/uploads\\\/2022\\\/09\\\/KH-generico-3.jpg\",\"width\":470,\"height\":470,\"caption\":\"Karl H\u00e4user\"},\"image\":{\"@id\":\"https:\\\/\\\/www.karlhauser.com\\\/de\\\/#\\\/schema\\\/logo\\\/image\\\/\"},\"sameAs\":[\"https:\\\/\\\/www.instagram.com\\\/karlhauser.antik\\\/\",\"https:\\\/\\\/www.youtube.com\\\/channel\\\/UCt-9t2bku12mwXmte0FJLGQ\",\"https:\\\/\\\/www.ebay.it\\\/str\\\/karlhausermilitaryantiques?_trksid=p2047675.m3561.l2563\"]}]}<\/script>\n<!-- \/ Yoast SEO plugin. -->","yoast_head_json":{"title":"Deutsche FallschirmJ\u00e4ger im 2 Weltkrieg - Karl H\u00e4user","robots":{"index":"index","follow":"follow","max-snippet":"max-snippet:-1","max-image-preview":"max-image-preview:large","max-video-preview":"max-video-preview:-1"},"canonical":"https:\/\/www.karlhauser.com\/de\/produkte\/deutsche-fallschirmjager-im-2-weltkrieg\/","og_locale":"de_DE","og_type":"article","og_title":"Deutsche FallschirmJ\u00e4ger im 2 Weltkrieg - Karl H\u00e4user","og_description":"SKU:\u00a0190439","og_url":"https:\/\/www.karlhauser.com\/de\/produkte\/deutsche-fallschirmjager-im-2-weltkrieg\/","og_site_name":"Karl H\u00e4user","article_modified_time":"2025-12-05T10:51:32+00:00","og_image":[{"width":1920,"height":2560,"url":"https:\/\/www.karlhauser.com\/wp-content\/uploads\/2025\/12\/20250927_145906-scaled.jpg","type":"image\/jpeg"}],"twitter_card":"summary_large_image","twitter_misc":{"Gesch\u00e4tzte Lesezeit":"1\u00a0Minute"},"schema":{"@context":"https:\/\/schema.org","@graph":[{"@type":"WebPage","@id":"https:\/\/www.karlhauser.com\/de\/produkte\/deutsche-fallschirmjager-im-2-weltkrieg\/","url":"https:\/\/www.karlhauser.com\/de\/produkte\/deutsche-fallschirmjager-im-2-weltkrieg\/","name":"Deutsche FallschirmJ\u00e4ger im 2 Weltkrieg - Karl H\u00e4user","isPartOf":{"@id":"https:\/\/www.karlhauser.com\/de\/#website"},"primaryImageOfPage":{"@id":"https:\/\/www.karlhauser.com\/de\/produkte\/deutsche-fallschirmjager-im-2-weltkrieg\/#primaryimage"},"image":{"@id":"https:\/\/www.karlhauser.com\/de\/produkte\/deutsche-fallschirmjager-im-2-weltkrieg\/#primaryimage"},"thumbnailUrl":"https:\/\/www.karlhauser.com\/wp-content\/uploads\/2025\/12\/20250927_145906-scaled.jpg","datePublished":"2025-12-05T10:49:18+00:00","dateModified":"2025-12-05T10:51:32+00:00","breadcrumb":{"@id":"https:\/\/www.karlhauser.com\/de\/produkte\/deutsche-fallschirmjager-im-2-weltkrieg\/#breadcrumb"},"inLanguage":"de","potentialAction":[{"@type":"ReadAction","target":["https:\/\/www.karlhauser.com\/de\/produkte\/deutsche-fallschirmjager-im-2-weltkrieg\/"]}]},{"@type":"ImageObject","inLanguage":"de","@id":"https:\/\/www.karlhauser.com\/de\/produkte\/deutsche-fallschirmjager-im-2-weltkrieg\/#primaryimage","url":"https:\/\/www.karlhauser.com\/wp-content\/uploads\/2025\/12\/20250927_145906-scaled.jpg","contentUrl":"https:\/\/www.karlhauser.com\/wp-content\/uploads\/2025\/12\/20250927_145906-scaled.jpg","width":1920,"height":2560},{"@type":"BreadcrumbList","@id":"https:\/\/www.karlhauser.com\/de\/produkte\/deutsche-fallschirmjager-im-2-weltkrieg\/#breadcrumb","itemListElement":[{"@type":"ListItem","position":1,"name":"Home","item":"https:\/\/www.karlhauser.com\/de\/"},{"@type":"ListItem","position":2,"name":"Shop","item":"https:\/\/www.karlhauser.com\/de\/shop\/"},{"@type":"ListItem","position":3,"name":"Deutsche FallschirmJ\u00e4ger im 2 Weltkrieg"}]},{"@type":"WebSite","@id":"https:\/\/www.karlhauser.com\/de\/#website","url":"https:\/\/www.karlhauser.com\/de\/","name":"Karl H\u00e4user","description":"Milit\u00e4rische Antiquit\u00e4ten und Waffen Vermittlung","publisher":{"@id":"https:\/\/www.karlhauser.com\/de\/#organization"},"potentialAction":[{"@type":"SearchAction","target":{"@type":"EntryPoint","urlTemplate":"https:\/\/www.karlhauser.com\/de\/?s={search_term_string}"},"query-input":{"@type":"PropertyValueSpecification","valueRequired":true,"valueName":"search_term_string"}}],"inLanguage":"de"},{"@type":"Organization","@id":"https:\/\/www.karlhauser.com\/de\/#organization","name":"Karl H\u00e4user","url":"https:\/\/www.karlhauser.com\/de\/","logo":{"@type":"ImageObject","inLanguage":"de","@id":"https:\/\/www.karlhauser.com\/de\/#\/schema\/logo\/image\/","url":"https:\/\/www.karlhauser.com\/wp-content\/uploads\/2022\/09\/KH-generico-3.jpg","contentUrl":"https:\/\/www.karlhauser.com\/wp-content\/uploads\/2022\/09\/KH-generico-3.jpg","width":470,"height":470,"caption":"Karl H\u00e4user"},"image":{"@id":"https:\/\/www.karlhauser.com\/de\/#\/schema\/logo\/image\/"},"sameAs":["https:\/\/www.instagram.com\/karlhauser.antik\/","https:\/\/www.youtube.com\/channel\/UCt-9t2bku12mwXmte0FJLGQ","https:\/\/www.ebay.it\/str\/karlhausermilitaryantiques?_trksid=p2047675.m3561.l2563"]}]}},"_links":{"self":[{"href":"https:\/\/www.karlhauser.com\/de\/wp-json\/wp\/v2\/product\/23607","targetHints":{"allow":["GET"]}}],"collection":[{"href":"https:\/\/www.karlhauser.com\/de\/wp-json\/wp\/v2\/product"}],"about":[{"href":"https:\/\/www.karlhauser.com\/de\/wp-json\/wp\/v2\/types\/product"}],"wp:featuredmedia":[{"embeddable":true,"href":"https:\/\/www.karlhauser.com\/de\/wp-json\/wp\/v2\/media\/23608"}],"wp:attachment":[{"href":"https:\/\/www.karlhauser.com\/de\/wp-json\/wp\/v2\/media?parent=23607"}],"wp:term":[{"taxonomy":"product_brand","embeddable":true,"href":"https:\/\/www.karlhauser.com\/de\/wp-json\/wp\/v2\/product_brand?post=23607"},{"taxonomy":"product_cat","embeddable":true,"href":"https:\/\/www.karlhauser.com\/de\/wp-json\/wp\/v2\/product_cat?post=23607"},{"taxonomy":"product_tag","embeddable":true,"href":"https:\/\/www.karlhauser.com\/de\/wp-json\/wp\/v2\/product_tag?post=23607"}],"curies":[{"name":"wp","href":"https:\/\/api.w.org\/{rel}","templated":true}]}}