{"id":6977,"date":"2023-12-29T14:46:42","date_gmt":"2023-12-29T13:46:42","guid":{"rendered":"https:\/\/www.karlhauser.com\/?post_type=product&#038;p=6977"},"modified":"2025-10-17T16:30:29","modified_gmt":"2025-10-17T14:30:29","slug":"german-m-35-helmet-ns-64-luftwaffe-with-artwork","status":"publish","type":"product","link":"https:\/\/www.karlhauser.com\/de\/produkte\/german-m-35-helmet-ns-64-luftwaffe-with-artwork\/","title":{"rendered":"GERMAN M 35 HELMET NS 64 LUFTWAFFE &#8211; WITH ARTWORK"},"content":{"rendered":"<p>E 138 serie &#8211; NS 64 shell<\/p>\n","protected":false},"excerpt":{"rendered":"<p>This interesting M 35 helmet comes complete of its untouched aluminium band but shows some repairs (believed to be made during the war or in the &#8217;50) made with a second origina leather.<\/p>\n<p>The most interesting point is an artwork made on the external part of the shell. R.I.P. is clearly written with black paint (rest in peace?), a swastika si painted on the top and something like a sort of skull is painted on one side.<\/p>\n<p>This was probably an helmet left on the top of the cross on a tomb and later repaired. The right decal is still in place at 60%. Grey blue paint is mixed with rusty surfaces all over the shell.<\/p>\n","protected":false},"featured_media":6981,"template":"","meta":{"_acf_changed":false},"product_brand":[],"product_cat":[383,395],"product_tag":[170,544],"class_list":{"0":"post-6977","1":"product","2":"type-product","3":"status-publish","4":"has-post-thumbnail","6":"product_cat-german-1919-1945","7":"product_cat-headwear","8":"product_tag-luftwaffe","9":"product_tag-m35-helmet","11":"first","12":"outofstock","13":"taxable","14":"shipping-taxable","15":"purchasable","16":"product-type-simple"},"acf":[],"yoast_head":"<!-- This site is optimized with the Yoast SEO plugin v27.4 - https:\/\/yoast.com\/product\/yoast-seo-wordpress\/ -->\n<title>GERMAN M 35 HELMET NS 64 LUFTWAFFE - WITH ARTWORK - Karl H\u00e4user<\/title>\n<meta name=\"robots\" content=\"index, follow, max-snippet:-1, max-image-preview:large, max-video-preview:-1\" \/>\n<link rel=\"canonical\" href=\"https:\/\/www.karlhauser.com\/de\/produkte\/german-m-35-helmet-ns-64-luftwaffe-with-artwork\/\" \/>\n<meta property=\"og:locale\" content=\"de_DE\" \/>\n<meta property=\"og:type\" content=\"article\" \/>\n<meta property=\"og:title\" content=\"GERMAN M 35 HELMET NS 64 LUFTWAFFE - WITH ARTWORK - Karl H\u00e4user\" \/>\n<meta property=\"og:description\" content=\"This interesting M 35 helmet comes complete of its untouched aluminium band but shows some repairs (believed to be made during the war or in the &#039;50) made with a second origina leather.  The most interesting point is an artwork made on the external part of the shell. R.I.P. is clearly written with black paint (rest in peace?), a swastika si painted on the top and something like a sort of skull is painted on one side.  This was probably an helmet left on the top of the cross on a tomb and later repaired. The right decal is still in place at 60%. Grey blue paint is mixed with rusty surfaces all over the shell.\" \/>\n<meta property=\"og:url\" content=\"https:\/\/www.karlhauser.com\/de\/produkte\/german-m-35-helmet-ns-64-luftwaffe-with-artwork\/\" \/>\n<meta property=\"og:site_name\" content=\"Karl H\u00e4user\" \/>\n<meta property=\"article:modified_time\" content=\"2025-10-17T14:30:29+00:00\" \/>\n<meta property=\"og:image\" content=\"https:\/\/www.karlhauser.com\/wp-content\/uploads\/2023\/12\/IMG_7159.jpg\" \/>\n\t<meta property=\"og:image:width\" content=\"1920\" \/>\n\t<meta property=\"og:image:height\" content=\"1549\" \/>\n\t<meta property=\"og:image:type\" content=\"image\/jpeg\" \/>\n<meta name=\"twitter:card\" content=\"summary_large_image\" \/>\n<meta name=\"twitter:label1\" content=\"Gesch\u00e4tzte Lesezeit\" \/>\n\t<meta name=\"twitter:data1\" content=\"1\u00a0Minute\" \/>\n<script type=\"application\/ld+json\" class=\"yoast-schema-graph\">{\"@context\":\"https:\\\/\\\/schema.org\",\"@graph\":[{\"@type\":\"WebPage\",\"@id\":\"https:\\\/\\\/www.karlhauser.com\\\/de\\\/produkte\\\/german-m-35-helmet-ns-64-luftwaffe-with-artwork\\\/\",\"url\":\"https:\\\/\\\/www.karlhauser.com\\\/de\\\/produkte\\\/german-m-35-helmet-ns-64-luftwaffe-with-artwork\\\/\",\"name\":\"GERMAN M 35 HELMET NS 64 LUFTWAFFE - WITH ARTWORK - Karl H\u00e4user\",\"isPartOf\":{\"@id\":\"https:\\\/\\\/www.karlhauser.com\\\/de\\\/#website\"},\"primaryImageOfPage\":{\"@id\":\"https:\\\/\\\/www.karlhauser.com\\\/de\\\/produkte\\\/german-m-35-helmet-ns-64-luftwaffe-with-artwork\\\/#primaryimage\"},\"image\":{\"@id\":\"https:\\\/\\\/www.karlhauser.com\\\/de\\\/produkte\\\/german-m-35-helmet-ns-64-luftwaffe-with-artwork\\\/#primaryimage\"},\"thumbnailUrl\":\"https:\\\/\\\/www.karlhauser.com\\\/wp-content\\\/uploads\\\/2023\\\/12\\\/IMG_7159.jpg\",\"datePublished\":\"2023-12-29T13:46:42+00:00\",\"dateModified\":\"2025-10-17T14:30:29+00:00\",\"breadcrumb\":{\"@id\":\"https:\\\/\\\/www.karlhauser.com\\\/de\\\/produkte\\\/german-m-35-helmet-ns-64-luftwaffe-with-artwork\\\/#breadcrumb\"},\"inLanguage\":\"de\",\"potentialAction\":[{\"@type\":\"ReadAction\",\"target\":[\"https:\\\/\\\/www.karlhauser.com\\\/de\\\/produkte\\\/german-m-35-helmet-ns-64-luftwaffe-with-artwork\\\/\"]}]},{\"@type\":\"ImageObject\",\"inLanguage\":\"de\",\"@id\":\"https:\\\/\\\/www.karlhauser.com\\\/de\\\/produkte\\\/german-m-35-helmet-ns-64-luftwaffe-with-artwork\\\/#primaryimage\",\"url\":\"https:\\\/\\\/www.karlhauser.com\\\/wp-content\\\/uploads\\\/2023\\\/12\\\/IMG_7159.jpg\",\"contentUrl\":\"https:\\\/\\\/www.karlhauser.com\\\/wp-content\\\/uploads\\\/2023\\\/12\\\/IMG_7159.jpg\",\"width\":1920,\"height\":1549},{\"@type\":\"BreadcrumbList\",\"@id\":\"https:\\\/\\\/www.karlhauser.com\\\/de\\\/produkte\\\/german-m-35-helmet-ns-64-luftwaffe-with-artwork\\\/#breadcrumb\",\"itemListElement\":[{\"@type\":\"ListItem\",\"position\":1,\"name\":\"Home\",\"item\":\"https:\\\/\\\/www.karlhauser.com\\\/de\\\/\"},{\"@type\":\"ListItem\",\"position\":2,\"name\":\"Shop\",\"item\":\"https:\\\/\\\/www.karlhauser.com\\\/de\\\/shop\\\/\"},{\"@type\":\"ListItem\",\"position\":3,\"name\":\"GERMAN M 35 HELMET NS 64 LUFTWAFFE &#8211; WITH ARTWORK\"}]},{\"@type\":\"WebSite\",\"@id\":\"https:\\\/\\\/www.karlhauser.com\\\/de\\\/#website\",\"url\":\"https:\\\/\\\/www.karlhauser.com\\\/de\\\/\",\"name\":\"Karl H\u00e4user\",\"description\":\"Milit\u00e4rische Antiquit\u00e4ten und Waffen Vermittlung\",\"publisher\":{\"@id\":\"https:\\\/\\\/www.karlhauser.com\\\/de\\\/#organization\"},\"potentialAction\":[{\"@type\":\"SearchAction\",\"target\":{\"@type\":\"EntryPoint\",\"urlTemplate\":\"https:\\\/\\\/www.karlhauser.com\\\/de\\\/?s={search_term_string}\"},\"query-input\":{\"@type\":\"PropertyValueSpecification\",\"valueRequired\":true,\"valueName\":\"search_term_string\"}}],\"inLanguage\":\"de\"},{\"@type\":\"Organization\",\"@id\":\"https:\\\/\\\/www.karlhauser.com\\\/de\\\/#organization\",\"name\":\"Karl H\u00e4user\",\"url\":\"https:\\\/\\\/www.karlhauser.com\\\/de\\\/\",\"logo\":{\"@type\":\"ImageObject\",\"inLanguage\":\"de\",\"@id\":\"https:\\\/\\\/www.karlhauser.com\\\/de\\\/#\\\/schema\\\/logo\\\/image\\\/\",\"url\":\"https:\\\/\\\/www.karlhauser.com\\\/wp-content\\\/uploads\\\/2022\\\/09\\\/KH-generico-3.jpg\",\"contentUrl\":\"https:\\\/\\\/www.karlhauser.com\\\/wp-content\\\/uploads\\\/2022\\\/09\\\/KH-generico-3.jpg\",\"width\":470,\"height\":470,\"caption\":\"Karl H\u00e4user\"},\"image\":{\"@id\":\"https:\\\/\\\/www.karlhauser.com\\\/de\\\/#\\\/schema\\\/logo\\\/image\\\/\"},\"sameAs\":[\"https:\\\/\\\/www.instagram.com\\\/karlhauser.antik\\\/\",\"https:\\\/\\\/www.youtube.com\\\/channel\\\/UCt-9t2bku12mwXmte0FJLGQ\",\"https:\\\/\\\/www.ebay.it\\\/str\\\/karlhausermilitaryantiques?_trksid=p2047675.m3561.l2563\"]}]}<\/script>\n<!-- \/ Yoast SEO plugin. -->","yoast_head_json":{"title":"GERMAN M 35 HELMET NS 64 LUFTWAFFE - WITH ARTWORK - Karl H\u00e4user","robots":{"index":"index","follow":"follow","max-snippet":"max-snippet:-1","max-image-preview":"max-image-preview:large","max-video-preview":"max-video-preview:-1"},"canonical":"https:\/\/www.karlhauser.com\/de\/produkte\/german-m-35-helmet-ns-64-luftwaffe-with-artwork\/","og_locale":"de_DE","og_type":"article","og_title":"GERMAN M 35 HELMET NS 64 LUFTWAFFE - WITH ARTWORK - Karl H\u00e4user","og_description":"This interesting M 35 helmet comes complete of its untouched aluminium band but shows some repairs (believed to be made during the war or in the '50) made with a second origina leather.  The most interesting point is an artwork made on the external part of the shell. R.I.P. is clearly written with black paint (rest in peace?), a swastika si painted on the top and something like a sort of skull is painted on one side.  This was probably an helmet left on the top of the cross on a tomb and later repaired. The right decal is still in place at 60%. Grey blue paint is mixed with rusty surfaces all over the shell.","og_url":"https:\/\/www.karlhauser.com\/de\/produkte\/german-m-35-helmet-ns-64-luftwaffe-with-artwork\/","og_site_name":"Karl H\u00e4user","article_modified_time":"2025-10-17T14:30:29+00:00","og_image":[{"width":1920,"height":1549,"url":"https:\/\/www.karlhauser.com\/wp-content\/uploads\/2023\/12\/IMG_7159.jpg","type":"image\/jpeg"}],"twitter_card":"summary_large_image","twitter_misc":{"Gesch\u00e4tzte Lesezeit":"1\u00a0Minute"},"schema":{"@context":"https:\/\/schema.org","@graph":[{"@type":"WebPage","@id":"https:\/\/www.karlhauser.com\/de\/produkte\/german-m-35-helmet-ns-64-luftwaffe-with-artwork\/","url":"https:\/\/www.karlhauser.com\/de\/produkte\/german-m-35-helmet-ns-64-luftwaffe-with-artwork\/","name":"GERMAN M 35 HELMET NS 64 LUFTWAFFE - WITH ARTWORK - Karl H\u00e4user","isPartOf":{"@id":"https:\/\/www.karlhauser.com\/de\/#website"},"primaryImageOfPage":{"@id":"https:\/\/www.karlhauser.com\/de\/produkte\/german-m-35-helmet-ns-64-luftwaffe-with-artwork\/#primaryimage"},"image":{"@id":"https:\/\/www.karlhauser.com\/de\/produkte\/german-m-35-helmet-ns-64-luftwaffe-with-artwork\/#primaryimage"},"thumbnailUrl":"https:\/\/www.karlhauser.com\/wp-content\/uploads\/2023\/12\/IMG_7159.jpg","datePublished":"2023-12-29T13:46:42+00:00","dateModified":"2025-10-17T14:30:29+00:00","breadcrumb":{"@id":"https:\/\/www.karlhauser.com\/de\/produkte\/german-m-35-helmet-ns-64-luftwaffe-with-artwork\/#breadcrumb"},"inLanguage":"de","potentialAction":[{"@type":"ReadAction","target":["https:\/\/www.karlhauser.com\/de\/produkte\/german-m-35-helmet-ns-64-luftwaffe-with-artwork\/"]}]},{"@type":"ImageObject","inLanguage":"de","@id":"https:\/\/www.karlhauser.com\/de\/produkte\/german-m-35-helmet-ns-64-luftwaffe-with-artwork\/#primaryimage","url":"https:\/\/www.karlhauser.com\/wp-content\/uploads\/2023\/12\/IMG_7159.jpg","contentUrl":"https:\/\/www.karlhauser.com\/wp-content\/uploads\/2023\/12\/IMG_7159.jpg","width":1920,"height":1549},{"@type":"BreadcrumbList","@id":"https:\/\/www.karlhauser.com\/de\/produkte\/german-m-35-helmet-ns-64-luftwaffe-with-artwork\/#breadcrumb","itemListElement":[{"@type":"ListItem","position":1,"name":"Home","item":"https:\/\/www.karlhauser.com\/de\/"},{"@type":"ListItem","position":2,"name":"Shop","item":"https:\/\/www.karlhauser.com\/de\/shop\/"},{"@type":"ListItem","position":3,"name":"GERMAN M 35 HELMET NS 64 LUFTWAFFE &#8211; WITH ARTWORK"}]},{"@type":"WebSite","@id":"https:\/\/www.karlhauser.com\/de\/#website","url":"https:\/\/www.karlhauser.com\/de\/","name":"Karl H\u00e4user","description":"Milit\u00e4rische Antiquit\u00e4ten und Waffen Vermittlung","publisher":{"@id":"https:\/\/www.karlhauser.com\/de\/#organization"},"potentialAction":[{"@type":"SearchAction","target":{"@type":"EntryPoint","urlTemplate":"https:\/\/www.karlhauser.com\/de\/?s={search_term_string}"},"query-input":{"@type":"PropertyValueSpecification","valueRequired":true,"valueName":"search_term_string"}}],"inLanguage":"de"},{"@type":"Organization","@id":"https:\/\/www.karlhauser.com\/de\/#organization","name":"Karl H\u00e4user","url":"https:\/\/www.karlhauser.com\/de\/","logo":{"@type":"ImageObject","inLanguage":"de","@id":"https:\/\/www.karlhauser.com\/de\/#\/schema\/logo\/image\/","url":"https:\/\/www.karlhauser.com\/wp-content\/uploads\/2022\/09\/KH-generico-3.jpg","contentUrl":"https:\/\/www.karlhauser.com\/wp-content\/uploads\/2022\/09\/KH-generico-3.jpg","width":470,"height":470,"caption":"Karl H\u00e4user"},"image":{"@id":"https:\/\/www.karlhauser.com\/de\/#\/schema\/logo\/image\/"},"sameAs":["https:\/\/www.instagram.com\/karlhauser.antik\/","https:\/\/www.youtube.com\/channel\/UCt-9t2bku12mwXmte0FJLGQ","https:\/\/www.ebay.it\/str\/karlhausermilitaryantiques?_trksid=p2047675.m3561.l2563"]}]}},"_links":{"self":[{"href":"https:\/\/www.karlhauser.com\/de\/wp-json\/wp\/v2\/product\/6977","targetHints":{"allow":["GET"]}}],"collection":[{"href":"https:\/\/www.karlhauser.com\/de\/wp-json\/wp\/v2\/product"}],"about":[{"href":"https:\/\/www.karlhauser.com\/de\/wp-json\/wp\/v2\/types\/product"}],"wp:featuredmedia":[{"embeddable":true,"href":"https:\/\/www.karlhauser.com\/de\/wp-json\/wp\/v2\/media\/6981"}],"wp:attachment":[{"href":"https:\/\/www.karlhauser.com\/de\/wp-json\/wp\/v2\/media?parent=6977"}],"wp:term":[{"taxonomy":"product_brand","embeddable":true,"href":"https:\/\/www.karlhauser.com\/de\/wp-json\/wp\/v2\/product_brand?post=6977"},{"taxonomy":"product_cat","embeddable":true,"href":"https:\/\/www.karlhauser.com\/de\/wp-json\/wp\/v2\/product_cat?post=6977"},{"taxonomy":"product_tag","embeddable":true,"href":"https:\/\/www.karlhauser.com\/de\/wp-json\/wp\/v2\/product_tag?post=6977"}],"curies":[{"name":"wp","href":"https:\/\/api.w.org\/{rel}","templated":true}]}}