{"id":955,"date":"2023-03-15T12:54:06","date_gmt":"2023-03-15T11:54:06","guid":{"rendered":"https:\/\/www.karlhauser.com\/?post_type=product&#038;p=955"},"modified":"2025-10-17T16:43:11","modified_gmt":"2025-10-17T14:43:11","slug":"us-ww2-m1-helmet-front-seam-swivel-bail-511th-airborne-signal-company-badges","status":"publish","type":"product","link":"https:\/\/www.karlhauser.com\/de\/produkte\/us-ww2-m1-helmet-front-seam-swivel-bail-511th-airborne-signal-company-badges\/","title":{"rendered":"US WW2 M1 HELMET &#8211; FRONT SEAM SWIVEL BAIL &#8211; 511th AIRBORNE SIGNAL COMPANY BADGES"},"content":{"rendered":"<p>Very rare M1 helmet shell. This M1 helmet has front seam and swivel bails. On its\u00a0 light green paint, two badges are panited on left ad right sides. Those are the 511th airborne Signal Company badges. The 511th Parachute Infantry Regiment (511th PIR) was an airborne infantry regiment of the United States Army, first activated during World War II under Colonel Orin D. &#8222;Hard Rock&#8220; Haugen. It formed the parachute infantry element of the 11th Airborne Division. The full history of the regiment is the subject of the book, <em>When Angels Fall: From Toccoa to Tokyo, the 511th Parachute Infantry Regiment in World War II<\/em> (2019) by author and historian Jeremy C. Holm whose grandfather served in the regiment&#8217;s Company D during the war.<\/p>\n","protected":false},"excerpt":{"rendered":"<p>Very rare M1 helmet shell. This M1 helmet has front seam and swivel bails. On its\u00a0 light green paint, two badges are panited on left ad right sides. Those are the 511th airborne Signal Company badges.<\/p>\n","protected":false},"featured_media":966,"template":"","meta":{"_acf_changed":false},"product_brand":[],"product_cat":[47],"product_tag":[41,40],"class_list":{"0":"post-955","1":"product","2":"type-product","3":"status-publish","4":"has-post-thumbnail","6":"product_cat-allied-ww2","7":"product_tag-usa","8":"product_tag-ww2","10":"first","11":"outofstock","12":"taxable","13":"shipping-taxable","14":"purchasable","15":"product-type-simple"},"acf":[],"yoast_head":"<!-- This site is optimized with the Yoast SEO plugin v27.3 - https:\/\/yoast.com\/product\/yoast-seo-wordpress\/ -->\n<title>US WW2 M1 HELMET - Karl H\u00e4user<\/title>\n<meta name=\"description\" content=\"US WW2 M1 HELMET, front seam swivel bail with 511th AIRBORNE signal company badges on Karl H\u00e4user\" \/>\n<meta name=\"robots\" content=\"index, follow, max-snippet:-1, max-image-preview:large, max-video-preview:-1\" \/>\n<link rel=\"canonical\" href=\"https:\/\/www.karlhauser.com\/de\/produkte\/us-ww2-m1-helmet-front-seam-swivel-bail-511th-airborne-signal-company-badges\/\" \/>\n<meta property=\"og:locale\" content=\"de_DE\" \/>\n<meta property=\"og:type\" content=\"article\" \/>\n<meta property=\"og:title\" content=\"US WW2 M1 HELMET - Karl H\u00e4user\" \/>\n<meta property=\"og:description\" content=\"US WW2 M1 HELMET, front seam swivel bail with 511th AIRBORNE signal company badges on Karl H\u00e4user\" \/>\n<meta property=\"og:url\" content=\"https:\/\/www.karlhauser.com\/de\/produkte\/us-ww2-m1-helmet-front-seam-swivel-bail-511th-airborne-signal-company-badges\/\" \/>\n<meta property=\"og:site_name\" content=\"Karl H\u00e4user\" \/>\n<meta property=\"article:modified_time\" content=\"2025-10-17T14:43:11+00:00\" \/>\n<meta property=\"og:image\" content=\"https:\/\/www.karlhauser.com\/wp-content\/uploads\/2023\/03\/karl-hauser-us-ww2-m1-helmet-front-seam-swivel-bail-511th-airborne-signal-company-badges-001.jpg\" \/>\n\t<meta property=\"og:image:width\" content=\"500\" \/>\n\t<meta property=\"og:image:height\" content=\"437\" \/>\n\t<meta property=\"og:image:type\" content=\"image\/jpeg\" \/>\n<meta name=\"twitter:card\" content=\"summary_large_image\" \/>\n<meta name=\"twitter:label1\" content=\"Gesch\u00e4tzte Lesezeit\" \/>\n\t<meta name=\"twitter:data1\" content=\"1\u00a0Minute\" \/>\n<script type=\"application\/ld+json\" class=\"yoast-schema-graph\">{\"@context\":\"https:\\\/\\\/schema.org\",\"@graph\":[{\"@type\":\"WebPage\",\"@id\":\"https:\\\/\\\/www.karlhauser.com\\\/de\\\/produkte\\\/us-ww2-m1-helmet-front-seam-swivel-bail-511th-airborne-signal-company-badges\\\/\",\"url\":\"https:\\\/\\\/www.karlhauser.com\\\/de\\\/produkte\\\/us-ww2-m1-helmet-front-seam-swivel-bail-511th-airborne-signal-company-badges\\\/\",\"name\":\"US WW2 M1 HELMET - Karl H\u00e4user\",\"isPartOf\":{\"@id\":\"https:\\\/\\\/www.karlhauser.com\\\/de\\\/#website\"},\"primaryImageOfPage\":{\"@id\":\"https:\\\/\\\/www.karlhauser.com\\\/de\\\/produkte\\\/us-ww2-m1-helmet-front-seam-swivel-bail-511th-airborne-signal-company-badges\\\/#primaryimage\"},\"image\":{\"@id\":\"https:\\\/\\\/www.karlhauser.com\\\/de\\\/produkte\\\/us-ww2-m1-helmet-front-seam-swivel-bail-511th-airborne-signal-company-badges\\\/#primaryimage\"},\"thumbnailUrl\":\"https:\\\/\\\/www.karlhauser.com\\\/wp-content\\\/uploads\\\/2023\\\/03\\\/karl-hauser-us-ww2-m1-helmet-front-seam-swivel-bail-511th-airborne-signal-company-badges-001.jpg\",\"datePublished\":\"2023-03-15T11:54:06+00:00\",\"dateModified\":\"2025-10-17T14:43:11+00:00\",\"description\":\"US WW2 M1 HELMET, front seam swivel bail with 511th AIRBORNE signal company badges on Karl H\u00e4user\",\"breadcrumb\":{\"@id\":\"https:\\\/\\\/www.karlhauser.com\\\/de\\\/produkte\\\/us-ww2-m1-helmet-front-seam-swivel-bail-511th-airborne-signal-company-badges\\\/#breadcrumb\"},\"inLanguage\":\"de\",\"potentialAction\":[{\"@type\":\"ReadAction\",\"target\":[\"https:\\\/\\\/www.karlhauser.com\\\/de\\\/produkte\\\/us-ww2-m1-helmet-front-seam-swivel-bail-511th-airborne-signal-company-badges\\\/\"]}]},{\"@type\":\"ImageObject\",\"inLanguage\":\"de\",\"@id\":\"https:\\\/\\\/www.karlhauser.com\\\/de\\\/produkte\\\/us-ww2-m1-helmet-front-seam-swivel-bail-511th-airborne-signal-company-badges\\\/#primaryimage\",\"url\":\"https:\\\/\\\/www.karlhauser.com\\\/wp-content\\\/uploads\\\/2023\\\/03\\\/karl-hauser-us-ww2-m1-helmet-front-seam-swivel-bail-511th-airborne-signal-company-badges-001.jpg\",\"contentUrl\":\"https:\\\/\\\/www.karlhauser.com\\\/wp-content\\\/uploads\\\/2023\\\/03\\\/karl-hauser-us-ww2-m1-helmet-front-seam-swivel-bail-511th-airborne-signal-company-badges-001.jpg\",\"width\":500,\"height\":437},{\"@type\":\"BreadcrumbList\",\"@id\":\"https:\\\/\\\/www.karlhauser.com\\\/de\\\/produkte\\\/us-ww2-m1-helmet-front-seam-swivel-bail-511th-airborne-signal-company-badges\\\/#breadcrumb\",\"itemListElement\":[{\"@type\":\"ListItem\",\"position\":1,\"name\":\"Home\",\"item\":\"https:\\\/\\\/www.karlhauser.com\\\/de\\\/\"},{\"@type\":\"ListItem\",\"position\":2,\"name\":\"Shop\",\"item\":\"https:\\\/\\\/www.karlhauser.com\\\/de\\\/shop\\\/\"},{\"@type\":\"ListItem\",\"position\":3,\"name\":\"US WW2 M1 HELMET &#8211; FRONT SEAM SWIVEL BAIL &#8211; 511th AIRBORNE SIGNAL COMPANY BADGES\"}]},{\"@type\":\"WebSite\",\"@id\":\"https:\\\/\\\/www.karlhauser.com\\\/de\\\/#website\",\"url\":\"https:\\\/\\\/www.karlhauser.com\\\/de\\\/\",\"name\":\"Karl H\u00e4user\",\"description\":\"Milit\u00e4rische Antiquit\u00e4ten und Waffen Vermittlung\",\"publisher\":{\"@id\":\"https:\\\/\\\/www.karlhauser.com\\\/de\\\/#organization\"},\"potentialAction\":[{\"@type\":\"SearchAction\",\"target\":{\"@type\":\"EntryPoint\",\"urlTemplate\":\"https:\\\/\\\/www.karlhauser.com\\\/de\\\/?s={search_term_string}\"},\"query-input\":{\"@type\":\"PropertyValueSpecification\",\"valueRequired\":true,\"valueName\":\"search_term_string\"}}],\"inLanguage\":\"de\"},{\"@type\":\"Organization\",\"@id\":\"https:\\\/\\\/www.karlhauser.com\\\/de\\\/#organization\",\"name\":\"Karl H\u00e4user\",\"url\":\"https:\\\/\\\/www.karlhauser.com\\\/de\\\/\",\"logo\":{\"@type\":\"ImageObject\",\"inLanguage\":\"de\",\"@id\":\"https:\\\/\\\/www.karlhauser.com\\\/de\\\/#\\\/schema\\\/logo\\\/image\\\/\",\"url\":\"https:\\\/\\\/www.karlhauser.com\\\/wp-content\\\/uploads\\\/2022\\\/09\\\/KH-generico-3.jpg\",\"contentUrl\":\"https:\\\/\\\/www.karlhauser.com\\\/wp-content\\\/uploads\\\/2022\\\/09\\\/KH-generico-3.jpg\",\"width\":470,\"height\":470,\"caption\":\"Karl H\u00e4user\"},\"image\":{\"@id\":\"https:\\\/\\\/www.karlhauser.com\\\/de\\\/#\\\/schema\\\/logo\\\/image\\\/\"},\"sameAs\":[\"https:\\\/\\\/www.instagram.com\\\/karlhauser.antik\\\/\",\"https:\\\/\\\/www.youtube.com\\\/channel\\\/UCt-9t2bku12mwXmte0FJLGQ\",\"https:\\\/\\\/www.ebay.it\\\/str\\\/karlhausermilitaryantiques?_trksid=p2047675.m3561.l2563\"]}]}<\/script>\n<!-- \/ Yoast SEO plugin. -->","yoast_head_json":{"title":"US WW2 M1 HELMET - Karl H\u00e4user","description":"US WW2 M1 HELMET, front seam swivel bail with 511th AIRBORNE signal company badges on Karl H\u00e4user","robots":{"index":"index","follow":"follow","max-snippet":"max-snippet:-1","max-image-preview":"max-image-preview:large","max-video-preview":"max-video-preview:-1"},"canonical":"https:\/\/www.karlhauser.com\/de\/produkte\/us-ww2-m1-helmet-front-seam-swivel-bail-511th-airborne-signal-company-badges\/","og_locale":"de_DE","og_type":"article","og_title":"US WW2 M1 HELMET - Karl H\u00e4user","og_description":"US WW2 M1 HELMET, front seam swivel bail with 511th AIRBORNE signal company badges on Karl H\u00e4user","og_url":"https:\/\/www.karlhauser.com\/de\/produkte\/us-ww2-m1-helmet-front-seam-swivel-bail-511th-airborne-signal-company-badges\/","og_site_name":"Karl H\u00e4user","article_modified_time":"2025-10-17T14:43:11+00:00","og_image":[{"width":500,"height":437,"url":"https:\/\/www.karlhauser.com\/wp-content\/uploads\/2023\/03\/karl-hauser-us-ww2-m1-helmet-front-seam-swivel-bail-511th-airborne-signal-company-badges-001.jpg","type":"image\/jpeg"}],"twitter_card":"summary_large_image","twitter_misc":{"Gesch\u00e4tzte Lesezeit":"1\u00a0Minute"},"schema":{"@context":"https:\/\/schema.org","@graph":[{"@type":"WebPage","@id":"https:\/\/www.karlhauser.com\/de\/produkte\/us-ww2-m1-helmet-front-seam-swivel-bail-511th-airborne-signal-company-badges\/","url":"https:\/\/www.karlhauser.com\/de\/produkte\/us-ww2-m1-helmet-front-seam-swivel-bail-511th-airborne-signal-company-badges\/","name":"US WW2 M1 HELMET - Karl H\u00e4user","isPartOf":{"@id":"https:\/\/www.karlhauser.com\/de\/#website"},"primaryImageOfPage":{"@id":"https:\/\/www.karlhauser.com\/de\/produkte\/us-ww2-m1-helmet-front-seam-swivel-bail-511th-airborne-signal-company-badges\/#primaryimage"},"image":{"@id":"https:\/\/www.karlhauser.com\/de\/produkte\/us-ww2-m1-helmet-front-seam-swivel-bail-511th-airborne-signal-company-badges\/#primaryimage"},"thumbnailUrl":"https:\/\/www.karlhauser.com\/wp-content\/uploads\/2023\/03\/karl-hauser-us-ww2-m1-helmet-front-seam-swivel-bail-511th-airborne-signal-company-badges-001.jpg","datePublished":"2023-03-15T11:54:06+00:00","dateModified":"2025-10-17T14:43:11+00:00","description":"US WW2 M1 HELMET, front seam swivel bail with 511th AIRBORNE signal company badges on Karl H\u00e4user","breadcrumb":{"@id":"https:\/\/www.karlhauser.com\/de\/produkte\/us-ww2-m1-helmet-front-seam-swivel-bail-511th-airborne-signal-company-badges\/#breadcrumb"},"inLanguage":"de","potentialAction":[{"@type":"ReadAction","target":["https:\/\/www.karlhauser.com\/de\/produkte\/us-ww2-m1-helmet-front-seam-swivel-bail-511th-airborne-signal-company-badges\/"]}]},{"@type":"ImageObject","inLanguage":"de","@id":"https:\/\/www.karlhauser.com\/de\/produkte\/us-ww2-m1-helmet-front-seam-swivel-bail-511th-airborne-signal-company-badges\/#primaryimage","url":"https:\/\/www.karlhauser.com\/wp-content\/uploads\/2023\/03\/karl-hauser-us-ww2-m1-helmet-front-seam-swivel-bail-511th-airborne-signal-company-badges-001.jpg","contentUrl":"https:\/\/www.karlhauser.com\/wp-content\/uploads\/2023\/03\/karl-hauser-us-ww2-m1-helmet-front-seam-swivel-bail-511th-airborne-signal-company-badges-001.jpg","width":500,"height":437},{"@type":"BreadcrumbList","@id":"https:\/\/www.karlhauser.com\/de\/produkte\/us-ww2-m1-helmet-front-seam-swivel-bail-511th-airborne-signal-company-badges\/#breadcrumb","itemListElement":[{"@type":"ListItem","position":1,"name":"Home","item":"https:\/\/www.karlhauser.com\/de\/"},{"@type":"ListItem","position":2,"name":"Shop","item":"https:\/\/www.karlhauser.com\/de\/shop\/"},{"@type":"ListItem","position":3,"name":"US WW2 M1 HELMET &#8211; FRONT SEAM SWIVEL BAIL &#8211; 511th AIRBORNE SIGNAL COMPANY BADGES"}]},{"@type":"WebSite","@id":"https:\/\/www.karlhauser.com\/de\/#website","url":"https:\/\/www.karlhauser.com\/de\/","name":"Karl H\u00e4user","description":"Milit\u00e4rische Antiquit\u00e4ten und Waffen Vermittlung","publisher":{"@id":"https:\/\/www.karlhauser.com\/de\/#organization"},"potentialAction":[{"@type":"SearchAction","target":{"@type":"EntryPoint","urlTemplate":"https:\/\/www.karlhauser.com\/de\/?s={search_term_string}"},"query-input":{"@type":"PropertyValueSpecification","valueRequired":true,"valueName":"search_term_string"}}],"inLanguage":"de"},{"@type":"Organization","@id":"https:\/\/www.karlhauser.com\/de\/#organization","name":"Karl H\u00e4user","url":"https:\/\/www.karlhauser.com\/de\/","logo":{"@type":"ImageObject","inLanguage":"de","@id":"https:\/\/www.karlhauser.com\/de\/#\/schema\/logo\/image\/","url":"https:\/\/www.karlhauser.com\/wp-content\/uploads\/2022\/09\/KH-generico-3.jpg","contentUrl":"https:\/\/www.karlhauser.com\/wp-content\/uploads\/2022\/09\/KH-generico-3.jpg","width":470,"height":470,"caption":"Karl H\u00e4user"},"image":{"@id":"https:\/\/www.karlhauser.com\/de\/#\/schema\/logo\/image\/"},"sameAs":["https:\/\/www.instagram.com\/karlhauser.antik\/","https:\/\/www.youtube.com\/channel\/UCt-9t2bku12mwXmte0FJLGQ","https:\/\/www.ebay.it\/str\/karlhausermilitaryantiques?_trksid=p2047675.m3561.l2563"]}]}},"_links":{"self":[{"href":"https:\/\/www.karlhauser.com\/de\/wp-json\/wp\/v2\/product\/955","targetHints":{"allow":["GET"]}}],"collection":[{"href":"https:\/\/www.karlhauser.com\/de\/wp-json\/wp\/v2\/product"}],"about":[{"href":"https:\/\/www.karlhauser.com\/de\/wp-json\/wp\/v2\/types\/product"}],"wp:featuredmedia":[{"embeddable":true,"href":"https:\/\/www.karlhauser.com\/de\/wp-json\/wp\/v2\/media\/966"}],"wp:attachment":[{"href":"https:\/\/www.karlhauser.com\/de\/wp-json\/wp\/v2\/media?parent=955"}],"wp:term":[{"taxonomy":"product_brand","embeddable":true,"href":"https:\/\/www.karlhauser.com\/de\/wp-json\/wp\/v2\/product_brand?post=955"},{"taxonomy":"product_cat","embeddable":true,"href":"https:\/\/www.karlhauser.com\/de\/wp-json\/wp\/v2\/product_cat?post=955"},{"taxonomy":"product_tag","embeddable":true,"href":"https:\/\/www.karlhauser.com\/de\/wp-json\/wp\/v2\/product_tag?post=955"}],"curies":[{"name":"wp","href":"https:\/\/api.w.org\/{rel}","templated":true}]}}