{"id":12,"date":"2022-09-12T15:40:05","date_gmt":"2022-09-12T13:40:05","guid":{"rendered":"https:\/\/www.karlhauser.com\/?page_id=12"},"modified":"2024-07-29T10:22:07","modified_gmt":"2024-07-29T08:22:07","slug":"home-page","status":"publish","type":"page","link":"https:\/\/www.karlhauser.com\/en\/","title":{"rendered":"Home page"},"content":{"rendered":"<div class=\"wpb-content-wrapper\"><p>[vc_row full_width=&#8221;stretch_row&#8221; content_placement=&#8221;middle&#8221; css=&#8221;.vc_custom_1663237108925{background-color: #000000 !important;}&#8221;][vc_column width=&#8221;5\/6&#8243; offset=&#8221;vc_col-md-offset-1 vc_col-md-10&#8243;]<div id=\"kh-images-slider\" class=\"carousel slide carousel-fade\" data-bs-ride=\"carousel\" style=\"aspect-ratio:2.8888888888889\"><div class=\"carousel-indicators\">\n\t\t\t\t\t\t<button type=\"button\" data-bs-target=\"#kh-images-slider\" data-bs-slide-to=\"0\" class=\"active\" aria-current=\"true\" aria-label=\"Slide 1\"><\/button>\n<button type=\"button\" data-bs-target=\"#kh-images-slider\" data-bs-slide-to=\"1\"  aria-current=\"true\" aria-label=\"Slide 2\"><\/button>\n<button type=\"button\" data-bs-target=\"#kh-images-slider\" data-bs-slide-to=\"2\"  aria-current=\"true\" aria-label=\"Slide 3\"><\/button>\n<button type=\"button\" data-bs-target=\"#kh-images-slider\" data-bs-slide-to=\"3\"  aria-current=\"true\" aria-label=\"Slide 4\"><\/button>\n<button type=\"button\" data-bs-target=\"#kh-images-slider\" data-bs-slide-to=\"4\"  aria-current=\"true\" aria-label=\"Slide 5\"><\/button>\n<button type=\"button\" data-bs-target=\"#kh-images-slider\" data-bs-slide-to=\"5\"  aria-current=\"true\" aria-label=\"Slide 6\"><\/button>\n<button type=\"button\" data-bs-target=\"#kh-images-slider\" data-bs-slide-to=\"6\"  aria-current=\"true\" aria-label=\"Slide 7\"><\/button>\n<button type=\"button\" data-bs-target=\"#kh-images-slider\" data-bs-slide-to=\"7\"  aria-current=\"true\" aria-label=\"Slide 8\"><\/button>\n<button type=\"button\" data-bs-target=\"#kh-images-slider\" data-bs-slide-to=\"8\"  aria-current=\"true\" aria-label=\"Slide 9\"><\/button>\n<button type=\"button\" data-bs-target=\"#kh-images-slider\" data-bs-slide-to=\"9\"  aria-current=\"true\" aria-label=\"Slide 10\"><\/button>\n<button type=\"button\" data-bs-target=\"#kh-images-slider\" data-bs-slide-to=\"10\"  aria-current=\"true\" aria-label=\"Slide 11\"><\/button>\n\t\t\t\t\t\t<\/div>\n\t\t\t\t\t\t\n\t\t\t\t\t<div class=\"carousel-inner\">\n\t\t\t\t\t\t<div class=\"kh-images-slide carousel-item active\">\n\t\t\t\t\t<a href=\"https:\/\/www.karlhauser.com\/en\/products\/eisernes-kreuz-1914-1-klasse\/\">\n\t\t\t\t\t\t<div class=\"kh-images-slide-image slide slide-0\" style=\"background-image:url('https:\/\/www.karlhauser.com\/wp-content\/uploads\/2024\/09\/Slide-29-scaled.jpg')\")>\n\t\t\t\t\t\t\t<div class=\"kh-images-slide-text p-2 slide-text-0\" style=\"text-align: center; position: absolute; bottom:10%; right:25%; left:50%; margin-left: -25%;\"><h2 style = \"margin: 0; font-weight: 900\">to this item<\/h2><\/div>\n\t\t\t\t\t\t<\/div>\n\t\t\t\t\t<\/a>\n\t\t\t\t<\/div>\n<div class=\"kh-images-slide carousel-item\">\n\t\t\t\t\t<a href=\"https:\/\/www.karlhauser.com\/en\/products\/deutsches-kreuz-in-gold-im-verleihungsetui-zimmermann-pforzheim-20\/\">\n\t\t\t\t\t\t<div class=\"kh-images-slide-image slide slide-1\" style=\"background-image:url('https:\/\/www.karlhauser.com\/wp-content\/uploads\/2026\/03\/254.jpg')\")>\n\t\t\t\t\t\t\t<div class=\"kh-images-slide-text p-2 slide-text-1\" style=\"text-align: center; position: absolute; bottom:10%; right:25%; left:50%; margin-left: -25%;\"><h2 style = \"margin: 0; font-weight: 900\">to this item <\/h2><\/div>\n\t\t\t\t\t\t<\/div>\n\t\t\t\t\t<\/a>\n\t\t\t\t<\/div>\n<div class=\"kh-images-slide carousel-item\">\n\t\t\t\t\t<a href=\"https:\/\/www.karlhauser.com\/en\/products\/luftwaffe-schirmmutze-fur-offiziere\/\">\n\t\t\t\t\t\t<div class=\"kh-images-slide-image slide slide-2\" style=\"background-image:url('https:\/\/www.karlhauser.com\/wp-content\/uploads\/2025\/12\/wz.jpg')\")>\n\t\t\t\t\t\t\t<div class=\"kh-images-slide-text p-2 slide-text-2\" style=\"text-align: center; position: absolute; bottom:10%; right:25%; left:50%; margin-left: -25%;\"><h2 style = \"margin: 0; font-weight: 900\">to this item <\/h2><\/div>\n\t\t\t\t\t\t<\/div>\n\t\t\t\t\t<\/a>\n\t\t\t\t<\/div>\n<div class=\"kh-images-slide carousel-item\">\n\t\t\t\t\t<a href=\"https:\/\/www.karlhauser.com\/en\/products\/german-ss-belt-buckle-waffen-ss-koppelschlos\/\">\n\t\t\t\t\t\t<div class=\"kh-images-slide-image slide slide-3\" style=\"background-image:url('https:\/\/www.karlhauser.com\/wp-content\/uploads\/2025\/12\/587-scaled.jpg')\")>\n\t\t\t\t\t\t\t<div class=\"kh-images-slide-text p-2 slide-text-3\" style=\"text-align: center; position: absolute; bottom:10%; right:25%; left:50%; margin-left: -25%;\"><h2 style = \"margin: 0; font-weight: 900\">to this item <\/h2><\/div>\n\t\t\t\t\t\t<\/div>\n\t\t\t\t\t<\/a>\n\t\t\t\t<\/div>\n<div class=\"kh-images-slide carousel-item\">\n\t\t\t\t\t<a href=\"https:\/\/www.karlhauser.com\/en\/products\/panzerkampfabzeichen-in-silber-mit-einsatzzahl-25-tank-assault-badge-in-silver-2nd-grade-for-25-combat-days\/\">\n\t\t\t\t\t\t<div class=\"kh-images-slide-image slide slide-4\" style=\"background-image:url('https:\/\/www.karlhauser.com\/wp-content\/uploads\/2025\/12\/Panzer-2.jpg')\")>\n\t\t\t\t\t\t\t<div class=\"kh-images-slide-text p-2 slide-text-4\" style=\"text-align: center; position: absolute; bottom:10%; right:25%; left:50%; margin-left: -25%;\"><h2 style = \"margin: 0; font-weight: 900\">to this item <\/h2><\/div>\n\t\t\t\t\t\t<\/div>\n\t\t\t\t\t<\/a>\n\t\t\t\t<\/div>\n<div class=\"kh-images-slide carousel-item\">\n\t\t\t\t\t<a href=\"https:\/\/www.karlhauser.com\/en\/shop\/\">\n\t\t\t\t\t\t<div class=\"kh-images-slide-image slide slide-5\" style=\"background-image:url('https:\/\/www.karlhauser.com\/wp-content\/uploads\/2023\/06\/IMG_6007-scaled.jpg')\")>\n\t\t\t\t\t\t\t<div class=\"kh-images-slide-text p-2 slide-text-5\" style=\"text-align: center; position: absolute; bottom:10%; right:25%; left:50%; margin-left: -25%;\"><h2 style = \"margin: 0; font-weight: 900\">Online Shop<\/h2><\/div>\n\t\t\t\t\t\t<\/div>\n\t\t\t\t\t<\/a>\n\t\t\t\t<\/div>\n<div class=\"kh-images-slide carousel-item\">\n\t\t\t\t\t<a href=\"https:\/\/www.karlhauser.com\/en\/product-category\/toys\/\">\n\t\t\t\t\t\t<div class=\"kh-images-slide-image slide slide-6\" style=\"background-image:url('https:\/\/www.karlhauser.com\/wp-content\/uploads\/2024\/12\/Slide-34-scaled.jpg')\")>\n\t\t\t\t\t\t\t<div class=\"kh-images-slide-text p-2 slide-text-6\" style=\"text-align: center; position: absolute; bottom:10%; right:25%; left:50%; margin-left: -25%;\"><h2 style = \"margin: 0; font-weight: 900\">to this item<\/h2><\/div>\n\t\t\t\t\t\t<\/div>\n\t\t\t\t\t<\/a>\n\t\t\t\t<\/div>\n<div class=\"kh-images-slide carousel-item\">\n\t\t\t\t\t<a href=\"https:\/\/www.karlhauser.com\/en\/product-category\/from-1919-onwards\/german-and-axis\/decorationsinsignaandbadges\/general-decorations\/\">\n\t\t\t\t\t\t<div class=\"kh-images-slide-image slide slide-7\" style=\"background-image:url('https:\/\/www.karlhauser.com\/wp-content\/uploads\/2025\/04\/Slide-38.jpg')\")>\n\t\t\t\t\t\t\t<div class=\"kh-images-slide-text p-2 slide-text-7\" style=\"text-align: center; position: absolute; bottom:10%; right:25%; left:50%; margin-left: -25%;\"><h2 style = \"margin: 0; font-weight: 900\">to this item <\/h2><\/div>\n\t\t\t\t\t\t<\/div>\n\t\t\t\t\t<\/a>\n\t\t\t\t<\/div>\n<div class=\"kh-images-slide carousel-item\">\n\t\t\t\t\t<a href=\"https:\/\/www.karlhauser.com\/en\/products\/wk1-kinderhelm-german-toy-helmet\/\">\n\t\t\t\t\t\t<div class=\"kh-images-slide-image slide slide-8\" style=\"background-image:url('https:\/\/www.karlhauser.com\/wp-content\/uploads\/2023\/12\/Slide-21-scaled.jpg')\")>\n\t\t\t\t\t\t\t<div class=\"kh-images-slide-text p-2 slide-text-8\" style=\"text-align: center; position: absolute; bottom:10%; right:25%; left:50%; margin-left: -25%;\"><h2 style = \"margin: 0; font-weight: 900\">to this item <\/h2><\/div>\n\t\t\t\t\t\t<\/div>\n\t\t\t\t\t<\/a>\n\t\t\t\t<\/div>\n<div class=\"kh-images-slide carousel-item\">\n\t\t\t\t\t<a href=\"https:\/\/www.karlhauser.com\/en\/products\/standschutzenverband-tirol-vorarlberg-meisterschutzenabzeichen-mit-inschrift-3-jahre-gaumeisterschutze-1943-in-gold\/\">\n\t\t\t\t\t\t<div class=\"kh-images-slide-image slide slide-9\" style=\"background-image:url('https:\/\/www.karlhauser.com\/wp-content\/uploads\/2024\/03\/Slide-25.jpg')\")>\n\t\t\t\t\t\t\t<div class=\"kh-images-slide-text p-2 slide-text-9\" style=\"text-align: center; position: absolute; bottom:10%; right:25%; left:50%; margin-left: -25%;\"><h2 style = \"margin: 0; font-weight: 900\">to this item<\/h2><\/div>\n\t\t\t\t\t\t<\/div>\n\t\t\t\t\t<\/a>\n\t\t\t\t<\/div>\n<div class=\"kh-images-slide carousel-item\">\n\t\t\t\t\t<a href=\"https:\/\/www.karlhauser.com\/en\/product-category\/gifts\/\">\n\t\t\t\t\t\t<div class=\"kh-images-slide-image slide slide-10\" style=\"background-image:url('https:\/\/www.karlhauser.com\/wp-content\/uploads\/2024\/04\/Banner2_ddayd-compressed.jpg')\")>\n\t\t\t\t\t\t\t<div class=\"kh-images-slide-text p-2 slide-text-10\" style=\"text-align: center; position: absolute; bottom:10%; right:25%; left:50%; margin-left: -25%;\"><h2 style = \"margin: 0; font-weight: 900\">to this item <\/h2><\/div>\n\t\t\t\t\t\t<\/div>\n\t\t\t\t\t<\/a>\n\t\t\t\t<\/div>\n\t\t\t\t\t<\/div> <button class=\"carousel-control-prev\" type=\"button\" data-bs-target=\"#kh-images-slider\" data-bs-slide=\"prev\">\n\t\t\t\t\t<span class=\"carousel-control-prev-icon\" aria-hidden=\"true\"><\/span>\n\t\t\t\t\t<span class=\"visually-hidden\">Previous<\/span>\n\t\t\t\t  <\/button>\n\t\t\t\t  <button class=\"carousel-control-next\" type=\"button\" data-bs-target=\"#kh-images-slider\" data-bs-slide=\"next\">\n\t\t\t\t\t<span class=\"carousel-control-next-icon\" aria-hidden=\"true\"><\/span>\n\t\t\t\t\t<span class=\"visually-hidden\">Next<\/span>\n\t\t\t\t  <\/button>\n\t\t\t\t\t\n\t\t\t\t<\/div>[\/vc_column][\/vc_row][vc_row full_width=&#8221;stretch_row&#8221; content_placement=&#8221;middle&#8221; css=&#8221;.vc_custom_1663237108925{background-color: #000000 !important;}&#8221;][vc_column width=&#8221;5\/6&#8243; offset=&#8221;vc_col-md-offset-1 vc_col-md-10&#8243;][vc_row_inner][vc_column_inner width=&#8221;1\/3&#8243;]<a href=\"\/en\/sell\/\"><figure class=\"block-wrapper aspect-image centro \" style=\"background-image:url('https:\/\/www.karlhauser.com\/wp-content\/uploads\/2022\/09\/karl-hauser-militarische-antiquitaten-und-waffen-vermittlung-0036-683x1024.jpg'); aspect-ratio:4 \/ 3; \">\n\t\t\t\n\t\t\t<div class=\"block-wrapper-content\">\n\t\t\t\t<div class=\"block-wrapper-text\" style=\" vertical-align:middle; background-color:rgba(94,33,41,0.5);\">\n\t\t\t\t\t\n\t\t\t\t\t\n\t\t\t\t\t<h2>Sell<\/h2>\n\t\t\t\t\t\n\t\t\t\t\t\n\t\t\t\t<\/div>\n\t\t\t<\/div>\n\t\t<\/figure><\/a>[\/vc_column_inner][vc_column_inner width=&#8221;1\/3&#8243;]<a href=\"\/en\/contact-us\/\"><figure class=\"block-wrapper aspect-image centro \" style=\"background-image:url('https:\/\/www.karlhauser.com\/wp-content\/uploads\/2022\/09\/karl-hauser-militarische-antiquitaten-und-waffen-vermittlung-0062-683x1024.jpg'); aspect-ratio:4 \/ 3; \">\n\t\t\t\n\t\t\t<div class=\"block-wrapper-content\">\n\t\t\t\t<div class=\"block-wrapper-text\" style=\" vertical-align:middle; background-color:rgba(94,33,41,0.5);\">\n\t\t\t\t\t\n\t\t\t\t\t\n\t\t\t\t\t<h2>Contact us<\/h2>\n\t\t\t\t\t\n\t\t\t\t\t\n\t\t\t\t<\/div>\n\t\t\t<\/div>\n\t\t<\/figure><\/a>[\/vc_column_inner][vc_column_inner width=&#8221;1\/3&#8243;]<a href=\"\/en\/site-notice\/\"><figure class=\"block-wrapper aspect-image centro \" style=\"background-image:url('https:\/\/www.karlhauser.com\/wp-content\/uploads\/2022\/09\/karl-hauser-militarische-antiquitaten-und-waffen-vermittlung-0234-1024x683.jpg'); aspect-ratio:4 \/ 3; \">\n\t\t\t\n\t\t\t<div class=\"block-wrapper-content\">\n\t\t\t\t<div class=\"block-wrapper-text\" style=\" vertical-align:middle; background-color:rgba(94,33,41,0.5);\">\n\t\t\t\t\t\n\t\t\t\t\t\n\t\t\t\t\t<h2>Site Notice<\/h2>\n\t\t\t\t\t\n\t\t\t\t\t\n\t\t\t\t<\/div>\n\t\t\t<\/div>\n\t\t<\/figure><\/a>[\/vc_column_inner][\/vc_row_inner][\/vc_column][\/vc_row][vc_row full_width=&#8221;stretch_row&#8221; content_placement=&#8221;middle&#8221; css=&#8221;.vc_custom_1663237108925{background-color: #000000 !important;}&#8221;][vc_column width=&#8221;5\/6&#8243; offset=&#8221;vc_col-md-offset-1 vc_col-md-10&#8243;][vc_row_inner][vc_column_inner width=&#8221;1\/2&#8243;]<a href=\"\/en\/staff\"><figure class=\"block-wrapper aspect-image centro \" style=\"background-image:url('https:\/\/www.karlhauser.com\/wp-content\/uploads\/2022\/09\/karl-hauser-militarische-antiquitaten-und-waffen-vermittlung-0144-1024x683.jpg'); aspect-ratio:2 \/ 1; \">\n\t\t\t\n\t\t\t<div class=\"block-wrapper-content\">\n\t\t\t\t<div class=\"block-wrapper-text\" style=\" vertical-align:middle; background-color:rgba(94,33,41,0.5);\">\n\t\t\t\t\t\n\t\t\t\t\t\n\t\t\t\t\t<h2>Staff<\/h2>\n\t\t\t\t\t\n\t\t\t\t\t\n\t\t\t\t<\/div>\n\t\t\t<\/div>\n\t\t<\/figure><\/a>[\/vc_column_inner][vc_column_inner width=&#8221;1\/2&#8243;]<a href=\"\/en\/shop\/\"><figure class=\"block-wrapper aspect-image centro \" style=\"background-image:url('https:\/\/www.karlhauser.com\/wp-content\/uploads\/2023\/02\/20230115_174151-1.jpg'); aspect-ratio:2 \/ 1; \">\n\t\t\t\n\t\t\t<div class=\"block-wrapper-content\">\n\t\t\t\t<div class=\"block-wrapper-text\" style=\" vertical-align:middle; background-color:rgba(94,33,41,0.5);\">\n\t\t\t\t\t\n\t\t\t\t\t\n\t\t\t\t\t<h2>Shop<\/h2>\n\t\t\t\t\t\n\t\t\t\t\t\n\t\t\t\t<\/div>\n\t\t\t<\/div>\n\t\t<\/figure><\/a>[\/vc_column_inner][\/vc_row_inner][\/vc_column][\/vc_row]<\/p>\n<\/div>","protected":false},"excerpt":{"rendered":"<p>[vc_row full_width=&#8221;stretch_row&#8221; content_placement=&#8221;middle&#8221; css=&#8221;.vc_custom_1663237108925{background-color: #000000 !important;}&#8221;][vc_column width=&#8221;5\/6&#8243; offset=&#8221;vc_col-md-offset-1 vc_col-md-10&#8243;][\/vc_column][\/vc_row][vc_row full_width=&#8221;stretch_row&#8221; content_placement=&#8221;middle&#8221; css=&#8221;.vc_custom_1663237108925{background-color: #000000 !important;}&#8221;][vc_column width=&#8221;5\/6&#8243; offset=&#8221;vc_col-md-offset-1 vc_col-md-10&#8243;][vc_row_inner][vc_column_inner width=&#8221;1\/3&#8243;][\/vc_column_inner][vc_column_inner width=&#8221;1\/3&#8243;][\/vc_column_inner][vc_column_inner width=&#8221;1\/3&#8243;][\/vc_column_inner][\/vc_row_inner][\/vc_column][\/vc_row][vc_row full_width=&#8221;stretch_row&#8221; content_placement=&#8221;middle&#8221; css=&#8221;.vc_custom_1663237108925{background-color: #000000 !important;}&#8221;][vc_column width=&#8221;5\/6&#8243; offset=&#8221;vc_col-md-offset-1 vc_col-md-10&#8243;][vc_row_inner][vc_column_inner width=&#8221;1\/2&#8243;][\/vc_column_inner][vc_column_inner width=&#8221;1\/2&#8243;][\/vc_column_inner][\/vc_row_inner][\/vc_column][\/vc_row]<\/p>\n","protected":false},"author":1,"featured_media":0,"parent":0,"menu_order":0,"comment_status":"closed","ping_status":"closed","template":"","meta":{"_acf_changed":false,"footnotes":""},"class_list":["post-12","page","type-page","status-publish","hentry"],"acf":[],"yoast_head":"<!-- This site is optimized with the Yoast SEO plugin v27.6 - https:\/\/yoast.com\/product\/yoast-seo-wordpress\/ -->\n<title>Karl H\u00e4user - Military antiques and weapons brokerage<\/title>\n<meta name=\"description\" content=\"Military antiques and weapons brokerage We buy and sell military antiques and guns. Our company has been working with the greates collectors\" \/>\n<meta name=\"robots\" content=\"index, follow, max-snippet:-1, max-image-preview:large, max-video-preview:-1\" \/>\n<link rel=\"canonical\" href=\"https:\/\/www.karlhauser.com\/en\/\" \/>\n<meta property=\"og:locale\" content=\"en_US\" \/>\n<meta property=\"og:type\" content=\"article\" \/>\n<meta property=\"og:title\" content=\"Karl H\u00e4user - Military antiques and weapons brokerage\" \/>\n<meta property=\"og:description\" content=\"Military antiques and weapons brokerage We buy and sell military antiques and guns. Our company has been working with the greates collectors\" \/>\n<meta property=\"og:url\" content=\"https:\/\/www.karlhauser.com\/en\/\" \/>\n<meta property=\"og:site_name\" content=\"Karl H\u00e4user\" \/>\n<meta property=\"article:modified_time\" content=\"2024-07-29T08:22:07+00:00\" \/>\n<meta name=\"twitter:card\" content=\"summary_large_image\" \/>\n<meta name=\"twitter:label1\" content=\"Est. reading time\" \/>\n\t<meta name=\"twitter:data1\" content=\"2 minutes\" \/>\n<script type=\"application\/ld+json\" class=\"yoast-schema-graph\">{\"@context\":\"https:\\\/\\\/schema.org\",\"@graph\":[{\"@type\":\"WebPage\",\"@id\":\"https:\\\/\\\/www.karlhauser.com\\\/en\\\/\",\"url\":\"https:\\\/\\\/www.karlhauser.com\\\/en\\\/\",\"name\":\"Karl H\u00e4user - Military antiques and weapons brokerage\",\"isPartOf\":{\"@id\":\"https:\\\/\\\/www.karlhauser.com\\\/en\\\/#website\"},\"datePublished\":\"2022-09-12T13:40:05+00:00\",\"dateModified\":\"2024-07-29T08:22:07+00:00\",\"description\":\"Military antiques and weapons brokerage We buy and sell military antiques and guns. Our company has been working with the greates collectors\",\"breadcrumb\":{\"@id\":\"https:\\\/\\\/www.karlhauser.com\\\/en\\\/#breadcrumb\"},\"inLanguage\":\"en-US\",\"potentialAction\":[{\"@type\":\"ReadAction\",\"target\":[\"https:\\\/\\\/www.karlhauser.com\\\/en\\\/\"]}]},{\"@type\":\"BreadcrumbList\",\"@id\":\"https:\\\/\\\/www.karlhauser.com\\\/en\\\/#breadcrumb\",\"itemListElement\":[{\"@type\":\"ListItem\",\"position\":1,\"name\":\"Home\",\"item\":\"https:\\\/\\\/www.karlhauser.com\\\/en\\\/\"},{\"@type\":\"ListItem\",\"position\":2,\"name\":\"Home page\"}]},{\"@type\":\"WebSite\",\"@id\":\"https:\\\/\\\/www.karlhauser.com\\\/en\\\/#website\",\"url\":\"https:\\\/\\\/www.karlhauser.com\\\/en\\\/\",\"name\":\"Karl H\u00e4user\",\"description\":\"Milit\u00e4rische Antiquit\u00e4ten und Waffen Vermittlung\",\"publisher\":{\"@id\":\"https:\\\/\\\/www.karlhauser.com\\\/en\\\/#organization\"},\"potentialAction\":[{\"@type\":\"SearchAction\",\"target\":{\"@type\":\"EntryPoint\",\"urlTemplate\":\"https:\\\/\\\/www.karlhauser.com\\\/en\\\/?s={search_term_string}\"},\"query-input\":{\"@type\":\"PropertyValueSpecification\",\"valueRequired\":true,\"valueName\":\"search_term_string\"}}],\"inLanguage\":\"en-US\"},{\"@type\":\"Organization\",\"@id\":\"https:\\\/\\\/www.karlhauser.com\\\/en\\\/#organization\",\"name\":\"Karl H\u00e4user\",\"url\":\"https:\\\/\\\/www.karlhauser.com\\\/en\\\/\",\"logo\":{\"@type\":\"ImageObject\",\"inLanguage\":\"en-US\",\"@id\":\"https:\\\/\\\/www.karlhauser.com\\\/en\\\/#\\\/schema\\\/logo\\\/image\\\/\",\"url\":\"https:\\\/\\\/www.karlhauser.com\\\/wp-content\\\/uploads\\\/2022\\\/09\\\/KH-generico-3.jpg\",\"contentUrl\":\"https:\\\/\\\/www.karlhauser.com\\\/wp-content\\\/uploads\\\/2022\\\/09\\\/KH-generico-3.jpg\",\"width\":470,\"height\":470,\"caption\":\"Karl H\u00e4user\"},\"image\":{\"@id\":\"https:\\\/\\\/www.karlhauser.com\\\/en\\\/#\\\/schema\\\/logo\\\/image\\\/\"},\"sameAs\":[\"https:\\\/\\\/www.instagram.com\\\/karlhauser.antik\\\/\",\"https:\\\/\\\/www.youtube.com\\\/channel\\\/UCt-9t2bku12mwXmte0FJLGQ\",\"https:\\\/\\\/www.ebay.it\\\/str\\\/karlhausermilitaryantiques?_trksid=p2047675.m3561.l2563\"]}]}<\/script>\n<!-- \/ Yoast SEO plugin. -->","yoast_head_json":{"title":"Karl H\u00e4user - Military antiques and weapons brokerage","description":"Military antiques and weapons brokerage We buy and sell military antiques and guns. Our company has been working with the greates collectors","robots":{"index":"index","follow":"follow","max-snippet":"max-snippet:-1","max-image-preview":"max-image-preview:large","max-video-preview":"max-video-preview:-1"},"canonical":"https:\/\/www.karlhauser.com\/en\/","og_locale":"en_US","og_type":"article","og_title":"Karl H\u00e4user - Military antiques and weapons brokerage","og_description":"Military antiques and weapons brokerage We buy and sell military antiques and guns. Our company has been working with the greates collectors","og_url":"https:\/\/www.karlhauser.com\/en\/","og_site_name":"Karl H\u00e4user","article_modified_time":"2024-07-29T08:22:07+00:00","twitter_card":"summary_large_image","twitter_misc":{"Est. reading time":"2 minutes"},"schema":{"@context":"https:\/\/schema.org","@graph":[{"@type":"WebPage","@id":"https:\/\/www.karlhauser.com\/en\/","url":"https:\/\/www.karlhauser.com\/en\/","name":"Karl H\u00e4user - Military antiques and weapons brokerage","isPartOf":{"@id":"https:\/\/www.karlhauser.com\/en\/#website"},"datePublished":"2022-09-12T13:40:05+00:00","dateModified":"2024-07-29T08:22:07+00:00","description":"Military antiques and weapons brokerage We buy and sell military antiques and guns. Our company has been working with the greates collectors","breadcrumb":{"@id":"https:\/\/www.karlhauser.com\/en\/#breadcrumb"},"inLanguage":"en-US","potentialAction":[{"@type":"ReadAction","target":["https:\/\/www.karlhauser.com\/en\/"]}]},{"@type":"BreadcrumbList","@id":"https:\/\/www.karlhauser.com\/en\/#breadcrumb","itemListElement":[{"@type":"ListItem","position":1,"name":"Home","item":"https:\/\/www.karlhauser.com\/en\/"},{"@type":"ListItem","position":2,"name":"Home page"}]},{"@type":"WebSite","@id":"https:\/\/www.karlhauser.com\/en\/#website","url":"https:\/\/www.karlhauser.com\/en\/","name":"Karl H\u00e4user","description":"Milit\u00e4rische Antiquit\u00e4ten und Waffen Vermittlung","publisher":{"@id":"https:\/\/www.karlhauser.com\/en\/#organization"},"potentialAction":[{"@type":"SearchAction","target":{"@type":"EntryPoint","urlTemplate":"https:\/\/www.karlhauser.com\/en\/?s={search_term_string}"},"query-input":{"@type":"PropertyValueSpecification","valueRequired":true,"valueName":"search_term_string"}}],"inLanguage":"en-US"},{"@type":"Organization","@id":"https:\/\/www.karlhauser.com\/en\/#organization","name":"Karl H\u00e4user","url":"https:\/\/www.karlhauser.com\/en\/","logo":{"@type":"ImageObject","inLanguage":"en-US","@id":"https:\/\/www.karlhauser.com\/en\/#\/schema\/logo\/image\/","url":"https:\/\/www.karlhauser.com\/wp-content\/uploads\/2022\/09\/KH-generico-3.jpg","contentUrl":"https:\/\/www.karlhauser.com\/wp-content\/uploads\/2022\/09\/KH-generico-3.jpg","width":470,"height":470,"caption":"Karl H\u00e4user"},"image":{"@id":"https:\/\/www.karlhauser.com\/en\/#\/schema\/logo\/image\/"},"sameAs":["https:\/\/www.instagram.com\/karlhauser.antik\/","https:\/\/www.youtube.com\/channel\/UCt-9t2bku12mwXmte0FJLGQ","https:\/\/www.ebay.it\/str\/karlhausermilitaryantiques?_trksid=p2047675.m3561.l2563"]}]}},"_links":{"self":[{"href":"https:\/\/www.karlhauser.com\/en\/wp-json\/wp\/v2\/pages\/12","targetHints":{"allow":["GET"]}}],"collection":[{"href":"https:\/\/www.karlhauser.com\/en\/wp-json\/wp\/v2\/pages"}],"about":[{"href":"https:\/\/www.karlhauser.com\/en\/wp-json\/wp\/v2\/types\/page"}],"author":[{"embeddable":true,"href":"https:\/\/www.karlhauser.com\/en\/wp-json\/wp\/v2\/users\/1"}],"replies":[{"embeddable":true,"href":"https:\/\/www.karlhauser.com\/en\/wp-json\/wp\/v2\/comments?post=12"}],"version-history":[{"count":49,"href":"https:\/\/www.karlhauser.com\/en\/wp-json\/wp\/v2\/pages\/12\/revisions"}],"predecessor-version":[{"id":12789,"href":"https:\/\/www.karlhauser.com\/en\/wp-json\/wp\/v2\/pages\/12\/revisions\/12789"}],"wp:attachment":[{"href":"https:\/\/www.karlhauser.com\/en\/wp-json\/wp\/v2\/media?parent=12"}],"curies":[{"name":"wp","href":"https:\/\/api.w.org\/{rel}","templated":true}]}}