{"id":25,"date":"2022-09-12T18:04:29","date_gmt":"2022-09-12T16:04:29","guid":{"rendered":"https:\/\/www.karlhauser.com\/?page_id=25"},"modified":"2024-07-29T10:23:09","modified_gmt":"2024-07-29T08:23:09","slug":"site-notice","status":"publish","type":"page","link":"https:\/\/www.karlhauser.com\/en\/site-notice\/","title":{"rendered":"Site Notice"},"content":{"rendered":"<div class=\"wpb-content-wrapper\"><p>[vc_row content_placement=&#8221;middle&#8221; css=&#8221;.vc_custom_1663004388610{padding-top: 2em !important;padding-bottom: 2em !important;}&#8221;][vc_column offset=&#8221;vc_col-sm-offset-0&#8243;]<h2 class=\"deco-title sinistra\"><span>Site Notice<\/span><\/h2>[vc_column_text css=&#8221;&#8221;]<\/p>\n<h3>1. Information about the supplier<\/h3>\n<p>This internet site is an offer from:<\/p>\n<p><strong>Karl H\u00e4user<\/strong><br \/>\nMilit\u00e4rische Antiquit\u00e4ten und Waffen Vermittlung<\/p>\n<p>Betriebsstandort &#8211;\u00a0Via Raimondo dalla Costa, 440\u00a0&#8211;\u00a0Modena\u00a0(MO)<br \/>\nVerwaltungssitz &#8211;\u00a0Innrain, 15\u00a06020\u00a0&#8211;\u00a0Innsbruck\u00a0(Austria)<\/p>\n<p>+39 333 54 88 674\u00a0 <a href=\"mailto:info@karlhauser.com\">info@karlhauser.com<\/a><\/p>\n<p>tax identification number: 03176500365<\/p>\n<h3>2. Right of withdrawal<\/h3>\n<ul>\n<li>You have the right to cancel this contract within fourteen days without giving reasons.<\/li>\n<li>We inspect returned items and we refund those who are undamaged, unmodified, substantially are the same condition of the offer shown on our site.<\/li>\n<li>The withdrawal period is fourteen days (from the delivery note day \/ postmark date).<\/li>\n<li>To exercise your right of withdrawal, you must inform us by using our contact form.<\/li>\n<\/ul>\n<h3>3. General Terms and Conditions<\/h3>\n<ol type=\"a\">\n<li>Features of the goods and services, prices are described in direct context with the offered product.<\/li>\n<li><em>Payment and performance<\/em>. <em>We do accept paypal payments or bank transfer<\/em>. You can choose even the kind of the delivery and payment.<\/li>\n<li>The contract between you and us is concluded in the following way:\n<ol type=\"1\">\n<li>You can choose from the offer and place articles into the shopping basket by clicking the &#8220;check box&#8221; beside the trade description as a link &#8220;into basket&#8221;.<\/li>\n<li>You can modify the content of the basket or empty it completely, if you click the menu button &#8220;view cart&#8221; in the menu bar. The modifications can be done with the help of the mouse.<\/li>\n<li>By clicking the button &#8220;Proceed to checkout&#8221;you are forwarded to a page where the customer information is beeing displayed. At the bottom of that page, At the bottom of that page, you accept our General Terms and Conditions, which you can once again consult at this point.<\/li>\n<li>By clicking the button &#8220;Next&#8221; you are forwarded to a page where you can place your order by entering your name, the delivery address, telephone number, email address and the method of payment.<\/li>\n<li>The entry of the order is indicated to you immediately on a website after having sent the order. The contract is concluded after we will have accepted the order and sent you a confirmation via email. If you click the button &#8220;Back&#8221; instead of the button &#8220;Buy&#8221;, no contract will be concluded.<\/li>\n<\/ol>\n<\/li>\n<li>Shipping<br \/>\nWe ship with GLS express courrier all over European Country. For specific requests, doubts or any kind of questions about shipping terms, please contact us before buying.<br \/>\nShipping out of EU is possible but payment and shipping terms have to be decided before buying, so please contact us.<\/li>\n<\/ol>\n<h3>4. Guarantee of authenticity<\/h3>\n<p>All the items are guaranteed as authentic apart from those specified as reproductions.<\/p>\n<p>You can check each item specification in \u201cadditional information\u201d section<\/p>\n<h3>5. FAQ<\/h3>\n<ul>\n<li>It is possible to visit Karl H\u00e4user\u2019s head office if the services offered on our website are needed.\u00a0\u00a0The head office is not a shop anyway. It isn&#8217;t possible\u00a0therefore\u00a0to visit us without asking for an appointment.<\/li>\n<li>We do our best to show You our items with good pictures.\u00a0\u00a0If you need more detailed pictures, we kindly ask you to be patient. We have thousands of items in stock, so this kind of reply could take some time to be given.<\/li>\n<li>For any other kind of needs, PLEASE, ask us BEFORE You buy.<\/li>\n<\/ul>\n<p>[\/vc_column_text][\/vc_column][\/vc_row][vc_row full_width=&#8221;stretch_row&#8221; content_placement=&#8221;middle&#8221; css=&#8221;.vc_custom_1681311911592{padding-top: 2em !important;padding-bottom: 2em !important;background-color: #e5e5e5 !important;}&#8221;][vc_column width=&#8221;5\/12&#8243; offset=&#8221;vc_col-sm-offset-1&#8243;]<h2 class=\"deco-title sinistra\"><span class=\"deco-eylet\">Sell, buy or know how rare is it.<\/span><span>Contact us<\/span><\/h2>[vc_column_text]<\/p>\n<ul class=\"usp-list\">\n<li>If you want to sell your items or you\u2019d just like to know how much are they worth;<\/li>\n<li>If you are looking for some particular collectibles not so easy to be found;<\/li>\n<li>if you\u2019d just like to know us and understand the way we deal with our collector and traders\u2026<\/li>\n<\/ul>\n<p>&nbsp;<\/p>\n<h3>Contact us:<\/h3>\n<p>Write to <a href=\"mailto:info@karlhauser.com\">info@karlhauser.com<\/a> or call <a href=\"http:\/\/+39 3335488674\">+39 3335488674<\/a>[\/vc_column_text][\/vc_column][vc_column width=&#8221;5\/12&#8243;]\n<div class=\"wpcf7 no-js\" id=\"wpcf7-f67-o1\" lang=\"en-US\" dir=\"ltr\" data-wpcf7-id=\"67\">\n<div class=\"screen-reader-response\"><p role=\"status\" aria-live=\"polite\" aria-atomic=\"true\"><\/p> <ul><\/ul><\/div>\n<form action=\"\/en\/wp-json\/wp\/v2\/pages\/25#wpcf7-f67-o1\" method=\"post\" class=\"wpcf7-form init\" aria-label=\"Contact form\" novalidate=\"novalidate\" data-status=\"init\">\n<fieldset class=\"hidden-fields-container\"><input type=\"hidden\" name=\"_wpcf7\" value=\"67\" \/><input type=\"hidden\" name=\"_wpcf7_version\" value=\"6.1.5\" \/><input type=\"hidden\" name=\"_wpcf7_locale\" value=\"en_US\" \/><input type=\"hidden\" name=\"_wpcf7_unit_tag\" value=\"wpcf7-f67-o1\" \/><input type=\"hidden\" name=\"_wpcf7_container_post\" value=\"0\" \/><input type=\"hidden\" name=\"_wpcf7_posted_data_hash\" value=\"\" \/><input type=\"hidden\" name=\"_wpcf7dtx_version\" value=\"5.0.5\" \/><input type=\"hidden\" name=\"_wpcf7_recaptcha_response\" value=\"\" \/>\n<\/fieldset>\n<div class=\"row\">\n\t<div class=\"col-md-6\">\n\t\t<div class=\"mb-2\">\n\t\t\t<p><label for=\"nome\" class=\"form-label\">First name<sup title=\"richiesto\">*<\/sup><\/label><br \/>\n<span class=\"wpcf7-form-control-wrap\" data-name=\"nome\"><input size=\"40\" maxlength=\"400\" class=\"wpcf7-form-control wpcf7-text wpcf7-validates-as-required form-control form-control-sm\" aria-required=\"true\" aria-invalid=\"false\" value=\"\" type=\"text\" name=\"nome\" \/><\/span>\n\t\t\t<\/p>\n\t\t<\/div>\n\t<\/div>\n\t<div class=\"col-md-6\">\n\t\t<div class=\"mb-2\">\n\t\t\t<p><label for=\"cognome\" class=\"form-label\">Last name<sup title=\"richiesto\">*<\/sup><\/label><br \/>\n<span class=\"wpcf7-form-control-wrap\" data-name=\"cognome\"><input size=\"40\" maxlength=\"400\" class=\"wpcf7-form-control wpcf7-text wpcf7-validates-as-required form-control form-control-sm\" aria-required=\"true\" aria-invalid=\"false\" value=\"\" type=\"text\" name=\"cognome\" \/><\/span>\n\t\t\t<\/p>\n\t\t<\/div>\n\t<\/div>\n<\/div>\n<div class=\"row\">\n\t<div class=\"col-12\">\n\t\t<div class=\"mb-2\">\n\t\t\t<p><label for=\"email\" class=\"form-label\">E-mail<sup title=\"richiesto\">*<\/sup><\/label><br \/>\n<span class=\"wpcf7-form-control-wrap\" data-name=\"email\"><input size=\"40\" maxlength=\"400\" class=\"wpcf7-form-control wpcf7-email wpcf7-validates-as-required wpcf7-text wpcf7-validates-as-email form-control form-control-sm\" aria-required=\"true\" aria-invalid=\"false\" value=\"\" type=\"email\" name=\"email\" \/><\/span>\n\t\t\t<\/p>\n\t\t<\/div>\n\t<\/div>\n<\/div>\n<div class=\"row\">\n\t<div class=\"col-12\">\n\t\t<p><label for=\"messaggio\" class=\"form-label\">Message<\/label><br \/>\n<span class=\"wpcf7-form-control-wrap\" data-name=\"messaggio\"><textarea cols=\"40\" rows=\"10\" maxlength=\"2000\" class=\"wpcf7-form-control wpcf7-textarea wpcf7-validates-as-required form-control form-control-sm\" aria-required=\"true\" aria-invalid=\"false\" name=\"messaggio\"><\/textarea><\/span>\n\t\t<\/p>\n\t<\/div>\n<\/div>\n<div class=\"row\">\n\t<div class=\"col-12\">\n\t\t<div class=\"form-check mb-2\">\n\t\t\t<p><span class=\"wpcf7-form-control-wrap\" data-name=\"privacy\"><span class=\"wpcf7-form-control wpcf7-acceptance\"><span class=\"wpcf7-list-item\"><input type=\"checkbox\" name=\"privacy\" value=\"1\" class=\"form-check-input\" aria-invalid=\"false\" \/><\/span><\/span><\/span><label class=\"form-check-label\" for=\"privacy\">I declare that I have read the <a href=\"\/en\/privacy-policy\" target=\"_blank\">privacy policy<\/a> and to accept the processing of my personal data.<\/label>\n\t\t\t<\/p>\n\t\t<\/div>\n\t\t<div class=\"mb-2\">\n\t\t\t<p><input class=\"wpcf7-form-control wpcf7-submit has-spinner btn btn-default\" type=\"submit\" value=\"Submit\" \/>\n\t\t\t<span class=\"wpcf7-form-control-wrap articolo\" data-name=\"articolo\"><input type=\"hidden\" name=\"articolo\" class=\"wpcf7-form-control wpcf7-hidden wpcf7dtx wpcf7dtx-hidden\" aria-invalid=\"false\" value=\"https:\/\/www.karlhauser.com\/en\/wp-json\/wp\/v2\/pages\/25\"><\/span>\n\t\t\t<\/p>\n\t\t<\/div>\n\t<\/div>\n<\/div><div class=\"wpcf7-response-output\" aria-hidden=\"true\"><\/div>\n<\/form>\n<\/div>\n[\/vc_column][\/vc_row]<\/p>\n<\/div>","protected":false},"excerpt":{"rendered":"<p>[vc_row content_placement=&#8221;middle&#8221; css=&#8221;.vc_custom_1663004388610{padding-top: 2em !important;padding-bottom: 2em !important;}&#8221;][vc_column offset=&#8221;vc_col-sm-offset-0&#8243;][vc_column_text css=&#8221;&#8221;] 1. Information about the supplier This internet site is an offer from: Karl H\u00e4user Milit\u00e4rische Antiquit\u00e4ten und Waffen Vermittlung Betriebsstandort &#8211;\u00a0Via Raimondo dalla Costa, 440\u00a0&#8211;\u00a0Modena\u00a0(MO) Verwaltungssitz &#8211;\u00a0Innrain, 15\u00a06020\u00a0&#8211;\u00a0Innsbruck\u00a0(Austria) +39 333 54 88 674\u00a0 info@karlhauser.com tax identification number: 03176500365 2. Right of withdrawal You have the right [&hellip;]<\/p>\n","protected":false},"author":1,"featured_media":0,"parent":0,"menu_order":0,"comment_status":"closed","ping_status":"closed","template":"","meta":{"_acf_changed":false,"footnotes":""},"class_list":["post-25","page","type-page","status-publish","hentry"],"acf":[],"yoast_head":"<!-- This site is optimized with the Yoast SEO plugin v27.6 - https:\/\/yoast.com\/product\/yoast-seo-wordpress\/ -->\n<title>Site Notice - Karl H\u00e4user<\/title>\n<meta name=\"robots\" content=\"index, follow, max-snippet:-1, max-image-preview:large, max-video-preview:-1\" \/>\n<link rel=\"canonical\" href=\"https:\/\/www.karlhauser.com\/en\/site-notice\/\" \/>\n<meta property=\"og:locale\" content=\"en_US\" \/>\n<meta property=\"og:type\" content=\"article\" \/>\n<meta property=\"og:title\" content=\"Site Notice - Karl H\u00e4user\" \/>\n<meta property=\"og:description\" content=\"[vc_row content_placement=&#8221;middle&#8221; css=&#8221;.vc_custom_1663004388610{padding-top: 2em !important;padding-bottom: 2em !important;}&#8221;][vc_column offset=&#8221;vc_col-sm-offset-0&#8243;][vc_column_text css=&#8221;&#8221;] 1. Information about the supplier This internet site is an offer from: Karl H\u00e4user Milit\u00e4rische Antiquit\u00e4ten und Waffen Vermittlung Betriebsstandort &#8211;\u00a0Via Raimondo dalla Costa, 440\u00a0&#8211;\u00a0Modena\u00a0(MO) Verwaltungssitz &#8211;\u00a0Innrain, 15\u00a06020\u00a0&#8211;\u00a0Innsbruck\u00a0(Austria) +39 333 54 88 674\u00a0 info@karlhauser.com tax identification number: 03176500365 2. Right of withdrawal You have the right [&hellip;]\" \/>\n<meta property=\"og:url\" content=\"https:\/\/www.karlhauser.com\/en\/site-notice\/\" \/>\n<meta property=\"og:site_name\" content=\"Karl H\u00e4user\" \/>\n<meta property=\"article:modified_time\" content=\"2024-07-29T08:23:09+00:00\" \/>\n<meta name=\"twitter:card\" content=\"summary_large_image\" \/>\n<meta name=\"twitter:label1\" content=\"Est. reading time\" \/>\n\t<meta name=\"twitter:data1\" content=\"4 minutes\" \/>\n<script type=\"application\/ld+json\" class=\"yoast-schema-graph\">{\"@context\":\"https:\\\/\\\/schema.org\",\"@graph\":[{\"@type\":\"WebPage\",\"@id\":\"https:\\\/\\\/www.karlhauser.com\\\/en\\\/site-notice\\\/\",\"url\":\"https:\\\/\\\/www.karlhauser.com\\\/en\\\/site-notice\\\/\",\"name\":\"Site Notice - Karl H\u00e4user\",\"isPartOf\":{\"@id\":\"https:\\\/\\\/www.karlhauser.com\\\/en\\\/#website\"},\"datePublished\":\"2022-09-12T16:04:29+00:00\",\"dateModified\":\"2024-07-29T08:23:09+00:00\",\"breadcrumb\":{\"@id\":\"https:\\\/\\\/www.karlhauser.com\\\/en\\\/site-notice\\\/#breadcrumb\"},\"inLanguage\":\"en-US\",\"potentialAction\":[{\"@type\":\"ReadAction\",\"target\":[\"https:\\\/\\\/www.karlhauser.com\\\/en\\\/site-notice\\\/\"]}]},{\"@type\":\"BreadcrumbList\",\"@id\":\"https:\\\/\\\/www.karlhauser.com\\\/en\\\/site-notice\\\/#breadcrumb\",\"itemListElement\":[{\"@type\":\"ListItem\",\"position\":1,\"name\":\"Home\",\"item\":\"https:\\\/\\\/www.karlhauser.com\\\/en\\\/\"},{\"@type\":\"ListItem\",\"position\":2,\"name\":\"Site Notice\"}]},{\"@type\":\"WebSite\",\"@id\":\"https:\\\/\\\/www.karlhauser.com\\\/en\\\/#website\",\"url\":\"https:\\\/\\\/www.karlhauser.com\\\/en\\\/\",\"name\":\"Karl H\u00e4user\",\"description\":\"Milit\u00e4rische Antiquit\u00e4ten und Waffen Vermittlung\",\"publisher\":{\"@id\":\"https:\\\/\\\/www.karlhauser.com\\\/en\\\/#organization\"},\"potentialAction\":[{\"@type\":\"SearchAction\",\"target\":{\"@type\":\"EntryPoint\",\"urlTemplate\":\"https:\\\/\\\/www.karlhauser.com\\\/en\\\/?s={search_term_string}\"},\"query-input\":{\"@type\":\"PropertyValueSpecification\",\"valueRequired\":true,\"valueName\":\"search_term_string\"}}],\"inLanguage\":\"en-US\"},{\"@type\":\"Organization\",\"@id\":\"https:\\\/\\\/www.karlhauser.com\\\/en\\\/#organization\",\"name\":\"Karl H\u00e4user\",\"url\":\"https:\\\/\\\/www.karlhauser.com\\\/en\\\/\",\"logo\":{\"@type\":\"ImageObject\",\"inLanguage\":\"en-US\",\"@id\":\"https:\\\/\\\/www.karlhauser.com\\\/en\\\/#\\\/schema\\\/logo\\\/image\\\/\",\"url\":\"https:\\\/\\\/www.karlhauser.com\\\/wp-content\\\/uploads\\\/2022\\\/09\\\/KH-generico-3.jpg\",\"contentUrl\":\"https:\\\/\\\/www.karlhauser.com\\\/wp-content\\\/uploads\\\/2022\\\/09\\\/KH-generico-3.jpg\",\"width\":470,\"height\":470,\"caption\":\"Karl H\u00e4user\"},\"image\":{\"@id\":\"https:\\\/\\\/www.karlhauser.com\\\/en\\\/#\\\/schema\\\/logo\\\/image\\\/\"},\"sameAs\":[\"https:\\\/\\\/www.instagram.com\\\/karlhauser.antik\\\/\",\"https:\\\/\\\/www.youtube.com\\\/channel\\\/UCt-9t2bku12mwXmte0FJLGQ\",\"https:\\\/\\\/www.ebay.it\\\/str\\\/karlhausermilitaryantiques?_trksid=p2047675.m3561.l2563\"]}]}<\/script>\n<!-- \/ Yoast SEO plugin. -->","yoast_head_json":{"title":"Site Notice - Karl H\u00e4user","robots":{"index":"index","follow":"follow","max-snippet":"max-snippet:-1","max-image-preview":"max-image-preview:large","max-video-preview":"max-video-preview:-1"},"canonical":"https:\/\/www.karlhauser.com\/en\/site-notice\/","og_locale":"en_US","og_type":"article","og_title":"Site Notice - Karl H\u00e4user","og_description":"[vc_row content_placement=&#8221;middle&#8221; css=&#8221;.vc_custom_1663004388610{padding-top: 2em !important;padding-bottom: 2em !important;}&#8221;][vc_column offset=&#8221;vc_col-sm-offset-0&#8243;][vc_column_text css=&#8221;&#8221;] 1. Information about the supplier This internet site is an offer from: Karl H\u00e4user Milit\u00e4rische Antiquit\u00e4ten und Waffen Vermittlung Betriebsstandort &#8211;\u00a0Via Raimondo dalla Costa, 440\u00a0&#8211;\u00a0Modena\u00a0(MO) Verwaltungssitz &#8211;\u00a0Innrain, 15\u00a06020\u00a0&#8211;\u00a0Innsbruck\u00a0(Austria) +39 333 54 88 674\u00a0 info@karlhauser.com tax identification number: 03176500365 2. Right of withdrawal You have the right [&hellip;]","og_url":"https:\/\/www.karlhauser.com\/en\/site-notice\/","og_site_name":"Karl H\u00e4user","article_modified_time":"2024-07-29T08:23:09+00:00","twitter_card":"summary_large_image","twitter_misc":{"Est. reading time":"4 minutes"},"schema":{"@context":"https:\/\/schema.org","@graph":[{"@type":"WebPage","@id":"https:\/\/www.karlhauser.com\/en\/site-notice\/","url":"https:\/\/www.karlhauser.com\/en\/site-notice\/","name":"Site Notice - Karl H\u00e4user","isPartOf":{"@id":"https:\/\/www.karlhauser.com\/en\/#website"},"datePublished":"2022-09-12T16:04:29+00:00","dateModified":"2024-07-29T08:23:09+00:00","breadcrumb":{"@id":"https:\/\/www.karlhauser.com\/en\/site-notice\/#breadcrumb"},"inLanguage":"en-US","potentialAction":[{"@type":"ReadAction","target":["https:\/\/www.karlhauser.com\/en\/site-notice\/"]}]},{"@type":"BreadcrumbList","@id":"https:\/\/www.karlhauser.com\/en\/site-notice\/#breadcrumb","itemListElement":[{"@type":"ListItem","position":1,"name":"Home","item":"https:\/\/www.karlhauser.com\/en\/"},{"@type":"ListItem","position":2,"name":"Site Notice"}]},{"@type":"WebSite","@id":"https:\/\/www.karlhauser.com\/en\/#website","url":"https:\/\/www.karlhauser.com\/en\/","name":"Karl H\u00e4user","description":"Milit\u00e4rische Antiquit\u00e4ten und Waffen Vermittlung","publisher":{"@id":"https:\/\/www.karlhauser.com\/en\/#organization"},"potentialAction":[{"@type":"SearchAction","target":{"@type":"EntryPoint","urlTemplate":"https:\/\/www.karlhauser.com\/en\/?s={search_term_string}"},"query-input":{"@type":"PropertyValueSpecification","valueRequired":true,"valueName":"search_term_string"}}],"inLanguage":"en-US"},{"@type":"Organization","@id":"https:\/\/www.karlhauser.com\/en\/#organization","name":"Karl H\u00e4user","url":"https:\/\/www.karlhauser.com\/en\/","logo":{"@type":"ImageObject","inLanguage":"en-US","@id":"https:\/\/www.karlhauser.com\/en\/#\/schema\/logo\/image\/","url":"https:\/\/www.karlhauser.com\/wp-content\/uploads\/2022\/09\/KH-generico-3.jpg","contentUrl":"https:\/\/www.karlhauser.com\/wp-content\/uploads\/2022\/09\/KH-generico-3.jpg","width":470,"height":470,"caption":"Karl H\u00e4user"},"image":{"@id":"https:\/\/www.karlhauser.com\/en\/#\/schema\/logo\/image\/"},"sameAs":["https:\/\/www.instagram.com\/karlhauser.antik\/","https:\/\/www.youtube.com\/channel\/UCt-9t2bku12mwXmte0FJLGQ","https:\/\/www.ebay.it\/str\/karlhausermilitaryantiques?_trksid=p2047675.m3561.l2563"]}]}},"_links":{"self":[{"href":"https:\/\/www.karlhauser.com\/en\/wp-json\/wp\/v2\/pages\/25","targetHints":{"allow":["GET"]}}],"collection":[{"href":"https:\/\/www.karlhauser.com\/en\/wp-json\/wp\/v2\/pages"}],"about":[{"href":"https:\/\/www.karlhauser.com\/en\/wp-json\/wp\/v2\/types\/page"}],"author":[{"embeddable":true,"href":"https:\/\/www.karlhauser.com\/en\/wp-json\/wp\/v2\/users\/1"}],"replies":[{"embeddable":true,"href":"https:\/\/www.karlhauser.com\/en\/wp-json\/wp\/v2\/comments?post=25"}],"version-history":[{"count":19,"href":"https:\/\/www.karlhauser.com\/en\/wp-json\/wp\/v2\/pages\/25\/revisions"}],"predecessor-version":[{"id":12790,"href":"https:\/\/www.karlhauser.com\/en\/wp-json\/wp\/v2\/pages\/25\/revisions\/12790"}],"wp:attachment":[{"href":"https:\/\/www.karlhauser.com\/en\/wp-json\/wp\/v2\/media?parent=25"}],"curies":[{"name":"wp","href":"https:\/\/api.w.org\/{rel}","templated":true}]}}