{"id":9,"date":"2022-09-12T15:39:33","date_gmt":"2022-09-12T13:39:33","guid":{"rendered":"https:\/\/www.karlhauser.com\/?page_id=9"},"modified":"2022-09-19T18:19:42","modified_gmt":"2022-09-19T16:19:42","slug":"splash-page","status":"publish","type":"page","link":"https:\/\/www.karlhauser.com\/","title":{"rendered":"Splash page"},"content":{"rendered":"<div class=\"wpb-content-wrapper\"><p>[vc_row full_width=&#8221;stretch_row&#8221; content_placement=&#8221;middle&#8221; css=&#8221;.vc_custom_1663602677777{padding-top: 26vh !important;padding-bottom: 26vh !important;background-image: url(https:\/\/www.karlhauser.com\/wp-content\/uploads\/2022\/09\/karl-hauser-generic-splash-page.jpg?id=166) !important;background-position: center !important;background-repeat: no-repeat !important;background-size: cover !important;}&#8221;][vc_column width=&#8221;1\/2&#8243; offset=&#8221;vc_col-sm-offset-3&#8243; css=&#8221;.vc_custom_1663082394300{padding-top: 0px !important;}&#8221;]<div class=\"language-button-wrapper row text-center\"><div class=\"col-lg col-sm-12 p-3 mb-sm-2\"><a class=\"btn btn-default w-100 cursive\" title=\"Switch to: English\" href=\"https:\/\/www.karlhauser.com\/en\/\">Enter the site<\/a><\/div><div class=\"col-lg col-sm-12 p-3 mb-sm-2\"><a class=\"btn btn-default w-100 cursive\" title=\"Switch to: Deutsch\" href=\"https:\/\/www.karlhauser.com\/de\/\">Zum Seite<\/a><\/div><div class=\"col-lg col-sm-12 p-3 mb-sm-2\"><a class=\"btn btn-default w-100 cursive\" title=\"Switch to: Italiano\" href=\"https:\/\/www.karlhauser.com\/it\/\">Entra nel sito<\/a><\/div><\/div>[\/vc_column][\/vc_row]<\/p>\n<\/div>","protected":false},"excerpt":{"rendered":"<p>[vc_row full_width=&#8221;stretch_row&#8221; content_placement=&#8221;middle&#8221; css=&#8221;.vc_custom_1663602677777{padding-top: 26vh !important;padding-bottom: 26vh !important;background-image: url(https:\/\/www.karlhauser.com\/wp-content\/uploads\/2022\/09\/karl-hauser-generic-splash-page.jpg?id=166) !important;background-position: center !important;background-repeat: no-repeat !important;background-size: cover !important;}&#8221;][vc_column width=&#8221;1\/2&#8243; offset=&#8221;vc_col-sm-offset-3&#8243; css=&#8221;.vc_custom_1663082394300{padding-top: 0px !important;}&#8221;][\/vc_column][\/vc_row]<\/p>\n","protected":false},"author":1,"featured_media":0,"parent":0,"menu_order":0,"comment_status":"closed","ping_status":"closed","template":"splash-page.php","meta":{"_acf_changed":false,"footnotes":""},"class_list":["post-9","page","type-page","status-publish","hentry"],"acf":[],"yoast_head":"<!-- This site is optimized with the Yoast SEO plugin v27.5 - https:\/\/yoast.com\/product\/yoast-seo-wordpress\/ -->\n<title>Karl H\u00e4user | Milit\u00e4rische Antiquit\u00e4ten und Waffen Vermittlung<\/title>\n<meta name=\"description\" content=\"We buy and sell military antiques and guns since 1985. Karl H\u00e4user Milit\u00e4rische Antiquit\u00e4ten und Waffen Vermittlung\" \/>\n<meta name=\"robots\" content=\"index, follow, max-snippet:-1, max-image-preview:large, max-video-preview:-1\" \/>\n<link rel=\"canonical\" href=\"https:\/\/www.karlhauser.com\/en\/\" \/>\n<meta property=\"og:locale\" content=\"en_US\" \/>\n<meta property=\"og:type\" content=\"article\" \/>\n<meta property=\"og:title\" content=\"Karl H\u00e4user | Milit\u00e4rische Antiquit\u00e4ten und Waffen Vermittlung\" \/>\n<meta property=\"og:description\" content=\"We buy and sell military antiques and guns since 1985. Karl H\u00e4user Milit\u00e4rische Antiquit\u00e4ten und Waffen Vermittlung\" \/>\n<meta property=\"og:url\" content=\"https:\/\/www.karlhauser.com\/\" \/>\n<meta property=\"og:site_name\" content=\"Karl H\u00e4user\" \/>\n<meta property=\"article:modified_time\" content=\"2022-09-19T16:19:42+00:00\" \/>\n<meta name=\"twitter:card\" content=\"summary_large_image\" \/>\n<meta name=\"twitter:label1\" content=\"Est. reading time\" \/>\n\t<meta name=\"twitter:data1\" content=\"1 minute\" \/>\n<script type=\"application\/ld+json\" class=\"yoast-schema-graph\">{\"@context\":\"https:\\\/\\\/schema.org\",\"@graph\":[{\"@type\":\"WebPage\",\"@id\":\"https:\\\/\\\/www.karlhauser.com\\\/\",\"url\":\"https:\\\/\\\/www.karlhauser.com\\\/\",\"name\":\"Karl H\u00e4user | Milit\u00e4rische Antiquit\u00e4ten und Waffen Vermittlung\",\"isPartOf\":{\"@id\":\"https:\\\/\\\/www.karlhauser.com\\\/en\\\/#website\"},\"datePublished\":\"2022-09-12T13:39:33+00:00\",\"dateModified\":\"2022-09-19T16:19:42+00:00\",\"description\":\"We buy and sell military antiques and guns since 1985. Karl H\u00e4user Milit\u00e4rische Antiquit\u00e4ten und Waffen Vermittlung\",\"breadcrumb\":{\"@id\":\"https:\\\/\\\/www.karlhauser.com\\\/#breadcrumb\"},\"inLanguage\":\"en-US\",\"potentialAction\":[{\"@type\":\"ReadAction\",\"target\":[\"https:\\\/\\\/www.karlhauser.com\\\/\"]}]},{\"@type\":\"BreadcrumbList\",\"@id\":\"https:\\\/\\\/www.karlhauser.com\\\/#breadcrumb\",\"itemListElement\":[{\"@type\":\"ListItem\",\"position\":1,\"name\":\"Home\",\"item\":\"https:\\\/\\\/www.karlhauser.com\\\/en\\\/\"},{\"@type\":\"ListItem\",\"position\":2,\"name\":\"Splash page\"}]},{\"@type\":\"WebSite\",\"@id\":\"https:\\\/\\\/www.karlhauser.com\\\/en\\\/#website\",\"url\":\"https:\\\/\\\/www.karlhauser.com\\\/en\\\/\",\"name\":\"Karl H\u00e4user\",\"description\":\"Milit\u00e4rische Antiquit\u00e4ten und Waffen Vermittlung\",\"publisher\":{\"@id\":\"https:\\\/\\\/www.karlhauser.com\\\/en\\\/#organization\"},\"potentialAction\":[{\"@type\":\"SearchAction\",\"target\":{\"@type\":\"EntryPoint\",\"urlTemplate\":\"https:\\\/\\\/www.karlhauser.com\\\/en\\\/?s={search_term_string}\"},\"query-input\":{\"@type\":\"PropertyValueSpecification\",\"valueRequired\":true,\"valueName\":\"search_term_string\"}}],\"inLanguage\":\"en-US\"},{\"@type\":\"Organization\",\"@id\":\"https:\\\/\\\/www.karlhauser.com\\\/en\\\/#organization\",\"name\":\"Karl H\u00e4user\",\"url\":\"https:\\\/\\\/www.karlhauser.com\\\/en\\\/\",\"logo\":{\"@type\":\"ImageObject\",\"inLanguage\":\"en-US\",\"@id\":\"https:\\\/\\\/www.karlhauser.com\\\/en\\\/#\\\/schema\\\/logo\\\/image\\\/\",\"url\":\"https:\\\/\\\/www.karlhauser.com\\\/wp-content\\\/uploads\\\/2022\\\/09\\\/KH-generico-3.jpg\",\"contentUrl\":\"https:\\\/\\\/www.karlhauser.com\\\/wp-content\\\/uploads\\\/2022\\\/09\\\/KH-generico-3.jpg\",\"width\":470,\"height\":470,\"caption\":\"Karl H\u00e4user\"},\"image\":{\"@id\":\"https:\\\/\\\/www.karlhauser.com\\\/en\\\/#\\\/schema\\\/logo\\\/image\\\/\"},\"sameAs\":[\"https:\\\/\\\/www.instagram.com\\\/karlhauser.antik\\\/\",\"https:\\\/\\\/www.youtube.com\\\/channel\\\/UCt-9t2bku12mwXmte0FJLGQ\",\"https:\\\/\\\/www.ebay.it\\\/str\\\/karlhausermilitaryantiques?_trksid=p2047675.m3561.l2563\"]}]}<\/script>\n<!-- \/ Yoast SEO plugin. -->","yoast_head_json":{"title":"Karl H\u00e4user | Milit\u00e4rische Antiquit\u00e4ten und Waffen Vermittlung","description":"We buy and sell military antiques and guns since 1985. Karl H\u00e4user Milit\u00e4rische Antiquit\u00e4ten und Waffen Vermittlung","robots":{"index":"index","follow":"follow","max-snippet":"max-snippet:-1","max-image-preview":"max-image-preview:large","max-video-preview":"max-video-preview:-1"},"canonical":"https:\/\/www.karlhauser.com\/en\/","og_locale":"en_US","og_type":"article","og_title":"Karl H\u00e4user | Milit\u00e4rische Antiquit\u00e4ten und Waffen Vermittlung","og_description":"We buy and sell military antiques and guns since 1985. Karl H\u00e4user Milit\u00e4rische Antiquit\u00e4ten und Waffen Vermittlung","og_url":"https:\/\/www.karlhauser.com\/","og_site_name":"Karl H\u00e4user","article_modified_time":"2022-09-19T16:19:42+00:00","twitter_card":"summary_large_image","twitter_misc":{"Est. reading time":"1 minute"},"schema":{"@context":"https:\/\/schema.org","@graph":[{"@type":"WebPage","@id":"https:\/\/www.karlhauser.com\/","url":"https:\/\/www.karlhauser.com\/","name":"Karl H\u00e4user | Milit\u00e4rische Antiquit\u00e4ten und Waffen Vermittlung","isPartOf":{"@id":"https:\/\/www.karlhauser.com\/en\/#website"},"datePublished":"2022-09-12T13:39:33+00:00","dateModified":"2022-09-19T16:19:42+00:00","description":"We buy and sell military antiques and guns since 1985. Karl H\u00e4user Milit\u00e4rische Antiquit\u00e4ten und Waffen Vermittlung","breadcrumb":{"@id":"https:\/\/www.karlhauser.com\/#breadcrumb"},"inLanguage":"en-US","potentialAction":[{"@type":"ReadAction","target":["https:\/\/www.karlhauser.com\/"]}]},{"@type":"BreadcrumbList","@id":"https:\/\/www.karlhauser.com\/#breadcrumb","itemListElement":[{"@type":"ListItem","position":1,"name":"Home","item":"https:\/\/www.karlhauser.com\/en\/"},{"@type":"ListItem","position":2,"name":"Splash page"}]},{"@type":"WebSite","@id":"https:\/\/www.karlhauser.com\/en\/#website","url":"https:\/\/www.karlhauser.com\/en\/","name":"Karl H\u00e4user","description":"Milit\u00e4rische Antiquit\u00e4ten und Waffen Vermittlung","publisher":{"@id":"https:\/\/www.karlhauser.com\/en\/#organization"},"potentialAction":[{"@type":"SearchAction","target":{"@type":"EntryPoint","urlTemplate":"https:\/\/www.karlhauser.com\/en\/?s={search_term_string}"},"query-input":{"@type":"PropertyValueSpecification","valueRequired":true,"valueName":"search_term_string"}}],"inLanguage":"en-US"},{"@type":"Organization","@id":"https:\/\/www.karlhauser.com\/en\/#organization","name":"Karl H\u00e4user","url":"https:\/\/www.karlhauser.com\/en\/","logo":{"@type":"ImageObject","inLanguage":"en-US","@id":"https:\/\/www.karlhauser.com\/en\/#\/schema\/logo\/image\/","url":"https:\/\/www.karlhauser.com\/wp-content\/uploads\/2022\/09\/KH-generico-3.jpg","contentUrl":"https:\/\/www.karlhauser.com\/wp-content\/uploads\/2022\/09\/KH-generico-3.jpg","width":470,"height":470,"caption":"Karl H\u00e4user"},"image":{"@id":"https:\/\/www.karlhauser.com\/en\/#\/schema\/logo\/image\/"},"sameAs":["https:\/\/www.instagram.com\/karlhauser.antik\/","https:\/\/www.youtube.com\/channel\/UCt-9t2bku12mwXmte0FJLGQ","https:\/\/www.ebay.it\/str\/karlhausermilitaryantiques?_trksid=p2047675.m3561.l2563"]}]}},"_links":{"self":[{"href":"https:\/\/www.karlhauser.com\/en\/wp-json\/wp\/v2\/pages\/9","targetHints":{"allow":["GET"]}}],"collection":[{"href":"https:\/\/www.karlhauser.com\/en\/wp-json\/wp\/v2\/pages"}],"about":[{"href":"https:\/\/www.karlhauser.com\/en\/wp-json\/wp\/v2\/types\/page"}],"author":[{"embeddable":true,"href":"https:\/\/www.karlhauser.com\/en\/wp-json\/wp\/v2\/users\/1"}],"replies":[{"embeddable":true,"href":"https:\/\/www.karlhauser.com\/en\/wp-json\/wp\/v2\/comments?post=9"}],"version-history":[{"count":7,"href":"https:\/\/www.karlhauser.com\/en\/wp-json\/wp\/v2\/pages\/9\/revisions"}],"predecessor-version":[{"id":312,"href":"https:\/\/www.karlhauser.com\/en\/wp-json\/wp\/v2\/pages\/9\/revisions\/312"}],"wp:attachment":[{"href":"https:\/\/www.karlhauser.com\/en\/wp-json\/wp\/v2\/media?parent=9"}],"curies":[{"name":"wp","href":"https:\/\/api.w.org\/{rel}","templated":true}]}}