{"id":1053,"date":"2023-04-06T18:07:08","date_gmt":"2023-04-06T16:07:08","guid":{"rendered":"https:\/\/www.karlhauser.com\/?post_type=product&#038;p=1053"},"modified":"2025-10-17T16:51:51","modified_gmt":"2025-10-17T14:51:51","slug":"british-or-canadian-mkiv-helmet-shell-with-side-badge-wwii-according-bolts","status":"publish","type":"product","link":"https:\/\/www.karlhauser.com\/en\/products\/british-or-canadian-mkiv-helmet-shell-with-side-badge-wwii-according-bolts\/","title":{"rendered":"CANADIAN MKIV HELMET SHELL WITH SIDE BADGE &#8211; WWII (ACCORDING BOLTS)"},"content":{"rendered":"<p>The &#8220;turtle&#8221; MKIV also well known as &#8220;Canadian Helmet&#8221; has been used by Canadian and British troops during World War Two. The main difference between WW2 MKIV helmets and post WW2 MKIV helmets is the chinstrap bolts position. This is a WW2 genuine helmet shell. No liner, no chinstrap. A regimental badge has been hand painted\u00a0 on left side of the shell.<\/p>\n","protected":false},"excerpt":{"rendered":"<p>The &#8220;turtle&#8221; MKIV also well known as &#8220;Canadian Helmet&#8221; has been used by Canadian and British troops during World War Two.<\/p>\n","protected":false},"featured_media":1054,"template":"","meta":{"_acf_changed":false},"product_brand":[],"product_cat":[47],"product_tag":[44,45,40],"class_list":{"0":"post-1053","1":"product","2":"type-product","3":"status-publish","4":"has-post-thumbnail","6":"product_cat-allied-ww2","7":"product_tag-britain","8":"product_tag-canada","9":"product_tag-ww2","11":"first","12":"outofstock","13":"taxable","14":"shipping-taxable","15":"purchasable","16":"product-type-simple"},"acf":[],"yoast_head":"<!-- This site is optimized with the Yoast SEO plugin v27.4 - https:\/\/yoast.com\/product\/yoast-seo-wordpress\/ -->\n<title>CANADIAN MKIV HELMET SHELL WITH SIDE BADGE - WWII (ACCORDING BOLTS) - Karl H\u00e4user<\/title>\n<meta name=\"robots\" content=\"index, follow, max-snippet:-1, max-image-preview:large, max-video-preview:-1\" \/>\n<link rel=\"canonical\" href=\"https:\/\/www.karlhauser.com\/en\/products\/british-or-canadian-mkiv-helmet-shell-with-side-badge-wwii-according-bolts\/\" \/>\n<meta property=\"og:locale\" content=\"en_US\" \/>\n<meta property=\"og:type\" content=\"article\" \/>\n<meta property=\"og:title\" content=\"CANADIAN MKIV HELMET SHELL WITH SIDE BADGE - WWII (ACCORDING BOLTS) - Karl H\u00e4user\" \/>\n<meta property=\"og:description\" content=\"The &quot;turtle&quot; MKIV also well known as &quot;Canadian Helmet&quot; has been used by Canadian and British troops during World War Two.\" \/>\n<meta property=\"og:url\" content=\"https:\/\/www.karlhauser.com\/en\/products\/british-or-canadian-mkiv-helmet-shell-with-side-badge-wwii-according-bolts\/\" \/>\n<meta property=\"og:site_name\" content=\"Karl H\u00e4user\" \/>\n<meta property=\"article:modified_time\" content=\"2025-10-17T14:51:51+00:00\" \/>\n<meta property=\"og:image\" content=\"https:\/\/www.karlhauser.com\/wp-content\/uploads\/2023\/04\/karl-hauser-british-canadia-mkiv-helmet-shell-with-side-badge-001.jpg\" \/>\n\t<meta property=\"og:image:width\" content=\"500\" \/>\n\t<meta property=\"og:image:height\" content=\"430\" \/>\n\t<meta property=\"og:image:type\" content=\"image\/jpeg\" \/>\n<meta name=\"twitter:card\" content=\"summary_large_image\" \/>\n<meta name=\"twitter:label1\" content=\"Est. reading time\" \/>\n\t<meta name=\"twitter:data1\" content=\"1 minute\" \/>\n<script type=\"application\/ld+json\" class=\"yoast-schema-graph\">{\"@context\":\"https:\\\/\\\/schema.org\",\"@graph\":[{\"@type\":\"WebPage\",\"@id\":\"https:\\\/\\\/www.karlhauser.com\\\/en\\\/products\\\/british-or-canadian-mkiv-helmet-shell-with-side-badge-wwii-according-bolts\\\/\",\"url\":\"https:\\\/\\\/www.karlhauser.com\\\/en\\\/products\\\/british-or-canadian-mkiv-helmet-shell-with-side-badge-wwii-according-bolts\\\/\",\"name\":\"CANADIAN MKIV HELMET SHELL WITH SIDE BADGE - WWII (ACCORDING BOLTS) - Karl H\u00e4user\",\"isPartOf\":{\"@id\":\"https:\\\/\\\/www.karlhauser.com\\\/en\\\/#website\"},\"primaryImageOfPage\":{\"@id\":\"https:\\\/\\\/www.karlhauser.com\\\/en\\\/products\\\/british-or-canadian-mkiv-helmet-shell-with-side-badge-wwii-according-bolts\\\/#primaryimage\"},\"image\":{\"@id\":\"https:\\\/\\\/www.karlhauser.com\\\/en\\\/products\\\/british-or-canadian-mkiv-helmet-shell-with-side-badge-wwii-according-bolts\\\/#primaryimage\"},\"thumbnailUrl\":\"https:\\\/\\\/www.karlhauser.com\\\/wp-content\\\/uploads\\\/2023\\\/04\\\/karl-hauser-british-canadia-mkiv-helmet-shell-with-side-badge-001.jpg\",\"datePublished\":\"2023-04-06T16:07:08+00:00\",\"dateModified\":\"2025-10-17T14:51:51+00:00\",\"breadcrumb\":{\"@id\":\"https:\\\/\\\/www.karlhauser.com\\\/en\\\/products\\\/british-or-canadian-mkiv-helmet-shell-with-side-badge-wwii-according-bolts\\\/#breadcrumb\"},\"inLanguage\":\"en-US\",\"potentialAction\":[{\"@type\":\"ReadAction\",\"target\":[\"https:\\\/\\\/www.karlhauser.com\\\/en\\\/products\\\/british-or-canadian-mkiv-helmet-shell-with-side-badge-wwii-according-bolts\\\/\"]}]},{\"@type\":\"ImageObject\",\"inLanguage\":\"en-US\",\"@id\":\"https:\\\/\\\/www.karlhauser.com\\\/en\\\/products\\\/british-or-canadian-mkiv-helmet-shell-with-side-badge-wwii-according-bolts\\\/#primaryimage\",\"url\":\"https:\\\/\\\/www.karlhauser.com\\\/wp-content\\\/uploads\\\/2023\\\/04\\\/karl-hauser-british-canadia-mkiv-helmet-shell-with-side-badge-001.jpg\",\"contentUrl\":\"https:\\\/\\\/www.karlhauser.com\\\/wp-content\\\/uploads\\\/2023\\\/04\\\/karl-hauser-british-canadia-mkiv-helmet-shell-with-side-badge-001.jpg\",\"width\":500,\"height\":430},{\"@type\":\"BreadcrumbList\",\"@id\":\"https:\\\/\\\/www.karlhauser.com\\\/en\\\/products\\\/british-or-canadian-mkiv-helmet-shell-with-side-badge-wwii-according-bolts\\\/#breadcrumb\",\"itemListElement\":[{\"@type\":\"ListItem\",\"position\":1,\"name\":\"Home\",\"item\":\"https:\\\/\\\/www.karlhauser.com\\\/en\\\/\"},{\"@type\":\"ListItem\",\"position\":2,\"name\":\"Shop\",\"item\":\"https:\\\/\\\/www.karlhauser.com\\\/en\\\/shop\\\/\"},{\"@type\":\"ListItem\",\"position\":3,\"name\":\"CANADIAN MKIV HELMET SHELL WITH SIDE BADGE &#8211; WWII (ACCORDING BOLTS)\"}]},{\"@type\":\"WebSite\",\"@id\":\"https:\\\/\\\/www.karlhauser.com\\\/en\\\/#website\",\"url\":\"https:\\\/\\\/www.karlhauser.com\\\/en\\\/\",\"name\":\"Karl H\u00e4user\",\"description\":\"Milit\u00e4rische Antiquit\u00e4ten und Waffen Vermittlung\",\"publisher\":{\"@id\":\"https:\\\/\\\/www.karlhauser.com\\\/en\\\/#organization\"},\"potentialAction\":[{\"@type\":\"SearchAction\",\"target\":{\"@type\":\"EntryPoint\",\"urlTemplate\":\"https:\\\/\\\/www.karlhauser.com\\\/en\\\/?s={search_term_string}\"},\"query-input\":{\"@type\":\"PropertyValueSpecification\",\"valueRequired\":true,\"valueName\":\"search_term_string\"}}],\"inLanguage\":\"en-US\"},{\"@type\":\"Organization\",\"@id\":\"https:\\\/\\\/www.karlhauser.com\\\/en\\\/#organization\",\"name\":\"Karl H\u00e4user\",\"url\":\"https:\\\/\\\/www.karlhauser.com\\\/en\\\/\",\"logo\":{\"@type\":\"ImageObject\",\"inLanguage\":\"en-US\",\"@id\":\"https:\\\/\\\/www.karlhauser.com\\\/en\\\/#\\\/schema\\\/logo\\\/image\\\/\",\"url\":\"https:\\\/\\\/www.karlhauser.com\\\/wp-content\\\/uploads\\\/2022\\\/09\\\/KH-generico-3.jpg\",\"contentUrl\":\"https:\\\/\\\/www.karlhauser.com\\\/wp-content\\\/uploads\\\/2022\\\/09\\\/KH-generico-3.jpg\",\"width\":470,\"height\":470,\"caption\":\"Karl H\u00e4user\"},\"image\":{\"@id\":\"https:\\\/\\\/www.karlhauser.com\\\/en\\\/#\\\/schema\\\/logo\\\/image\\\/\"},\"sameAs\":[\"https:\\\/\\\/www.instagram.com\\\/karlhauser.antik\\\/\",\"https:\\\/\\\/www.youtube.com\\\/channel\\\/UCt-9t2bku12mwXmte0FJLGQ\",\"https:\\\/\\\/www.ebay.it\\\/str\\\/karlhausermilitaryantiques?_trksid=p2047675.m3561.l2563\"]}]}<\/script>\n<!-- \/ Yoast SEO plugin. -->","yoast_head_json":{"title":"CANADIAN MKIV HELMET SHELL WITH SIDE BADGE - WWII (ACCORDING BOLTS) - Karl H\u00e4user","robots":{"index":"index","follow":"follow","max-snippet":"max-snippet:-1","max-image-preview":"max-image-preview:large","max-video-preview":"max-video-preview:-1"},"canonical":"https:\/\/www.karlhauser.com\/en\/products\/british-or-canadian-mkiv-helmet-shell-with-side-badge-wwii-according-bolts\/","og_locale":"en_US","og_type":"article","og_title":"CANADIAN MKIV HELMET SHELL WITH SIDE BADGE - WWII (ACCORDING BOLTS) - Karl H\u00e4user","og_description":"The \"turtle\" MKIV also well known as \"Canadian Helmet\" has been used by Canadian and British troops during World War Two.","og_url":"https:\/\/www.karlhauser.com\/en\/products\/british-or-canadian-mkiv-helmet-shell-with-side-badge-wwii-according-bolts\/","og_site_name":"Karl H\u00e4user","article_modified_time":"2025-10-17T14:51:51+00:00","og_image":[{"width":500,"height":430,"url":"https:\/\/www.karlhauser.com\/wp-content\/uploads\/2023\/04\/karl-hauser-british-canadia-mkiv-helmet-shell-with-side-badge-001.jpg","type":"image\/jpeg"}],"twitter_card":"summary_large_image","twitter_misc":{"Est. reading time":"1 minute"},"schema":{"@context":"https:\/\/schema.org","@graph":[{"@type":"WebPage","@id":"https:\/\/www.karlhauser.com\/en\/products\/british-or-canadian-mkiv-helmet-shell-with-side-badge-wwii-according-bolts\/","url":"https:\/\/www.karlhauser.com\/en\/products\/british-or-canadian-mkiv-helmet-shell-with-side-badge-wwii-according-bolts\/","name":"CANADIAN MKIV HELMET SHELL WITH SIDE BADGE - WWII (ACCORDING BOLTS) - Karl H\u00e4user","isPartOf":{"@id":"https:\/\/www.karlhauser.com\/en\/#website"},"primaryImageOfPage":{"@id":"https:\/\/www.karlhauser.com\/en\/products\/british-or-canadian-mkiv-helmet-shell-with-side-badge-wwii-according-bolts\/#primaryimage"},"image":{"@id":"https:\/\/www.karlhauser.com\/en\/products\/british-or-canadian-mkiv-helmet-shell-with-side-badge-wwii-according-bolts\/#primaryimage"},"thumbnailUrl":"https:\/\/www.karlhauser.com\/wp-content\/uploads\/2023\/04\/karl-hauser-british-canadia-mkiv-helmet-shell-with-side-badge-001.jpg","datePublished":"2023-04-06T16:07:08+00:00","dateModified":"2025-10-17T14:51:51+00:00","breadcrumb":{"@id":"https:\/\/www.karlhauser.com\/en\/products\/british-or-canadian-mkiv-helmet-shell-with-side-badge-wwii-according-bolts\/#breadcrumb"},"inLanguage":"en-US","potentialAction":[{"@type":"ReadAction","target":["https:\/\/www.karlhauser.com\/en\/products\/british-or-canadian-mkiv-helmet-shell-with-side-badge-wwii-according-bolts\/"]}]},{"@type":"ImageObject","inLanguage":"en-US","@id":"https:\/\/www.karlhauser.com\/en\/products\/british-or-canadian-mkiv-helmet-shell-with-side-badge-wwii-according-bolts\/#primaryimage","url":"https:\/\/www.karlhauser.com\/wp-content\/uploads\/2023\/04\/karl-hauser-british-canadia-mkiv-helmet-shell-with-side-badge-001.jpg","contentUrl":"https:\/\/www.karlhauser.com\/wp-content\/uploads\/2023\/04\/karl-hauser-british-canadia-mkiv-helmet-shell-with-side-badge-001.jpg","width":500,"height":430},{"@type":"BreadcrumbList","@id":"https:\/\/www.karlhauser.com\/en\/products\/british-or-canadian-mkiv-helmet-shell-with-side-badge-wwii-according-bolts\/#breadcrumb","itemListElement":[{"@type":"ListItem","position":1,"name":"Home","item":"https:\/\/www.karlhauser.com\/en\/"},{"@type":"ListItem","position":2,"name":"Shop","item":"https:\/\/www.karlhauser.com\/en\/shop\/"},{"@type":"ListItem","position":3,"name":"CANADIAN MKIV HELMET SHELL WITH SIDE BADGE &#8211; WWII (ACCORDING BOLTS)"}]},{"@type":"WebSite","@id":"https:\/\/www.karlhauser.com\/en\/#website","url":"https:\/\/www.karlhauser.com\/en\/","name":"Karl H\u00e4user","description":"Milit\u00e4rische Antiquit\u00e4ten und Waffen Vermittlung","publisher":{"@id":"https:\/\/www.karlhauser.com\/en\/#organization"},"potentialAction":[{"@type":"SearchAction","target":{"@type":"EntryPoint","urlTemplate":"https:\/\/www.karlhauser.com\/en\/?s={search_term_string}"},"query-input":{"@type":"PropertyValueSpecification","valueRequired":true,"valueName":"search_term_string"}}],"inLanguage":"en-US"},{"@type":"Organization","@id":"https:\/\/www.karlhauser.com\/en\/#organization","name":"Karl H\u00e4user","url":"https:\/\/www.karlhauser.com\/en\/","logo":{"@type":"ImageObject","inLanguage":"en-US","@id":"https:\/\/www.karlhauser.com\/en\/#\/schema\/logo\/image\/","url":"https:\/\/www.karlhauser.com\/wp-content\/uploads\/2022\/09\/KH-generico-3.jpg","contentUrl":"https:\/\/www.karlhauser.com\/wp-content\/uploads\/2022\/09\/KH-generico-3.jpg","width":470,"height":470,"caption":"Karl H\u00e4user"},"image":{"@id":"https:\/\/www.karlhauser.com\/en\/#\/schema\/logo\/image\/"},"sameAs":["https:\/\/www.instagram.com\/karlhauser.antik\/","https:\/\/www.youtube.com\/channel\/UCt-9t2bku12mwXmte0FJLGQ","https:\/\/www.ebay.it\/str\/karlhausermilitaryantiques?_trksid=p2047675.m3561.l2563"]}]}},"_links":{"self":[{"href":"https:\/\/www.karlhauser.com\/en\/wp-json\/wp\/v2\/product\/1053","targetHints":{"allow":["GET"]}}],"collection":[{"href":"https:\/\/www.karlhauser.com\/en\/wp-json\/wp\/v2\/product"}],"about":[{"href":"https:\/\/www.karlhauser.com\/en\/wp-json\/wp\/v2\/types\/product"}],"wp:featuredmedia":[{"embeddable":true,"href":"https:\/\/www.karlhauser.com\/en\/wp-json\/wp\/v2\/media\/1054"}],"wp:attachment":[{"href":"https:\/\/www.karlhauser.com\/en\/wp-json\/wp\/v2\/media?parent=1053"}],"wp:term":[{"taxonomy":"product_brand","embeddable":true,"href":"https:\/\/www.karlhauser.com\/en\/wp-json\/wp\/v2\/product_brand?post=1053"},{"taxonomy":"product_cat","embeddable":true,"href":"https:\/\/www.karlhauser.com\/en\/wp-json\/wp\/v2\/product_cat?post=1053"},{"taxonomy":"product_tag","embeddable":true,"href":"https:\/\/www.karlhauser.com\/en\/wp-json\/wp\/v2\/product_tag?post=1053"}],"curies":[{"name":"wp","href":"https:\/\/api.w.org\/{rel}","templated":true}]}}