{"id":1295,"date":"2023-04-11T14:21:37","date_gmt":"2023-04-11T12:21:37","guid":{"rendered":"https:\/\/web.karlhauser.com\/?post_type=product&#038;p=1295"},"modified":"2025-10-30T09:47:31","modified_gmt":"2025-10-30T08:47:31","slug":"ike-jacket-5th-army-sergeant-technician-4th-grade-83-cml-mortar-bn","status":"publish","type":"product","link":"https:\/\/www.karlhauser.com\/en\/products\/ike-jacket-5th-army-sergeant-technician-4th-grade-83-cml-mortar-bn\/","title":{"rendered":"IKE JACKET \u2013 5th ARMY &#8211; SERGEANT TECHNICIAN 4th GRADE &#8211; 83 CML MORTAR BN"},"content":{"rendered":"<p>IKE JACKET \u2013 5th ARMY &#8211; SERGEANT TECHNICIAN 4th GRADE &#8211; 83 CML MORTAR BN<\/p>\n<p>The 83d Chemical Battalion first activated at Camp Gordon, Georgia on 10 June 1942. After intensive training, it departed the United States on 29 April 1943 for overseas duty. The Battalion served 508 days in combat in the Mediterranean Theater and Mainland Europe during World War II. The battalion was designed to carry 36 4.2 inch mortars, with each shell weighing about 25 pounds, for a total firepower effect equivalent to three 105mm howitzers. The 4.2 inch mortar brought a lethal, mid-to-close range fire support capability to the infantry units the 83d supported. The battalion successfully performed five amphibious operations, one airborne operation, and fought in eight campaigns. The 83d boasts a brilliant campaign record, having fired over 500,000 mortar rounds in support of such distinguished units as the Rangers, 82d and 101st Airborne Divisions, and the 2d and 41st British Commandos.<\/p>\n<p>&nbsp;<\/p>\n<p>&nbsp;<\/p>\n","protected":false},"excerpt":{"rendered":"<p>The Battalion served 508 days in combat in the Mediterranean Theater and Mainland Europe during World War II<\/p>\n","protected":false},"featured_media":1296,"template":"","meta":{"_acf_changed":false},"product_brand":[],"product_cat":[47],"product_tag":[116,115],"class_list":{"0":"post-1295","1":"product","2":"type-product","3":"status-publish","4":"has-post-thumbnail","6":"product_cat-allied-ww2","7":"product_tag-5th-army","8":"product_tag-cml-mortar","10":"first","11":"outofstock","12":"taxable","13":"shipping-taxable","14":"purchasable","15":"product-type-simple"},"acf":[],"yoast_head":"<!-- This site is optimized with the Yoast SEO plugin v27.5 - https:\/\/yoast.com\/product\/yoast-seo-wordpress\/ -->\n<title>IKE JACKET \u2013 5th ARMY - SERGEANT TECHNICIAN 4th GRADE - 83 CML MORTAR BN - Karl H\u00e4user<\/title>\n<meta name=\"robots\" content=\"index, follow, max-snippet:-1, max-image-preview:large, max-video-preview:-1\" \/>\n<link rel=\"canonical\" href=\"https:\/\/www.karlhauser.com\/en\/products\/ike-jacket-5th-army-sergeant-technician-4th-grade-83-cml-mortar-bn\/\" \/>\n<meta property=\"og:locale\" content=\"en_US\" \/>\n<meta property=\"og:type\" content=\"article\" \/>\n<meta property=\"og:title\" content=\"IKE JACKET \u2013 5th ARMY - SERGEANT TECHNICIAN 4th GRADE - 83 CML MORTAR BN - Karl H\u00e4user\" \/>\n<meta property=\"og:description\" content=\"The Battalion served 508 days in combat in the Mediterranean Theater and Mainland Europe during World War II\" \/>\n<meta property=\"og:url\" content=\"https:\/\/www.karlhauser.com\/en\/products\/ike-jacket-5th-army-sergeant-technician-4th-grade-83-cml-mortar-bn\/\" \/>\n<meta property=\"og:site_name\" content=\"Karl H\u00e4user\" \/>\n<meta property=\"article:modified_time\" content=\"2025-10-30T08:47:31+00:00\" \/>\n<meta property=\"og:image\" content=\"https:\/\/www.karlhauser.com\/wp-content\/uploads\/2023\/04\/20221028_061929-scaled.jpg\" \/>\n\t<meta property=\"og:image:width\" content=\"1920\" \/>\n\t<meta property=\"og:image:height\" content=\"2260\" \/>\n\t<meta property=\"og:image:type\" content=\"image\/jpeg\" \/>\n<meta name=\"twitter:card\" content=\"summary_large_image\" \/>\n<meta name=\"twitter:label1\" content=\"Est. reading time\" \/>\n\t<meta name=\"twitter:data1\" content=\"1 minute\" \/>\n<script type=\"application\/ld+json\" class=\"yoast-schema-graph\">{\"@context\":\"https:\\\/\\\/schema.org\",\"@graph\":[{\"@type\":\"WebPage\",\"@id\":\"https:\\\/\\\/www.karlhauser.com\\\/en\\\/products\\\/ike-jacket-5th-army-sergeant-technician-4th-grade-83-cml-mortar-bn\\\/\",\"url\":\"https:\\\/\\\/www.karlhauser.com\\\/en\\\/products\\\/ike-jacket-5th-army-sergeant-technician-4th-grade-83-cml-mortar-bn\\\/\",\"name\":\"IKE JACKET \u2013 5th ARMY - SERGEANT TECHNICIAN 4th GRADE - 83 CML MORTAR BN - Karl H\u00e4user\",\"isPartOf\":{\"@id\":\"https:\\\/\\\/www.karlhauser.com\\\/en\\\/#website\"},\"primaryImageOfPage\":{\"@id\":\"https:\\\/\\\/www.karlhauser.com\\\/en\\\/products\\\/ike-jacket-5th-army-sergeant-technician-4th-grade-83-cml-mortar-bn\\\/#primaryimage\"},\"image\":{\"@id\":\"https:\\\/\\\/www.karlhauser.com\\\/en\\\/products\\\/ike-jacket-5th-army-sergeant-technician-4th-grade-83-cml-mortar-bn\\\/#primaryimage\"},\"thumbnailUrl\":\"https:\\\/\\\/www.karlhauser.com\\\/wp-content\\\/uploads\\\/2023\\\/04\\\/20221028_061929-scaled.jpg\",\"datePublished\":\"2023-04-11T12:21:37+00:00\",\"dateModified\":\"2025-10-30T08:47:31+00:00\",\"breadcrumb\":{\"@id\":\"https:\\\/\\\/www.karlhauser.com\\\/en\\\/products\\\/ike-jacket-5th-army-sergeant-technician-4th-grade-83-cml-mortar-bn\\\/#breadcrumb\"},\"inLanguage\":\"en-US\",\"potentialAction\":[{\"@type\":\"ReadAction\",\"target\":[\"https:\\\/\\\/www.karlhauser.com\\\/en\\\/products\\\/ike-jacket-5th-army-sergeant-technician-4th-grade-83-cml-mortar-bn\\\/\"]}]},{\"@type\":\"ImageObject\",\"inLanguage\":\"en-US\",\"@id\":\"https:\\\/\\\/www.karlhauser.com\\\/en\\\/products\\\/ike-jacket-5th-army-sergeant-technician-4th-grade-83-cml-mortar-bn\\\/#primaryimage\",\"url\":\"https:\\\/\\\/www.karlhauser.com\\\/wp-content\\\/uploads\\\/2023\\\/04\\\/20221028_061929-scaled.jpg\",\"contentUrl\":\"https:\\\/\\\/www.karlhauser.com\\\/wp-content\\\/uploads\\\/2023\\\/04\\\/20221028_061929-scaled.jpg\",\"width\":1920,\"height\":2260},{\"@type\":\"BreadcrumbList\",\"@id\":\"https:\\\/\\\/www.karlhauser.com\\\/en\\\/products\\\/ike-jacket-5th-army-sergeant-technician-4th-grade-83-cml-mortar-bn\\\/#breadcrumb\",\"itemListElement\":[{\"@type\":\"ListItem\",\"position\":1,\"name\":\"Home\",\"item\":\"https:\\\/\\\/www.karlhauser.com\\\/en\\\/\"},{\"@type\":\"ListItem\",\"position\":2,\"name\":\"Shop\",\"item\":\"https:\\\/\\\/www.karlhauser.com\\\/en\\\/shop\\\/\"},{\"@type\":\"ListItem\",\"position\":3,\"name\":\"IKE JACKET \u2013 5th ARMY &#8211; SERGEANT TECHNICIAN 4th GRADE &#8211; 83 CML MORTAR BN\"}]},{\"@type\":\"WebSite\",\"@id\":\"https:\\\/\\\/www.karlhauser.com\\\/en\\\/#website\",\"url\":\"https:\\\/\\\/www.karlhauser.com\\\/en\\\/\",\"name\":\"Karl H\u00e4user\",\"description\":\"Milit\u00e4rische Antiquit\u00e4ten und Waffen Vermittlung\",\"publisher\":{\"@id\":\"https:\\\/\\\/www.karlhauser.com\\\/en\\\/#organization\"},\"potentialAction\":[{\"@type\":\"SearchAction\",\"target\":{\"@type\":\"EntryPoint\",\"urlTemplate\":\"https:\\\/\\\/www.karlhauser.com\\\/en\\\/?s={search_term_string}\"},\"query-input\":{\"@type\":\"PropertyValueSpecification\",\"valueRequired\":true,\"valueName\":\"search_term_string\"}}],\"inLanguage\":\"en-US\"},{\"@type\":\"Organization\",\"@id\":\"https:\\\/\\\/www.karlhauser.com\\\/en\\\/#organization\",\"name\":\"Karl H\u00e4user\",\"url\":\"https:\\\/\\\/www.karlhauser.com\\\/en\\\/\",\"logo\":{\"@type\":\"ImageObject\",\"inLanguage\":\"en-US\",\"@id\":\"https:\\\/\\\/www.karlhauser.com\\\/en\\\/#\\\/schema\\\/logo\\\/image\\\/\",\"url\":\"https:\\\/\\\/www.karlhauser.com\\\/wp-content\\\/uploads\\\/2022\\\/09\\\/KH-generico-3.jpg\",\"contentUrl\":\"https:\\\/\\\/www.karlhauser.com\\\/wp-content\\\/uploads\\\/2022\\\/09\\\/KH-generico-3.jpg\",\"width\":470,\"height\":470,\"caption\":\"Karl H\u00e4user\"},\"image\":{\"@id\":\"https:\\\/\\\/www.karlhauser.com\\\/en\\\/#\\\/schema\\\/logo\\\/image\\\/\"},\"sameAs\":[\"https:\\\/\\\/www.instagram.com\\\/karlhauser.antik\\\/\",\"https:\\\/\\\/www.youtube.com\\\/channel\\\/UCt-9t2bku12mwXmte0FJLGQ\",\"https:\\\/\\\/www.ebay.it\\\/str\\\/karlhausermilitaryantiques?_trksid=p2047675.m3561.l2563\"]}]}<\/script>\n<!-- \/ Yoast SEO plugin. -->","yoast_head_json":{"title":"IKE JACKET \u2013 5th ARMY - SERGEANT TECHNICIAN 4th GRADE - 83 CML MORTAR BN - Karl H\u00e4user","robots":{"index":"index","follow":"follow","max-snippet":"max-snippet:-1","max-image-preview":"max-image-preview:large","max-video-preview":"max-video-preview:-1"},"canonical":"https:\/\/www.karlhauser.com\/en\/products\/ike-jacket-5th-army-sergeant-technician-4th-grade-83-cml-mortar-bn\/","og_locale":"en_US","og_type":"article","og_title":"IKE JACKET \u2013 5th ARMY - SERGEANT TECHNICIAN 4th GRADE - 83 CML MORTAR BN - Karl H\u00e4user","og_description":"The Battalion served 508 days in combat in the Mediterranean Theater and Mainland Europe during World War II","og_url":"https:\/\/www.karlhauser.com\/en\/products\/ike-jacket-5th-army-sergeant-technician-4th-grade-83-cml-mortar-bn\/","og_site_name":"Karl H\u00e4user","article_modified_time":"2025-10-30T08:47:31+00:00","og_image":[{"width":1920,"height":2260,"url":"https:\/\/www.karlhauser.com\/wp-content\/uploads\/2023\/04\/20221028_061929-scaled.jpg","type":"image\/jpeg"}],"twitter_card":"summary_large_image","twitter_misc":{"Est. reading time":"1 minute"},"schema":{"@context":"https:\/\/schema.org","@graph":[{"@type":"WebPage","@id":"https:\/\/www.karlhauser.com\/en\/products\/ike-jacket-5th-army-sergeant-technician-4th-grade-83-cml-mortar-bn\/","url":"https:\/\/www.karlhauser.com\/en\/products\/ike-jacket-5th-army-sergeant-technician-4th-grade-83-cml-mortar-bn\/","name":"IKE JACKET \u2013 5th ARMY - SERGEANT TECHNICIAN 4th GRADE - 83 CML MORTAR BN - Karl H\u00e4user","isPartOf":{"@id":"https:\/\/www.karlhauser.com\/en\/#website"},"primaryImageOfPage":{"@id":"https:\/\/www.karlhauser.com\/en\/products\/ike-jacket-5th-army-sergeant-technician-4th-grade-83-cml-mortar-bn\/#primaryimage"},"image":{"@id":"https:\/\/www.karlhauser.com\/en\/products\/ike-jacket-5th-army-sergeant-technician-4th-grade-83-cml-mortar-bn\/#primaryimage"},"thumbnailUrl":"https:\/\/www.karlhauser.com\/wp-content\/uploads\/2023\/04\/20221028_061929-scaled.jpg","datePublished":"2023-04-11T12:21:37+00:00","dateModified":"2025-10-30T08:47:31+00:00","breadcrumb":{"@id":"https:\/\/www.karlhauser.com\/en\/products\/ike-jacket-5th-army-sergeant-technician-4th-grade-83-cml-mortar-bn\/#breadcrumb"},"inLanguage":"en-US","potentialAction":[{"@type":"ReadAction","target":["https:\/\/www.karlhauser.com\/en\/products\/ike-jacket-5th-army-sergeant-technician-4th-grade-83-cml-mortar-bn\/"]}]},{"@type":"ImageObject","inLanguage":"en-US","@id":"https:\/\/www.karlhauser.com\/en\/products\/ike-jacket-5th-army-sergeant-technician-4th-grade-83-cml-mortar-bn\/#primaryimage","url":"https:\/\/www.karlhauser.com\/wp-content\/uploads\/2023\/04\/20221028_061929-scaled.jpg","contentUrl":"https:\/\/www.karlhauser.com\/wp-content\/uploads\/2023\/04\/20221028_061929-scaled.jpg","width":1920,"height":2260},{"@type":"BreadcrumbList","@id":"https:\/\/www.karlhauser.com\/en\/products\/ike-jacket-5th-army-sergeant-technician-4th-grade-83-cml-mortar-bn\/#breadcrumb","itemListElement":[{"@type":"ListItem","position":1,"name":"Home","item":"https:\/\/www.karlhauser.com\/en\/"},{"@type":"ListItem","position":2,"name":"Shop","item":"https:\/\/www.karlhauser.com\/en\/shop\/"},{"@type":"ListItem","position":3,"name":"IKE JACKET \u2013 5th ARMY &#8211; SERGEANT TECHNICIAN 4th GRADE &#8211; 83 CML MORTAR BN"}]},{"@type":"WebSite","@id":"https:\/\/www.karlhauser.com\/en\/#website","url":"https:\/\/www.karlhauser.com\/en\/","name":"Karl H\u00e4user","description":"Milit\u00e4rische Antiquit\u00e4ten und Waffen Vermittlung","publisher":{"@id":"https:\/\/www.karlhauser.com\/en\/#organization"},"potentialAction":[{"@type":"SearchAction","target":{"@type":"EntryPoint","urlTemplate":"https:\/\/www.karlhauser.com\/en\/?s={search_term_string}"},"query-input":{"@type":"PropertyValueSpecification","valueRequired":true,"valueName":"search_term_string"}}],"inLanguage":"en-US"},{"@type":"Organization","@id":"https:\/\/www.karlhauser.com\/en\/#organization","name":"Karl H\u00e4user","url":"https:\/\/www.karlhauser.com\/en\/","logo":{"@type":"ImageObject","inLanguage":"en-US","@id":"https:\/\/www.karlhauser.com\/en\/#\/schema\/logo\/image\/","url":"https:\/\/www.karlhauser.com\/wp-content\/uploads\/2022\/09\/KH-generico-3.jpg","contentUrl":"https:\/\/www.karlhauser.com\/wp-content\/uploads\/2022\/09\/KH-generico-3.jpg","width":470,"height":470,"caption":"Karl H\u00e4user"},"image":{"@id":"https:\/\/www.karlhauser.com\/en\/#\/schema\/logo\/image\/"},"sameAs":["https:\/\/www.instagram.com\/karlhauser.antik\/","https:\/\/www.youtube.com\/channel\/UCt-9t2bku12mwXmte0FJLGQ","https:\/\/www.ebay.it\/str\/karlhausermilitaryantiques?_trksid=p2047675.m3561.l2563"]}]}},"_links":{"self":[{"href":"https:\/\/www.karlhauser.com\/en\/wp-json\/wp\/v2\/product\/1295","targetHints":{"allow":["GET"]}}],"collection":[{"href":"https:\/\/www.karlhauser.com\/en\/wp-json\/wp\/v2\/product"}],"about":[{"href":"https:\/\/www.karlhauser.com\/en\/wp-json\/wp\/v2\/types\/product"}],"wp:featuredmedia":[{"embeddable":true,"href":"https:\/\/www.karlhauser.com\/en\/wp-json\/wp\/v2\/media\/1296"}],"wp:attachment":[{"href":"https:\/\/www.karlhauser.com\/en\/wp-json\/wp\/v2\/media?parent=1295"}],"wp:term":[{"taxonomy":"product_brand","embeddable":true,"href":"https:\/\/www.karlhauser.com\/en\/wp-json\/wp\/v2\/product_brand?post=1295"},{"taxonomy":"product_cat","embeddable":true,"href":"https:\/\/www.karlhauser.com\/en\/wp-json\/wp\/v2\/product_cat?post=1295"},{"taxonomy":"product_tag","embeddable":true,"href":"https:\/\/www.karlhauser.com\/en\/wp-json\/wp\/v2\/product_tag?post=1295"}],"curies":[{"name":"wp","href":"https:\/\/api.w.org\/{rel}","templated":true}]}}