{"id":1462,"date":"2023-04-11T18:25:39","date_gmt":"2023-04-11T16:25:39","guid":{"rendered":"https:\/\/web.karlhauser.com\/?post_type=product&#038;p=1462"},"modified":"2025-10-14T11:55:17","modified_gmt":"2025-10-14T09:55:17","slug":"garibaldis-army-member-lot","status":"publish","type":"product","link":"https:\/\/www.karlhauser.com\/en\/products\/garibaldis-army-member-lot\/","title":{"rendered":"ITALIAN RISORGIMENTO &#8211; GARIBALDI&#8217;S ARMY MEMBER LOT"},"content":{"rendered":"<p>Genuine and untouched lot of items coming from the family of a Garibaldi&#8217;s Army member.<\/p>\n<p style=\"background: white; margin: 6.0pt 0cm 6.0pt 0cm;\"><span style=\"font-size: 10.5pt; font-family: 'Arial',sans-serif; color: #202122;\">The\u00a0Expedition of the Thousand\u00a0(Italian:\u00a0<i>Spedizione dei Mille<\/i>) was an event of the Italian\u00a0Risorgimento\u00a0that took place in 1860. A corps of volunteers led by\u00a0Giuseppe Garibaldi\u00a0sailed from Quarto, near\u00a0Genoa\u00a0(now\u00a0Quarto dei Mille) and landed in\u00a0Marsala,\u00a0Sicily, in order to conquer the\u00a0Kingdom of the Two Sicilies, ruled by the\u00a0House of Bourbon-Two Sicilies.<\/span><\/p>\n<p style=\"background: white; font-variant-ligatures: normal; font-variant-caps: normal; orphans: 2; text-align: start; widows: 2; -webkit-text-stroke-width: 0px; text-decoration-thickness: initial; text-decoration-style: initial; text-decoration-color: initial; word-spacing: 0px; margin: 6.0pt 0cm 6.0pt 0cm;\"><span style=\"font-size: 10.5pt; font-family: 'Arial',sans-serif; color: #202122;\">The project was an ambitious and risky venture aiming to conquer, with a thousand men, a kingdom with a larger regular army and a more powerful navy. The expedition was a success and concluded with a\u00a0plebiscite\u00a0that brought\u00a0Naples\u00a0and Sicily into the\u00a0Kingdom of Sardinia, the last territorial conquest before the\u00a0proclamation of the Kingdom of Italy\u00a0on 17 March 1861.<\/span><\/p>\n<p style=\"background: white; font-variant-ligatures: normal; font-variant-caps: normal; orphans: 2; text-align: start; widows: 2; -webkit-text-stroke-width: 0px; text-decoration-thickness: initial; text-decoration-style: initial; text-decoration-color: initial; word-spacing: 0px; margin: 6.0pt 0cm 6.0pt 0cm;\"><span style=\"font-size: 10.5pt; font-family: 'Arial',sans-serif; color: #202122;\">The sea venture was the only desired action that was jointly decided by the &#8220;four fathers of the nation&#8221;\u00a0Giuseppe Mazzini, Giuseppe Garibaldi,\u00a0Victor Emmanuel II, and\u00a0Camillo Benso, Count of Cavour, pursuing divergent goals. However, the Expedition was instigated by\u00a0Francesco Crispi, who utilized his political influence to bolster the\u00a0Italian unification\u00a0project. <\/span><\/p>\n<p style=\"background: white; font-variant-ligatures: normal; font-variant-caps: normal; orphans: 2; text-align: start; widows: 2; -webkit-text-stroke-width: 0px; text-decoration-thickness: initial; text-decoration-style: initial; text-decoration-color: initial; word-spacing: 0px; margin: 6.0pt 0cm 6.0pt 0cm;\"><span style=\"font-size: 10.5pt; font-family: 'Arial',sans-serif; color: #202122;\">The various groups participated in the expedition for a variety of reasons: for Garibaldi, it was to achieve a united Italy; to the Sicilian bourgeoisie, an independent Sicily as part of the Kingdom of Italy, and for common people, land distribution and the end of oppression.<\/span><\/p>\n<p style=\"background: white; font-variant-ligatures: normal; font-variant-caps: normal; orphans: 2; text-align: start; widows: 2; -webkit-text-stroke-width: 0px; text-decoration-thickness: initial; text-decoration-style: initial; text-decoration-color: initial; word-spacing: 0px; margin: 6.0pt 0cm 6.0pt 0cm;\"><span style=\"font-size: 10.5pt; font-family: 'Arial',sans-serif; color: #202122;\">The expedition and the whole enterprise was heavily supported by the British, who wanted to establish a friendly government in Southern Italy, which was becoming of great strategic value because of the imminent opening of the\u00a0Suez Canal. The Bourbons were considered unreliable due to their increasing openings towards the\u00a0Russian Empire. The\u00a0Royal Navy\u00a0defended the landing party from the Bourbons and donors from the\u00a0United Kingdom\u00a0supported the expedition financially with large part of the money being used to bribe disloyal Bourbon military officers. <\/span><\/p>\n","protected":false},"excerpt":{"rendered":"<p>&#8230;just one of 1.000!<\/p>\n","protected":false},"featured_media":1463,"template":"","meta":{"_acf_changed":false},"product_brand":[],"product_cat":[49],"product_tag":[128],"class_list":{"0":"post-1462","1":"product","2":"type-product","3":"status-publish","4":"has-post-thumbnail","6":"product_cat-until-1918","7":"product_tag-risorgimento-garibaldi","9":"first","10":"outofstock","11":"taxable","12":"shipping-taxable","13":"purchasable","14":"product-type-simple"},"acf":[],"yoast_head":"<!-- This site is optimized with the Yoast SEO plugin v27.3 - https:\/\/yoast.com\/product\/yoast-seo-wordpress\/ -->\n<title>ITALIAN RISORGIMENTO - GARIBALDI&#039;S ARMY MEMBER LOT - Karl H\u00e4user<\/title>\n<meta name=\"robots\" content=\"index, follow, max-snippet:-1, max-image-preview:large, max-video-preview:-1\" \/>\n<link rel=\"canonical\" href=\"https:\/\/www.karlhauser.com\/en\/products\/garibaldis-army-member-lot\/\" \/>\n<meta property=\"og:locale\" content=\"en_US\" \/>\n<meta property=\"og:type\" content=\"article\" \/>\n<meta property=\"og:title\" content=\"ITALIAN RISORGIMENTO - GARIBALDI&#039;S ARMY MEMBER LOT - Karl H\u00e4user\" \/>\n<meta property=\"og:description\" content=\"...just one of 1.000!\" \/>\n<meta property=\"og:url\" content=\"https:\/\/www.karlhauser.com\/en\/products\/garibaldis-army-member-lot\/\" \/>\n<meta property=\"og:site_name\" content=\"Karl H\u00e4user\" \/>\n<meta property=\"article:modified_time\" content=\"2025-10-14T09:55:17+00:00\" \/>\n<meta property=\"og:image\" content=\"https:\/\/www.karlhauser.com\/wp-content\/uploads\/2023\/04\/modificat-1.jpg\" \/>\n\t<meta property=\"og:image:width\" content=\"1920\" \/>\n\t<meta property=\"og:image:height\" content=\"1900\" \/>\n\t<meta property=\"og:image:type\" content=\"image\/jpeg\" \/>\n<meta name=\"twitter:card\" content=\"summary_large_image\" \/>\n<meta name=\"twitter:label1\" content=\"Est. reading time\" \/>\n\t<meta name=\"twitter:data1\" content=\"2 minutes\" \/>\n<script type=\"application\/ld+json\" class=\"yoast-schema-graph\">{\"@context\":\"https:\\\/\\\/schema.org\",\"@graph\":[{\"@type\":\"WebPage\",\"@id\":\"https:\\\/\\\/www.karlhauser.com\\\/en\\\/products\\\/garibaldis-army-member-lot\\\/\",\"url\":\"https:\\\/\\\/www.karlhauser.com\\\/en\\\/products\\\/garibaldis-army-member-lot\\\/\",\"name\":\"ITALIAN RISORGIMENTO - GARIBALDI'S ARMY MEMBER LOT - Karl H\u00e4user\",\"isPartOf\":{\"@id\":\"https:\\\/\\\/www.karlhauser.com\\\/en\\\/#website\"},\"primaryImageOfPage\":{\"@id\":\"https:\\\/\\\/www.karlhauser.com\\\/en\\\/products\\\/garibaldis-army-member-lot\\\/#primaryimage\"},\"image\":{\"@id\":\"https:\\\/\\\/www.karlhauser.com\\\/en\\\/products\\\/garibaldis-army-member-lot\\\/#primaryimage\"},\"thumbnailUrl\":\"https:\\\/\\\/www.karlhauser.com\\\/wp-content\\\/uploads\\\/2023\\\/04\\\/modificat-1.jpg\",\"datePublished\":\"2023-04-11T16:25:39+00:00\",\"dateModified\":\"2025-10-14T09:55:17+00:00\",\"breadcrumb\":{\"@id\":\"https:\\\/\\\/www.karlhauser.com\\\/en\\\/products\\\/garibaldis-army-member-lot\\\/#breadcrumb\"},\"inLanguage\":\"en-US\",\"potentialAction\":[{\"@type\":\"ReadAction\",\"target\":[\"https:\\\/\\\/www.karlhauser.com\\\/en\\\/products\\\/garibaldis-army-member-lot\\\/\"]}]},{\"@type\":\"ImageObject\",\"inLanguage\":\"en-US\",\"@id\":\"https:\\\/\\\/www.karlhauser.com\\\/en\\\/products\\\/garibaldis-army-member-lot\\\/#primaryimage\",\"url\":\"https:\\\/\\\/www.karlhauser.com\\\/wp-content\\\/uploads\\\/2023\\\/04\\\/modificat-1.jpg\",\"contentUrl\":\"https:\\\/\\\/www.karlhauser.com\\\/wp-content\\\/uploads\\\/2023\\\/04\\\/modificat-1.jpg\",\"width\":1920,\"height\":1900},{\"@type\":\"BreadcrumbList\",\"@id\":\"https:\\\/\\\/www.karlhauser.com\\\/en\\\/products\\\/garibaldis-army-member-lot\\\/#breadcrumb\",\"itemListElement\":[{\"@type\":\"ListItem\",\"position\":1,\"name\":\"Home\",\"item\":\"https:\\\/\\\/www.karlhauser.com\\\/en\\\/\"},{\"@type\":\"ListItem\",\"position\":2,\"name\":\"Shop\",\"item\":\"https:\\\/\\\/www.karlhauser.com\\\/en\\\/shop\\\/\"},{\"@type\":\"ListItem\",\"position\":3,\"name\":\"ITALIAN RISORGIMENTO &#8211; GARIBALDI&#8217;S ARMY MEMBER LOT\"}]},{\"@type\":\"WebSite\",\"@id\":\"https:\\\/\\\/www.karlhauser.com\\\/en\\\/#website\",\"url\":\"https:\\\/\\\/www.karlhauser.com\\\/en\\\/\",\"name\":\"Karl H\u00e4user\",\"description\":\"Milit\u00e4rische Antiquit\u00e4ten und Waffen Vermittlung\",\"publisher\":{\"@id\":\"https:\\\/\\\/www.karlhauser.com\\\/en\\\/#organization\"},\"potentialAction\":[{\"@type\":\"SearchAction\",\"target\":{\"@type\":\"EntryPoint\",\"urlTemplate\":\"https:\\\/\\\/www.karlhauser.com\\\/en\\\/?s={search_term_string}\"},\"query-input\":{\"@type\":\"PropertyValueSpecification\",\"valueRequired\":true,\"valueName\":\"search_term_string\"}}],\"inLanguage\":\"en-US\"},{\"@type\":\"Organization\",\"@id\":\"https:\\\/\\\/www.karlhauser.com\\\/en\\\/#organization\",\"name\":\"Karl H\u00e4user\",\"url\":\"https:\\\/\\\/www.karlhauser.com\\\/en\\\/\",\"logo\":{\"@type\":\"ImageObject\",\"inLanguage\":\"en-US\",\"@id\":\"https:\\\/\\\/www.karlhauser.com\\\/en\\\/#\\\/schema\\\/logo\\\/image\\\/\",\"url\":\"https:\\\/\\\/www.karlhauser.com\\\/wp-content\\\/uploads\\\/2022\\\/09\\\/KH-generico-3.jpg\",\"contentUrl\":\"https:\\\/\\\/www.karlhauser.com\\\/wp-content\\\/uploads\\\/2022\\\/09\\\/KH-generico-3.jpg\",\"width\":470,\"height\":470,\"caption\":\"Karl H\u00e4user\"},\"image\":{\"@id\":\"https:\\\/\\\/www.karlhauser.com\\\/en\\\/#\\\/schema\\\/logo\\\/image\\\/\"},\"sameAs\":[\"https:\\\/\\\/www.instagram.com\\\/karlhauser.antik\\\/\",\"https:\\\/\\\/www.youtube.com\\\/channel\\\/UCt-9t2bku12mwXmte0FJLGQ\",\"https:\\\/\\\/www.ebay.it\\\/str\\\/karlhausermilitaryantiques?_trksid=p2047675.m3561.l2563\"]}]}<\/script>\n<!-- \/ Yoast SEO plugin. -->","yoast_head_json":{"title":"ITALIAN RISORGIMENTO - GARIBALDI'S ARMY MEMBER LOT - Karl H\u00e4user","robots":{"index":"index","follow":"follow","max-snippet":"max-snippet:-1","max-image-preview":"max-image-preview:large","max-video-preview":"max-video-preview:-1"},"canonical":"https:\/\/www.karlhauser.com\/en\/products\/garibaldis-army-member-lot\/","og_locale":"en_US","og_type":"article","og_title":"ITALIAN RISORGIMENTO - GARIBALDI'S ARMY MEMBER LOT - Karl H\u00e4user","og_description":"...just one of 1.000!","og_url":"https:\/\/www.karlhauser.com\/en\/products\/garibaldis-army-member-lot\/","og_site_name":"Karl H\u00e4user","article_modified_time":"2025-10-14T09:55:17+00:00","og_image":[{"width":1920,"height":1900,"url":"https:\/\/www.karlhauser.com\/wp-content\/uploads\/2023\/04\/modificat-1.jpg","type":"image\/jpeg"}],"twitter_card":"summary_large_image","twitter_misc":{"Est. reading time":"2 minutes"},"schema":{"@context":"https:\/\/schema.org","@graph":[{"@type":"WebPage","@id":"https:\/\/www.karlhauser.com\/en\/products\/garibaldis-army-member-lot\/","url":"https:\/\/www.karlhauser.com\/en\/products\/garibaldis-army-member-lot\/","name":"ITALIAN RISORGIMENTO - GARIBALDI'S ARMY MEMBER LOT - Karl H\u00e4user","isPartOf":{"@id":"https:\/\/www.karlhauser.com\/en\/#website"},"primaryImageOfPage":{"@id":"https:\/\/www.karlhauser.com\/en\/products\/garibaldis-army-member-lot\/#primaryimage"},"image":{"@id":"https:\/\/www.karlhauser.com\/en\/products\/garibaldis-army-member-lot\/#primaryimage"},"thumbnailUrl":"https:\/\/www.karlhauser.com\/wp-content\/uploads\/2023\/04\/modificat-1.jpg","datePublished":"2023-04-11T16:25:39+00:00","dateModified":"2025-10-14T09:55:17+00:00","breadcrumb":{"@id":"https:\/\/www.karlhauser.com\/en\/products\/garibaldis-army-member-lot\/#breadcrumb"},"inLanguage":"en-US","potentialAction":[{"@type":"ReadAction","target":["https:\/\/www.karlhauser.com\/en\/products\/garibaldis-army-member-lot\/"]}]},{"@type":"ImageObject","inLanguage":"en-US","@id":"https:\/\/www.karlhauser.com\/en\/products\/garibaldis-army-member-lot\/#primaryimage","url":"https:\/\/www.karlhauser.com\/wp-content\/uploads\/2023\/04\/modificat-1.jpg","contentUrl":"https:\/\/www.karlhauser.com\/wp-content\/uploads\/2023\/04\/modificat-1.jpg","width":1920,"height":1900},{"@type":"BreadcrumbList","@id":"https:\/\/www.karlhauser.com\/en\/products\/garibaldis-army-member-lot\/#breadcrumb","itemListElement":[{"@type":"ListItem","position":1,"name":"Home","item":"https:\/\/www.karlhauser.com\/en\/"},{"@type":"ListItem","position":2,"name":"Shop","item":"https:\/\/www.karlhauser.com\/en\/shop\/"},{"@type":"ListItem","position":3,"name":"ITALIAN RISORGIMENTO &#8211; GARIBALDI&#8217;S ARMY MEMBER LOT"}]},{"@type":"WebSite","@id":"https:\/\/www.karlhauser.com\/en\/#website","url":"https:\/\/www.karlhauser.com\/en\/","name":"Karl H\u00e4user","description":"Milit\u00e4rische Antiquit\u00e4ten und Waffen Vermittlung","publisher":{"@id":"https:\/\/www.karlhauser.com\/en\/#organization"},"potentialAction":[{"@type":"SearchAction","target":{"@type":"EntryPoint","urlTemplate":"https:\/\/www.karlhauser.com\/en\/?s={search_term_string}"},"query-input":{"@type":"PropertyValueSpecification","valueRequired":true,"valueName":"search_term_string"}}],"inLanguage":"en-US"},{"@type":"Organization","@id":"https:\/\/www.karlhauser.com\/en\/#organization","name":"Karl H\u00e4user","url":"https:\/\/www.karlhauser.com\/en\/","logo":{"@type":"ImageObject","inLanguage":"en-US","@id":"https:\/\/www.karlhauser.com\/en\/#\/schema\/logo\/image\/","url":"https:\/\/www.karlhauser.com\/wp-content\/uploads\/2022\/09\/KH-generico-3.jpg","contentUrl":"https:\/\/www.karlhauser.com\/wp-content\/uploads\/2022\/09\/KH-generico-3.jpg","width":470,"height":470,"caption":"Karl H\u00e4user"},"image":{"@id":"https:\/\/www.karlhauser.com\/en\/#\/schema\/logo\/image\/"},"sameAs":["https:\/\/www.instagram.com\/karlhauser.antik\/","https:\/\/www.youtube.com\/channel\/UCt-9t2bku12mwXmte0FJLGQ","https:\/\/www.ebay.it\/str\/karlhausermilitaryantiques?_trksid=p2047675.m3561.l2563"]}]}},"_links":{"self":[{"href":"https:\/\/www.karlhauser.com\/en\/wp-json\/wp\/v2\/product\/1462","targetHints":{"allow":["GET"]}}],"collection":[{"href":"https:\/\/www.karlhauser.com\/en\/wp-json\/wp\/v2\/product"}],"about":[{"href":"https:\/\/www.karlhauser.com\/en\/wp-json\/wp\/v2\/types\/product"}],"wp:featuredmedia":[{"embeddable":true,"href":"https:\/\/www.karlhauser.com\/en\/wp-json\/wp\/v2\/media\/1463"}],"wp:attachment":[{"href":"https:\/\/www.karlhauser.com\/en\/wp-json\/wp\/v2\/media?parent=1462"}],"wp:term":[{"taxonomy":"product_brand","embeddable":true,"href":"https:\/\/www.karlhauser.com\/en\/wp-json\/wp\/v2\/product_brand?post=1462"},{"taxonomy":"product_cat","embeddable":true,"href":"https:\/\/www.karlhauser.com\/en\/wp-json\/wp\/v2\/product_cat?post=1462"},{"taxonomy":"product_tag","embeddable":true,"href":"https:\/\/www.karlhauser.com\/en\/wp-json\/wp\/v2\/product_tag?post=1462"}],"curies":[{"name":"wp","href":"https:\/\/api.w.org\/{rel}","templated":true}]}}