{"id":24185,"date":"2026-01-29T10:27:32","date_gmt":"2026-01-29T09:27:32","guid":{"rendered":"https:\/\/www.karlhauser.com\/?post_type=product&#038;p=24185"},"modified":"2026-01-29T10:32:44","modified_gmt":"2026-01-29T09:32:44","slug":"ignoto-militi-plaster-cast-by-jo-peiper","status":"publish","type":"product","link":"https:\/\/www.karlhauser.com\/en\/products\/ignoto-militi-plaster-cast-by-jo-peiper\/","title":{"rendered":"Ignoto Militi &#8211; Plaster cast by Jo Peiper"},"content":{"rendered":"<p><b>Giacchino Peiper<\/b>, better known as\u00a0<b>Jo Peiper<\/b> is an Italian sculptor, printmaker, and painter. Critical awareness of current issues and irony, but also strong contrasts and references to the great artists of all time to whom he often dedicates his tributes; these are the aspects that characterize Jo Peiper&#8217;s works. Preferring mixed media on canvas, the artist expresses with great energy his sensitivity, stimulated by both current events and themes. The discussion never ceases to animate debates such as feminism, racism, and the ideological excesses that have characterized past eras and are still relevant today. The common thread that characterizes each work can be deduced from the historical-cultural academic path that Jo Peiper has developed over the course of his life as an artist. The subjects range from the abstract to the female body, from dystopian settings such as her well-known homage to Mimmo Rotella to representations of historical figures, sometimes very controversial and represented by the artist as always with great irony. Appreciated by an initially niche market, the artist has seen the number of his works purchased by collectors grow, also thanks to the visibility of the web, on which he is nevertheless present in a discreet and decidedly uncommercial way. Maintaining the anonymity of his pseudonym and confirming its ironic nature and always aimed at highlighting dichotomies and contradictions, the author is aware of the resonance of social networks but shuns the spotlight both for the criticism and for the applause, dismissing the curious with a lapidary and evocative \u201cSo it is (if you like)\u201d that paraphrases the great Luigi Pirandello, confirming, if it still serves, of one&#8217;s attachment to the classics, including literary ones, and to history.<\/p>\n<p><a href=\"https:\/\/www.instagram.com\/gioacchinopeiper\/\">https:\/\/www.instagram.com\/gioacchinopeiper\/<\/a><\/p>\n<p>&nbsp;<\/p>\n","protected":false},"excerpt":{"rendered":"<p>1:1 italian WW1 helmet on a pillow<\/p>\n<p>(this item is an authentic unique piece that comes with its certificate of authenticity released by the author and when availabe, we also supply the\u00a0 list of shows and galleries in which it has been exposed)<\/p>\n","protected":false},"featured_media":24187,"template":"","meta":{"_acf_changed":false},"product_brand":[],"product_cat":[922],"product_tag":[929,925],"class_list":{"0":"post-24185","1":"product","2":"type-product","3":"status-publish","4":"has-post-thumbnail","6":"product_cat-artworks","7":"product_tag-ignoto-militi","8":"product_tag-jo-peiper","10":"first","11":"instock","12":"taxable","13":"shipping-taxable","14":"purchasable","15":"product-type-simple"},"acf":[],"yoast_head":"<!-- This site is optimized with the Yoast SEO plugin v27.3 - https:\/\/yoast.com\/product\/yoast-seo-wordpress\/ -->\n<title>Ignoto Militi - Plaster cast by Jo Peiper - Karl H\u00e4user<\/title>\n<meta name=\"robots\" content=\"index, follow, max-snippet:-1, max-image-preview:large, max-video-preview:-1\" \/>\n<link rel=\"canonical\" href=\"https:\/\/www.karlhauser.com\/en\/products\/ignoto-militi-plaster-cast-by-jo-peiper\/\" \/>\n<meta property=\"og:locale\" content=\"en_US\" \/>\n<meta property=\"og:type\" content=\"article\" \/>\n<meta property=\"og:title\" content=\"Ignoto Militi - Plaster cast by Jo Peiper - Karl H\u00e4user\" \/>\n<meta property=\"og:description\" content=\"1:1 italian WW1 helmet on a pillow  (this item is an authentic unique piece that comes with its certificate of authenticity released by the author and when availabe, we also supply the\u00a0 list of shows and galleries in which it has been exposed)\" \/>\n<meta property=\"og:url\" content=\"https:\/\/www.karlhauser.com\/en\/products\/ignoto-militi-plaster-cast-by-jo-peiper\/\" \/>\n<meta property=\"og:site_name\" content=\"Karl H\u00e4user\" \/>\n<meta property=\"article:modified_time\" content=\"2026-01-29T09:32:44+00:00\" \/>\n<meta property=\"og:image\" content=\"https:\/\/www.karlhauser.com\/wp-content\/uploads\/2026\/01\/20260129_064755-Eraser.jpg\" \/>\n\t<meta property=\"og:image:width\" content=\"1920\" \/>\n\t<meta property=\"og:image:height\" content=\"1440\" \/>\n\t<meta property=\"og:image:type\" content=\"image\/jpeg\" \/>\n<meta name=\"twitter:card\" content=\"summary_large_image\" \/>\n<meta name=\"twitter:label1\" content=\"Est. reading time\" \/>\n\t<meta name=\"twitter:data1\" content=\"1 minute\" \/>\n<script type=\"application\/ld+json\" class=\"yoast-schema-graph\">{\"@context\":\"https:\\\/\\\/schema.org\",\"@graph\":[{\"@type\":\"WebPage\",\"@id\":\"https:\\\/\\\/www.karlhauser.com\\\/en\\\/products\\\/ignoto-militi-plaster-cast-by-jo-peiper\\\/\",\"url\":\"https:\\\/\\\/www.karlhauser.com\\\/en\\\/products\\\/ignoto-militi-plaster-cast-by-jo-peiper\\\/\",\"name\":\"Ignoto Militi - Plaster cast by Jo Peiper - Karl H\u00e4user\",\"isPartOf\":{\"@id\":\"https:\\\/\\\/www.karlhauser.com\\\/en\\\/#website\"},\"primaryImageOfPage\":{\"@id\":\"https:\\\/\\\/www.karlhauser.com\\\/en\\\/products\\\/ignoto-militi-plaster-cast-by-jo-peiper\\\/#primaryimage\"},\"image\":{\"@id\":\"https:\\\/\\\/www.karlhauser.com\\\/en\\\/products\\\/ignoto-militi-plaster-cast-by-jo-peiper\\\/#primaryimage\"},\"thumbnailUrl\":\"https:\\\/\\\/www.karlhauser.com\\\/wp-content\\\/uploads\\\/2026\\\/01\\\/20260129_064755-Eraser.jpg\",\"datePublished\":\"2026-01-29T09:27:32+00:00\",\"dateModified\":\"2026-01-29T09:32:44+00:00\",\"breadcrumb\":{\"@id\":\"https:\\\/\\\/www.karlhauser.com\\\/en\\\/products\\\/ignoto-militi-plaster-cast-by-jo-peiper\\\/#breadcrumb\"},\"inLanguage\":\"en-US\",\"potentialAction\":[{\"@type\":\"ReadAction\",\"target\":[\"https:\\\/\\\/www.karlhauser.com\\\/en\\\/products\\\/ignoto-militi-plaster-cast-by-jo-peiper\\\/\"]}]},{\"@type\":\"ImageObject\",\"inLanguage\":\"en-US\",\"@id\":\"https:\\\/\\\/www.karlhauser.com\\\/en\\\/products\\\/ignoto-militi-plaster-cast-by-jo-peiper\\\/#primaryimage\",\"url\":\"https:\\\/\\\/www.karlhauser.com\\\/wp-content\\\/uploads\\\/2026\\\/01\\\/20260129_064755-Eraser.jpg\",\"contentUrl\":\"https:\\\/\\\/www.karlhauser.com\\\/wp-content\\\/uploads\\\/2026\\\/01\\\/20260129_064755-Eraser.jpg\",\"width\":1920,\"height\":1440},{\"@type\":\"BreadcrumbList\",\"@id\":\"https:\\\/\\\/www.karlhauser.com\\\/en\\\/products\\\/ignoto-militi-plaster-cast-by-jo-peiper\\\/#breadcrumb\",\"itemListElement\":[{\"@type\":\"ListItem\",\"position\":1,\"name\":\"Home\",\"item\":\"https:\\\/\\\/www.karlhauser.com\\\/en\\\/\"},{\"@type\":\"ListItem\",\"position\":2,\"name\":\"Shop\",\"item\":\"https:\\\/\\\/www.karlhauser.com\\\/en\\\/shop\\\/\"},{\"@type\":\"ListItem\",\"position\":3,\"name\":\"Ignoto Militi &#8211; Plaster cast by Jo Peiper\"}]},{\"@type\":\"WebSite\",\"@id\":\"https:\\\/\\\/www.karlhauser.com\\\/en\\\/#website\",\"url\":\"https:\\\/\\\/www.karlhauser.com\\\/en\\\/\",\"name\":\"Karl H\u00e4user\",\"description\":\"Milit\u00e4rische Antiquit\u00e4ten und Waffen Vermittlung\",\"publisher\":{\"@id\":\"https:\\\/\\\/www.karlhauser.com\\\/en\\\/#organization\"},\"potentialAction\":[{\"@type\":\"SearchAction\",\"target\":{\"@type\":\"EntryPoint\",\"urlTemplate\":\"https:\\\/\\\/www.karlhauser.com\\\/en\\\/?s={search_term_string}\"},\"query-input\":{\"@type\":\"PropertyValueSpecification\",\"valueRequired\":true,\"valueName\":\"search_term_string\"}}],\"inLanguage\":\"en-US\"},{\"@type\":\"Organization\",\"@id\":\"https:\\\/\\\/www.karlhauser.com\\\/en\\\/#organization\",\"name\":\"Karl H\u00e4user\",\"url\":\"https:\\\/\\\/www.karlhauser.com\\\/en\\\/\",\"logo\":{\"@type\":\"ImageObject\",\"inLanguage\":\"en-US\",\"@id\":\"https:\\\/\\\/www.karlhauser.com\\\/en\\\/#\\\/schema\\\/logo\\\/image\\\/\",\"url\":\"https:\\\/\\\/www.karlhauser.com\\\/wp-content\\\/uploads\\\/2022\\\/09\\\/KH-generico-3.jpg\",\"contentUrl\":\"https:\\\/\\\/www.karlhauser.com\\\/wp-content\\\/uploads\\\/2022\\\/09\\\/KH-generico-3.jpg\",\"width\":470,\"height\":470,\"caption\":\"Karl H\u00e4user\"},\"image\":{\"@id\":\"https:\\\/\\\/www.karlhauser.com\\\/en\\\/#\\\/schema\\\/logo\\\/image\\\/\"},\"sameAs\":[\"https:\\\/\\\/www.instagram.com\\\/karlhauser.antik\\\/\",\"https:\\\/\\\/www.youtube.com\\\/channel\\\/UCt-9t2bku12mwXmte0FJLGQ\",\"https:\\\/\\\/www.ebay.it\\\/str\\\/karlhausermilitaryantiques?_trksid=p2047675.m3561.l2563\"]}]}<\/script>\n<!-- \/ Yoast SEO plugin. -->","yoast_head_json":{"title":"Ignoto Militi - Plaster cast by Jo Peiper - Karl H\u00e4user","robots":{"index":"index","follow":"follow","max-snippet":"max-snippet:-1","max-image-preview":"max-image-preview:large","max-video-preview":"max-video-preview:-1"},"canonical":"https:\/\/www.karlhauser.com\/en\/products\/ignoto-militi-plaster-cast-by-jo-peiper\/","og_locale":"en_US","og_type":"article","og_title":"Ignoto Militi - Plaster cast by Jo Peiper - Karl H\u00e4user","og_description":"1:1 italian WW1 helmet on a pillow  (this item is an authentic unique piece that comes with its certificate of authenticity released by the author and when availabe, we also supply the\u00a0 list of shows and galleries in which it has been exposed)","og_url":"https:\/\/www.karlhauser.com\/en\/products\/ignoto-militi-plaster-cast-by-jo-peiper\/","og_site_name":"Karl H\u00e4user","article_modified_time":"2026-01-29T09:32:44+00:00","og_image":[{"width":1920,"height":1440,"url":"https:\/\/www.karlhauser.com\/wp-content\/uploads\/2026\/01\/20260129_064755-Eraser.jpg","type":"image\/jpeg"}],"twitter_card":"summary_large_image","twitter_misc":{"Est. reading time":"1 minute"},"schema":{"@context":"https:\/\/schema.org","@graph":[{"@type":"WebPage","@id":"https:\/\/www.karlhauser.com\/en\/products\/ignoto-militi-plaster-cast-by-jo-peiper\/","url":"https:\/\/www.karlhauser.com\/en\/products\/ignoto-militi-plaster-cast-by-jo-peiper\/","name":"Ignoto Militi - Plaster cast by Jo Peiper - Karl H\u00e4user","isPartOf":{"@id":"https:\/\/www.karlhauser.com\/en\/#website"},"primaryImageOfPage":{"@id":"https:\/\/www.karlhauser.com\/en\/products\/ignoto-militi-plaster-cast-by-jo-peiper\/#primaryimage"},"image":{"@id":"https:\/\/www.karlhauser.com\/en\/products\/ignoto-militi-plaster-cast-by-jo-peiper\/#primaryimage"},"thumbnailUrl":"https:\/\/www.karlhauser.com\/wp-content\/uploads\/2026\/01\/20260129_064755-Eraser.jpg","datePublished":"2026-01-29T09:27:32+00:00","dateModified":"2026-01-29T09:32:44+00:00","breadcrumb":{"@id":"https:\/\/www.karlhauser.com\/en\/products\/ignoto-militi-plaster-cast-by-jo-peiper\/#breadcrumb"},"inLanguage":"en-US","potentialAction":[{"@type":"ReadAction","target":["https:\/\/www.karlhauser.com\/en\/products\/ignoto-militi-plaster-cast-by-jo-peiper\/"]}]},{"@type":"ImageObject","inLanguage":"en-US","@id":"https:\/\/www.karlhauser.com\/en\/products\/ignoto-militi-plaster-cast-by-jo-peiper\/#primaryimage","url":"https:\/\/www.karlhauser.com\/wp-content\/uploads\/2026\/01\/20260129_064755-Eraser.jpg","contentUrl":"https:\/\/www.karlhauser.com\/wp-content\/uploads\/2026\/01\/20260129_064755-Eraser.jpg","width":1920,"height":1440},{"@type":"BreadcrumbList","@id":"https:\/\/www.karlhauser.com\/en\/products\/ignoto-militi-plaster-cast-by-jo-peiper\/#breadcrumb","itemListElement":[{"@type":"ListItem","position":1,"name":"Home","item":"https:\/\/www.karlhauser.com\/en\/"},{"@type":"ListItem","position":2,"name":"Shop","item":"https:\/\/www.karlhauser.com\/en\/shop\/"},{"@type":"ListItem","position":3,"name":"Ignoto Militi &#8211; Plaster cast by Jo Peiper"}]},{"@type":"WebSite","@id":"https:\/\/www.karlhauser.com\/en\/#website","url":"https:\/\/www.karlhauser.com\/en\/","name":"Karl H\u00e4user","description":"Milit\u00e4rische Antiquit\u00e4ten und Waffen Vermittlung","publisher":{"@id":"https:\/\/www.karlhauser.com\/en\/#organization"},"potentialAction":[{"@type":"SearchAction","target":{"@type":"EntryPoint","urlTemplate":"https:\/\/www.karlhauser.com\/en\/?s={search_term_string}"},"query-input":{"@type":"PropertyValueSpecification","valueRequired":true,"valueName":"search_term_string"}}],"inLanguage":"en-US"},{"@type":"Organization","@id":"https:\/\/www.karlhauser.com\/en\/#organization","name":"Karl H\u00e4user","url":"https:\/\/www.karlhauser.com\/en\/","logo":{"@type":"ImageObject","inLanguage":"en-US","@id":"https:\/\/www.karlhauser.com\/en\/#\/schema\/logo\/image\/","url":"https:\/\/www.karlhauser.com\/wp-content\/uploads\/2022\/09\/KH-generico-3.jpg","contentUrl":"https:\/\/www.karlhauser.com\/wp-content\/uploads\/2022\/09\/KH-generico-3.jpg","width":470,"height":470,"caption":"Karl H\u00e4user"},"image":{"@id":"https:\/\/www.karlhauser.com\/en\/#\/schema\/logo\/image\/"},"sameAs":["https:\/\/www.instagram.com\/karlhauser.antik\/","https:\/\/www.youtube.com\/channel\/UCt-9t2bku12mwXmte0FJLGQ","https:\/\/www.ebay.it\/str\/karlhausermilitaryantiques?_trksid=p2047675.m3561.l2563"]}]}},"_links":{"self":[{"href":"https:\/\/www.karlhauser.com\/en\/wp-json\/wp\/v2\/product\/24185","targetHints":{"allow":["GET"]}}],"collection":[{"href":"https:\/\/www.karlhauser.com\/en\/wp-json\/wp\/v2\/product"}],"about":[{"href":"https:\/\/www.karlhauser.com\/en\/wp-json\/wp\/v2\/types\/product"}],"wp:featuredmedia":[{"embeddable":true,"href":"https:\/\/www.karlhauser.com\/en\/wp-json\/wp\/v2\/media\/24187"}],"wp:attachment":[{"href":"https:\/\/www.karlhauser.com\/en\/wp-json\/wp\/v2\/media?parent=24185"}],"wp:term":[{"taxonomy":"product_brand","embeddable":true,"href":"https:\/\/www.karlhauser.com\/en\/wp-json\/wp\/v2\/product_brand?post=24185"},{"taxonomy":"product_cat","embeddable":true,"href":"https:\/\/www.karlhauser.com\/en\/wp-json\/wp\/v2\/product_cat?post=24185"},{"taxonomy":"product_tag","embeddable":true,"href":"https:\/\/www.karlhauser.com\/en\/wp-json\/wp\/v2\/product_tag?post=24185"}],"curies":[{"name":"wp","href":"https:\/\/api.w.org\/{rel}","templated":true}]}}