{"id":5764,"date":"2023-10-07T12:31:37","date_gmt":"2023-10-07T10:31:37","guid":{"rendered":"https:\/\/www.karlhauser.com\/?post_type=product&#038;p=5764"},"modified":"2025-03-16T19:31:13","modified_gmt":"2025-03-16T18:31:13","slug":"deutsche-mutterkreuz-bronze-2","status":"publish","type":"product","link":"https:\/\/www.karlhauser.com\/en\/products\/deutsche-mutterkreuz-bronze-2\/","title":{"rendered":"DEUTSCHE MUTTERKREUZ BRONZE"},"content":{"rendered":"<p>EHRENKREUZ DER DEUTSCHEN MUTTER<\/p>\n<p>The Cross of Honour of the German Mother, or Mother\u2019s Cross for short, was founded by Adolf Hitler on 16 December 1938. The design of the Cross of Honour is by Franz Berberich. The introductory words of this regulation read: As a visible sign of the German people\u2019s thanks to mothers with many children, I donate the Cross of Honour of the German Mother. \u201d The further rules of procedure were published in the statute of the same name, the order was popularly called \u201cKarnickelkreuz\u201d.<\/p>\n","protected":false},"excerpt":{"rendered":"<p>Size 46 X 35 mm. Thickness 4 mm. Weight 12.775 gr<\/p>\n","protected":false},"featured_media":5765,"template":"","meta":{"_acf_changed":false},"product_brand":[],"product_cat":[377],"product_tag":[124,123],"class_list":{"0":"post-5764","1":"product","2":"type-product","3":"status-publish","4":"has-post-thumbnail","6":"product_cat-third-reich-civil-awards","7":"product_tag-gefallen","8":"product_tag-mutterkreuz","10":"first","11":"outofstock","12":"taxable","13":"shipping-taxable","14":"purchasable","15":"product-type-simple"},"acf":[],"yoast_head":"<!-- This site is optimized with the Yoast SEO plugin v27.4 - https:\/\/yoast.com\/product\/yoast-seo-wordpress\/ -->\n<title>DEUTSCHE MUTTERKREUZ BRONZE - Karl H\u00e4user<\/title>\n<meta name=\"robots\" content=\"index, follow, max-snippet:-1, max-image-preview:large, max-video-preview:-1\" \/>\n<link rel=\"canonical\" href=\"https:\/\/www.karlhauser.com\/en\/products\/deutsche-mutterkreuz-bronze-2\/\" \/>\n<meta property=\"og:locale\" content=\"en_US\" \/>\n<meta property=\"og:type\" content=\"article\" \/>\n<meta property=\"og:title\" content=\"DEUTSCHE MUTTERKREUZ BRONZE - Karl H\u00e4user\" \/>\n<meta property=\"og:description\" content=\"Size 46 X 35 mm. Thickness 4 mm. Weight 12.775 gr\" \/>\n<meta property=\"og:url\" content=\"https:\/\/www.karlhauser.com\/en\/products\/deutsche-mutterkreuz-bronze-2\/\" \/>\n<meta property=\"og:site_name\" content=\"Karl H\u00e4user\" \/>\n<meta property=\"article:modified_time\" content=\"2025-03-16T18:31:13+00:00\" \/>\n<meta property=\"og:image\" content=\"https:\/\/www.karlhauser.com\/wp-content\/uploads\/2023\/10\/IMG_6821.jpg\" \/>\n\t<meta property=\"og:image:width\" content=\"1776\" \/>\n\t<meta property=\"og:image:height\" content=\"1836\" \/>\n\t<meta property=\"og:image:type\" content=\"image\/jpeg\" \/>\n<meta name=\"twitter:card\" content=\"summary_large_image\" \/>\n<meta name=\"twitter:label1\" content=\"Est. reading time\" \/>\n\t<meta name=\"twitter:data1\" content=\"1 minute\" \/>\n<script type=\"application\/ld+json\" class=\"yoast-schema-graph\">{\"@context\":\"https:\\\/\\\/schema.org\",\"@graph\":[{\"@type\":\"WebPage\",\"@id\":\"https:\\\/\\\/www.karlhauser.com\\\/en\\\/products\\\/deutsche-mutterkreuz-bronze-2\\\/\",\"url\":\"https:\\\/\\\/www.karlhauser.com\\\/en\\\/products\\\/deutsche-mutterkreuz-bronze-2\\\/\",\"name\":\"DEUTSCHE MUTTERKREUZ BRONZE - Karl H\u00e4user\",\"isPartOf\":{\"@id\":\"https:\\\/\\\/www.karlhauser.com\\\/en\\\/#website\"},\"primaryImageOfPage\":{\"@id\":\"https:\\\/\\\/www.karlhauser.com\\\/en\\\/products\\\/deutsche-mutterkreuz-bronze-2\\\/#primaryimage\"},\"image\":{\"@id\":\"https:\\\/\\\/www.karlhauser.com\\\/en\\\/products\\\/deutsche-mutterkreuz-bronze-2\\\/#primaryimage\"},\"thumbnailUrl\":\"https:\\\/\\\/www.karlhauser.com\\\/wp-content\\\/uploads\\\/2023\\\/10\\\/IMG_6821.jpg\",\"datePublished\":\"2023-10-07T10:31:37+00:00\",\"dateModified\":\"2025-03-16T18:31:13+00:00\",\"breadcrumb\":{\"@id\":\"https:\\\/\\\/www.karlhauser.com\\\/en\\\/products\\\/deutsche-mutterkreuz-bronze-2\\\/#breadcrumb\"},\"inLanguage\":\"en-US\",\"potentialAction\":[{\"@type\":\"ReadAction\",\"target\":[\"https:\\\/\\\/www.karlhauser.com\\\/en\\\/products\\\/deutsche-mutterkreuz-bronze-2\\\/\"]}]},{\"@type\":\"ImageObject\",\"inLanguage\":\"en-US\",\"@id\":\"https:\\\/\\\/www.karlhauser.com\\\/en\\\/products\\\/deutsche-mutterkreuz-bronze-2\\\/#primaryimage\",\"url\":\"https:\\\/\\\/www.karlhauser.com\\\/wp-content\\\/uploads\\\/2023\\\/10\\\/IMG_6821.jpg\",\"contentUrl\":\"https:\\\/\\\/www.karlhauser.com\\\/wp-content\\\/uploads\\\/2023\\\/10\\\/IMG_6821.jpg\",\"width\":1776,\"height\":1836},{\"@type\":\"BreadcrumbList\",\"@id\":\"https:\\\/\\\/www.karlhauser.com\\\/en\\\/products\\\/deutsche-mutterkreuz-bronze-2\\\/#breadcrumb\",\"itemListElement\":[{\"@type\":\"ListItem\",\"position\":1,\"name\":\"Home\",\"item\":\"https:\\\/\\\/www.karlhauser.com\\\/en\\\/\"},{\"@type\":\"ListItem\",\"position\":2,\"name\":\"Shop\",\"item\":\"https:\\\/\\\/www.karlhauser.com\\\/en\\\/shop\\\/\"},{\"@type\":\"ListItem\",\"position\":3,\"name\":\"DEUTSCHE MUTTERKREUZ BRONZE\"}]},{\"@type\":\"WebSite\",\"@id\":\"https:\\\/\\\/www.karlhauser.com\\\/en\\\/#website\",\"url\":\"https:\\\/\\\/www.karlhauser.com\\\/en\\\/\",\"name\":\"Karl H\u00e4user\",\"description\":\"Milit\u00e4rische Antiquit\u00e4ten und Waffen Vermittlung\",\"publisher\":{\"@id\":\"https:\\\/\\\/www.karlhauser.com\\\/en\\\/#organization\"},\"potentialAction\":[{\"@type\":\"SearchAction\",\"target\":{\"@type\":\"EntryPoint\",\"urlTemplate\":\"https:\\\/\\\/www.karlhauser.com\\\/en\\\/?s={search_term_string}\"},\"query-input\":{\"@type\":\"PropertyValueSpecification\",\"valueRequired\":true,\"valueName\":\"search_term_string\"}}],\"inLanguage\":\"en-US\"},{\"@type\":\"Organization\",\"@id\":\"https:\\\/\\\/www.karlhauser.com\\\/en\\\/#organization\",\"name\":\"Karl H\u00e4user\",\"url\":\"https:\\\/\\\/www.karlhauser.com\\\/en\\\/\",\"logo\":{\"@type\":\"ImageObject\",\"inLanguage\":\"en-US\",\"@id\":\"https:\\\/\\\/www.karlhauser.com\\\/en\\\/#\\\/schema\\\/logo\\\/image\\\/\",\"url\":\"https:\\\/\\\/www.karlhauser.com\\\/wp-content\\\/uploads\\\/2022\\\/09\\\/KH-generico-3.jpg\",\"contentUrl\":\"https:\\\/\\\/www.karlhauser.com\\\/wp-content\\\/uploads\\\/2022\\\/09\\\/KH-generico-3.jpg\",\"width\":470,\"height\":470,\"caption\":\"Karl H\u00e4user\"},\"image\":{\"@id\":\"https:\\\/\\\/www.karlhauser.com\\\/en\\\/#\\\/schema\\\/logo\\\/image\\\/\"},\"sameAs\":[\"https:\\\/\\\/www.instagram.com\\\/karlhauser.antik\\\/\",\"https:\\\/\\\/www.youtube.com\\\/channel\\\/UCt-9t2bku12mwXmte0FJLGQ\",\"https:\\\/\\\/www.ebay.it\\\/str\\\/karlhausermilitaryantiques?_trksid=p2047675.m3561.l2563\"]}]}<\/script>\n<!-- \/ Yoast SEO plugin. -->","yoast_head_json":{"title":"DEUTSCHE MUTTERKREUZ BRONZE - Karl H\u00e4user","robots":{"index":"index","follow":"follow","max-snippet":"max-snippet:-1","max-image-preview":"max-image-preview:large","max-video-preview":"max-video-preview:-1"},"canonical":"https:\/\/www.karlhauser.com\/en\/products\/deutsche-mutterkreuz-bronze-2\/","og_locale":"en_US","og_type":"article","og_title":"DEUTSCHE MUTTERKREUZ BRONZE - Karl H\u00e4user","og_description":"Size 46 X 35 mm. Thickness 4 mm. Weight 12.775 gr","og_url":"https:\/\/www.karlhauser.com\/en\/products\/deutsche-mutterkreuz-bronze-2\/","og_site_name":"Karl H\u00e4user","article_modified_time":"2025-03-16T18:31:13+00:00","og_image":[{"width":1776,"height":1836,"url":"https:\/\/www.karlhauser.com\/wp-content\/uploads\/2023\/10\/IMG_6821.jpg","type":"image\/jpeg"}],"twitter_card":"summary_large_image","twitter_misc":{"Est. reading time":"1 minute"},"schema":{"@context":"https:\/\/schema.org","@graph":[{"@type":"WebPage","@id":"https:\/\/www.karlhauser.com\/en\/products\/deutsche-mutterkreuz-bronze-2\/","url":"https:\/\/www.karlhauser.com\/en\/products\/deutsche-mutterkreuz-bronze-2\/","name":"DEUTSCHE MUTTERKREUZ BRONZE - Karl H\u00e4user","isPartOf":{"@id":"https:\/\/www.karlhauser.com\/en\/#website"},"primaryImageOfPage":{"@id":"https:\/\/www.karlhauser.com\/en\/products\/deutsche-mutterkreuz-bronze-2\/#primaryimage"},"image":{"@id":"https:\/\/www.karlhauser.com\/en\/products\/deutsche-mutterkreuz-bronze-2\/#primaryimage"},"thumbnailUrl":"https:\/\/www.karlhauser.com\/wp-content\/uploads\/2023\/10\/IMG_6821.jpg","datePublished":"2023-10-07T10:31:37+00:00","dateModified":"2025-03-16T18:31:13+00:00","breadcrumb":{"@id":"https:\/\/www.karlhauser.com\/en\/products\/deutsche-mutterkreuz-bronze-2\/#breadcrumb"},"inLanguage":"en-US","potentialAction":[{"@type":"ReadAction","target":["https:\/\/www.karlhauser.com\/en\/products\/deutsche-mutterkreuz-bronze-2\/"]}]},{"@type":"ImageObject","inLanguage":"en-US","@id":"https:\/\/www.karlhauser.com\/en\/products\/deutsche-mutterkreuz-bronze-2\/#primaryimage","url":"https:\/\/www.karlhauser.com\/wp-content\/uploads\/2023\/10\/IMG_6821.jpg","contentUrl":"https:\/\/www.karlhauser.com\/wp-content\/uploads\/2023\/10\/IMG_6821.jpg","width":1776,"height":1836},{"@type":"BreadcrumbList","@id":"https:\/\/www.karlhauser.com\/en\/products\/deutsche-mutterkreuz-bronze-2\/#breadcrumb","itemListElement":[{"@type":"ListItem","position":1,"name":"Home","item":"https:\/\/www.karlhauser.com\/en\/"},{"@type":"ListItem","position":2,"name":"Shop","item":"https:\/\/www.karlhauser.com\/en\/shop\/"},{"@type":"ListItem","position":3,"name":"DEUTSCHE MUTTERKREUZ BRONZE"}]},{"@type":"WebSite","@id":"https:\/\/www.karlhauser.com\/en\/#website","url":"https:\/\/www.karlhauser.com\/en\/","name":"Karl H\u00e4user","description":"Milit\u00e4rische Antiquit\u00e4ten und Waffen Vermittlung","publisher":{"@id":"https:\/\/www.karlhauser.com\/en\/#organization"},"potentialAction":[{"@type":"SearchAction","target":{"@type":"EntryPoint","urlTemplate":"https:\/\/www.karlhauser.com\/en\/?s={search_term_string}"},"query-input":{"@type":"PropertyValueSpecification","valueRequired":true,"valueName":"search_term_string"}}],"inLanguage":"en-US"},{"@type":"Organization","@id":"https:\/\/www.karlhauser.com\/en\/#organization","name":"Karl H\u00e4user","url":"https:\/\/www.karlhauser.com\/en\/","logo":{"@type":"ImageObject","inLanguage":"en-US","@id":"https:\/\/www.karlhauser.com\/en\/#\/schema\/logo\/image\/","url":"https:\/\/www.karlhauser.com\/wp-content\/uploads\/2022\/09\/KH-generico-3.jpg","contentUrl":"https:\/\/www.karlhauser.com\/wp-content\/uploads\/2022\/09\/KH-generico-3.jpg","width":470,"height":470,"caption":"Karl H\u00e4user"},"image":{"@id":"https:\/\/www.karlhauser.com\/en\/#\/schema\/logo\/image\/"},"sameAs":["https:\/\/www.instagram.com\/karlhauser.antik\/","https:\/\/www.youtube.com\/channel\/UCt-9t2bku12mwXmte0FJLGQ","https:\/\/www.ebay.it\/str\/karlhausermilitaryantiques?_trksid=p2047675.m3561.l2563"]}]}},"_links":{"self":[{"href":"https:\/\/www.karlhauser.com\/en\/wp-json\/wp\/v2\/product\/5764","targetHints":{"allow":["GET"]}}],"collection":[{"href":"https:\/\/www.karlhauser.com\/en\/wp-json\/wp\/v2\/product"}],"about":[{"href":"https:\/\/www.karlhauser.com\/en\/wp-json\/wp\/v2\/types\/product"}],"wp:featuredmedia":[{"embeddable":true,"href":"https:\/\/www.karlhauser.com\/en\/wp-json\/wp\/v2\/media\/5765"}],"wp:attachment":[{"href":"https:\/\/www.karlhauser.com\/en\/wp-json\/wp\/v2\/media?parent=5764"}],"wp:term":[{"taxonomy":"product_brand","embeddable":true,"href":"https:\/\/www.karlhauser.com\/en\/wp-json\/wp\/v2\/product_brand?post=5764"},{"taxonomy":"product_cat","embeddable":true,"href":"https:\/\/www.karlhauser.com\/en\/wp-json\/wp\/v2\/product_cat?post=5764"},{"taxonomy":"product_tag","embeddable":true,"href":"https:\/\/www.karlhauser.com\/en\/wp-json\/wp\/v2\/product_tag?post=5764"}],"curies":[{"name":"wp","href":"https:\/\/api.w.org\/{rel}","templated":true}]}}