{"id":6611,"date":"2023-12-19T16:54:47","date_gmt":"2023-12-19T15:54:47","guid":{"rendered":"https:\/\/www.karlhauser.com\/?post_type=product&#038;p=6611"},"modified":"2024-04-14T15:33:11","modified_gmt":"2024-04-14T13:33:11","slug":"italian-carabinieri-gala-uniform-more-or-less-1990","status":"publish","type":"product","link":"https:\/\/www.karlhauser.com\/en\/products\/italian-carabinieri-gala-uniform-more-or-less-1990\/","title":{"rendered":"ITALIAN CARABINIERI GALA UNIFORM &#8211; MORE OR LESS 1990"},"content":{"rendered":"<p>USED IN GOOD CONDITION<\/p>\n","protected":false},"excerpt":{"rendered":"<p>GALA UNIFORM<\/p>\n","protected":false},"featured_media":6612,"template":"","meta":{"_acf_changed":false},"product_brand":[],"product_cat":[36],"product_tag":[281,525],"class_list":{"0":"post-6611","1":"product","2":"type-product","3":"status-publish","4":"has-post-thumbnail","6":"product_tag-carabinieri","7":"product_tag-gala-uniform","9":"first","10":"outofstock","11":"taxable","12":"shipping-taxable","13":"purchasable","14":"product-type-simple"},"acf":[],"yoast_head":"<!-- This site is optimized with the Yoast SEO plugin v27.3 - https:\/\/yoast.com\/product\/yoast-seo-wordpress\/ -->\n<title>ITALIAN CARABINIERI GALA UNIFORM - MORE OR LESS 1990 - Karl H\u00e4user<\/title>\n<meta name=\"robots\" content=\"index, follow, max-snippet:-1, max-image-preview:large, max-video-preview:-1\" \/>\n<link rel=\"canonical\" href=\"https:\/\/www.karlhauser.com\/en\/products\/italian-carabinieri-gala-uniform-more-or-less-1990\/\" \/>\n<meta property=\"og:locale\" content=\"en_US\" \/>\n<meta property=\"og:type\" content=\"article\" \/>\n<meta property=\"og:title\" content=\"ITALIAN CARABINIERI GALA UNIFORM - MORE OR LESS 1990 - Karl H\u00e4user\" \/>\n<meta property=\"og:description\" content=\"GALA UNIFORM\" \/>\n<meta property=\"og:url\" content=\"https:\/\/www.karlhauser.com\/en\/products\/italian-carabinieri-gala-uniform-more-or-less-1990\/\" \/>\n<meta property=\"og:site_name\" content=\"Karl H\u00e4user\" \/>\n<meta property=\"article:modified_time\" content=\"2024-04-14T13:33:11+00:00\" \/>\n<meta property=\"og:image\" content=\"https:\/\/www.karlhauser.com\/wp-content\/uploads\/2023\/12\/IMG_7052-scaled.jpg\" \/>\n\t<meta property=\"og:image:width\" content=\"1769\" \/>\n\t<meta property=\"og:image:height\" content=\"2560\" \/>\n\t<meta property=\"og:image:type\" content=\"image\/jpeg\" \/>\n<meta name=\"twitter:card\" content=\"summary_large_image\" \/>\n<meta name=\"twitter:label1\" content=\"Est. reading time\" \/>\n\t<meta name=\"twitter:data1\" content=\"1 minute\" \/>\n<script type=\"application\/ld+json\" class=\"yoast-schema-graph\">{\"@context\":\"https:\\\/\\\/schema.org\",\"@graph\":[{\"@type\":\"WebPage\",\"@id\":\"https:\\\/\\\/www.karlhauser.com\\\/en\\\/products\\\/italian-carabinieri-gala-uniform-more-or-less-1990\\\/\",\"url\":\"https:\\\/\\\/www.karlhauser.com\\\/en\\\/products\\\/italian-carabinieri-gala-uniform-more-or-less-1990\\\/\",\"name\":\"ITALIAN CARABINIERI GALA UNIFORM - MORE OR LESS 1990 - Karl H\u00e4user\",\"isPartOf\":{\"@id\":\"https:\\\/\\\/www.karlhauser.com\\\/en\\\/#website\"},\"primaryImageOfPage\":{\"@id\":\"https:\\\/\\\/www.karlhauser.com\\\/en\\\/products\\\/italian-carabinieri-gala-uniform-more-or-less-1990\\\/#primaryimage\"},\"image\":{\"@id\":\"https:\\\/\\\/www.karlhauser.com\\\/en\\\/products\\\/italian-carabinieri-gala-uniform-more-or-less-1990\\\/#primaryimage\"},\"thumbnailUrl\":\"https:\\\/\\\/www.karlhauser.com\\\/wp-content\\\/uploads\\\/2023\\\/12\\\/IMG_7052-scaled.jpg\",\"datePublished\":\"2023-12-19T15:54:47+00:00\",\"dateModified\":\"2024-04-14T13:33:11+00:00\",\"breadcrumb\":{\"@id\":\"https:\\\/\\\/www.karlhauser.com\\\/en\\\/products\\\/italian-carabinieri-gala-uniform-more-or-less-1990\\\/#breadcrumb\"},\"inLanguage\":\"en-US\",\"potentialAction\":[{\"@type\":\"ReadAction\",\"target\":[\"https:\\\/\\\/www.karlhauser.com\\\/en\\\/products\\\/italian-carabinieri-gala-uniform-more-or-less-1990\\\/\"]}]},{\"@type\":\"ImageObject\",\"inLanguage\":\"en-US\",\"@id\":\"https:\\\/\\\/www.karlhauser.com\\\/en\\\/products\\\/italian-carabinieri-gala-uniform-more-or-less-1990\\\/#primaryimage\",\"url\":\"https:\\\/\\\/www.karlhauser.com\\\/wp-content\\\/uploads\\\/2023\\\/12\\\/IMG_7052-scaled.jpg\",\"contentUrl\":\"https:\\\/\\\/www.karlhauser.com\\\/wp-content\\\/uploads\\\/2023\\\/12\\\/IMG_7052-scaled.jpg\",\"width\":1769,\"height\":2560},{\"@type\":\"BreadcrumbList\",\"@id\":\"https:\\\/\\\/www.karlhauser.com\\\/en\\\/products\\\/italian-carabinieri-gala-uniform-more-or-less-1990\\\/#breadcrumb\",\"itemListElement\":[{\"@type\":\"ListItem\",\"position\":1,\"name\":\"Home\",\"item\":\"https:\\\/\\\/www.karlhauser.com\\\/en\\\/\"},{\"@type\":\"ListItem\",\"position\":2,\"name\":\"Shop\",\"item\":\"https:\\\/\\\/www.karlhauser.com\\\/en\\\/shop\\\/\"},{\"@type\":\"ListItem\",\"position\":3,\"name\":\"ITALIAN CARABINIERI GALA UNIFORM &#8211; MORE OR LESS 1990\"}]},{\"@type\":\"WebSite\",\"@id\":\"https:\\\/\\\/www.karlhauser.com\\\/en\\\/#website\",\"url\":\"https:\\\/\\\/www.karlhauser.com\\\/en\\\/\",\"name\":\"Karl H\u00e4user\",\"description\":\"Milit\u00e4rische Antiquit\u00e4ten und Waffen Vermittlung\",\"publisher\":{\"@id\":\"https:\\\/\\\/www.karlhauser.com\\\/en\\\/#organization\"},\"potentialAction\":[{\"@type\":\"SearchAction\",\"target\":{\"@type\":\"EntryPoint\",\"urlTemplate\":\"https:\\\/\\\/www.karlhauser.com\\\/en\\\/?s={search_term_string}\"},\"query-input\":{\"@type\":\"PropertyValueSpecification\",\"valueRequired\":true,\"valueName\":\"search_term_string\"}}],\"inLanguage\":\"en-US\"},{\"@type\":\"Organization\",\"@id\":\"https:\\\/\\\/www.karlhauser.com\\\/en\\\/#organization\",\"name\":\"Karl H\u00e4user\",\"url\":\"https:\\\/\\\/www.karlhauser.com\\\/en\\\/\",\"logo\":{\"@type\":\"ImageObject\",\"inLanguage\":\"en-US\",\"@id\":\"https:\\\/\\\/www.karlhauser.com\\\/en\\\/#\\\/schema\\\/logo\\\/image\\\/\",\"url\":\"https:\\\/\\\/www.karlhauser.com\\\/wp-content\\\/uploads\\\/2022\\\/09\\\/KH-generico-3.jpg\",\"contentUrl\":\"https:\\\/\\\/www.karlhauser.com\\\/wp-content\\\/uploads\\\/2022\\\/09\\\/KH-generico-3.jpg\",\"width\":470,\"height\":470,\"caption\":\"Karl H\u00e4user\"},\"image\":{\"@id\":\"https:\\\/\\\/www.karlhauser.com\\\/en\\\/#\\\/schema\\\/logo\\\/image\\\/\"},\"sameAs\":[\"https:\\\/\\\/www.instagram.com\\\/karlhauser.antik\\\/\",\"https:\\\/\\\/www.youtube.com\\\/channel\\\/UCt-9t2bku12mwXmte0FJLGQ\",\"https:\\\/\\\/www.ebay.it\\\/str\\\/karlhausermilitaryantiques?_trksid=p2047675.m3561.l2563\"]}]}<\/script>\n<!-- \/ Yoast SEO plugin. -->","yoast_head_json":{"title":"ITALIAN CARABINIERI GALA UNIFORM - MORE OR LESS 1990 - Karl H\u00e4user","robots":{"index":"index","follow":"follow","max-snippet":"max-snippet:-1","max-image-preview":"max-image-preview:large","max-video-preview":"max-video-preview:-1"},"canonical":"https:\/\/www.karlhauser.com\/en\/products\/italian-carabinieri-gala-uniform-more-or-less-1990\/","og_locale":"en_US","og_type":"article","og_title":"ITALIAN CARABINIERI GALA UNIFORM - MORE OR LESS 1990 - Karl H\u00e4user","og_description":"GALA UNIFORM","og_url":"https:\/\/www.karlhauser.com\/en\/products\/italian-carabinieri-gala-uniform-more-or-less-1990\/","og_site_name":"Karl H\u00e4user","article_modified_time":"2024-04-14T13:33:11+00:00","og_image":[{"width":1769,"height":2560,"url":"https:\/\/www.karlhauser.com\/wp-content\/uploads\/2023\/12\/IMG_7052-scaled.jpg","type":"image\/jpeg"}],"twitter_card":"summary_large_image","twitter_misc":{"Est. reading time":"1 minute"},"schema":{"@context":"https:\/\/schema.org","@graph":[{"@type":"WebPage","@id":"https:\/\/www.karlhauser.com\/en\/products\/italian-carabinieri-gala-uniform-more-or-less-1990\/","url":"https:\/\/www.karlhauser.com\/en\/products\/italian-carabinieri-gala-uniform-more-or-less-1990\/","name":"ITALIAN CARABINIERI GALA UNIFORM - MORE OR LESS 1990 - Karl H\u00e4user","isPartOf":{"@id":"https:\/\/www.karlhauser.com\/en\/#website"},"primaryImageOfPage":{"@id":"https:\/\/www.karlhauser.com\/en\/products\/italian-carabinieri-gala-uniform-more-or-less-1990\/#primaryimage"},"image":{"@id":"https:\/\/www.karlhauser.com\/en\/products\/italian-carabinieri-gala-uniform-more-or-less-1990\/#primaryimage"},"thumbnailUrl":"https:\/\/www.karlhauser.com\/wp-content\/uploads\/2023\/12\/IMG_7052-scaled.jpg","datePublished":"2023-12-19T15:54:47+00:00","dateModified":"2024-04-14T13:33:11+00:00","breadcrumb":{"@id":"https:\/\/www.karlhauser.com\/en\/products\/italian-carabinieri-gala-uniform-more-or-less-1990\/#breadcrumb"},"inLanguage":"en-US","potentialAction":[{"@type":"ReadAction","target":["https:\/\/www.karlhauser.com\/en\/products\/italian-carabinieri-gala-uniform-more-or-less-1990\/"]}]},{"@type":"ImageObject","inLanguage":"en-US","@id":"https:\/\/www.karlhauser.com\/en\/products\/italian-carabinieri-gala-uniform-more-or-less-1990\/#primaryimage","url":"https:\/\/www.karlhauser.com\/wp-content\/uploads\/2023\/12\/IMG_7052-scaled.jpg","contentUrl":"https:\/\/www.karlhauser.com\/wp-content\/uploads\/2023\/12\/IMG_7052-scaled.jpg","width":1769,"height":2560},{"@type":"BreadcrumbList","@id":"https:\/\/www.karlhauser.com\/en\/products\/italian-carabinieri-gala-uniform-more-or-less-1990\/#breadcrumb","itemListElement":[{"@type":"ListItem","position":1,"name":"Home","item":"https:\/\/www.karlhauser.com\/en\/"},{"@type":"ListItem","position":2,"name":"Shop","item":"https:\/\/www.karlhauser.com\/en\/shop\/"},{"@type":"ListItem","position":3,"name":"ITALIAN CARABINIERI GALA UNIFORM &#8211; MORE OR LESS 1990"}]},{"@type":"WebSite","@id":"https:\/\/www.karlhauser.com\/en\/#website","url":"https:\/\/www.karlhauser.com\/en\/","name":"Karl H\u00e4user","description":"Milit\u00e4rische Antiquit\u00e4ten und Waffen Vermittlung","publisher":{"@id":"https:\/\/www.karlhauser.com\/en\/#organization"},"potentialAction":[{"@type":"SearchAction","target":{"@type":"EntryPoint","urlTemplate":"https:\/\/www.karlhauser.com\/en\/?s={search_term_string}"},"query-input":{"@type":"PropertyValueSpecification","valueRequired":true,"valueName":"search_term_string"}}],"inLanguage":"en-US"},{"@type":"Organization","@id":"https:\/\/www.karlhauser.com\/en\/#organization","name":"Karl H\u00e4user","url":"https:\/\/www.karlhauser.com\/en\/","logo":{"@type":"ImageObject","inLanguage":"en-US","@id":"https:\/\/www.karlhauser.com\/en\/#\/schema\/logo\/image\/","url":"https:\/\/www.karlhauser.com\/wp-content\/uploads\/2022\/09\/KH-generico-3.jpg","contentUrl":"https:\/\/www.karlhauser.com\/wp-content\/uploads\/2022\/09\/KH-generico-3.jpg","width":470,"height":470,"caption":"Karl H\u00e4user"},"image":{"@id":"https:\/\/www.karlhauser.com\/en\/#\/schema\/logo\/image\/"},"sameAs":["https:\/\/www.instagram.com\/karlhauser.antik\/","https:\/\/www.youtube.com\/channel\/UCt-9t2bku12mwXmte0FJLGQ","https:\/\/www.ebay.it\/str\/karlhausermilitaryantiques?_trksid=p2047675.m3561.l2563"]}]}},"_links":{"self":[{"href":"https:\/\/www.karlhauser.com\/en\/wp-json\/wp\/v2\/product\/6611","targetHints":{"allow":["GET"]}}],"collection":[{"href":"https:\/\/www.karlhauser.com\/en\/wp-json\/wp\/v2\/product"}],"about":[{"href":"https:\/\/www.karlhauser.com\/en\/wp-json\/wp\/v2\/types\/product"}],"wp:featuredmedia":[{"embeddable":true,"href":"https:\/\/www.karlhauser.com\/en\/wp-json\/wp\/v2\/media\/6612"}],"wp:attachment":[{"href":"https:\/\/www.karlhauser.com\/en\/wp-json\/wp\/v2\/media?parent=6611"}],"wp:term":[{"taxonomy":"product_brand","embeddable":true,"href":"https:\/\/www.karlhauser.com\/en\/wp-json\/wp\/v2\/product_brand?post=6611"},{"taxonomy":"product_cat","embeddable":true,"href":"https:\/\/www.karlhauser.com\/en\/wp-json\/wp\/v2\/product_cat?post=6611"},{"taxonomy":"product_tag","embeddable":true,"href":"https:\/\/www.karlhauser.com\/en\/wp-json\/wp\/v2\/product_tag?post=6611"}],"curies":[{"name":"wp","href":"https:\/\/api.w.org\/{rel}","templated":true}]}}