{"id":206,"date":"2022-09-14T12:01:34","date_gmt":"2022-09-14T10:01:34","guid":{"rendered":"https:\/\/www.karlhauser.com\/?page_id=206"},"modified":"2024-12-02T10:14:50","modified_gmt":"2024-12-02T09:14:50","slug":"vendi","status":"publish","type":"page","link":"https:\/\/www.karlhauser.com\/it\/vendi\/","title":{"rendered":"Vendi"},"content":{"rendered":"<div class=\"wpb-content-wrapper\"><p>[vc_row content_placement=&#8221;middle&#8221; css=&#8221;.vc_custom_1663002384531{padding-top: 5em !important;padding-bottom: 4em !important;}&#8221;][vc_column width=&#8221;1\/3&#8243; offset=&#8221;vc_col-sm-offset-1&#8243;][vc_single_image image=&#8221;63&#8243; img_size=&#8221;full&#8221; alignment=&#8221;center&#8221; css_animation=&#8221;fadeIn&#8221;][\/vc_column][vc_column css_animation=&#8221;right-to-left&#8221; width=&#8221;1\/2&#8243;]<h2 class=\"deco-title sinistra\"><span class=\"deco-eylet\">Armi ed Antiquariato Militare<\/span><span>Cosa facciamo<\/span><\/h2>[vc_column_text]Acquistare e vendere Antiquariato Militare \u00e8 ci\u00f2 di cui ci occupiamo dal 1985. La nostra azienda ha offerto i propri servizi ad alcuni tra i pi\u00f9 grandi collezionisti in Europa, Stati Uniti, Russia, Asia e Australia ed intrattiene frequenti rapporti con alcune delle pi\u00f9 importanti case d\u2019asta del mondo.<\/p>\n<p>Da oltre trent\u2019anni, offriamo la nostra consulenza per valutare, identificare e acquistare o vendere qualsiasi tipo di oggetto da collezione legato alla storia degli ultimi due secoli.[\/vc_column_text]<h1 class=\"deco-title sinistra\"><span>Compriamo i tuoi oggetti da collezione<\/span><\/h1>[vc_column_text css=&#8221;&#8221;]Sia che siate collezionisti intenzionati a vendere l\u2019intera raccolta o che non siate interessati al collezionismo ma avete appena trovato alcune medaglie, armi, pugnali, uniformi, elmetti, berretti, documenti, album fotografici, attrezzature e vi piacerebbe sapere quanto potrebbero valere, contattateci. Compriamo intere collezioni o singoli oggetti. Paghiamo immediatamente e provvediamo al ritiro del materiale con mezzi nostri.[\/vc_column_text]<div class=\"button-wrapper sinistra\">\n\t\t\t<button type=\"button\" data-target=\"#cta-modal-69fb74d457d75\" data-unique=\"69fb74d457d75\" data-label=\"Contattaci\" data-form=\"15198\" data-articolo=\"\" class=\"btn btn-default ajax-modal\" title=\"Contattaci\">Contattaci<\/button>\n\t\t<\/div>[\/vc_column][\/vc_row]<\/p>\n<\/div>","protected":false},"excerpt":{"rendered":"<p>[vc_row content_placement=&#8221;middle&#8221; css=&#8221;.vc_custom_1663002384531{padding-top: 5em !important;padding-bottom: 4em !important;}&#8221;][vc_column width=&#8221;1\/3&#8243; offset=&#8221;vc_col-sm-offset-1&#8243;][vc_single_image image=&#8221;63&#8243; img_size=&#8221;full&#8221; alignment=&#8221;center&#8221; css_animation=&#8221;fadeIn&#8221;][\/vc_column][vc_column css_animation=&#8221;right-to-left&#8221; width=&#8221;1\/2&#8243;][vc_column_text]Acquistare e vendere Antiquariato Militare \u00e8 ci\u00f2 di cui ci occupiamo dal 1985. La nostra azienda ha offerto i propri servizi ad alcuni tra i pi\u00f9 grandi collezionisti in Europa, Stati Uniti, Russia, Asia e Australia ed intrattiene frequenti rapporti con [&hellip;]<\/p>\n","protected":false},"author":1,"featured_media":0,"parent":0,"menu_order":0,"comment_status":"closed","ping_status":"closed","template":"","meta":{"_acf_changed":false,"footnotes":""},"class_list":["post-206","page","type-page","status-publish","hentry"],"acf":[],"yoast_head":"<!-- This site is optimized with the Yoast SEO plugin v27.5 - https:\/\/yoast.com\/product\/yoast-seo-wordpress\/ -->\n<title>Vendi - Karl H\u00e4user<\/title>\n<meta name=\"robots\" content=\"index, follow, max-snippet:-1, max-image-preview:large, max-video-preview:-1\" \/>\n<link rel=\"canonical\" href=\"https:\/\/www.karlhauser.com\/it\/vendi\/\" \/>\n<meta property=\"og:locale\" content=\"it_IT\" \/>\n<meta property=\"og:type\" content=\"article\" \/>\n<meta property=\"og:title\" content=\"Vendi - Karl H\u00e4user\" \/>\n<meta property=\"og:description\" content=\"[vc_row content_placement=&#8221;middle&#8221; css=&#8221;.vc_custom_1663002384531{padding-top: 5em !important;padding-bottom: 4em !important;}&#8221;][vc_column width=&#8221;1\/3&#8243; offset=&#8221;vc_col-sm-offset-1&#8243;][vc_single_image image=&#8221;63&#8243; img_size=&#8221;full&#8221; alignment=&#8221;center&#8221; css_animation=&#8221;fadeIn&#8221;][\/vc_column][vc_column css_animation=&#8221;right-to-left&#8221; width=&#8221;1\/2&#8243;][vc_column_text]Acquistare e vendere Antiquariato Militare \u00e8 ci\u00f2 di cui ci occupiamo dal 1985. La nostra azienda ha offerto i propri servizi ad alcuni tra i pi\u00f9 grandi collezionisti in Europa, Stati Uniti, Russia, Asia e Australia ed intrattiene frequenti rapporti con [&hellip;]\" \/>\n<meta property=\"og:url\" content=\"https:\/\/www.karlhauser.com\/it\/vendi\/\" \/>\n<meta property=\"og:site_name\" content=\"Karl H\u00e4user\" \/>\n<meta property=\"article:modified_time\" content=\"2024-12-02T09:14:50+00:00\" \/>\n<meta name=\"twitter:card\" content=\"summary_large_image\" \/>\n<meta name=\"twitter:label1\" content=\"Tempo di lettura stimato\" \/>\n\t<meta name=\"twitter:data1\" content=\"1 minuto\" \/>\n<script type=\"application\/ld+json\" class=\"yoast-schema-graph\">{\"@context\":\"https:\\\/\\\/schema.org\",\"@graph\":[{\"@type\":\"WebPage\",\"@id\":\"https:\\\/\\\/www.karlhauser.com\\\/it\\\/vendi\\\/\",\"url\":\"https:\\\/\\\/www.karlhauser.com\\\/it\\\/vendi\\\/\",\"name\":\"Vendi - Karl H\u00e4user\",\"isPartOf\":{\"@id\":\"https:\\\/\\\/www.karlhauser.com\\\/it\\\/#website\"},\"datePublished\":\"2022-09-14T10:01:34+00:00\",\"dateModified\":\"2024-12-02T09:14:50+00:00\",\"breadcrumb\":{\"@id\":\"https:\\\/\\\/www.karlhauser.com\\\/it\\\/vendi\\\/#breadcrumb\"},\"inLanguage\":\"it-IT\",\"potentialAction\":[{\"@type\":\"ReadAction\",\"target\":[\"https:\\\/\\\/www.karlhauser.com\\\/it\\\/vendi\\\/\"]}]},{\"@type\":\"BreadcrumbList\",\"@id\":\"https:\\\/\\\/www.karlhauser.com\\\/it\\\/vendi\\\/#breadcrumb\",\"itemListElement\":[{\"@type\":\"ListItem\",\"position\":1,\"name\":\"Home\",\"item\":\"https:\\\/\\\/www.karlhauser.com\\\/it\\\/\"},{\"@type\":\"ListItem\",\"position\":2,\"name\":\"Vendi\"}]},{\"@type\":\"WebSite\",\"@id\":\"https:\\\/\\\/www.karlhauser.com\\\/it\\\/#website\",\"url\":\"https:\\\/\\\/www.karlhauser.com\\\/it\\\/\",\"name\":\"Karl H\u00e4user\",\"description\":\"Milit\u00e4rische Antiquit\u00e4ten und Waffen Vermittlung\",\"publisher\":{\"@id\":\"https:\\\/\\\/www.karlhauser.com\\\/it\\\/#organization\"},\"potentialAction\":[{\"@type\":\"SearchAction\",\"target\":{\"@type\":\"EntryPoint\",\"urlTemplate\":\"https:\\\/\\\/www.karlhauser.com\\\/it\\\/?s={search_term_string}\"},\"query-input\":{\"@type\":\"PropertyValueSpecification\",\"valueRequired\":true,\"valueName\":\"search_term_string\"}}],\"inLanguage\":\"it-IT\"},{\"@type\":\"Organization\",\"@id\":\"https:\\\/\\\/www.karlhauser.com\\\/it\\\/#organization\",\"name\":\"Karl H\u00e4user\",\"url\":\"https:\\\/\\\/www.karlhauser.com\\\/it\\\/\",\"logo\":{\"@type\":\"ImageObject\",\"inLanguage\":\"it-IT\",\"@id\":\"https:\\\/\\\/www.karlhauser.com\\\/it\\\/#\\\/schema\\\/logo\\\/image\\\/\",\"url\":\"https:\\\/\\\/www.karlhauser.com\\\/wp-content\\\/uploads\\\/2022\\\/09\\\/KH-generico-3.jpg\",\"contentUrl\":\"https:\\\/\\\/www.karlhauser.com\\\/wp-content\\\/uploads\\\/2022\\\/09\\\/KH-generico-3.jpg\",\"width\":470,\"height\":470,\"caption\":\"Karl H\u00e4user\"},\"image\":{\"@id\":\"https:\\\/\\\/www.karlhauser.com\\\/it\\\/#\\\/schema\\\/logo\\\/image\\\/\"},\"sameAs\":[\"https:\\\/\\\/www.instagram.com\\\/karlhauser.antik\\\/\",\"https:\\\/\\\/www.youtube.com\\\/channel\\\/UCt-9t2bku12mwXmte0FJLGQ\",\"https:\\\/\\\/www.ebay.it\\\/str\\\/karlhausermilitaryantiques?_trksid=p2047675.m3561.l2563\"]}]}<\/script>\n<!-- \/ Yoast SEO plugin. -->","yoast_head_json":{"title":"Vendi - Karl H\u00e4user","robots":{"index":"index","follow":"follow","max-snippet":"max-snippet:-1","max-image-preview":"max-image-preview:large","max-video-preview":"max-video-preview:-1"},"canonical":"https:\/\/www.karlhauser.com\/it\/vendi\/","og_locale":"it_IT","og_type":"article","og_title":"Vendi - Karl H\u00e4user","og_description":"[vc_row content_placement=&#8221;middle&#8221; css=&#8221;.vc_custom_1663002384531{padding-top: 5em !important;padding-bottom: 4em !important;}&#8221;][vc_column width=&#8221;1\/3&#8243; offset=&#8221;vc_col-sm-offset-1&#8243;][vc_single_image image=&#8221;63&#8243; img_size=&#8221;full&#8221; alignment=&#8221;center&#8221; css_animation=&#8221;fadeIn&#8221;][\/vc_column][vc_column css_animation=&#8221;right-to-left&#8221; width=&#8221;1\/2&#8243;][vc_column_text]Acquistare e vendere Antiquariato Militare \u00e8 ci\u00f2 di cui ci occupiamo dal 1985. La nostra azienda ha offerto i propri servizi ad alcuni tra i pi\u00f9 grandi collezionisti in Europa, Stati Uniti, Russia, Asia e Australia ed intrattiene frequenti rapporti con [&hellip;]","og_url":"https:\/\/www.karlhauser.com\/it\/vendi\/","og_site_name":"Karl H\u00e4user","article_modified_time":"2024-12-02T09:14:50+00:00","twitter_card":"summary_large_image","twitter_misc":{"Tempo di lettura stimato":"1 minuto"},"schema":{"@context":"https:\/\/schema.org","@graph":[{"@type":"WebPage","@id":"https:\/\/www.karlhauser.com\/it\/vendi\/","url":"https:\/\/www.karlhauser.com\/it\/vendi\/","name":"Vendi - Karl H\u00e4user","isPartOf":{"@id":"https:\/\/www.karlhauser.com\/it\/#website"},"datePublished":"2022-09-14T10:01:34+00:00","dateModified":"2024-12-02T09:14:50+00:00","breadcrumb":{"@id":"https:\/\/www.karlhauser.com\/it\/vendi\/#breadcrumb"},"inLanguage":"it-IT","potentialAction":[{"@type":"ReadAction","target":["https:\/\/www.karlhauser.com\/it\/vendi\/"]}]},{"@type":"BreadcrumbList","@id":"https:\/\/www.karlhauser.com\/it\/vendi\/#breadcrumb","itemListElement":[{"@type":"ListItem","position":1,"name":"Home","item":"https:\/\/www.karlhauser.com\/it\/"},{"@type":"ListItem","position":2,"name":"Vendi"}]},{"@type":"WebSite","@id":"https:\/\/www.karlhauser.com\/it\/#website","url":"https:\/\/www.karlhauser.com\/it\/","name":"Karl H\u00e4user","description":"Milit\u00e4rische Antiquit\u00e4ten und Waffen Vermittlung","publisher":{"@id":"https:\/\/www.karlhauser.com\/it\/#organization"},"potentialAction":[{"@type":"SearchAction","target":{"@type":"EntryPoint","urlTemplate":"https:\/\/www.karlhauser.com\/it\/?s={search_term_string}"},"query-input":{"@type":"PropertyValueSpecification","valueRequired":true,"valueName":"search_term_string"}}],"inLanguage":"it-IT"},{"@type":"Organization","@id":"https:\/\/www.karlhauser.com\/it\/#organization","name":"Karl H\u00e4user","url":"https:\/\/www.karlhauser.com\/it\/","logo":{"@type":"ImageObject","inLanguage":"it-IT","@id":"https:\/\/www.karlhauser.com\/it\/#\/schema\/logo\/image\/","url":"https:\/\/www.karlhauser.com\/wp-content\/uploads\/2022\/09\/KH-generico-3.jpg","contentUrl":"https:\/\/www.karlhauser.com\/wp-content\/uploads\/2022\/09\/KH-generico-3.jpg","width":470,"height":470,"caption":"Karl H\u00e4user"},"image":{"@id":"https:\/\/www.karlhauser.com\/it\/#\/schema\/logo\/image\/"},"sameAs":["https:\/\/www.instagram.com\/karlhauser.antik\/","https:\/\/www.youtube.com\/channel\/UCt-9t2bku12mwXmte0FJLGQ","https:\/\/www.ebay.it\/str\/karlhausermilitaryantiques?_trksid=p2047675.m3561.l2563"]}]}},"_links":{"self":[{"href":"https:\/\/www.karlhauser.com\/it\/wp-json\/wp\/v2\/pages\/206","targetHints":{"allow":["GET"]}}],"collection":[{"href":"https:\/\/www.karlhauser.com\/it\/wp-json\/wp\/v2\/pages"}],"about":[{"href":"https:\/\/www.karlhauser.com\/it\/wp-json\/wp\/v2\/types\/page"}],"author":[{"embeddable":true,"href":"https:\/\/www.karlhauser.com\/it\/wp-json\/wp\/v2\/users\/1"}],"replies":[{"embeddable":true,"href":"https:\/\/www.karlhauser.com\/it\/wp-json\/wp\/v2\/comments?post=206"}],"version-history":[{"count":9,"href":"https:\/\/www.karlhauser.com\/it\/wp-json\/wp\/v2\/pages\/206\/revisions"}],"predecessor-version":[{"id":15200,"href":"https:\/\/www.karlhauser.com\/it\/wp-json\/wp\/v2\/pages\/206\/revisions\/15200"}],"wp:attachment":[{"href":"https:\/\/www.karlhauser.com\/it\/wp-json\/wp\/v2\/media?parent=206"}],"curies":[{"name":"wp","href":"https:\/\/api.w.org\/{rel}","templated":true}]}}