{"id":316,"date":"2022-09-19T18:21:15","date_gmt":"2022-09-19T16:21:15","guid":{"rendered":"https:\/\/www.karlhauser.com\/privacy-policy\/"},"modified":"2024-01-18T12:42:02","modified_gmt":"2024-01-18T11:42:02","slug":"privacy-policy","status":"publish","type":"page","link":"https:\/\/www.karlhauser.com\/it\/privacy-policy\/","title":{"rendered":"Privacy Policy"},"content":{"rendered":"<div class=\"privacy-policy-container\">\t\r\n\t<h1>Informativa privacy e cookie<\/h1>\r\n\t<p>\r\n\t\t&nbsp;\r\n\t<\/p>\r\n\t<h2>TITOLARE DEL TRATTAMENTO DEI DATI PERSONALI<\/h2>\r\n\t<h3>Il Titolare del Trattamento<\/h3>\r\n\t<ul>\r\n\t\t<li>Il Titolare del Trattamento dei dati di questo sito web &egrave;<br \/>\r\n\t\t<strong>Karl H\u00e4user<\/strong> <strong>Betriebsstandort -<\/strong> Via Raimondo dalla Costa, 440 41121 Modena (MO)\r\n\t\t<\/li>\r\n\t<\/ul>\r\n\t<p>&nbsp;<\/p>\r\n\t<h2>TRATTAMENTO DATI PERSONALI<\/h2>\r\n\t<p>\r\n\t\tAi sensi dell&rsquo;art. 13 del Regolamento (UE) 2016\/679, recante   &ldquo;Codice in materia di protezione dei dati personali&rdquo;, desideriamo informarvi:\r\n\t<\/p>\r\n\t<h3>Finalit&agrave; e modalit&agrave; del trattamento<\/h3>\r\n\t<ul>\r\n\t\t<li>Il trattamento dei dati viene effettuato per la finalit&agrave; di invio di newsletter\/informazioni generali e raccolta dati statistici nel rispetto dei limiti e delle condizioni previste dalla legge, con strumenti automatizzati, inclusi quelli elettronici e telematici.<\/li>\r\n\t<\/ul>\r\n\t<h3>Natura del conferimento dei dati<\/h3>\r\n\t<ul>\r\n\t\t<li>Il conferimento dei dati ha natura facoltativa.<\/li>\r\n\t<\/ul>\r\n\t<h3>Conseguenze della sua opposizione al trattamento dei dati<\/h3>\r\n\t<ul>\r\n\t\t<li>La mancata disponibilit&agrave; totale o parziale dei dati pu&ograve; comportare l&rsquo;impossibilit&agrave; a perseguire la predetta finalit&agrave;.<\/li>\r\n\t<\/ul>\r\n\t<h3>Soggetti e categorie di soggetti ai quali i dati potranno essere   comunicati e ambito di diffusione dei dati<\/h3>\r\n\t<ul>\r\n\t\t<li>I dati di cui sopra, nel   rispetto delle finalit&agrave; sopra indicate, verranno comunicati ai soggetti pubblici e privati per gli adempimenti previsti da ogni norma di legge o da disposizioni contrattuali.<\/li>\r\n\t<\/ul>\r\n\t<p>\r\n\t\t<br \/>\r\n\t\tIl Titolare del Trattamento dei Dati Personali &egrave; l'unico autorizzato a venire a conoscenza de dati personali dell&rsquo;interessato.\r\n\t<\/p>\r\n\t<p>\r\n\t\tIn ogni momento potr&agrave; esercitare i suoi diritti nei confronti del titolare del trattamento, ai sensi dell&rsquo;art. 13 del Regolamento (UE) 2016\/679.\r\n\t<\/p>\r\n\t<p>\r\n\t\t&nbsp;\r\n\t<\/p>\r\n\t<h2 id=\"cookie\">INFORMATIVA E GESTIONE DEI COOKIES<\/h2>\r\n\t<h3>Cosa sono i cookies<\/h3>\r\n\t<p>\r\n\t\tI cookies sono piccoli files di testo che i siti visitati dall&rsquo;utente inviano al suo terminale - computer, laptop, tablet, smartphone, etc. - dove vengono memorizzati per essere poi ritrasmessi agli stessi siti in   occasione della successiva visita del medesimo utente.\r\n\t<\/p>\r\n\t<h3>Cookie tecnici<\/h3>\r\n\t<p>\r\n\t\tSono i cookie che servono a effettuare la navigazione o fornire un servizio richiesto dall&rsquo;utente. Non vengono utilizzati per scopi ulteriori e sono normalmente installati direttamente dal titolare del sito web. Senza il ricorso  a tali cookie non si pu&ograve; garantire il corretto funzionamento di tale sito\r\n\t<\/p>\r\n\t<h3>Cookie analytics<\/h3>\r\n\t<p>\r\n\t\tI cookie \"analytics\", pur non essendo cookie tecnici, possono essere loro  assimilati se utilizzati a fini di ottimizzazione del sito direttamente dal  titolare del sito stesso, che potr&agrave; raccogliere informazioni in forma aggregata  sul numero degli utenti e su come questi visitano il sito. A queste condizioni, per i cookie analytics valgono le stesse regole, in tema di informativa e  consenso, previste per i cookie tecnici.<br \/>\r\n\t\tIl presente sito utilizza il servizio di terze parti &quot;Google Analytics&quot; per raccogliere informazioni in forma aggregata sul numero delle visite. Per le informazioni sul  trattamento di questi dati fare riferimento a questa \r\n\t\t<a href=\"http:\/\/www.google.com\/intl\/it\/policies\/privacy\/\" target=\"_blank\">Privacy Policy<\/a>.\r\n\t<\/p>\r\n\t<h3>Cookie di profilazione<\/h3>\r\n\t<p>\r\n\t\tSono i cookie utilizzati per tracciare la navigazione dell&rsquo;utente in rete e creare profili sui suoi gusti, abitudini, scelte, ecc. Con questi cookie &egrave; possibile trasmettere al terminale dell&rsquo;utente dei messaggi in linea con le  preferenze gi&agrave; manifestate con la sua navigazione on line.<br \/>\r\n\t\tIl presente sito non utilizza alcun cookie di profilazione proprio.\r\n\t<\/p>\r\n\t\r\n\t<div class=\"cookie-preference-wrapper\">\r\n\t\t\t\t\r\n\t\t\t\t\r\n\t\t\t\t\r\n\t\t\t\t<form class=\"cookie-preference\">\r\n\t\t\t\t\t\r\n\t\t\t\t\t<div class=\"border p-3 mb-2\">\r\n\t\t\t\t\t\t<fieldset class=\"cookie-list-block\">\r\n\t\t\t\t\t\t\t<legend class=\"mb-2\">Funzionalit\u00e0 di base<\/legend>\r\n\t\t\t\t\t\t\t<div class=\"form-check form-check-inline\">\r\n\t\t\t\t\t\t\t\t<input class=\"aitec-privacy-option form-check-input\" type=\"radio\" name=\"functionality_storage\" id=\"functionality_storage_accept\" value=\"granted\" checked disabled>\r\n\t\t\t\t\t\t\t\t<label for=\"functionality_storage_accept\" class=\"form-check-label\">Accetto<\/label>\r\n\t\t\t\t\t\t\t<\/div>\r\n\t\t\t\t\t\t\t\r\n\t\t\t\t\t\t<\/fieldset>\r\n\t\t\t\t\t\t<table class=\"cookie-list-table table table-striped table-bordered table-sm mb-2\">\r\n\t\t\t\t\t\t<caption><div class=\"text-small\">Sono i cookie necessari alla registrazione delle scelte sulla privacy e quelli essenziali al corretto funzionamento del sito.<\/div><\/caption>\r\n\t\t\t\t\t\t<thead>\r\n\t\t\t\t\t\t\t<tr>\r\n\t\t\t\t\t\t\t\t<th scope=\"col\">Nome Cookie<\/th>\r\n\t\t\t\t\t\t\t\t<th scope=\"col\">Proprietario<\/th>\r\n\t\t\t\t\t\t\t\t<th scope=\"col\">Durata<\/th>\r\n\t\t\t\t\t\t\t\t<th scope=\"col\">Descrizione<\/th>\r\n\t\t\t\t\t\t\t<\/tr>\r\n\t\t\t\t\t\t<\/thead>\r\n\t\t\t\t\t\t<tbody>\r\n\t\t\t\t\t\t\t<tr>\r\n\t\t\t\t\t\t<td>privCheck<\/td>\r\n\t\t\t\t\t\t<td>karlhauser.com<\/td>\r\n\t\t\t\t\t\t<td>6 months<\/td>\r\n\t\t\t\t\t\t<td>Technical Cookie<\/td>\r\n\t\t\t\t\t<\/tr>\n<tr>\r\n\t\t\t\t\t\t<td>privSettings<\/td>\r\n\t\t\t\t\t\t<td>karlhauser.com<\/td>\r\n\t\t\t\t\t\t<td>6 months<\/td>\r\n\t\t\t\t\t\t<td>Technical Cookie<\/td>\r\n\t\t\t\t\t<\/tr>\n<tr>\r\n\t\t\t\t\t\t<td>disclaimer<\/td>\r\n\t\t\t\t\t\t<td>karlhauser.com<\/td>\r\n\t\t\t\t\t\t<td>1 week<\/td>\r\n\t\t\t\t\t\t<td>Technical Cookie<\/td>\r\n\t\t\t\t\t<\/tr>\r\n\t\t\t\t\t\t<\/tbody>\r\n\t\t\t\t\t<\/table>\r\n\t\t\t\t\t<\/div>\n<div class=\"border p-3 mb-2\">\r\n\t\t\t\t\t\t<fieldset class=\"cookie-list-block\">\r\n\t\t\t\t\t\t\t<legend class=\"mb-2\">Funzionalit\u00e0 di analisi<\/legend>\r\n\t\t\t\t\t\t\t<div class=\"form-check form-check-inline\">\r\n\t\t\t\t\t\t\t\t<input class=\"aitec-privacy-option form-check-input\" type=\"radio\" name=\"analytics_storage\" id=\"analytics_storage_accept\" value=\"granted\">\r\n\t\t\t\t\t\t\t\t<label for=\"analytics_storage_accept\" class=\"form-check-label\">Accetto<\/label>\r\n\t\t\t\t\t\t\t<\/div>\r\n\t\t\t\t\t\t\t\r\n\t\t\t\t\t\t\t<div class=\"form-check form-check-inline\">\r\n\t\t\t\t\t\t\t\t<input class=\"aitec-privacy-option form-check-input\" type=\"radio\" name=\"analytics_storage\" id=\"analytics_storage_reject\" value=\"denied\" checked>\r\n\t\t\t\t\t\t\t\t<label for=\"analytics_storage_reject\" class=\"form-check-label\">Rifiuto<\/label>\r\n\t\t\t\t\t\t\t<\/div>\r\n\t\t\t\t\t\t<\/fieldset>\r\n\t\t\t\t\t\t<table class=\"cookie-list-table table table-striped table-bordered table-sm mb-2\">\r\n\t\t\t\t\t\t<caption><div class=\"text-small\">Sono i cookie utilizzati per permettere la raccolta dei dati sull utilizzo del sito e sul traffico. I dati sono raccolti sempre in forma anonima, quindi questi cookie sono assimilabili a cookie tecnici.<\/div><\/caption>\r\n\t\t\t\t\t\t<thead>\r\n\t\t\t\t\t\t\t<tr>\r\n\t\t\t\t\t\t\t\t<th scope=\"col\">Nome Cookie<\/th>\r\n\t\t\t\t\t\t\t\t<th scope=\"col\">Proprietario<\/th>\r\n\t\t\t\t\t\t\t\t<th scope=\"col\">Durata<\/th>\r\n\t\t\t\t\t\t\t\t<th scope=\"col\">Descrizione<\/th>\r\n\t\t\t\t\t\t\t<\/tr>\r\n\t\t\t\t\t\t<\/thead>\r\n\t\t\t\t\t\t<tbody>\r\n\t\t\t\t\t\t\t<tr>\r\n\t\t\t\t\t\t<td>_ga<\/td>\r\n\t\t\t\t\t\t<td>google.com<\/td>\r\n\t\t\t\t\t\t<td>2 years<\/td>\r\n\t\t\t\t\t\t<td>Technical Cookie<\/td>\r\n\t\t\t\t\t<\/tr>\n<tr>\r\n\t\t\t\t\t\t<td>_ga_5ZY6C9M2SX<\/td>\r\n\t\t\t\t\t\t<td>google.com<\/td>\r\n\t\t\t\t\t\t<td>2 years<\/td>\r\n\t\t\t\t\t\t<td>Tag Manager<\/td>\r\n\t\t\t\t\t<\/tr>\r\n\t\t\t\t\t\t<\/tbody>\r\n\t\t\t\t\t<\/table>\r\n\t\t\t\t\t<\/div>\n<div class=\"border p-3 mb-2\">\r\n\t\t\t\t\t\t<fieldset class=\"cookie-list-block\">\r\n\t\t\t\t\t\t\t<legend class=\"mb-2\">Funzionalit\u00e0 di personalizzazione<\/legend>\r\n\t\t\t\t\t\t\t<div class=\"form-check form-check-inline\">\r\n\t\t\t\t\t\t\t\t<input class=\"aitec-privacy-option form-check-input\" type=\"radio\" name=\"personalization_storage\" id=\"personalization_storage_accept\" value=\"granted\">\r\n\t\t\t\t\t\t\t\t<label for=\"personalization_storage_accept\" class=\"form-check-label\">Accetto<\/label>\r\n\t\t\t\t\t\t\t<\/div>\r\n\t\t\t\t\t\t\t\r\n\t\t\t\t\t\t\t<div class=\"form-check form-check-inline\">\r\n\t\t\t\t\t\t\t\t<input class=\"aitec-privacy-option form-check-input\" type=\"radio\" name=\"personalization_storage\" id=\"personalization_storage_reject\" value=\"denied\" checked>\r\n\t\t\t\t\t\t\t\t<label for=\"personalization_storage_reject\" class=\"form-check-label\">Rifiuto<\/label>\r\n\t\t\t\t\t\t\t<\/div>\r\n\t\t\t\t\t\t<\/fieldset>\r\n\t\t\t\t\t\t<table class=\"cookie-list-table table table-striped table-bordered table-sm mb-2\">\r\n\t\t\t\t\t\t<caption><div class=\"text-small\">Sono quei cookie che memorizzano preferenze legate all utilizzo del sito per personalizzarne l esperienza. Non selezionando questa categoria alcune funzionalit\u00e0 potrebbero non funzionare.<\/div><\/caption>\r\n\t\t\t\t\t\t<thead>\r\n\t\t\t\t\t\t\t<tr>\r\n\t\t\t\t\t\t\t\t<th scope=\"col\">Nome Cookie<\/th>\r\n\t\t\t\t\t\t\t\t<th scope=\"col\">Proprietario<\/th>\r\n\t\t\t\t\t\t\t\t<th scope=\"col\">Durata<\/th>\r\n\t\t\t\t\t\t\t\t<th scope=\"col\">Descrizione<\/th>\r\n\t\t\t\t\t\t\t<\/tr>\r\n\t\t\t\t\t\t<\/thead>\r\n\t\t\t\t\t\t<tbody>\r\n\t\t\t\t\t\t\t<tr>\r\n\t\t\t\t\t\t<td>wp-wpml_current_language<\/td>\r\n\t\t\t\t\t\t<td>karlhauser.com<\/td>\r\n\t\t\t\t\t\t<td>1 day<\/td>\r\n\t\t\t\t\t\t<td>Language preference<\/td>\r\n\t\t\t\t\t<\/tr>\r\n\t\t\t\t\t\t<\/tbody>\r\n\t\t\t\t\t<\/table>\r\n\t\t\t\t\t<\/div>\n<div class=\"border p-3 mb-2\">\r\n\t\t\t\t\t\t<fieldset class=\"cookie-list-block\">\r\n\t\t\t\t\t\t\t<legend class=\"mb-2\">Funzionalit\u00e0 di advertising<\/legend>\r\n\t\t\t\t\t\t\t<div class=\"form-check form-check-inline\">\r\n\t\t\t\t\t\t\t\t<input class=\"aitec-privacy-option form-check-input\" type=\"radio\" name=\"ad_storage\" id=\"ad_storage_accept\" value=\"granted\">\r\n\t\t\t\t\t\t\t\t<label for=\"ad_storage_accept\" class=\"form-check-label\">Accetto<\/label>\r\n\t\t\t\t\t\t\t<\/div>\r\n\t\t\t\t\t\t\t\r\n\t\t\t\t\t\t\t<div class=\"form-check form-check-inline\">\r\n\t\t\t\t\t\t\t\t<input class=\"aitec-privacy-option form-check-input\" type=\"radio\" name=\"ad_storage\" id=\"ad_storage_reject\" value=\"denied\" checked>\r\n\t\t\t\t\t\t\t\t<label for=\"ad_storage_reject\" class=\"form-check-label\">Rifiuto<\/label>\r\n\t\t\t\t\t\t\t<\/div>\r\n\t\t\t\t\t\t<\/fieldset>\r\n\t\t\t\t\t\t<table class=\"cookie-list-table table table-striped table-bordered table-sm mb-2\">\r\n\t\t\t\t\t\t\r\n\t\t\t\t\t\t<thead>\r\n\t\t\t\t\t\t\t<tr>\r\n\t\t\t\t\t\t\t\t<th scope=\"col\">Nome Cookie<\/th>\r\n\t\t\t\t\t\t\t\t<th scope=\"col\">Proprietario<\/th>\r\n\t\t\t\t\t\t\t\t<th scope=\"col\">Durata<\/th>\r\n\t\t\t\t\t\t\t\t<th scope=\"col\">Descrizione<\/th>\r\n\t\t\t\t\t\t\t<\/tr>\r\n\t\t\t\t\t\t<\/thead>\r\n\t\t\t\t\t\t<tbody>\r\n\t\t\t\t\t\t\t<tr>\r\n\t\t\t\t\t\t<td>_ga<\/td>\r\n\t\t\t\t\t\t<td>google.com<\/td>\r\n\t\t\t\t\t\t<td>2 years<\/td>\r\n\t\t\t\t\t\t<td>Marketing Cookie<\/td>\r\n\t\t\t\t\t<\/tr>\r\n\t\t\t\t\t\t<\/tbody>\r\n\t\t\t\t\t<\/table>\r\n\t\t\t\t\t<\/div>\n<div class=\"border p-3 mb-2\">\r\n\t\t\t\t\t\t<fieldset class=\"cookie-list-block\">\r\n\t\t\t\t\t\t\t<legend class=\"mb-2\">Dati utente advertising<\/legend>\r\n\t\t\t\t\t\t\t<div class=\"form-check form-check-inline\">\r\n\t\t\t\t\t\t\t\t<input class=\"aitec-privacy-option form-check-input\" type=\"radio\" name=\"ad_user_data\" id=\"ad_user_data_accept\" value=\"granted\">\r\n\t\t\t\t\t\t\t\t<label for=\"ad_user_data_accept\" class=\"form-check-label\">Accetto<\/label>\r\n\t\t\t\t\t\t\t<\/div>\r\n\t\t\t\t\t\t\t\r\n\t\t\t\t\t\t\t<div class=\"form-check form-check-inline\">\r\n\t\t\t\t\t\t\t\t<input class=\"aitec-privacy-option form-check-input\" type=\"radio\" name=\"ad_user_data\" id=\"ad_user_data_reject\" value=\"denied\" checked>\r\n\t\t\t\t\t\t\t\t<label for=\"ad_user_data_reject\" class=\"form-check-label\">Rifiuto<\/label>\r\n\t\t\t\t\t\t\t<\/div>\r\n\t\t\t\t\t\t<\/fieldset>\r\n\t\t\t\t\t\t\r\n\t\t\t\t\t<\/div>\n<div class=\"border p-3 mb-2\">\r\n\t\t\t\t\t\t<fieldset class=\"cookie-list-block\">\r\n\t\t\t\t\t\t\t<legend class=\"mb-2\">Personalizzazione advertising<\/legend>\r\n\t\t\t\t\t\t\t<div class=\"form-check form-check-inline\">\r\n\t\t\t\t\t\t\t\t<input class=\"aitec-privacy-option form-check-input\" type=\"radio\" name=\"ad_personalization\" id=\"ad_personalization_accept\" value=\"granted\">\r\n\t\t\t\t\t\t\t\t<label for=\"ad_personalization_accept\" class=\"form-check-label\">Accetto<\/label>\r\n\t\t\t\t\t\t\t<\/div>\r\n\t\t\t\t\t\t\t\r\n\t\t\t\t\t\t\t<div class=\"form-check form-check-inline\">\r\n\t\t\t\t\t\t\t\t<input class=\"aitec-privacy-option form-check-input\" type=\"radio\" name=\"ad_personalization\" id=\"ad_personalization_reject\" value=\"denied\" checked>\r\n\t\t\t\t\t\t\t\t<label for=\"ad_personalization_reject\" class=\"form-check-label\">Rifiuto<\/label>\r\n\t\t\t\t\t\t\t<\/div>\r\n\t\t\t\t\t\t<\/fieldset>\r\n\t\t\t\t\t\t\r\n\t\t\t\t\t<\/div>\n<div class=\"border p-3 mb-2\">\r\n\t\t\t\t\t\t<fieldset class=\"cookie-list-block\">\r\n\t\t\t\t\t\t\t<legend class=\"mb-2\">Funzionalit\u00e0 di sicurezza<\/legend>\r\n\t\t\t\t\t\t\t<div class=\"form-check form-check-inline\">\r\n\t\t\t\t\t\t\t\t<input class=\"aitec-privacy-option form-check-input\" type=\"radio\" name=\"security_storage\" id=\"security_storage_accept\" value=\"granted\">\r\n\t\t\t\t\t\t\t\t<label for=\"security_storage_accept\" class=\"form-check-label\">Accetto<\/label>\r\n\t\t\t\t\t\t\t<\/div>\r\n\t\t\t\t\t\t\t\r\n\t\t\t\t\t\t\t<div class=\"form-check form-check-inline\">\r\n\t\t\t\t\t\t\t\t<input class=\"aitec-privacy-option form-check-input\" type=\"radio\" name=\"security_storage\" id=\"security_storage_reject\" value=\"denied\" checked>\r\n\t\t\t\t\t\t\t\t<label for=\"security_storage_reject\" class=\"form-check-label\">Rifiuto<\/label>\r\n\t\t\t\t\t\t\t<\/div>\r\n\t\t\t\t\t\t<\/fieldset>\r\n\t\t\t\t\t\t<table class=\"cookie-list-table table table-striped table-bordered table-sm mb-2\">\r\n\t\t\t\t\t\t<caption><div class=\"text-small\">Questi cookie sono necessari agli strumenti di sicurezza, come la protezione antispam sui form o per altre funzionalit\u00e0 similari.<\/div><\/caption>\r\n\t\t\t\t\t\t<thead>\r\n\t\t\t\t\t\t\t<tr>\r\n\t\t\t\t\t\t\t\t<th scope=\"col\">Nome Cookie<\/th>\r\n\t\t\t\t\t\t\t\t<th scope=\"col\">Proprietario<\/th>\r\n\t\t\t\t\t\t\t\t<th scope=\"col\">Durata<\/th>\r\n\t\t\t\t\t\t\t\t<th scope=\"col\">Descrizione<\/th>\r\n\t\t\t\t\t\t\t<\/tr>\r\n\t\t\t\t\t\t<\/thead>\r\n\t\t\t\t\t\t<tbody>\r\n\t\t\t\t\t\t\t<tr>\r\n\t\t\t\t\t\t<td>_GRECAPTCHA<\/td>\r\n\t\t\t\t\t\t<td>google.com<\/td>\r\n\t\t\t\t\t\t<td>6 months<\/td>\r\n\t\t\t\t\t\t<td>Bot protection<\/td>\r\n\t\t\t\t\t<\/tr>\r\n\t\t\t\t\t\t<\/tbody>\r\n\t\t\t\t\t<\/table>\r\n\t\t\t\t\t<\/div>\r\n\t\t\t\t\t\r\n\t\t\t\t\t<div class=\"my-2\">\r\n\t\t\t\t\t\t<button type=\"button\" class=\"aitec-privacy-preference-save-form btn btn-default\" type=\"submit\">Salva preferenze<\/button>\r\n\t\t\t\t\t<\/div>\r\n\t\t\t\t\t\r\n\t\t\t\t<\/form>\r\n\t\t\t\t<script type=\"text\/javascript\">\r\n\t\t\t\t\tjQuery('document').ready(function(){\r\n\t\t\t\t\t\t\r\n\t\t\t\t\t\tlet saveForm = jQuery('.aitec-privacy-preference-save-form');\r\n\t\t\t\t\t\t\r\n\t\t\t\t\t\tif(saveForm.length > 0){\r\n\t\t\t\t\t\t\tsaveForm.each(function(){\r\n\t\t\t\t\t\t\t\tjQuery(this).click(function(e){\r\n\t\t\t\t\t\t\t\t\te.preventDefault();\r\n\t\t\t\t\t\t\t\t\t\r\n\t\t\t\t\t\t\t\t\tlet data = jQuery(this).parent().parent().serializeArray();\r\n\t\t\t\t\t\t\t\t\t\r\n\t\t\t\t\t\t\t\t\tjQuery.post( 'https:\/\/www.karlhauser.com\/wp-admin\/admin-ajax.php' , { action: 'save_preferences', data : data } ,function( response ){\r\n\t\t\t\t\t\t\t\t\t\tif(response.status == 'success'){\r\n\t\t\t\t\t\t\t\t\t\t\talert('Opzioni salvate');\r\n\t\t\t\t\t\t\t\t\t\t\twindow.location.reload();\r\n\t\t\t\t\t\t\t\t\t\t}else{\r\n\t\t\t\t\t\t\t\t\t\t\talert(response.message);\r\n\t\t\t\t\t\t\t\t\t\t}\r\n\t\t\t\t\t\t\t\t\t},'json');\r\n\t\t\t\t\t\t\t\t});\r\n\t\t\t\t\t\t\t});\r\n\t\t\t\t\t\t}\r\n\t\t\t\t\t\t\r\n\t\t\t\t\t});\r\n\t\t\t\t<\/script>\r\n\t\t\t<\/div>\r\n\t\r\n\t<h3 style=\"margin-top: 10px;\">Gestione delle preferenze dei cookies tramite browser<\/h3>\r\n\t<p>\r\n\t\tSe non conosci il tipo e la versione di browser che stai utilizzando puoi cliccare su &ldquo;Aiuto&rdquo; nella finestra del browser in alto, da cui puoi accedere a tutte le informazioni necessarie.<br \/>\r\n\t\tSe invece conosci il tuo browser clicca su quello che stai utilizzando per accedere alla pagina di gestione dei cookies.\r\n\t<\/p>\r\n\t<ul>\r\n\t\t<li><a href=\"http:\/\/windows.microsoft.com\/it-it\/windows-vista\/block-or-allow-cookies\" target=\"_blank\">Microsoft Edge & Internet Explorer<\/a><\/li>\r\n\t\t<li><a href=\"https:\/\/support.google.com\/chrome\/answer\/95647?hl=it-IT\" target=\"_blank\">Google Chrome<\/a><\/li>\r\n\t\t<li><a href=\"https:\/\/support.mozilla.org\/it\/kb\/GestioneKarl H\u00e4user20cookie\" target=\"_blank\">Mozilla Firefox<\/a><\/li>\r\n\t\t<li><a href=\"http:\/\/support.apple.com\/kb\/PH17191?viewlocale=it_IT\" target=\"_blank\">Safari<\/a><\/li>\r\n\t<\/ul>\r\n<\/div>\n","protected":false},"excerpt":{"rendered":"Informativa privacy e cookie &nbsp; TITOLARE DEL TRATTAMENTO DEI DATI PERSONALI Il Titolare del Trattamento Il Titolare del Trattamento dei dati di questo sito web &egrave; Karl H\u00e4user Betriebsstandort - Via Raimondo dalla Costa, 440 41121 Modena (MO) &nbsp; TRATTAMENTO DATI PERSONALI Ai sensi dell&rsquo;art. 13 del Regolamento (UE) 2016\/679, recante &ldquo;Codice in materia di [...]","protected":false},"author":1,"featured_media":0,"parent":0,"menu_order":0,"comment_status":"closed","ping_status":"closed","template":"","meta":{"_acf_changed":false,"footnotes":""},"class_list":["post-316","page","type-page","status-publish","hentry"],"acf":[],"yoast_head":"<!-- This site is optimized with the Yoast SEO plugin v27.6 - https:\/\/yoast.com\/product\/yoast-seo-wordpress\/ -->\n<title>Privacy Policy - Karl H\u00e4user<\/title>\n<meta name=\"robots\" content=\"index, follow, max-snippet:-1, max-image-preview:large, max-video-preview:-1\" \/>\n<link rel=\"canonical\" href=\"https:\/\/www.karlhauser.com\/it\/privacy-policy\/\" \/>\n<meta property=\"og:locale\" content=\"it_IT\" \/>\n<meta property=\"og:type\" content=\"article\" \/>\n<meta property=\"og:title\" content=\"Privacy Policy - Karl H\u00e4user\" \/>\n<meta property=\"og:url\" content=\"https:\/\/www.karlhauser.com\/it\/privacy-policy\/\" \/>\n<meta property=\"og:site_name\" content=\"Karl H\u00e4user\" \/>\n<meta property=\"article:modified_time\" content=\"2024-01-18T11:42:02+00:00\" \/>\n<meta name=\"twitter:card\" content=\"summary_large_image\" \/>\n<meta name=\"twitter:label1\" content=\"Tempo di lettura stimato\" \/>\n\t<meta name=\"twitter:data1\" content=\"1 minuto\" \/>\n<script type=\"application\/ld+json\" class=\"yoast-schema-graph\">{\"@context\":\"https:\\\/\\\/schema.org\",\"@graph\":[{\"@type\":\"WebPage\",\"@id\":\"https:\\\/\\\/www.karlhauser.com\\\/it\\\/privacy-policy\\\/\",\"url\":\"https:\\\/\\\/www.karlhauser.com\\\/it\\\/privacy-policy\\\/\",\"name\":\"Privacy Policy - Karl H\u00e4user\",\"isPartOf\":{\"@id\":\"https:\\\/\\\/www.karlhauser.com\\\/it\\\/#website\"},\"datePublished\":\"2022-09-19T16:21:15+00:00\",\"dateModified\":\"2024-01-18T11:42:02+00:00\",\"breadcrumb\":{\"@id\":\"https:\\\/\\\/www.karlhauser.com\\\/it\\\/privacy-policy\\\/#breadcrumb\"},\"inLanguage\":\"it-IT\",\"potentialAction\":[{\"@type\":\"ReadAction\",\"target\":[\"https:\\\/\\\/www.karlhauser.com\\\/it\\\/privacy-policy\\\/\"]}]},{\"@type\":\"BreadcrumbList\",\"@id\":\"https:\\\/\\\/www.karlhauser.com\\\/it\\\/privacy-policy\\\/#breadcrumb\",\"itemListElement\":[{\"@type\":\"ListItem\",\"position\":1,\"name\":\"Home\",\"item\":\"https:\\\/\\\/www.karlhauser.com\\\/it\\\/\"},{\"@type\":\"ListItem\",\"position\":2,\"name\":\"Privacy Policy\"}]},{\"@type\":\"WebSite\",\"@id\":\"https:\\\/\\\/www.karlhauser.com\\\/it\\\/#website\",\"url\":\"https:\\\/\\\/www.karlhauser.com\\\/it\\\/\",\"name\":\"Karl H\u00e4user\",\"description\":\"Milit\u00e4rische Antiquit\u00e4ten und Waffen Vermittlung\",\"publisher\":{\"@id\":\"https:\\\/\\\/www.karlhauser.com\\\/it\\\/#organization\"},\"potentialAction\":[{\"@type\":\"SearchAction\",\"target\":{\"@type\":\"EntryPoint\",\"urlTemplate\":\"https:\\\/\\\/www.karlhauser.com\\\/it\\\/?s={search_term_string}\"},\"query-input\":{\"@type\":\"PropertyValueSpecification\",\"valueRequired\":true,\"valueName\":\"search_term_string\"}}],\"inLanguage\":\"it-IT\"},{\"@type\":\"Organization\",\"@id\":\"https:\\\/\\\/www.karlhauser.com\\\/it\\\/#organization\",\"name\":\"Karl H\u00e4user\",\"url\":\"https:\\\/\\\/www.karlhauser.com\\\/it\\\/\",\"logo\":{\"@type\":\"ImageObject\",\"inLanguage\":\"it-IT\",\"@id\":\"https:\\\/\\\/www.karlhauser.com\\\/it\\\/#\\\/schema\\\/logo\\\/image\\\/\",\"url\":\"https:\\\/\\\/www.karlhauser.com\\\/wp-content\\\/uploads\\\/2022\\\/09\\\/KH-generico-3.jpg\",\"contentUrl\":\"https:\\\/\\\/www.karlhauser.com\\\/wp-content\\\/uploads\\\/2022\\\/09\\\/KH-generico-3.jpg\",\"width\":470,\"height\":470,\"caption\":\"Karl H\u00e4user\"},\"image\":{\"@id\":\"https:\\\/\\\/www.karlhauser.com\\\/it\\\/#\\\/schema\\\/logo\\\/image\\\/\"},\"sameAs\":[\"https:\\\/\\\/www.instagram.com\\\/karlhauser.antik\\\/\",\"https:\\\/\\\/www.youtube.com\\\/channel\\\/UCt-9t2bku12mwXmte0FJLGQ\",\"https:\\\/\\\/www.ebay.it\\\/str\\\/karlhausermilitaryantiques?_trksid=p2047675.m3561.l2563\"]}]}<\/script>\n<!-- \/ Yoast SEO plugin. -->","yoast_head_json":{"title":"Privacy Policy - Karl H\u00e4user","robots":{"index":"index","follow":"follow","max-snippet":"max-snippet:-1","max-image-preview":"max-image-preview:large","max-video-preview":"max-video-preview:-1"},"canonical":"https:\/\/www.karlhauser.com\/it\/privacy-policy\/","og_locale":"it_IT","og_type":"article","og_title":"Privacy Policy - Karl H\u00e4user","og_url":"https:\/\/www.karlhauser.com\/it\/privacy-policy\/","og_site_name":"Karl H\u00e4user","article_modified_time":"2024-01-18T11:42:02+00:00","twitter_card":"summary_large_image","twitter_misc":{"Tempo di lettura stimato":"1 minuto"},"schema":{"@context":"https:\/\/schema.org","@graph":[{"@type":"WebPage","@id":"https:\/\/www.karlhauser.com\/it\/privacy-policy\/","url":"https:\/\/www.karlhauser.com\/it\/privacy-policy\/","name":"Privacy Policy - Karl H\u00e4user","isPartOf":{"@id":"https:\/\/www.karlhauser.com\/it\/#website"},"datePublished":"2022-09-19T16:21:15+00:00","dateModified":"2024-01-18T11:42:02+00:00","breadcrumb":{"@id":"https:\/\/www.karlhauser.com\/it\/privacy-policy\/#breadcrumb"},"inLanguage":"it-IT","potentialAction":[{"@type":"ReadAction","target":["https:\/\/www.karlhauser.com\/it\/privacy-policy\/"]}]},{"@type":"BreadcrumbList","@id":"https:\/\/www.karlhauser.com\/it\/privacy-policy\/#breadcrumb","itemListElement":[{"@type":"ListItem","position":1,"name":"Home","item":"https:\/\/www.karlhauser.com\/it\/"},{"@type":"ListItem","position":2,"name":"Privacy Policy"}]},{"@type":"WebSite","@id":"https:\/\/www.karlhauser.com\/it\/#website","url":"https:\/\/www.karlhauser.com\/it\/","name":"Karl H\u00e4user","description":"Milit\u00e4rische Antiquit\u00e4ten und Waffen Vermittlung","publisher":{"@id":"https:\/\/www.karlhauser.com\/it\/#organization"},"potentialAction":[{"@type":"SearchAction","target":{"@type":"EntryPoint","urlTemplate":"https:\/\/www.karlhauser.com\/it\/?s={search_term_string}"},"query-input":{"@type":"PropertyValueSpecification","valueRequired":true,"valueName":"search_term_string"}}],"inLanguage":"it-IT"},{"@type":"Organization","@id":"https:\/\/www.karlhauser.com\/it\/#organization","name":"Karl H\u00e4user","url":"https:\/\/www.karlhauser.com\/it\/","logo":{"@type":"ImageObject","inLanguage":"it-IT","@id":"https:\/\/www.karlhauser.com\/it\/#\/schema\/logo\/image\/","url":"https:\/\/www.karlhauser.com\/wp-content\/uploads\/2022\/09\/KH-generico-3.jpg","contentUrl":"https:\/\/www.karlhauser.com\/wp-content\/uploads\/2022\/09\/KH-generico-3.jpg","width":470,"height":470,"caption":"Karl H\u00e4user"},"image":{"@id":"https:\/\/www.karlhauser.com\/it\/#\/schema\/logo\/image\/"},"sameAs":["https:\/\/www.instagram.com\/karlhauser.antik\/","https:\/\/www.youtube.com\/channel\/UCt-9t2bku12mwXmte0FJLGQ","https:\/\/www.ebay.it\/str\/karlhausermilitaryantiques?_trksid=p2047675.m3561.l2563"]}]}},"_links":{"self":[{"href":"https:\/\/www.karlhauser.com\/it\/wp-json\/wp\/v2\/pages\/316","targetHints":{"allow":["GET"]}}],"collection":[{"href":"https:\/\/www.karlhauser.com\/it\/wp-json\/wp\/v2\/pages"}],"about":[{"href":"https:\/\/www.karlhauser.com\/it\/wp-json\/wp\/v2\/types\/page"}],"author":[{"embeddable":true,"href":"https:\/\/www.karlhauser.com\/it\/wp-json\/wp\/v2\/users\/1"}],"replies":[{"embeddable":true,"href":"https:\/\/www.karlhauser.com\/it\/wp-json\/wp\/v2\/comments?post=316"}],"version-history":[{"count":1,"href":"https:\/\/www.karlhauser.com\/it\/wp-json\/wp\/v2\/pages\/316\/revisions"}],"predecessor-version":[{"id":7026,"href":"https:\/\/www.karlhauser.com\/it\/wp-json\/wp\/v2\/pages\/316\/revisions\/7026"}],"wp:attachment":[{"href":"https:\/\/www.karlhauser.com\/it\/wp-json\/wp\/v2\/media?parent=316"}],"curies":[{"name":"wp","href":"https:\/\/api.w.org\/{rel}","templated":true}]}}