{"id":10469,"date":"2024-03-27T07:02:29","date_gmt":"2024-03-27T06:02:29","guid":{"rendered":"https:\/\/www.karlhauser.com\/?post_type=product&#038;p=10469"},"modified":"2024-03-27T07:07:25","modified_gmt":"2024-03-27T06:07:25","slug":"ehrenkreuz-der-deutschen-mutter-gold-dead-german-soldiers-mothers-cross","status":"publish","type":"product","link":"https:\/\/www.karlhauser.com\/it\/prodotti\/ehrenkreuz-der-deutschen-mutter-gold-dead-german-soldiers-mothers-cross\/","title":{"rendered":"EHRENKREUZ DER DEUTSCHEN MUTTER GOLD &#8211; dead german soldiers mother&#8217;s cross"},"content":{"rendered":"<p>EHRENKREUZ DER DEUTSCHEN MUTTER GOLD<\/p>\n<p>The Cross of Honour of the German Mother, or Mother\u2019s Cross for short, was founded by Adolf Hitler on 16 December 1938. The design of the Cross of Honour is by Franz Berberich. The introductory words of this regulation read: As a visible sign of the German people\u2019s thanks to mothers with many children, I donate the Cross of Honour of the German Mother. &#8221; The further rules of procedure were published in the statute of the same name, the order was popularly called &#8220;Karnickelkreuz&#8221;.<\/p>\n","protected":false},"excerpt":{"rendered":"<p style=\"font-weight: 400;\">Size 43 X 37 mm. Thickness 4 mm. Weight 13.715 gr<\/p>\n","protected":false},"featured_media":10470,"template":"","meta":{"_acf_changed":false},"product_brand":[],"product_cat":[377],"product_tag":[124,123],"class_list":{"0":"post-10469","1":"product","2":"type-product","3":"status-publish","4":"has-post-thumbnail","6":"product_cat-third-reich-civil-awards","7":"product_tag-gefallen","8":"product_tag-mutterkreuz","10":"first","11":"instock","12":"taxable","13":"shipping-taxable","14":"purchasable","15":"product-type-simple"},"acf":[],"yoast_head":"<!-- This site is optimized with the Yoast SEO plugin v27.4 - https:\/\/yoast.com\/product\/yoast-seo-wordpress\/ -->\n<title>EHRENKREUZ DER DEUTSCHEN MUTTER GOLD - dead german soldiers mother&#039;s cross - Karl H\u00e4user<\/title>\n<meta name=\"robots\" content=\"index, follow, max-snippet:-1, max-image-preview:large, max-video-preview:-1\" \/>\n<link rel=\"canonical\" href=\"https:\/\/www.karlhauser.com\/it\/prodotti\/ehrenkreuz-der-deutschen-mutter-gold-dead-german-soldiers-mothers-cross\/\" \/>\n<meta property=\"og:locale\" content=\"it_IT\" \/>\n<meta property=\"og:type\" content=\"article\" \/>\n<meta property=\"og:title\" content=\"EHRENKREUZ DER DEUTSCHEN MUTTER GOLD - dead german soldiers mother&#039;s cross - Karl H\u00e4user\" \/>\n<meta property=\"og:description\" content=\"Size 43 X 37 mm. Thickness 4 mm. Weight 13.715 gr\" \/>\n<meta property=\"og:url\" content=\"https:\/\/www.karlhauser.com\/it\/prodotti\/ehrenkreuz-der-deutschen-mutter-gold-dead-german-soldiers-mothers-cross\/\" \/>\n<meta property=\"og:site_name\" content=\"Karl H\u00e4user\" \/>\n<meta property=\"article:modified_time\" content=\"2024-03-27T06:07:25+00:00\" \/>\n<meta property=\"og:image\" content=\"https:\/\/www.karlhauser.com\/wp-content\/uploads\/2024\/03\/L1001430.jpg\" \/>\n\t<meta property=\"og:image:width\" content=\"1920\" \/>\n\t<meta property=\"og:image:height\" content=\"1953\" \/>\n\t<meta property=\"og:image:type\" content=\"image\/jpeg\" \/>\n<meta name=\"twitter:card\" content=\"summary_large_image\" \/>\n<meta name=\"twitter:label1\" content=\"Tempo di lettura stimato\" \/>\n\t<meta name=\"twitter:data1\" content=\"1 minuto\" \/>\n<script type=\"application\/ld+json\" class=\"yoast-schema-graph\">{\"@context\":\"https:\\\/\\\/schema.org\",\"@graph\":[{\"@type\":\"WebPage\",\"@id\":\"https:\\\/\\\/www.karlhauser.com\\\/it\\\/prodotti\\\/ehrenkreuz-der-deutschen-mutter-gold-dead-german-soldiers-mothers-cross\\\/\",\"url\":\"https:\\\/\\\/www.karlhauser.com\\\/it\\\/prodotti\\\/ehrenkreuz-der-deutschen-mutter-gold-dead-german-soldiers-mothers-cross\\\/\",\"name\":\"EHRENKREUZ DER DEUTSCHEN MUTTER GOLD - dead german soldiers mother's cross - Karl H\u00e4user\",\"isPartOf\":{\"@id\":\"https:\\\/\\\/www.karlhauser.com\\\/it\\\/#website\"},\"primaryImageOfPage\":{\"@id\":\"https:\\\/\\\/www.karlhauser.com\\\/it\\\/prodotti\\\/ehrenkreuz-der-deutschen-mutter-gold-dead-german-soldiers-mothers-cross\\\/#primaryimage\"},\"image\":{\"@id\":\"https:\\\/\\\/www.karlhauser.com\\\/it\\\/prodotti\\\/ehrenkreuz-der-deutschen-mutter-gold-dead-german-soldiers-mothers-cross\\\/#primaryimage\"},\"thumbnailUrl\":\"https:\\\/\\\/www.karlhauser.com\\\/wp-content\\\/uploads\\\/2024\\\/03\\\/L1001430.jpg\",\"datePublished\":\"2024-03-27T06:02:29+00:00\",\"dateModified\":\"2024-03-27T06:07:25+00:00\",\"breadcrumb\":{\"@id\":\"https:\\\/\\\/www.karlhauser.com\\\/it\\\/prodotti\\\/ehrenkreuz-der-deutschen-mutter-gold-dead-german-soldiers-mothers-cross\\\/#breadcrumb\"},\"inLanguage\":\"it-IT\",\"potentialAction\":[{\"@type\":\"ReadAction\",\"target\":[\"https:\\\/\\\/www.karlhauser.com\\\/it\\\/prodotti\\\/ehrenkreuz-der-deutschen-mutter-gold-dead-german-soldiers-mothers-cross\\\/\"]}]},{\"@type\":\"ImageObject\",\"inLanguage\":\"it-IT\",\"@id\":\"https:\\\/\\\/www.karlhauser.com\\\/it\\\/prodotti\\\/ehrenkreuz-der-deutschen-mutter-gold-dead-german-soldiers-mothers-cross\\\/#primaryimage\",\"url\":\"https:\\\/\\\/www.karlhauser.com\\\/wp-content\\\/uploads\\\/2024\\\/03\\\/L1001430.jpg\",\"contentUrl\":\"https:\\\/\\\/www.karlhauser.com\\\/wp-content\\\/uploads\\\/2024\\\/03\\\/L1001430.jpg\",\"width\":1920,\"height\":1953},{\"@type\":\"BreadcrumbList\",\"@id\":\"https:\\\/\\\/www.karlhauser.com\\\/it\\\/prodotti\\\/ehrenkreuz-der-deutschen-mutter-gold-dead-german-soldiers-mothers-cross\\\/#breadcrumb\",\"itemListElement\":[{\"@type\":\"ListItem\",\"position\":1,\"name\":\"Home\",\"item\":\"https:\\\/\\\/www.karlhauser.com\\\/it\\\/\"},{\"@type\":\"ListItem\",\"position\":2,\"name\":\"Negozio\",\"item\":\"https:\\\/\\\/www.karlhauser.com\\\/it\\\/negozio\\\/\"},{\"@type\":\"ListItem\",\"position\":3,\"name\":\"EHRENKREUZ DER DEUTSCHEN MUTTER GOLD &#8211; dead german soldiers mother&#8217;s cross\"}]},{\"@type\":\"WebSite\",\"@id\":\"https:\\\/\\\/www.karlhauser.com\\\/it\\\/#website\",\"url\":\"https:\\\/\\\/www.karlhauser.com\\\/it\\\/\",\"name\":\"Karl H\u00e4user\",\"description\":\"Milit\u00e4rische Antiquit\u00e4ten und Waffen Vermittlung\",\"publisher\":{\"@id\":\"https:\\\/\\\/www.karlhauser.com\\\/it\\\/#organization\"},\"potentialAction\":[{\"@type\":\"SearchAction\",\"target\":{\"@type\":\"EntryPoint\",\"urlTemplate\":\"https:\\\/\\\/www.karlhauser.com\\\/it\\\/?s={search_term_string}\"},\"query-input\":{\"@type\":\"PropertyValueSpecification\",\"valueRequired\":true,\"valueName\":\"search_term_string\"}}],\"inLanguage\":\"it-IT\"},{\"@type\":\"Organization\",\"@id\":\"https:\\\/\\\/www.karlhauser.com\\\/it\\\/#organization\",\"name\":\"Karl H\u00e4user\",\"url\":\"https:\\\/\\\/www.karlhauser.com\\\/it\\\/\",\"logo\":{\"@type\":\"ImageObject\",\"inLanguage\":\"it-IT\",\"@id\":\"https:\\\/\\\/www.karlhauser.com\\\/it\\\/#\\\/schema\\\/logo\\\/image\\\/\",\"url\":\"https:\\\/\\\/www.karlhauser.com\\\/wp-content\\\/uploads\\\/2022\\\/09\\\/KH-generico-3.jpg\",\"contentUrl\":\"https:\\\/\\\/www.karlhauser.com\\\/wp-content\\\/uploads\\\/2022\\\/09\\\/KH-generico-3.jpg\",\"width\":470,\"height\":470,\"caption\":\"Karl H\u00e4user\"},\"image\":{\"@id\":\"https:\\\/\\\/www.karlhauser.com\\\/it\\\/#\\\/schema\\\/logo\\\/image\\\/\"},\"sameAs\":[\"https:\\\/\\\/www.instagram.com\\\/karlhauser.antik\\\/\",\"https:\\\/\\\/www.youtube.com\\\/channel\\\/UCt-9t2bku12mwXmte0FJLGQ\",\"https:\\\/\\\/www.ebay.it\\\/str\\\/karlhausermilitaryantiques?_trksid=p2047675.m3561.l2563\"]}]}<\/script>\n<!-- \/ Yoast SEO plugin. -->","yoast_head_json":{"title":"EHRENKREUZ DER DEUTSCHEN MUTTER GOLD - dead german soldiers mother's cross - Karl H\u00e4user","robots":{"index":"index","follow":"follow","max-snippet":"max-snippet:-1","max-image-preview":"max-image-preview:large","max-video-preview":"max-video-preview:-1"},"canonical":"https:\/\/www.karlhauser.com\/it\/prodotti\/ehrenkreuz-der-deutschen-mutter-gold-dead-german-soldiers-mothers-cross\/","og_locale":"it_IT","og_type":"article","og_title":"EHRENKREUZ DER DEUTSCHEN MUTTER GOLD - dead german soldiers mother's cross - Karl H\u00e4user","og_description":"Size 43 X 37 mm. Thickness 4 mm. Weight 13.715 gr","og_url":"https:\/\/www.karlhauser.com\/it\/prodotti\/ehrenkreuz-der-deutschen-mutter-gold-dead-german-soldiers-mothers-cross\/","og_site_name":"Karl H\u00e4user","article_modified_time":"2024-03-27T06:07:25+00:00","og_image":[{"width":1920,"height":1953,"url":"https:\/\/www.karlhauser.com\/wp-content\/uploads\/2024\/03\/L1001430.jpg","type":"image\/jpeg"}],"twitter_card":"summary_large_image","twitter_misc":{"Tempo di lettura stimato":"1 minuto"},"schema":{"@context":"https:\/\/schema.org","@graph":[{"@type":"WebPage","@id":"https:\/\/www.karlhauser.com\/it\/prodotti\/ehrenkreuz-der-deutschen-mutter-gold-dead-german-soldiers-mothers-cross\/","url":"https:\/\/www.karlhauser.com\/it\/prodotti\/ehrenkreuz-der-deutschen-mutter-gold-dead-german-soldiers-mothers-cross\/","name":"EHRENKREUZ DER DEUTSCHEN MUTTER GOLD - dead german soldiers mother's cross - Karl H\u00e4user","isPartOf":{"@id":"https:\/\/www.karlhauser.com\/it\/#website"},"primaryImageOfPage":{"@id":"https:\/\/www.karlhauser.com\/it\/prodotti\/ehrenkreuz-der-deutschen-mutter-gold-dead-german-soldiers-mothers-cross\/#primaryimage"},"image":{"@id":"https:\/\/www.karlhauser.com\/it\/prodotti\/ehrenkreuz-der-deutschen-mutter-gold-dead-german-soldiers-mothers-cross\/#primaryimage"},"thumbnailUrl":"https:\/\/www.karlhauser.com\/wp-content\/uploads\/2024\/03\/L1001430.jpg","datePublished":"2024-03-27T06:02:29+00:00","dateModified":"2024-03-27T06:07:25+00:00","breadcrumb":{"@id":"https:\/\/www.karlhauser.com\/it\/prodotti\/ehrenkreuz-der-deutschen-mutter-gold-dead-german-soldiers-mothers-cross\/#breadcrumb"},"inLanguage":"it-IT","potentialAction":[{"@type":"ReadAction","target":["https:\/\/www.karlhauser.com\/it\/prodotti\/ehrenkreuz-der-deutschen-mutter-gold-dead-german-soldiers-mothers-cross\/"]}]},{"@type":"ImageObject","inLanguage":"it-IT","@id":"https:\/\/www.karlhauser.com\/it\/prodotti\/ehrenkreuz-der-deutschen-mutter-gold-dead-german-soldiers-mothers-cross\/#primaryimage","url":"https:\/\/www.karlhauser.com\/wp-content\/uploads\/2024\/03\/L1001430.jpg","contentUrl":"https:\/\/www.karlhauser.com\/wp-content\/uploads\/2024\/03\/L1001430.jpg","width":1920,"height":1953},{"@type":"BreadcrumbList","@id":"https:\/\/www.karlhauser.com\/it\/prodotti\/ehrenkreuz-der-deutschen-mutter-gold-dead-german-soldiers-mothers-cross\/#breadcrumb","itemListElement":[{"@type":"ListItem","position":1,"name":"Home","item":"https:\/\/www.karlhauser.com\/it\/"},{"@type":"ListItem","position":2,"name":"Negozio","item":"https:\/\/www.karlhauser.com\/it\/negozio\/"},{"@type":"ListItem","position":3,"name":"EHRENKREUZ DER DEUTSCHEN MUTTER GOLD &#8211; dead german soldiers mother&#8217;s cross"}]},{"@type":"WebSite","@id":"https:\/\/www.karlhauser.com\/it\/#website","url":"https:\/\/www.karlhauser.com\/it\/","name":"Karl H\u00e4user","description":"Milit\u00e4rische Antiquit\u00e4ten und Waffen Vermittlung","publisher":{"@id":"https:\/\/www.karlhauser.com\/it\/#organization"},"potentialAction":[{"@type":"SearchAction","target":{"@type":"EntryPoint","urlTemplate":"https:\/\/www.karlhauser.com\/it\/?s={search_term_string}"},"query-input":{"@type":"PropertyValueSpecification","valueRequired":true,"valueName":"search_term_string"}}],"inLanguage":"it-IT"},{"@type":"Organization","@id":"https:\/\/www.karlhauser.com\/it\/#organization","name":"Karl H\u00e4user","url":"https:\/\/www.karlhauser.com\/it\/","logo":{"@type":"ImageObject","inLanguage":"it-IT","@id":"https:\/\/www.karlhauser.com\/it\/#\/schema\/logo\/image\/","url":"https:\/\/www.karlhauser.com\/wp-content\/uploads\/2022\/09\/KH-generico-3.jpg","contentUrl":"https:\/\/www.karlhauser.com\/wp-content\/uploads\/2022\/09\/KH-generico-3.jpg","width":470,"height":470,"caption":"Karl H\u00e4user"},"image":{"@id":"https:\/\/www.karlhauser.com\/it\/#\/schema\/logo\/image\/"},"sameAs":["https:\/\/www.instagram.com\/karlhauser.antik\/","https:\/\/www.youtube.com\/channel\/UCt-9t2bku12mwXmte0FJLGQ","https:\/\/www.ebay.it\/str\/karlhausermilitaryantiques?_trksid=p2047675.m3561.l2563"]}]}},"_links":{"self":[{"href":"https:\/\/www.karlhauser.com\/it\/wp-json\/wp\/v2\/product\/10469","targetHints":{"allow":["GET"]}}],"collection":[{"href":"https:\/\/www.karlhauser.com\/it\/wp-json\/wp\/v2\/product"}],"about":[{"href":"https:\/\/www.karlhauser.com\/it\/wp-json\/wp\/v2\/types\/product"}],"wp:featuredmedia":[{"embeddable":true,"href":"https:\/\/www.karlhauser.com\/it\/wp-json\/wp\/v2\/media\/10470"}],"wp:attachment":[{"href":"https:\/\/www.karlhauser.com\/it\/wp-json\/wp\/v2\/media?parent=10469"}],"wp:term":[{"taxonomy":"product_brand","embeddable":true,"href":"https:\/\/www.karlhauser.com\/it\/wp-json\/wp\/v2\/product_brand?post=10469"},{"taxonomy":"product_cat","embeddable":true,"href":"https:\/\/www.karlhauser.com\/it\/wp-json\/wp\/v2\/product_cat?post=10469"},{"taxonomy":"product_tag","embeddable":true,"href":"https:\/\/www.karlhauser.com\/it\/wp-json\/wp\/v2\/product_tag?post=10469"}],"curies":[{"name":"wp","href":"https:\/\/api.w.org\/{rel}","templated":true}]}}