{"id":1202,"date":"2023-04-11T11:39:46","date_gmt":"2023-04-11T09:39:46","guid":{"rendered":"https:\/\/web.karlhauser.com\/?post_type=product&#038;p=1202"},"modified":"2025-10-17T16:49:39","modified_gmt":"2025-10-17T14:49:39","slug":"service-uniform-technical-sergeant-2nd-grade-36th-infantry-division","status":"publish","type":"product","link":"https:\/\/www.karlhauser.com\/it\/prodotti\/service-uniform-technical-sergeant-2nd-grade-36th-infantry-division\/","title":{"rendered":"SERVICE UNIFORM &#8211; TECHNICAL SERGEANT 2ND GRADE &#8211; 36TH INFANTRY DIVISION"},"content":{"rendered":"<p>SERVICE UNIFORM &#8211; TECHNICAL SERGEANT 2ND GRADE &#8211; 36TH INFANTRY DIVISION<\/p>\n<p>The\u00a0<strong>36th Infantry Division<\/strong>\u00a0(&#8220;Arrowhead&#8221;), also known as the &#8220;Panther Division&#8221;, &#8220;Lone Star Division&#8221;, &#8220;The Texas Army&#8221;, or the &#8220;T-patchers&#8221;, is an\u00a0infantry\u00a0division\u00a0of the\u00a0United States Army\u00a0and part of the\u00a0Texas Army National Guard. It was organized during\u00a0World War I\u00a0from units of the Texas and Oklahoma National Guard. \u00a0As an all-Texas unit, it was called for service for\u00a0World War II\u00a025 November 1940, was sent to the\u00a0European Theater of Operations\u00a0in April 1943, and returned to the Texas Army National Guard in December 1945.<\/p>\n<p>A unit of the 36th Infantry, the 2nd Battalion, 131st Field Artillery, was detached and sent to the Pacific just before the outbreak of war in late 1941. Its members were captured by the\u00a0Japanese\u00a0and forced into slave labor. Its fate was unknown for most of the rest of World War II, resulting in it being nicknamed the &#8220;Lost Battalion&#8221;.<\/p>\n<p>The 36th Infantry Division was reconstituted in a May 2004 reorganization of the\u00a049th Armored Division.<\/p>\n<p>The division has been active in search and rescue efforts following natural disasters, as well as supporting the rebuilding of affected areas.<\/p>\n<p>U.S. Army basic service uniforms consisted of a winter service uniform of\u00a0olive drab\u00a0wool worn in temperate weather, and a summer service uniform of\u00a0khaki\u00a0cotton fabric worn in tropical weather. In addition to the service uniforms worn for ordinary duty and dress purposes there were a variety of fatigue and combat uniforms. Summer and winter service uniforms were worn during their respective seasons in the continental United States. During the war, the European Theater of Operations (Northwestern Europe) was considered a year-round temperate zone and the Pacific Theater of Operations a year-round tropical uniform zone. In the Mediterranean Theater of Operations, U.S. soldiers wore both seasonal uniforms.<\/p>\n<p>&nbsp;<\/p>\n","protected":false},"excerpt":{"rendered":"<p>SERVICE UNIFORM &#8211; TECHNICAL SERGEANT 2ND GRADE &#8211; 36TH INFANTRY DIVISION\u00a0 Army basic service uniforms consisted of a winter service uniform of olive drab wool worn in temperate weather, and a summer service uniform of khaki cotton fabric worn in tropical weather.<\/p>\n<p>&nbsp;<\/p>\n","protected":false},"featured_media":1212,"template":"","meta":{"_acf_changed":false},"product_brand":[],"product_cat":[47],"product_tag":[102,103,98],"class_list":{"0":"post-1202","1":"product","2":"type-product","3":"status-publish","4":"has-post-thumbnail","6":"product_cat-allied-ww2","7":"product_tag-36id","8":"product_tag-sergeant","9":"product_tag-uniform","11":"first","12":"outofstock","13":"taxable","14":"shipping-taxable","15":"purchasable","16":"product-type-simple"},"acf":[],"yoast_head":"<!-- This site is optimized with the Yoast SEO plugin v27.5 - https:\/\/yoast.com\/product\/yoast-seo-wordpress\/ -->\n<title>SERVICE UNIFORM - TECHNICAL SERGEANT 2ND GRADE - 36TH INFANTRY DIVISION - Karl H\u00e4user<\/title>\n<meta name=\"robots\" content=\"index, follow, max-snippet:-1, max-image-preview:large, max-video-preview:-1\" \/>\n<link rel=\"canonical\" href=\"https:\/\/www.karlhauser.com\/it\/prodotti\/service-uniform-technical-sergeant-2nd-grade-36th-infantry-division\/\" \/>\n<meta property=\"og:locale\" content=\"it_IT\" \/>\n<meta property=\"og:type\" content=\"article\" \/>\n<meta property=\"og:title\" content=\"SERVICE UNIFORM - TECHNICAL SERGEANT 2ND GRADE - 36TH INFANTRY DIVISION - Karl H\u00e4user\" \/>\n<meta property=\"og:description\" content=\"SERVICE UNIFORM - TECHNICAL SERGEANT 2ND GRADE - 36TH INFANTRY DIVISION\u00a0 Army basic service uniforms consisted of a winter service uniform of olive drab wool worn in temperate weather, and a summer service uniform of khaki cotton fabric worn in tropical weather.  &nbsp;\" \/>\n<meta property=\"og:url\" content=\"https:\/\/www.karlhauser.com\/it\/prodotti\/service-uniform-technical-sergeant-2nd-grade-36th-infantry-division\/\" \/>\n<meta property=\"og:site_name\" content=\"Karl H\u00e4user\" \/>\n<meta property=\"article:modified_time\" content=\"2025-10-17T14:49:39+00:00\" \/>\n<meta property=\"og:image\" content=\"https:\/\/www.karlhauser.com\/wp-content\/uploads\/2023\/04\/20221102_183341-scaled.jpg\" \/>\n\t<meta property=\"og:image:width\" content=\"1839\" \/>\n\t<meta property=\"og:image:height\" content=\"2560\" \/>\n\t<meta property=\"og:image:type\" content=\"image\/jpeg\" \/>\n<meta name=\"twitter:card\" content=\"summary_large_image\" \/>\n<meta name=\"twitter:label1\" content=\"Tempo di lettura stimato\" \/>\n\t<meta name=\"twitter:data1\" content=\"2 minuti\" \/>\n<script type=\"application\/ld+json\" class=\"yoast-schema-graph\">{\"@context\":\"https:\\\/\\\/schema.org\",\"@graph\":[{\"@type\":\"WebPage\",\"@id\":\"https:\\\/\\\/www.karlhauser.com\\\/it\\\/prodotti\\\/service-uniform-technical-sergeant-2nd-grade-36th-infantry-division\\\/\",\"url\":\"https:\\\/\\\/www.karlhauser.com\\\/it\\\/prodotti\\\/service-uniform-technical-sergeant-2nd-grade-36th-infantry-division\\\/\",\"name\":\"SERVICE UNIFORM - TECHNICAL SERGEANT 2ND GRADE - 36TH INFANTRY DIVISION - Karl H\u00e4user\",\"isPartOf\":{\"@id\":\"https:\\\/\\\/www.karlhauser.com\\\/it\\\/#website\"},\"primaryImageOfPage\":{\"@id\":\"https:\\\/\\\/www.karlhauser.com\\\/it\\\/prodotti\\\/service-uniform-technical-sergeant-2nd-grade-36th-infantry-division\\\/#primaryimage\"},\"image\":{\"@id\":\"https:\\\/\\\/www.karlhauser.com\\\/it\\\/prodotti\\\/service-uniform-technical-sergeant-2nd-grade-36th-infantry-division\\\/#primaryimage\"},\"thumbnailUrl\":\"https:\\\/\\\/www.karlhauser.com\\\/wp-content\\\/uploads\\\/2023\\\/04\\\/20221102_183341-scaled.jpg\",\"datePublished\":\"2023-04-11T09:39:46+00:00\",\"dateModified\":\"2025-10-17T14:49:39+00:00\",\"breadcrumb\":{\"@id\":\"https:\\\/\\\/www.karlhauser.com\\\/it\\\/prodotti\\\/service-uniform-technical-sergeant-2nd-grade-36th-infantry-division\\\/#breadcrumb\"},\"inLanguage\":\"it-IT\",\"potentialAction\":[{\"@type\":\"ReadAction\",\"target\":[\"https:\\\/\\\/www.karlhauser.com\\\/it\\\/prodotti\\\/service-uniform-technical-sergeant-2nd-grade-36th-infantry-division\\\/\"]}]},{\"@type\":\"ImageObject\",\"inLanguage\":\"it-IT\",\"@id\":\"https:\\\/\\\/www.karlhauser.com\\\/it\\\/prodotti\\\/service-uniform-technical-sergeant-2nd-grade-36th-infantry-division\\\/#primaryimage\",\"url\":\"https:\\\/\\\/www.karlhauser.com\\\/wp-content\\\/uploads\\\/2023\\\/04\\\/20221102_183341-scaled.jpg\",\"contentUrl\":\"https:\\\/\\\/www.karlhauser.com\\\/wp-content\\\/uploads\\\/2023\\\/04\\\/20221102_183341-scaled.jpg\",\"width\":1839,\"height\":2560},{\"@type\":\"BreadcrumbList\",\"@id\":\"https:\\\/\\\/www.karlhauser.com\\\/it\\\/prodotti\\\/service-uniform-technical-sergeant-2nd-grade-36th-infantry-division\\\/#breadcrumb\",\"itemListElement\":[{\"@type\":\"ListItem\",\"position\":1,\"name\":\"Home\",\"item\":\"https:\\\/\\\/www.karlhauser.com\\\/it\\\/\"},{\"@type\":\"ListItem\",\"position\":2,\"name\":\"Negozio\",\"item\":\"https:\\\/\\\/www.karlhauser.com\\\/it\\\/negozio\\\/\"},{\"@type\":\"ListItem\",\"position\":3,\"name\":\"SERVICE UNIFORM &#8211; TECHNICAL SERGEANT 2ND GRADE &#8211; 36TH INFANTRY DIVISION\"}]},{\"@type\":\"WebSite\",\"@id\":\"https:\\\/\\\/www.karlhauser.com\\\/it\\\/#website\",\"url\":\"https:\\\/\\\/www.karlhauser.com\\\/it\\\/\",\"name\":\"Karl H\u00e4user\",\"description\":\"Milit\u00e4rische Antiquit\u00e4ten und Waffen Vermittlung\",\"publisher\":{\"@id\":\"https:\\\/\\\/www.karlhauser.com\\\/it\\\/#organization\"},\"potentialAction\":[{\"@type\":\"SearchAction\",\"target\":{\"@type\":\"EntryPoint\",\"urlTemplate\":\"https:\\\/\\\/www.karlhauser.com\\\/it\\\/?s={search_term_string}\"},\"query-input\":{\"@type\":\"PropertyValueSpecification\",\"valueRequired\":true,\"valueName\":\"search_term_string\"}}],\"inLanguage\":\"it-IT\"},{\"@type\":\"Organization\",\"@id\":\"https:\\\/\\\/www.karlhauser.com\\\/it\\\/#organization\",\"name\":\"Karl H\u00e4user\",\"url\":\"https:\\\/\\\/www.karlhauser.com\\\/it\\\/\",\"logo\":{\"@type\":\"ImageObject\",\"inLanguage\":\"it-IT\",\"@id\":\"https:\\\/\\\/www.karlhauser.com\\\/it\\\/#\\\/schema\\\/logo\\\/image\\\/\",\"url\":\"https:\\\/\\\/www.karlhauser.com\\\/wp-content\\\/uploads\\\/2022\\\/09\\\/KH-generico-3.jpg\",\"contentUrl\":\"https:\\\/\\\/www.karlhauser.com\\\/wp-content\\\/uploads\\\/2022\\\/09\\\/KH-generico-3.jpg\",\"width\":470,\"height\":470,\"caption\":\"Karl H\u00e4user\"},\"image\":{\"@id\":\"https:\\\/\\\/www.karlhauser.com\\\/it\\\/#\\\/schema\\\/logo\\\/image\\\/\"},\"sameAs\":[\"https:\\\/\\\/www.instagram.com\\\/karlhauser.antik\\\/\",\"https:\\\/\\\/www.youtube.com\\\/channel\\\/UCt-9t2bku12mwXmte0FJLGQ\",\"https:\\\/\\\/www.ebay.it\\\/str\\\/karlhausermilitaryantiques?_trksid=p2047675.m3561.l2563\"]}]}<\/script>\n<!-- \/ Yoast SEO plugin. -->","yoast_head_json":{"title":"SERVICE UNIFORM - TECHNICAL SERGEANT 2ND GRADE - 36TH INFANTRY DIVISION - Karl H\u00e4user","robots":{"index":"index","follow":"follow","max-snippet":"max-snippet:-1","max-image-preview":"max-image-preview:large","max-video-preview":"max-video-preview:-1"},"canonical":"https:\/\/www.karlhauser.com\/it\/prodotti\/service-uniform-technical-sergeant-2nd-grade-36th-infantry-division\/","og_locale":"it_IT","og_type":"article","og_title":"SERVICE UNIFORM - TECHNICAL SERGEANT 2ND GRADE - 36TH INFANTRY DIVISION - Karl H\u00e4user","og_description":"SERVICE UNIFORM - TECHNICAL SERGEANT 2ND GRADE - 36TH INFANTRY DIVISION\u00a0 Army basic service uniforms consisted of a winter service uniform of olive drab wool worn in temperate weather, and a summer service uniform of khaki cotton fabric worn in tropical weather.  &nbsp;","og_url":"https:\/\/www.karlhauser.com\/it\/prodotti\/service-uniform-technical-sergeant-2nd-grade-36th-infantry-division\/","og_site_name":"Karl H\u00e4user","article_modified_time":"2025-10-17T14:49:39+00:00","og_image":[{"width":1839,"height":2560,"url":"https:\/\/www.karlhauser.com\/wp-content\/uploads\/2023\/04\/20221102_183341-scaled.jpg","type":"image\/jpeg"}],"twitter_card":"summary_large_image","twitter_misc":{"Tempo di lettura stimato":"2 minuti"},"schema":{"@context":"https:\/\/schema.org","@graph":[{"@type":"WebPage","@id":"https:\/\/www.karlhauser.com\/it\/prodotti\/service-uniform-technical-sergeant-2nd-grade-36th-infantry-division\/","url":"https:\/\/www.karlhauser.com\/it\/prodotti\/service-uniform-technical-sergeant-2nd-grade-36th-infantry-division\/","name":"SERVICE UNIFORM - TECHNICAL SERGEANT 2ND GRADE - 36TH INFANTRY DIVISION - Karl H\u00e4user","isPartOf":{"@id":"https:\/\/www.karlhauser.com\/it\/#website"},"primaryImageOfPage":{"@id":"https:\/\/www.karlhauser.com\/it\/prodotti\/service-uniform-technical-sergeant-2nd-grade-36th-infantry-division\/#primaryimage"},"image":{"@id":"https:\/\/www.karlhauser.com\/it\/prodotti\/service-uniform-technical-sergeant-2nd-grade-36th-infantry-division\/#primaryimage"},"thumbnailUrl":"https:\/\/www.karlhauser.com\/wp-content\/uploads\/2023\/04\/20221102_183341-scaled.jpg","datePublished":"2023-04-11T09:39:46+00:00","dateModified":"2025-10-17T14:49:39+00:00","breadcrumb":{"@id":"https:\/\/www.karlhauser.com\/it\/prodotti\/service-uniform-technical-sergeant-2nd-grade-36th-infantry-division\/#breadcrumb"},"inLanguage":"it-IT","potentialAction":[{"@type":"ReadAction","target":["https:\/\/www.karlhauser.com\/it\/prodotti\/service-uniform-technical-sergeant-2nd-grade-36th-infantry-division\/"]}]},{"@type":"ImageObject","inLanguage":"it-IT","@id":"https:\/\/www.karlhauser.com\/it\/prodotti\/service-uniform-technical-sergeant-2nd-grade-36th-infantry-division\/#primaryimage","url":"https:\/\/www.karlhauser.com\/wp-content\/uploads\/2023\/04\/20221102_183341-scaled.jpg","contentUrl":"https:\/\/www.karlhauser.com\/wp-content\/uploads\/2023\/04\/20221102_183341-scaled.jpg","width":1839,"height":2560},{"@type":"BreadcrumbList","@id":"https:\/\/www.karlhauser.com\/it\/prodotti\/service-uniform-technical-sergeant-2nd-grade-36th-infantry-division\/#breadcrumb","itemListElement":[{"@type":"ListItem","position":1,"name":"Home","item":"https:\/\/www.karlhauser.com\/it\/"},{"@type":"ListItem","position":2,"name":"Negozio","item":"https:\/\/www.karlhauser.com\/it\/negozio\/"},{"@type":"ListItem","position":3,"name":"SERVICE UNIFORM &#8211; TECHNICAL SERGEANT 2ND GRADE &#8211; 36TH INFANTRY DIVISION"}]},{"@type":"WebSite","@id":"https:\/\/www.karlhauser.com\/it\/#website","url":"https:\/\/www.karlhauser.com\/it\/","name":"Karl H\u00e4user","description":"Milit\u00e4rische Antiquit\u00e4ten und Waffen Vermittlung","publisher":{"@id":"https:\/\/www.karlhauser.com\/it\/#organization"},"potentialAction":[{"@type":"SearchAction","target":{"@type":"EntryPoint","urlTemplate":"https:\/\/www.karlhauser.com\/it\/?s={search_term_string}"},"query-input":{"@type":"PropertyValueSpecification","valueRequired":true,"valueName":"search_term_string"}}],"inLanguage":"it-IT"},{"@type":"Organization","@id":"https:\/\/www.karlhauser.com\/it\/#organization","name":"Karl H\u00e4user","url":"https:\/\/www.karlhauser.com\/it\/","logo":{"@type":"ImageObject","inLanguage":"it-IT","@id":"https:\/\/www.karlhauser.com\/it\/#\/schema\/logo\/image\/","url":"https:\/\/www.karlhauser.com\/wp-content\/uploads\/2022\/09\/KH-generico-3.jpg","contentUrl":"https:\/\/www.karlhauser.com\/wp-content\/uploads\/2022\/09\/KH-generico-3.jpg","width":470,"height":470,"caption":"Karl H\u00e4user"},"image":{"@id":"https:\/\/www.karlhauser.com\/it\/#\/schema\/logo\/image\/"},"sameAs":["https:\/\/www.instagram.com\/karlhauser.antik\/","https:\/\/www.youtube.com\/channel\/UCt-9t2bku12mwXmte0FJLGQ","https:\/\/www.ebay.it\/str\/karlhausermilitaryantiques?_trksid=p2047675.m3561.l2563"]}]}},"_links":{"self":[{"href":"https:\/\/www.karlhauser.com\/it\/wp-json\/wp\/v2\/product\/1202","targetHints":{"allow":["GET"]}}],"collection":[{"href":"https:\/\/www.karlhauser.com\/it\/wp-json\/wp\/v2\/product"}],"about":[{"href":"https:\/\/www.karlhauser.com\/it\/wp-json\/wp\/v2\/types\/product"}],"wp:featuredmedia":[{"embeddable":true,"href":"https:\/\/www.karlhauser.com\/it\/wp-json\/wp\/v2\/media\/1212"}],"wp:attachment":[{"href":"https:\/\/www.karlhauser.com\/it\/wp-json\/wp\/v2\/media?parent=1202"}],"wp:term":[{"taxonomy":"product_brand","embeddable":true,"href":"https:\/\/www.karlhauser.com\/it\/wp-json\/wp\/v2\/product_brand?post=1202"},{"taxonomy":"product_cat","embeddable":true,"href":"https:\/\/www.karlhauser.com\/it\/wp-json\/wp\/v2\/product_cat?post=1202"},{"taxonomy":"product_tag","embeddable":true,"href":"https:\/\/www.karlhauser.com\/it\/wp-json\/wp\/v2\/product_tag?post=1202"}],"curies":[{"name":"wp","href":"https:\/\/api.w.org\/{rel}","templated":true}]}}