{"id":1354,"date":"2023-04-11T16:15:57","date_gmt":"2023-04-11T14:15:57","guid":{"rendered":"https:\/\/web.karlhauser.com\/?post_type=product&#038;p=1354"},"modified":"2025-10-17T16:45:14","modified_gmt":"2025-10-17T14:45:14","slug":"ike-jacket-45th-infantry-division-sergeant-technician-4th-grade","status":"publish","type":"product","link":"https:\/\/www.karlhauser.com\/it\/prodotti\/ike-jacket-45th-infantry-division-sergeant-technician-4th-grade\/","title":{"rendered":"IKE JACKET \u2013 45th INFANTRY DIVISION &#8211; SERGEANT TECHNICIAN 4th GRADE"},"content":{"rendered":"<p>IKE JACKET \u2013 45th INFANTRY DIVISION &#8211; SERGEANT TECHNICIAN 4th GRADE<\/p>\n<p style=\"background: white; margin: 6.0pt 0cm 6.0pt 0cm;\"><span style=\"font-size: 10.5pt; font-family: 'Arial',sans-serif; color: #202122;\">The\u00a045th Infantry Division\u00a0was an\u00a0infantry\u00a0division\u00a0of the\u00a0United States Army, most associated with the\u00a0Oklahoma Army National Guard, from 1920 to 1968. Headquartered for most of its history in\u00a0Oklahoma City, Oklahoma, the guardsmen fought in both\u00a0World War II\u00a0and the\u00a0Korean War.<\/span><\/p>\n<p style=\"background: white; font-variant-ligatures: normal; font-variant-caps: normal; orphans: 2; text-align: start; widows: 2; -webkit-text-stroke-width: 0px; text-decoration-thickness: initial; text-decoration-style: initial; text-decoration-color: initial; word-spacing: 0px; margin: 6.0pt 0cm 6.0pt 0cm;\"><span style=\"font-size: 10.5pt; font-family: 'Arial',sans-serif; color: #202122;\">The 45th Infantry Division guardsmen saw no major action until they became one of the first National Guard units activated in World War II in 1941. They took part in intense fighting during the\u00a0invasion of Sicily\u00a0and the\u00a0attack on Salerno\u00a0in the 1943\u00a0Italian Campaign. Slowly advancing through\u00a0Italy, they\u00a0fought in Anzio\u00a0and the Beachhead breakout to the capture of Rome. After landing in\u00a0France\u00a0during\u00a0Operation Dragoon, they joined the 1945\u00a0drive into Germany\u00a0that ended the\u00a0War in Europe.<\/span><\/p>\n<p style=\"background: white; font-variant-ligatures: normal; font-variant-caps: normal; orphans: 2; text-align: start; widows: 2; -webkit-text-stroke-width: 0px; text-decoration-thickness: initial; text-decoration-style: initial; text-decoration-color: initial; word-spacing: 0px; margin: 6.0pt 0cm 6.0pt 0cm;\"><span style=\"font-size: 10.5pt; font-family: 'Arial',sans-serif; color: #202122;\">On Sunday, April 29th, 1945, the 3rd Battalion of the 157th Infantry Regiment of the 45th Infantry Division liberated the\u00a0Dachau concentration camp, near\u00a0Munich, Germany.<\/span><\/p>\n","protected":false},"excerpt":{"rendered":"<p><span style=\"font-size: 10.5pt; font-family: 'Arial',sans-serif; color: #202122;\">On Sunday, April 29th, 1945, the 3rd Battalion of the 157th Infantry Regiment of the 45th Infantry Division liberated the\u00a0Dachau concentration camp, near\u00a0Munich, Germany.<\/span><\/p>\n","protected":false},"featured_media":1355,"template":"","meta":{"_acf_changed":false},"product_brand":[],"product_cat":[47],"product_tag":[122,121],"class_list":{"0":"post-1354","1":"product","2":"type-product","3":"status-publish","4":"has-post-thumbnail","6":"product_cat-allied-ww2","7":"product_tag-dachau","8":"product_tag-usarmy","10":"first","11":"outofstock","12":"taxable","13":"shipping-taxable","14":"purchasable","15":"product-type-simple"},"acf":[],"yoast_head":"<!-- This site is optimized with the Yoast SEO plugin v27.4 - https:\/\/yoast.com\/product\/yoast-seo-wordpress\/ -->\n<title>IKE JACKET \u2013 45th INFANTRY DIVISION - SERGEANT TECHNICIAN 4th GRADE - Karl H\u00e4user<\/title>\n<meta name=\"robots\" content=\"index, follow, max-snippet:-1, max-image-preview:large, max-video-preview:-1\" \/>\n<link rel=\"canonical\" href=\"https:\/\/www.karlhauser.com\/it\/prodotti\/ike-jacket-45th-infantry-division-sergeant-technician-4th-grade\/\" \/>\n<meta property=\"og:locale\" content=\"it_IT\" \/>\n<meta property=\"og:type\" content=\"article\" \/>\n<meta property=\"og:title\" content=\"IKE JACKET \u2013 45th INFANTRY DIVISION - SERGEANT TECHNICIAN 4th GRADE - Karl H\u00e4user\" \/>\n<meta property=\"og:description\" content=\"On Sunday, April 29th, 1945, the 3rd Battalion of the 157th Infantry Regiment of the 45th Infantry Division liberated the\u00a0Dachau concentration camp, near\u00a0Munich, Germany.\" \/>\n<meta property=\"og:url\" content=\"https:\/\/www.karlhauser.com\/it\/prodotti\/ike-jacket-45th-infantry-division-sergeant-technician-4th-grade\/\" \/>\n<meta property=\"og:site_name\" content=\"Karl H\u00e4user\" \/>\n<meta property=\"article:modified_time\" content=\"2025-10-17T14:45:14+00:00\" \/>\n<meta property=\"og:image\" content=\"https:\/\/www.karlhauser.com\/wp-content\/uploads\/2023\/04\/20221102_182600-scaled.jpg\" \/>\n\t<meta property=\"og:image:width\" content=\"1920\" \/>\n\t<meta property=\"og:image:height\" content=\"2336\" \/>\n\t<meta property=\"og:image:type\" content=\"image\/jpeg\" \/>\n<meta name=\"twitter:card\" content=\"summary_large_image\" \/>\n<meta name=\"twitter:label1\" content=\"Tempo di lettura stimato\" \/>\n\t<meta name=\"twitter:data1\" content=\"1 minuto\" \/>\n<script type=\"application\/ld+json\" class=\"yoast-schema-graph\">{\"@context\":\"https:\\\/\\\/schema.org\",\"@graph\":[{\"@type\":\"WebPage\",\"@id\":\"https:\\\/\\\/www.karlhauser.com\\\/it\\\/prodotti\\\/ike-jacket-45th-infantry-division-sergeant-technician-4th-grade\\\/\",\"url\":\"https:\\\/\\\/www.karlhauser.com\\\/it\\\/prodotti\\\/ike-jacket-45th-infantry-division-sergeant-technician-4th-grade\\\/\",\"name\":\"IKE JACKET \u2013 45th INFANTRY DIVISION - SERGEANT TECHNICIAN 4th GRADE - Karl H\u00e4user\",\"isPartOf\":{\"@id\":\"https:\\\/\\\/www.karlhauser.com\\\/it\\\/#website\"},\"primaryImageOfPage\":{\"@id\":\"https:\\\/\\\/www.karlhauser.com\\\/it\\\/prodotti\\\/ike-jacket-45th-infantry-division-sergeant-technician-4th-grade\\\/#primaryimage\"},\"image\":{\"@id\":\"https:\\\/\\\/www.karlhauser.com\\\/it\\\/prodotti\\\/ike-jacket-45th-infantry-division-sergeant-technician-4th-grade\\\/#primaryimage\"},\"thumbnailUrl\":\"https:\\\/\\\/www.karlhauser.com\\\/wp-content\\\/uploads\\\/2023\\\/04\\\/20221102_182600-scaled.jpg\",\"datePublished\":\"2023-04-11T14:15:57+00:00\",\"dateModified\":\"2025-10-17T14:45:14+00:00\",\"breadcrumb\":{\"@id\":\"https:\\\/\\\/www.karlhauser.com\\\/it\\\/prodotti\\\/ike-jacket-45th-infantry-division-sergeant-technician-4th-grade\\\/#breadcrumb\"},\"inLanguage\":\"it-IT\",\"potentialAction\":[{\"@type\":\"ReadAction\",\"target\":[\"https:\\\/\\\/www.karlhauser.com\\\/it\\\/prodotti\\\/ike-jacket-45th-infantry-division-sergeant-technician-4th-grade\\\/\"]}]},{\"@type\":\"ImageObject\",\"inLanguage\":\"it-IT\",\"@id\":\"https:\\\/\\\/www.karlhauser.com\\\/it\\\/prodotti\\\/ike-jacket-45th-infantry-division-sergeant-technician-4th-grade\\\/#primaryimage\",\"url\":\"https:\\\/\\\/www.karlhauser.com\\\/wp-content\\\/uploads\\\/2023\\\/04\\\/20221102_182600-scaled.jpg\",\"contentUrl\":\"https:\\\/\\\/www.karlhauser.com\\\/wp-content\\\/uploads\\\/2023\\\/04\\\/20221102_182600-scaled.jpg\",\"width\":1920,\"height\":2336},{\"@type\":\"BreadcrumbList\",\"@id\":\"https:\\\/\\\/www.karlhauser.com\\\/it\\\/prodotti\\\/ike-jacket-45th-infantry-division-sergeant-technician-4th-grade\\\/#breadcrumb\",\"itemListElement\":[{\"@type\":\"ListItem\",\"position\":1,\"name\":\"Home\",\"item\":\"https:\\\/\\\/www.karlhauser.com\\\/it\\\/\"},{\"@type\":\"ListItem\",\"position\":2,\"name\":\"Negozio\",\"item\":\"https:\\\/\\\/www.karlhauser.com\\\/it\\\/negozio\\\/\"},{\"@type\":\"ListItem\",\"position\":3,\"name\":\"IKE JACKET \u2013 45th INFANTRY DIVISION &#8211; SERGEANT TECHNICIAN 4th GRADE\"}]},{\"@type\":\"WebSite\",\"@id\":\"https:\\\/\\\/www.karlhauser.com\\\/it\\\/#website\",\"url\":\"https:\\\/\\\/www.karlhauser.com\\\/it\\\/\",\"name\":\"Karl H\u00e4user\",\"description\":\"Milit\u00e4rische Antiquit\u00e4ten und Waffen Vermittlung\",\"publisher\":{\"@id\":\"https:\\\/\\\/www.karlhauser.com\\\/it\\\/#organization\"},\"potentialAction\":[{\"@type\":\"SearchAction\",\"target\":{\"@type\":\"EntryPoint\",\"urlTemplate\":\"https:\\\/\\\/www.karlhauser.com\\\/it\\\/?s={search_term_string}\"},\"query-input\":{\"@type\":\"PropertyValueSpecification\",\"valueRequired\":true,\"valueName\":\"search_term_string\"}}],\"inLanguage\":\"it-IT\"},{\"@type\":\"Organization\",\"@id\":\"https:\\\/\\\/www.karlhauser.com\\\/it\\\/#organization\",\"name\":\"Karl H\u00e4user\",\"url\":\"https:\\\/\\\/www.karlhauser.com\\\/it\\\/\",\"logo\":{\"@type\":\"ImageObject\",\"inLanguage\":\"it-IT\",\"@id\":\"https:\\\/\\\/www.karlhauser.com\\\/it\\\/#\\\/schema\\\/logo\\\/image\\\/\",\"url\":\"https:\\\/\\\/www.karlhauser.com\\\/wp-content\\\/uploads\\\/2022\\\/09\\\/KH-generico-3.jpg\",\"contentUrl\":\"https:\\\/\\\/www.karlhauser.com\\\/wp-content\\\/uploads\\\/2022\\\/09\\\/KH-generico-3.jpg\",\"width\":470,\"height\":470,\"caption\":\"Karl H\u00e4user\"},\"image\":{\"@id\":\"https:\\\/\\\/www.karlhauser.com\\\/it\\\/#\\\/schema\\\/logo\\\/image\\\/\"},\"sameAs\":[\"https:\\\/\\\/www.instagram.com\\\/karlhauser.antik\\\/\",\"https:\\\/\\\/www.youtube.com\\\/channel\\\/UCt-9t2bku12mwXmte0FJLGQ\",\"https:\\\/\\\/www.ebay.it\\\/str\\\/karlhausermilitaryantiques?_trksid=p2047675.m3561.l2563\"]}]}<\/script>\n<!-- \/ Yoast SEO plugin. -->","yoast_head_json":{"title":"IKE JACKET \u2013 45th INFANTRY DIVISION - SERGEANT TECHNICIAN 4th GRADE - Karl H\u00e4user","robots":{"index":"index","follow":"follow","max-snippet":"max-snippet:-1","max-image-preview":"max-image-preview:large","max-video-preview":"max-video-preview:-1"},"canonical":"https:\/\/www.karlhauser.com\/it\/prodotti\/ike-jacket-45th-infantry-division-sergeant-technician-4th-grade\/","og_locale":"it_IT","og_type":"article","og_title":"IKE JACKET \u2013 45th INFANTRY DIVISION - SERGEANT TECHNICIAN 4th GRADE - Karl H\u00e4user","og_description":"On Sunday, April 29th, 1945, the 3rd Battalion of the 157th Infantry Regiment of the 45th Infantry Division liberated the\u00a0Dachau concentration camp, near\u00a0Munich, Germany.","og_url":"https:\/\/www.karlhauser.com\/it\/prodotti\/ike-jacket-45th-infantry-division-sergeant-technician-4th-grade\/","og_site_name":"Karl H\u00e4user","article_modified_time":"2025-10-17T14:45:14+00:00","og_image":[{"width":1920,"height":2336,"url":"https:\/\/www.karlhauser.com\/wp-content\/uploads\/2023\/04\/20221102_182600-scaled.jpg","type":"image\/jpeg"}],"twitter_card":"summary_large_image","twitter_misc":{"Tempo di lettura stimato":"1 minuto"},"schema":{"@context":"https:\/\/schema.org","@graph":[{"@type":"WebPage","@id":"https:\/\/www.karlhauser.com\/it\/prodotti\/ike-jacket-45th-infantry-division-sergeant-technician-4th-grade\/","url":"https:\/\/www.karlhauser.com\/it\/prodotti\/ike-jacket-45th-infantry-division-sergeant-technician-4th-grade\/","name":"IKE JACKET \u2013 45th INFANTRY DIVISION - SERGEANT TECHNICIAN 4th GRADE - Karl H\u00e4user","isPartOf":{"@id":"https:\/\/www.karlhauser.com\/it\/#website"},"primaryImageOfPage":{"@id":"https:\/\/www.karlhauser.com\/it\/prodotti\/ike-jacket-45th-infantry-division-sergeant-technician-4th-grade\/#primaryimage"},"image":{"@id":"https:\/\/www.karlhauser.com\/it\/prodotti\/ike-jacket-45th-infantry-division-sergeant-technician-4th-grade\/#primaryimage"},"thumbnailUrl":"https:\/\/www.karlhauser.com\/wp-content\/uploads\/2023\/04\/20221102_182600-scaled.jpg","datePublished":"2023-04-11T14:15:57+00:00","dateModified":"2025-10-17T14:45:14+00:00","breadcrumb":{"@id":"https:\/\/www.karlhauser.com\/it\/prodotti\/ike-jacket-45th-infantry-division-sergeant-technician-4th-grade\/#breadcrumb"},"inLanguage":"it-IT","potentialAction":[{"@type":"ReadAction","target":["https:\/\/www.karlhauser.com\/it\/prodotti\/ike-jacket-45th-infantry-division-sergeant-technician-4th-grade\/"]}]},{"@type":"ImageObject","inLanguage":"it-IT","@id":"https:\/\/www.karlhauser.com\/it\/prodotti\/ike-jacket-45th-infantry-division-sergeant-technician-4th-grade\/#primaryimage","url":"https:\/\/www.karlhauser.com\/wp-content\/uploads\/2023\/04\/20221102_182600-scaled.jpg","contentUrl":"https:\/\/www.karlhauser.com\/wp-content\/uploads\/2023\/04\/20221102_182600-scaled.jpg","width":1920,"height":2336},{"@type":"BreadcrumbList","@id":"https:\/\/www.karlhauser.com\/it\/prodotti\/ike-jacket-45th-infantry-division-sergeant-technician-4th-grade\/#breadcrumb","itemListElement":[{"@type":"ListItem","position":1,"name":"Home","item":"https:\/\/www.karlhauser.com\/it\/"},{"@type":"ListItem","position":2,"name":"Negozio","item":"https:\/\/www.karlhauser.com\/it\/negozio\/"},{"@type":"ListItem","position":3,"name":"IKE JACKET \u2013 45th INFANTRY DIVISION &#8211; SERGEANT TECHNICIAN 4th GRADE"}]},{"@type":"WebSite","@id":"https:\/\/www.karlhauser.com\/it\/#website","url":"https:\/\/www.karlhauser.com\/it\/","name":"Karl H\u00e4user","description":"Milit\u00e4rische Antiquit\u00e4ten und Waffen Vermittlung","publisher":{"@id":"https:\/\/www.karlhauser.com\/it\/#organization"},"potentialAction":[{"@type":"SearchAction","target":{"@type":"EntryPoint","urlTemplate":"https:\/\/www.karlhauser.com\/it\/?s={search_term_string}"},"query-input":{"@type":"PropertyValueSpecification","valueRequired":true,"valueName":"search_term_string"}}],"inLanguage":"it-IT"},{"@type":"Organization","@id":"https:\/\/www.karlhauser.com\/it\/#organization","name":"Karl H\u00e4user","url":"https:\/\/www.karlhauser.com\/it\/","logo":{"@type":"ImageObject","inLanguage":"it-IT","@id":"https:\/\/www.karlhauser.com\/it\/#\/schema\/logo\/image\/","url":"https:\/\/www.karlhauser.com\/wp-content\/uploads\/2022\/09\/KH-generico-3.jpg","contentUrl":"https:\/\/www.karlhauser.com\/wp-content\/uploads\/2022\/09\/KH-generico-3.jpg","width":470,"height":470,"caption":"Karl H\u00e4user"},"image":{"@id":"https:\/\/www.karlhauser.com\/it\/#\/schema\/logo\/image\/"},"sameAs":["https:\/\/www.instagram.com\/karlhauser.antik\/","https:\/\/www.youtube.com\/channel\/UCt-9t2bku12mwXmte0FJLGQ","https:\/\/www.ebay.it\/str\/karlhausermilitaryantiques?_trksid=p2047675.m3561.l2563"]}]}},"_links":{"self":[{"href":"https:\/\/www.karlhauser.com\/it\/wp-json\/wp\/v2\/product\/1354","targetHints":{"allow":["GET"]}}],"collection":[{"href":"https:\/\/www.karlhauser.com\/it\/wp-json\/wp\/v2\/product"}],"about":[{"href":"https:\/\/www.karlhauser.com\/it\/wp-json\/wp\/v2\/types\/product"}],"wp:featuredmedia":[{"embeddable":true,"href":"https:\/\/www.karlhauser.com\/it\/wp-json\/wp\/v2\/media\/1355"}],"wp:attachment":[{"href":"https:\/\/www.karlhauser.com\/it\/wp-json\/wp\/v2\/media?parent=1354"}],"wp:term":[{"taxonomy":"product_brand","embeddable":true,"href":"https:\/\/www.karlhauser.com\/it\/wp-json\/wp\/v2\/product_brand?post=1354"},{"taxonomy":"product_cat","embeddable":true,"href":"https:\/\/www.karlhauser.com\/it\/wp-json\/wp\/v2\/product_cat?post=1354"},{"taxonomy":"product_tag","embeddable":true,"href":"https:\/\/www.karlhauser.com\/it\/wp-json\/wp\/v2\/product_tag?post=1354"}],"curies":[{"name":"wp","href":"https:\/\/api.w.org\/{rel}","templated":true}]}}