{"id":20402,"date":"2025-08-01T18:29:51","date_gmt":"2025-08-01T16:29:51","guid":{"rendered":"https:\/\/www.karlhauser.com\/?post_type=product&#038;p=20402"},"modified":"2025-10-16T18:54:37","modified_gmt":"2025-10-16T16:54:37","slug":"infanteriesturmabzeichen-in-silber-miniatur","status":"publish","type":"product","link":"https:\/\/www.karlhauser.com\/it\/prodotti\/infanteriesturmabzeichen-in-silber-miniatur\/","title":{"rendered":"Infanteriesturmabzeichen in Silber &#8211; Miniatur"},"content":{"rendered":"<p><span style=\"font-family: Verdana; font-size: large;\">Infanteriesturmabzeichen in Silber &#8211; Miniatur<\/span><\/p>\n<p><span style=\"font-family: Verdana; font-size: large;\">Badge size\u00a0<\/span>17 mm x 12 mm<span style=\"font-family: Verdana; font-size: large;\">. Needle size 1 mm diameter x 40 mm legth. Weight <\/span>1.390 gr.<\/p>\n","protected":false},"excerpt":{"rendered":"<p><span style=\"font-family: Verdana; font-size: large;\">Infanteriesturmabzeichen in Silber &#8211; Miniatur<\/span><\/p>\n<p><span style=\"font-family: Verdana; font-size: large;\">Badge size\u00a0<\/span>17 mm x 12 mm<span style=\"font-family: Verdana; font-size: large;\">. Needle size 1 mm diameter x 40 mm legth. Weight <\/span>1.390 gr.<\/p>\n","protected":false},"featured_media":20409,"template":"","meta":{"_acf_changed":false},"product_brand":[],"product_cat":[69,383,875],"product_tag":[175,118],"class_list":{"0":"post-20402","1":"product","2":"type-product","3":"status-publish","4":"has-post-thumbnail","6":"product_cat-awards","7":"product_cat-german-1919-1945","8":"product_cat-miniatures-orders","9":"product_tag-abzeichen","10":"product_tag-wehrmacht","12":"first","13":"instock","14":"taxable","15":"shipping-taxable","16":"purchasable","17":"product-type-simple"},"acf":[],"yoast_head":"<!-- This site is optimized with the Yoast SEO plugin v27.3 - https:\/\/yoast.com\/product\/yoast-seo-wordpress\/ -->\n<title>Infanteriesturmabzeichen in Silber - Miniatur - Karl H\u00e4user<\/title>\n<meta name=\"robots\" content=\"index, follow, max-snippet:-1, max-image-preview:large, max-video-preview:-1\" \/>\n<link rel=\"canonical\" href=\"https:\/\/www.karlhauser.com\/it\/prodotti\/infanteriesturmabzeichen-in-silber-miniatur\/\" \/>\n<meta property=\"og:locale\" content=\"it_IT\" \/>\n<meta property=\"og:type\" content=\"article\" \/>\n<meta property=\"og:title\" content=\"Infanteriesturmabzeichen in Silber - Miniatur - Karl H\u00e4user\" \/>\n<meta property=\"og:description\" content=\"Infanteriesturmabzeichen in Silber - Miniatur  Badge size\u00a017 mm x 12 mm. Needle size 1 mm diameter x 40 mm legth. Weight 1.390 gr.\" \/>\n<meta property=\"og:url\" content=\"https:\/\/www.karlhauser.com\/it\/prodotti\/infanteriesturmabzeichen-in-silber-miniatur\/\" \/>\n<meta property=\"og:site_name\" content=\"Karl H\u00e4user\" \/>\n<meta property=\"article:modified_time\" content=\"2025-10-16T16:54:37+00:00\" \/>\n<meta property=\"og:image\" content=\"https:\/\/www.karlhauser.com\/wp-content\/uploads\/2025\/08\/IMG-20250801-WA0006.jpg\" \/>\n\t<meta property=\"og:image:width\" content=\"2000\" \/>\n\t<meta property=\"og:image:height\" content=\"1500\" \/>\n\t<meta property=\"og:image:type\" content=\"image\/jpeg\" \/>\n<meta name=\"twitter:card\" content=\"summary_large_image\" \/>\n<meta name=\"twitter:label1\" content=\"Tempo di lettura stimato\" \/>\n\t<meta name=\"twitter:data1\" content=\"1 minuto\" \/>\n<script type=\"application\/ld+json\" class=\"yoast-schema-graph\">{\"@context\":\"https:\\\/\\\/schema.org\",\"@graph\":[{\"@type\":\"WebPage\",\"@id\":\"https:\\\/\\\/www.karlhauser.com\\\/it\\\/prodotti\\\/infanteriesturmabzeichen-in-silber-miniatur\\\/\",\"url\":\"https:\\\/\\\/www.karlhauser.com\\\/it\\\/prodotti\\\/infanteriesturmabzeichen-in-silber-miniatur\\\/\",\"name\":\"Infanteriesturmabzeichen in Silber - Miniatur - Karl H\u00e4user\",\"isPartOf\":{\"@id\":\"https:\\\/\\\/www.karlhauser.com\\\/it\\\/#website\"},\"primaryImageOfPage\":{\"@id\":\"https:\\\/\\\/www.karlhauser.com\\\/it\\\/prodotti\\\/infanteriesturmabzeichen-in-silber-miniatur\\\/#primaryimage\"},\"image\":{\"@id\":\"https:\\\/\\\/www.karlhauser.com\\\/it\\\/prodotti\\\/infanteriesturmabzeichen-in-silber-miniatur\\\/#primaryimage\"},\"thumbnailUrl\":\"https:\\\/\\\/www.karlhauser.com\\\/wp-content\\\/uploads\\\/2025\\\/08\\\/IMG-20250801-WA0006.jpg\",\"datePublished\":\"2025-08-01T16:29:51+00:00\",\"dateModified\":\"2025-10-16T16:54:37+00:00\",\"breadcrumb\":{\"@id\":\"https:\\\/\\\/www.karlhauser.com\\\/it\\\/prodotti\\\/infanteriesturmabzeichen-in-silber-miniatur\\\/#breadcrumb\"},\"inLanguage\":\"it-IT\",\"potentialAction\":[{\"@type\":\"ReadAction\",\"target\":[\"https:\\\/\\\/www.karlhauser.com\\\/it\\\/prodotti\\\/infanteriesturmabzeichen-in-silber-miniatur\\\/\"]}]},{\"@type\":\"ImageObject\",\"inLanguage\":\"it-IT\",\"@id\":\"https:\\\/\\\/www.karlhauser.com\\\/it\\\/prodotti\\\/infanteriesturmabzeichen-in-silber-miniatur\\\/#primaryimage\",\"url\":\"https:\\\/\\\/www.karlhauser.com\\\/wp-content\\\/uploads\\\/2025\\\/08\\\/IMG-20250801-WA0006.jpg\",\"contentUrl\":\"https:\\\/\\\/www.karlhauser.com\\\/wp-content\\\/uploads\\\/2025\\\/08\\\/IMG-20250801-WA0006.jpg\",\"width\":2000,\"height\":1500},{\"@type\":\"BreadcrumbList\",\"@id\":\"https:\\\/\\\/www.karlhauser.com\\\/it\\\/prodotti\\\/infanteriesturmabzeichen-in-silber-miniatur\\\/#breadcrumb\",\"itemListElement\":[{\"@type\":\"ListItem\",\"position\":1,\"name\":\"Home\",\"item\":\"https:\\\/\\\/www.karlhauser.com\\\/it\\\/\"},{\"@type\":\"ListItem\",\"position\":2,\"name\":\"Negozio\",\"item\":\"https:\\\/\\\/www.karlhauser.com\\\/it\\\/negozio\\\/\"},{\"@type\":\"ListItem\",\"position\":3,\"name\":\"Infanteriesturmabzeichen in Silber &#8211; Miniatur\"}]},{\"@type\":\"WebSite\",\"@id\":\"https:\\\/\\\/www.karlhauser.com\\\/it\\\/#website\",\"url\":\"https:\\\/\\\/www.karlhauser.com\\\/it\\\/\",\"name\":\"Karl H\u00e4user\",\"description\":\"Milit\u00e4rische Antiquit\u00e4ten und Waffen Vermittlung\",\"publisher\":{\"@id\":\"https:\\\/\\\/www.karlhauser.com\\\/it\\\/#organization\"},\"potentialAction\":[{\"@type\":\"SearchAction\",\"target\":{\"@type\":\"EntryPoint\",\"urlTemplate\":\"https:\\\/\\\/www.karlhauser.com\\\/it\\\/?s={search_term_string}\"},\"query-input\":{\"@type\":\"PropertyValueSpecification\",\"valueRequired\":true,\"valueName\":\"search_term_string\"}}],\"inLanguage\":\"it-IT\"},{\"@type\":\"Organization\",\"@id\":\"https:\\\/\\\/www.karlhauser.com\\\/it\\\/#organization\",\"name\":\"Karl H\u00e4user\",\"url\":\"https:\\\/\\\/www.karlhauser.com\\\/it\\\/\",\"logo\":{\"@type\":\"ImageObject\",\"inLanguage\":\"it-IT\",\"@id\":\"https:\\\/\\\/www.karlhauser.com\\\/it\\\/#\\\/schema\\\/logo\\\/image\\\/\",\"url\":\"https:\\\/\\\/www.karlhauser.com\\\/wp-content\\\/uploads\\\/2022\\\/09\\\/KH-generico-3.jpg\",\"contentUrl\":\"https:\\\/\\\/www.karlhauser.com\\\/wp-content\\\/uploads\\\/2022\\\/09\\\/KH-generico-3.jpg\",\"width\":470,\"height\":470,\"caption\":\"Karl H\u00e4user\"},\"image\":{\"@id\":\"https:\\\/\\\/www.karlhauser.com\\\/it\\\/#\\\/schema\\\/logo\\\/image\\\/\"},\"sameAs\":[\"https:\\\/\\\/www.instagram.com\\\/karlhauser.antik\\\/\",\"https:\\\/\\\/www.youtube.com\\\/channel\\\/UCt-9t2bku12mwXmte0FJLGQ\",\"https:\\\/\\\/www.ebay.it\\\/str\\\/karlhausermilitaryantiques?_trksid=p2047675.m3561.l2563\"]}]}<\/script>\n<!-- \/ Yoast SEO plugin. -->","yoast_head_json":{"title":"Infanteriesturmabzeichen in Silber - Miniatur - Karl H\u00e4user","robots":{"index":"index","follow":"follow","max-snippet":"max-snippet:-1","max-image-preview":"max-image-preview:large","max-video-preview":"max-video-preview:-1"},"canonical":"https:\/\/www.karlhauser.com\/it\/prodotti\/infanteriesturmabzeichen-in-silber-miniatur\/","og_locale":"it_IT","og_type":"article","og_title":"Infanteriesturmabzeichen in Silber - Miniatur - Karl H\u00e4user","og_description":"Infanteriesturmabzeichen in Silber - Miniatur  Badge size\u00a017 mm x 12 mm. Needle size 1 mm diameter x 40 mm legth. Weight 1.390 gr.","og_url":"https:\/\/www.karlhauser.com\/it\/prodotti\/infanteriesturmabzeichen-in-silber-miniatur\/","og_site_name":"Karl H\u00e4user","article_modified_time":"2025-10-16T16:54:37+00:00","og_image":[{"width":2000,"height":1500,"url":"https:\/\/www.karlhauser.com\/wp-content\/uploads\/2025\/08\/IMG-20250801-WA0006.jpg","type":"image\/jpeg"}],"twitter_card":"summary_large_image","twitter_misc":{"Tempo di lettura stimato":"1 minuto"},"schema":{"@context":"https:\/\/schema.org","@graph":[{"@type":"WebPage","@id":"https:\/\/www.karlhauser.com\/it\/prodotti\/infanteriesturmabzeichen-in-silber-miniatur\/","url":"https:\/\/www.karlhauser.com\/it\/prodotti\/infanteriesturmabzeichen-in-silber-miniatur\/","name":"Infanteriesturmabzeichen in Silber - Miniatur - Karl H\u00e4user","isPartOf":{"@id":"https:\/\/www.karlhauser.com\/it\/#website"},"primaryImageOfPage":{"@id":"https:\/\/www.karlhauser.com\/it\/prodotti\/infanteriesturmabzeichen-in-silber-miniatur\/#primaryimage"},"image":{"@id":"https:\/\/www.karlhauser.com\/it\/prodotti\/infanteriesturmabzeichen-in-silber-miniatur\/#primaryimage"},"thumbnailUrl":"https:\/\/www.karlhauser.com\/wp-content\/uploads\/2025\/08\/IMG-20250801-WA0006.jpg","datePublished":"2025-08-01T16:29:51+00:00","dateModified":"2025-10-16T16:54:37+00:00","breadcrumb":{"@id":"https:\/\/www.karlhauser.com\/it\/prodotti\/infanteriesturmabzeichen-in-silber-miniatur\/#breadcrumb"},"inLanguage":"it-IT","potentialAction":[{"@type":"ReadAction","target":["https:\/\/www.karlhauser.com\/it\/prodotti\/infanteriesturmabzeichen-in-silber-miniatur\/"]}]},{"@type":"ImageObject","inLanguage":"it-IT","@id":"https:\/\/www.karlhauser.com\/it\/prodotti\/infanteriesturmabzeichen-in-silber-miniatur\/#primaryimage","url":"https:\/\/www.karlhauser.com\/wp-content\/uploads\/2025\/08\/IMG-20250801-WA0006.jpg","contentUrl":"https:\/\/www.karlhauser.com\/wp-content\/uploads\/2025\/08\/IMG-20250801-WA0006.jpg","width":2000,"height":1500},{"@type":"BreadcrumbList","@id":"https:\/\/www.karlhauser.com\/it\/prodotti\/infanteriesturmabzeichen-in-silber-miniatur\/#breadcrumb","itemListElement":[{"@type":"ListItem","position":1,"name":"Home","item":"https:\/\/www.karlhauser.com\/it\/"},{"@type":"ListItem","position":2,"name":"Negozio","item":"https:\/\/www.karlhauser.com\/it\/negozio\/"},{"@type":"ListItem","position":3,"name":"Infanteriesturmabzeichen in Silber &#8211; Miniatur"}]},{"@type":"WebSite","@id":"https:\/\/www.karlhauser.com\/it\/#website","url":"https:\/\/www.karlhauser.com\/it\/","name":"Karl H\u00e4user","description":"Milit\u00e4rische Antiquit\u00e4ten und Waffen Vermittlung","publisher":{"@id":"https:\/\/www.karlhauser.com\/it\/#organization"},"potentialAction":[{"@type":"SearchAction","target":{"@type":"EntryPoint","urlTemplate":"https:\/\/www.karlhauser.com\/it\/?s={search_term_string}"},"query-input":{"@type":"PropertyValueSpecification","valueRequired":true,"valueName":"search_term_string"}}],"inLanguage":"it-IT"},{"@type":"Organization","@id":"https:\/\/www.karlhauser.com\/it\/#organization","name":"Karl H\u00e4user","url":"https:\/\/www.karlhauser.com\/it\/","logo":{"@type":"ImageObject","inLanguage":"it-IT","@id":"https:\/\/www.karlhauser.com\/it\/#\/schema\/logo\/image\/","url":"https:\/\/www.karlhauser.com\/wp-content\/uploads\/2022\/09\/KH-generico-3.jpg","contentUrl":"https:\/\/www.karlhauser.com\/wp-content\/uploads\/2022\/09\/KH-generico-3.jpg","width":470,"height":470,"caption":"Karl H\u00e4user"},"image":{"@id":"https:\/\/www.karlhauser.com\/it\/#\/schema\/logo\/image\/"},"sameAs":["https:\/\/www.instagram.com\/karlhauser.antik\/","https:\/\/www.youtube.com\/channel\/UCt-9t2bku12mwXmte0FJLGQ","https:\/\/www.ebay.it\/str\/karlhausermilitaryantiques?_trksid=p2047675.m3561.l2563"]}]}},"_links":{"self":[{"href":"https:\/\/www.karlhauser.com\/it\/wp-json\/wp\/v2\/product\/20402","targetHints":{"allow":["GET"]}}],"collection":[{"href":"https:\/\/www.karlhauser.com\/it\/wp-json\/wp\/v2\/product"}],"about":[{"href":"https:\/\/www.karlhauser.com\/it\/wp-json\/wp\/v2\/types\/product"}],"wp:featuredmedia":[{"embeddable":true,"href":"https:\/\/www.karlhauser.com\/it\/wp-json\/wp\/v2\/media\/20409"}],"wp:attachment":[{"href":"https:\/\/www.karlhauser.com\/it\/wp-json\/wp\/v2\/media?parent=20402"}],"wp:term":[{"taxonomy":"product_brand","embeddable":true,"href":"https:\/\/www.karlhauser.com\/it\/wp-json\/wp\/v2\/product_brand?post=20402"},{"taxonomy":"product_cat","embeddable":true,"href":"https:\/\/www.karlhauser.com\/it\/wp-json\/wp\/v2\/product_cat?post=20402"},{"taxonomy":"product_tag","embeddable":true,"href":"https:\/\/www.karlhauser.com\/it\/wp-json\/wp\/v2\/product_tag?post=20402"}],"curies":[{"name":"wp","href":"https:\/\/api.w.org\/{rel}","templated":true}]}}