{"id":21085,"date":"2025-10-04T12:17:54","date_gmt":"2025-10-04T10:17:54","guid":{"rendered":"https:\/\/www.karlhauser.com\/?post_type=product&#038;p=21085"},"modified":"2025-10-04T12:20:15","modified_gmt":"2025-10-04T10:20:15","slug":"anche-i-muri-parlano-i-manifesti-della-repubblica-sociale-italiana-a-vicenza-1943-1945-tonino-assirelli-e-mario-giulianati","status":"publish","type":"product","link":"https:\/\/www.karlhauser.com\/it\/prodotti\/anche-i-muri-parlano-i-manifesti-della-repubblica-sociale-italiana-a-vicenza-1943-1945-tonino-assirelli-e-mario-giulianati\/","title":{"rendered":"Anche i muri parlano. I manifesti della Repubblica Sociale Italiana a Vicenza (1943 &#8211; 1945) -Tonino Assirelli e Mario Giulianati"},"content":{"rendered":"<p style=\"background: white; margin: 6.0pt 0cm 6.0pt 0cm;\"><em><span style=\"font-size: 10.0pt; font-family: 'LexendBold',serif; color: black; letter-spacing: .75pt; font-style: normal;\">Anche i muri parlano. I manifesti della Repubblica Sociale Italiana a Vicenza (1943 &#8211; 1945)<\/span><\/em><span style=\"font-size: 10.0pt; font-family: 'LexendRegular',serif; color: black; letter-spacing: .75pt;\">, Tonino Assirelli e Mario Giulianati, Vicenza 2007\u00a0<\/span><\/p>\n<p style=\"background: white; box-sizing: border-box; font-variant-ligatures: normal; font-variant-caps: normal; orphans: 2; text-align: start; widows: 2; -webkit-text-stroke-width: 0px; text-decoration-thickness: initial; text-decoration-style: initial; text-decoration-color: initial; word-spacing: 0px; margin: 6.0pt 0cm 6.0pt 0cm;\"><span style=\"font-size: 10.0pt; font-family: 'LexendRegular',serif; color: black; letter-spacing: .75pt;\">La riorganizzazione dello stato nella nuova repubblica fascista sul finire del 1943 determin\u00f2 la produzione di una grande mole di materiale di propaganda. Di questo materiale la Bertoliana conserva un fondo ricco di 120 manifesti murali. Opere dei migliori grafici e disegnatori del tempo, da Boccasile a Coscia, Sabattini e Bertoletti, questi manifesti disegnano decenni della storia della politica italiana a cavallo della seconda guerra mondiale. La raccolta dei manifesti della RSI \u00e8 stata oggetto di un attento lavoro di valorizzazione, che ha comportato, a margine di questo catalogo, la catalogazione e la digitalizzazione.<\/span><\/p>\n","protected":false},"excerpt":{"rendered":"<p style=\"background: white; margin: 6.0pt 0cm 6.0pt 0cm;\"><em><span style=\"font-size: 10.0pt; font-family: 'LexendBold',serif; color: black; letter-spacing: .75pt; font-style: normal;\">Anche i muri parlano. I manifesti della Repubblica Sociale Italiana a Vicenza (1943 &#8211; 1945)<\/span><\/em><span style=\"font-size: 10.0pt; font-family: 'LexendRegular',serif; color: black; letter-spacing: .75pt;\">, Tonino Assirelli e Mario Giulianati, Vicenza 2007\u00a0<\/span><\/p>\n<p style=\"background: white; box-sizing: border-box; font-variant-ligatures: normal; font-variant-caps: normal; orphans: 2; text-align: start; widows: 2; -webkit-text-stroke-width: 0px; text-decoration-thickness: initial; text-decoration-style: initial; text-decoration-color: initial; word-spacing: 0px; margin: 6.0pt 0cm 6.0pt 0cm;\"><span style=\"font-size: 10.0pt; font-family: 'LexendRegular',serif; color: black; letter-spacing: .75pt;\">La riorganizzazione dello stato nella nuova repubblica fascista sul finire del 1943 determin\u00f2 la produzione di una grande mole di materiale di propaganda. Di questo materiale la Bertoliana conserva un fondo ricco di 120 manifesti murali. Opere dei migliori grafici e disegnatori del tempo, da Boccasile a Coscia, Sabattini e Bertoletti, questi manifesti disegnano decenni della storia della politica italiana a cavallo della seconda guerra mondiale. La raccolta dei manifesti della RSI \u00e8 stata oggetto di un attento lavoro di valorizzazione, che ha comportato, a margine di questo catalogo, la catalogazione e la digitalizzazione.<\/span><\/p>\n","protected":false},"featured_media":21086,"template":"","meta":{"_acf_changed":false},"product_brand":[],"product_cat":[546],"product_tag":[534],"class_list":{"0":"post-21085","1":"product","2":"type-product","3":"status-publish","4":"has-post-thumbnail","6":"product_cat-books-2","7":"product_tag-rsi","9":"first","10":"instock","11":"taxable","12":"shipping-taxable","13":"purchasable","14":"product-type-simple"},"acf":[],"yoast_head":"<!-- This site is optimized with the Yoast SEO plugin v27.3 - https:\/\/yoast.com\/product\/yoast-seo-wordpress\/ -->\n<title>Anche i muri parlano. I manifesti della Repubblica Sociale Italiana a Vicenza (1943 - 1945) -Tonino Assirelli e Mario Giulianati - Karl H\u00e4user<\/title>\n<meta name=\"robots\" content=\"index, follow, max-snippet:-1, max-image-preview:large, max-video-preview:-1\" \/>\n<link rel=\"canonical\" href=\"https:\/\/www.karlhauser.com\/it\/prodotti\/anche-i-muri-parlano-i-manifesti-della-repubblica-sociale-italiana-a-vicenza-1943-1945-tonino-assirelli-e-mario-giulianati\/\" \/>\n<meta property=\"og:locale\" content=\"it_IT\" \/>\n<meta property=\"og:type\" content=\"article\" \/>\n<meta property=\"og:title\" content=\"Anche i muri parlano. I manifesti della Repubblica Sociale Italiana a Vicenza (1943 - 1945) -Tonino Assirelli e Mario Giulianati - Karl H\u00e4user\" \/>\n<meta property=\"og:description\" content=\"Anche i muri parlano. I manifesti della Repubblica Sociale Italiana a Vicenza (1943 - 1945), Tonino Assirelli e Mario Giulianati, Vicenza 2007\u00a0 La riorganizzazione dello stato nella nuova repubblica fascista sul finire del 1943 determin\u00f2 la produzione di una grande mole di materiale di propaganda. Di questo materiale la Bertoliana conserva un fondo ricco di 120 manifesti murali. Opere dei migliori grafici e disegnatori del tempo, da Boccasile a Coscia, Sabattini e Bertoletti, questi manifesti disegnano decenni della storia della politica italiana a cavallo della seconda guerra mondiale. La raccolta dei manifesti della RSI \u00e8 stata oggetto di un attento lavoro di valorizzazione, che ha comportato, a margine di questo catalogo, la catalogazione e la digitalizzazione.\" \/>\n<meta property=\"og:url\" content=\"https:\/\/www.karlhauser.com\/it\/prodotti\/anche-i-muri-parlano-i-manifesti-della-repubblica-sociale-italiana-a-vicenza-1943-1945-tonino-assirelli-e-mario-giulianati\/\" \/>\n<meta property=\"og:site_name\" content=\"Karl H\u00e4user\" \/>\n<meta property=\"article:modified_time\" content=\"2025-10-04T10:20:15+00:00\" \/>\n<meta property=\"og:image\" content=\"https:\/\/www.karlhauser.com\/wp-content\/uploads\/2025\/10\/20250927_145836-scaled.jpg\" \/>\n\t<meta property=\"og:image:width\" content=\"1932\" \/>\n\t<meta property=\"og:image:height\" content=\"2560\" \/>\n\t<meta property=\"og:image:type\" content=\"image\/jpeg\" \/>\n<meta name=\"twitter:card\" content=\"summary_large_image\" \/>\n<meta name=\"twitter:label1\" content=\"Tempo di lettura stimato\" \/>\n\t<meta name=\"twitter:data1\" content=\"1 minuto\" \/>\n<script type=\"application\/ld+json\" class=\"yoast-schema-graph\">{\"@context\":\"https:\\\/\\\/schema.org\",\"@graph\":[{\"@type\":\"WebPage\",\"@id\":\"https:\\\/\\\/www.karlhauser.com\\\/it\\\/prodotti\\\/anche-i-muri-parlano-i-manifesti-della-repubblica-sociale-italiana-a-vicenza-1943-1945-tonino-assirelli-e-mario-giulianati\\\/\",\"url\":\"https:\\\/\\\/www.karlhauser.com\\\/it\\\/prodotti\\\/anche-i-muri-parlano-i-manifesti-della-repubblica-sociale-italiana-a-vicenza-1943-1945-tonino-assirelli-e-mario-giulianati\\\/\",\"name\":\"Anche i muri parlano. I manifesti della Repubblica Sociale Italiana a Vicenza (1943 - 1945) -Tonino Assirelli e Mario Giulianati - Karl H\u00e4user\",\"isPartOf\":{\"@id\":\"https:\\\/\\\/www.karlhauser.com\\\/it\\\/#website\"},\"primaryImageOfPage\":{\"@id\":\"https:\\\/\\\/www.karlhauser.com\\\/it\\\/prodotti\\\/anche-i-muri-parlano-i-manifesti-della-repubblica-sociale-italiana-a-vicenza-1943-1945-tonino-assirelli-e-mario-giulianati\\\/#primaryimage\"},\"image\":{\"@id\":\"https:\\\/\\\/www.karlhauser.com\\\/it\\\/prodotti\\\/anche-i-muri-parlano-i-manifesti-della-repubblica-sociale-italiana-a-vicenza-1943-1945-tonino-assirelli-e-mario-giulianati\\\/#primaryimage\"},\"thumbnailUrl\":\"https:\\\/\\\/www.karlhauser.com\\\/wp-content\\\/uploads\\\/2025\\\/10\\\/20250927_145836-scaled.jpg\",\"datePublished\":\"2025-10-04T10:17:54+00:00\",\"dateModified\":\"2025-10-04T10:20:15+00:00\",\"breadcrumb\":{\"@id\":\"https:\\\/\\\/www.karlhauser.com\\\/it\\\/prodotti\\\/anche-i-muri-parlano-i-manifesti-della-repubblica-sociale-italiana-a-vicenza-1943-1945-tonino-assirelli-e-mario-giulianati\\\/#breadcrumb\"},\"inLanguage\":\"it-IT\",\"potentialAction\":[{\"@type\":\"ReadAction\",\"target\":[\"https:\\\/\\\/www.karlhauser.com\\\/it\\\/prodotti\\\/anche-i-muri-parlano-i-manifesti-della-repubblica-sociale-italiana-a-vicenza-1943-1945-tonino-assirelli-e-mario-giulianati\\\/\"]}]},{\"@type\":\"ImageObject\",\"inLanguage\":\"it-IT\",\"@id\":\"https:\\\/\\\/www.karlhauser.com\\\/it\\\/prodotti\\\/anche-i-muri-parlano-i-manifesti-della-repubblica-sociale-italiana-a-vicenza-1943-1945-tonino-assirelli-e-mario-giulianati\\\/#primaryimage\",\"url\":\"https:\\\/\\\/www.karlhauser.com\\\/wp-content\\\/uploads\\\/2025\\\/10\\\/20250927_145836-scaled.jpg\",\"contentUrl\":\"https:\\\/\\\/www.karlhauser.com\\\/wp-content\\\/uploads\\\/2025\\\/10\\\/20250927_145836-scaled.jpg\",\"width\":1932,\"height\":2560},{\"@type\":\"BreadcrumbList\",\"@id\":\"https:\\\/\\\/www.karlhauser.com\\\/it\\\/prodotti\\\/anche-i-muri-parlano-i-manifesti-della-repubblica-sociale-italiana-a-vicenza-1943-1945-tonino-assirelli-e-mario-giulianati\\\/#breadcrumb\",\"itemListElement\":[{\"@type\":\"ListItem\",\"position\":1,\"name\":\"Home\",\"item\":\"https:\\\/\\\/www.karlhauser.com\\\/it\\\/\"},{\"@type\":\"ListItem\",\"position\":2,\"name\":\"Negozio\",\"item\":\"https:\\\/\\\/www.karlhauser.com\\\/it\\\/negozio\\\/\"},{\"@type\":\"ListItem\",\"position\":3,\"name\":\"Anche i muri parlano. I manifesti della Repubblica Sociale Italiana a Vicenza (1943 &#8211; 1945) -Tonino Assirelli e Mario Giulianati\"}]},{\"@type\":\"WebSite\",\"@id\":\"https:\\\/\\\/www.karlhauser.com\\\/it\\\/#website\",\"url\":\"https:\\\/\\\/www.karlhauser.com\\\/it\\\/\",\"name\":\"Karl H\u00e4user\",\"description\":\"Milit\u00e4rische Antiquit\u00e4ten und Waffen Vermittlung\",\"publisher\":{\"@id\":\"https:\\\/\\\/www.karlhauser.com\\\/it\\\/#organization\"},\"potentialAction\":[{\"@type\":\"SearchAction\",\"target\":{\"@type\":\"EntryPoint\",\"urlTemplate\":\"https:\\\/\\\/www.karlhauser.com\\\/it\\\/?s={search_term_string}\"},\"query-input\":{\"@type\":\"PropertyValueSpecification\",\"valueRequired\":true,\"valueName\":\"search_term_string\"}}],\"inLanguage\":\"it-IT\"},{\"@type\":\"Organization\",\"@id\":\"https:\\\/\\\/www.karlhauser.com\\\/it\\\/#organization\",\"name\":\"Karl H\u00e4user\",\"url\":\"https:\\\/\\\/www.karlhauser.com\\\/it\\\/\",\"logo\":{\"@type\":\"ImageObject\",\"inLanguage\":\"it-IT\",\"@id\":\"https:\\\/\\\/www.karlhauser.com\\\/it\\\/#\\\/schema\\\/logo\\\/image\\\/\",\"url\":\"https:\\\/\\\/www.karlhauser.com\\\/wp-content\\\/uploads\\\/2022\\\/09\\\/KH-generico-3.jpg\",\"contentUrl\":\"https:\\\/\\\/www.karlhauser.com\\\/wp-content\\\/uploads\\\/2022\\\/09\\\/KH-generico-3.jpg\",\"width\":470,\"height\":470,\"caption\":\"Karl H\u00e4user\"},\"image\":{\"@id\":\"https:\\\/\\\/www.karlhauser.com\\\/it\\\/#\\\/schema\\\/logo\\\/image\\\/\"},\"sameAs\":[\"https:\\\/\\\/www.instagram.com\\\/karlhauser.antik\\\/\",\"https:\\\/\\\/www.youtube.com\\\/channel\\\/UCt-9t2bku12mwXmte0FJLGQ\",\"https:\\\/\\\/www.ebay.it\\\/str\\\/karlhausermilitaryantiques?_trksid=p2047675.m3561.l2563\"]}]}<\/script>\n<!-- \/ Yoast SEO plugin. -->","yoast_head_json":{"title":"Anche i muri parlano. I manifesti della Repubblica Sociale Italiana a Vicenza (1943 - 1945) -Tonino Assirelli e Mario Giulianati - Karl H\u00e4user","robots":{"index":"index","follow":"follow","max-snippet":"max-snippet:-1","max-image-preview":"max-image-preview:large","max-video-preview":"max-video-preview:-1"},"canonical":"https:\/\/www.karlhauser.com\/it\/prodotti\/anche-i-muri-parlano-i-manifesti-della-repubblica-sociale-italiana-a-vicenza-1943-1945-tonino-assirelli-e-mario-giulianati\/","og_locale":"it_IT","og_type":"article","og_title":"Anche i muri parlano. I manifesti della Repubblica Sociale Italiana a Vicenza (1943 - 1945) -Tonino Assirelli e Mario Giulianati - Karl H\u00e4user","og_description":"Anche i muri parlano. I manifesti della Repubblica Sociale Italiana a Vicenza (1943 - 1945), Tonino Assirelli e Mario Giulianati, Vicenza 2007\u00a0 La riorganizzazione dello stato nella nuova repubblica fascista sul finire del 1943 determin\u00f2 la produzione di una grande mole di materiale di propaganda. Di questo materiale la Bertoliana conserva un fondo ricco di 120 manifesti murali. Opere dei migliori grafici e disegnatori del tempo, da Boccasile a Coscia, Sabattini e Bertoletti, questi manifesti disegnano decenni della storia della politica italiana a cavallo della seconda guerra mondiale. La raccolta dei manifesti della RSI \u00e8 stata oggetto di un attento lavoro di valorizzazione, che ha comportato, a margine di questo catalogo, la catalogazione e la digitalizzazione.","og_url":"https:\/\/www.karlhauser.com\/it\/prodotti\/anche-i-muri-parlano-i-manifesti-della-repubblica-sociale-italiana-a-vicenza-1943-1945-tonino-assirelli-e-mario-giulianati\/","og_site_name":"Karl H\u00e4user","article_modified_time":"2025-10-04T10:20:15+00:00","og_image":[{"width":1932,"height":2560,"url":"https:\/\/www.karlhauser.com\/wp-content\/uploads\/2025\/10\/20250927_145836-scaled.jpg","type":"image\/jpeg"}],"twitter_card":"summary_large_image","twitter_misc":{"Tempo di lettura stimato":"1 minuto"},"schema":{"@context":"https:\/\/schema.org","@graph":[{"@type":"WebPage","@id":"https:\/\/www.karlhauser.com\/it\/prodotti\/anche-i-muri-parlano-i-manifesti-della-repubblica-sociale-italiana-a-vicenza-1943-1945-tonino-assirelli-e-mario-giulianati\/","url":"https:\/\/www.karlhauser.com\/it\/prodotti\/anche-i-muri-parlano-i-manifesti-della-repubblica-sociale-italiana-a-vicenza-1943-1945-tonino-assirelli-e-mario-giulianati\/","name":"Anche i muri parlano. I manifesti della Repubblica Sociale Italiana a Vicenza (1943 - 1945) -Tonino Assirelli e Mario Giulianati - Karl H\u00e4user","isPartOf":{"@id":"https:\/\/www.karlhauser.com\/it\/#website"},"primaryImageOfPage":{"@id":"https:\/\/www.karlhauser.com\/it\/prodotti\/anche-i-muri-parlano-i-manifesti-della-repubblica-sociale-italiana-a-vicenza-1943-1945-tonino-assirelli-e-mario-giulianati\/#primaryimage"},"image":{"@id":"https:\/\/www.karlhauser.com\/it\/prodotti\/anche-i-muri-parlano-i-manifesti-della-repubblica-sociale-italiana-a-vicenza-1943-1945-tonino-assirelli-e-mario-giulianati\/#primaryimage"},"thumbnailUrl":"https:\/\/www.karlhauser.com\/wp-content\/uploads\/2025\/10\/20250927_145836-scaled.jpg","datePublished":"2025-10-04T10:17:54+00:00","dateModified":"2025-10-04T10:20:15+00:00","breadcrumb":{"@id":"https:\/\/www.karlhauser.com\/it\/prodotti\/anche-i-muri-parlano-i-manifesti-della-repubblica-sociale-italiana-a-vicenza-1943-1945-tonino-assirelli-e-mario-giulianati\/#breadcrumb"},"inLanguage":"it-IT","potentialAction":[{"@type":"ReadAction","target":["https:\/\/www.karlhauser.com\/it\/prodotti\/anche-i-muri-parlano-i-manifesti-della-repubblica-sociale-italiana-a-vicenza-1943-1945-tonino-assirelli-e-mario-giulianati\/"]}]},{"@type":"ImageObject","inLanguage":"it-IT","@id":"https:\/\/www.karlhauser.com\/it\/prodotti\/anche-i-muri-parlano-i-manifesti-della-repubblica-sociale-italiana-a-vicenza-1943-1945-tonino-assirelli-e-mario-giulianati\/#primaryimage","url":"https:\/\/www.karlhauser.com\/wp-content\/uploads\/2025\/10\/20250927_145836-scaled.jpg","contentUrl":"https:\/\/www.karlhauser.com\/wp-content\/uploads\/2025\/10\/20250927_145836-scaled.jpg","width":1932,"height":2560},{"@type":"BreadcrumbList","@id":"https:\/\/www.karlhauser.com\/it\/prodotti\/anche-i-muri-parlano-i-manifesti-della-repubblica-sociale-italiana-a-vicenza-1943-1945-tonino-assirelli-e-mario-giulianati\/#breadcrumb","itemListElement":[{"@type":"ListItem","position":1,"name":"Home","item":"https:\/\/www.karlhauser.com\/it\/"},{"@type":"ListItem","position":2,"name":"Negozio","item":"https:\/\/www.karlhauser.com\/it\/negozio\/"},{"@type":"ListItem","position":3,"name":"Anche i muri parlano. I manifesti della Repubblica Sociale Italiana a Vicenza (1943 &#8211; 1945) -Tonino Assirelli e Mario Giulianati"}]},{"@type":"WebSite","@id":"https:\/\/www.karlhauser.com\/it\/#website","url":"https:\/\/www.karlhauser.com\/it\/","name":"Karl H\u00e4user","description":"Milit\u00e4rische Antiquit\u00e4ten und Waffen Vermittlung","publisher":{"@id":"https:\/\/www.karlhauser.com\/it\/#organization"},"potentialAction":[{"@type":"SearchAction","target":{"@type":"EntryPoint","urlTemplate":"https:\/\/www.karlhauser.com\/it\/?s={search_term_string}"},"query-input":{"@type":"PropertyValueSpecification","valueRequired":true,"valueName":"search_term_string"}}],"inLanguage":"it-IT"},{"@type":"Organization","@id":"https:\/\/www.karlhauser.com\/it\/#organization","name":"Karl H\u00e4user","url":"https:\/\/www.karlhauser.com\/it\/","logo":{"@type":"ImageObject","inLanguage":"it-IT","@id":"https:\/\/www.karlhauser.com\/it\/#\/schema\/logo\/image\/","url":"https:\/\/www.karlhauser.com\/wp-content\/uploads\/2022\/09\/KH-generico-3.jpg","contentUrl":"https:\/\/www.karlhauser.com\/wp-content\/uploads\/2022\/09\/KH-generico-3.jpg","width":470,"height":470,"caption":"Karl H\u00e4user"},"image":{"@id":"https:\/\/www.karlhauser.com\/it\/#\/schema\/logo\/image\/"},"sameAs":["https:\/\/www.instagram.com\/karlhauser.antik\/","https:\/\/www.youtube.com\/channel\/UCt-9t2bku12mwXmte0FJLGQ","https:\/\/www.ebay.it\/str\/karlhausermilitaryantiques?_trksid=p2047675.m3561.l2563"]}]}},"_links":{"self":[{"href":"https:\/\/www.karlhauser.com\/it\/wp-json\/wp\/v2\/product\/21085","targetHints":{"allow":["GET"]}}],"collection":[{"href":"https:\/\/www.karlhauser.com\/it\/wp-json\/wp\/v2\/product"}],"about":[{"href":"https:\/\/www.karlhauser.com\/it\/wp-json\/wp\/v2\/types\/product"}],"wp:featuredmedia":[{"embeddable":true,"href":"https:\/\/www.karlhauser.com\/it\/wp-json\/wp\/v2\/media\/21086"}],"wp:attachment":[{"href":"https:\/\/www.karlhauser.com\/it\/wp-json\/wp\/v2\/media?parent=21085"}],"wp:term":[{"taxonomy":"product_brand","embeddable":true,"href":"https:\/\/www.karlhauser.com\/it\/wp-json\/wp\/v2\/product_brand?post=21085"},{"taxonomy":"product_cat","embeddable":true,"href":"https:\/\/www.karlhauser.com\/it\/wp-json\/wp\/v2\/product_cat?post=21085"},{"taxonomy":"product_tag","embeddable":true,"href":"https:\/\/www.karlhauser.com\/it\/wp-json\/wp\/v2\/product_tag?post=21085"}],"curies":[{"name":"wp","href":"https:\/\/api.w.org\/{rel}","templated":true}]}}