{"id":5965,"date":"2023-10-24T17:08:03","date_gmt":"2023-10-24T15:08:03","guid":{"rendered":"https:\/\/www.karlhauser.com\/?post_type=product&#038;p=5965"},"modified":"2025-10-16T17:54:54","modified_gmt":"2025-10-16T15:54:54","slug":"fregio-da-berretto-per-4-granatieri-di-sardegna-ww2-italian-cap-badge","status":"publish","type":"product","link":"https:\/\/www.karlhauser.com\/it\/prodotti\/fregio-da-berretto-per-4-granatieri-di-sardegna-ww2-italian-cap-badge\/","title":{"rendered":"Fregio da berretto per 4\u00b0 Granatieri di Sardegna \u2013 WW2 Italian Cap Badge"},"content":{"rendered":"<p>Size 92 x 27 x 6 mm<\/p>\n","protected":false},"excerpt":{"rendered":"<p>Regio Esercito Italiano WW2<\/p>\n","protected":false},"featured_media":5966,"template":"","meta":{"_acf_changed":false},"product_brand":[],"product_cat":[911],"product_tag":[319,226],"class_list":{"0":"post-5965","1":"product","2":"type-product","3":"status-publish","4":"has-post-thumbnail","6":"product_cat-italy-1919-1945","7":"product_tag-granatieri","8":"product_tag-regio-esercito","10":"first","11":"instock","12":"taxable","13":"shipping-taxable","14":"purchasable","15":"product-type-simple"},"acf":[],"yoast_head":"<!-- This site is optimized with the Yoast SEO plugin v27.3 - https:\/\/yoast.com\/product\/yoast-seo-wordpress\/ -->\n<title>Fregio da berretto per 4\u00b0 Granatieri di Sardegna \u2013 WW2 Italian Cap Badge - Karl H\u00e4user<\/title>\n<meta name=\"robots\" content=\"index, follow, max-snippet:-1, max-image-preview:large, max-video-preview:-1\" \/>\n<link rel=\"canonical\" href=\"https:\/\/www.karlhauser.com\/it\/prodotti\/fregio-da-berretto-per-4-granatieri-di-sardegna-ww2-italian-cap-badge\/\" \/>\n<meta property=\"og:locale\" content=\"it_IT\" \/>\n<meta property=\"og:type\" content=\"article\" \/>\n<meta property=\"og:title\" content=\"Fregio da berretto per 4\u00b0 Granatieri di Sardegna \u2013 WW2 Italian Cap Badge - Karl H\u00e4user\" \/>\n<meta property=\"og:description\" content=\"Regio Esercito Italiano WW2\" \/>\n<meta property=\"og:url\" content=\"https:\/\/www.karlhauser.com\/it\/prodotti\/fregio-da-berretto-per-4-granatieri-di-sardegna-ww2-italian-cap-badge\/\" \/>\n<meta property=\"og:site_name\" content=\"Karl H\u00e4user\" \/>\n<meta property=\"article:modified_time\" content=\"2025-10-16T15:54:54+00:00\" \/>\n<meta property=\"og:image\" content=\"https:\/\/www.karlhauser.com\/wp-content\/uploads\/2023\/10\/IMG_6853.jpg\" \/>\n\t<meta property=\"og:image:width\" content=\"1376\" \/>\n\t<meta property=\"og:image:height\" content=\"2124\" \/>\n\t<meta property=\"og:image:type\" content=\"image\/jpeg\" \/>\n<meta name=\"twitter:card\" content=\"summary_large_image\" \/>\n<meta name=\"twitter:label1\" content=\"Tempo di lettura stimato\" \/>\n\t<meta name=\"twitter:data1\" content=\"1 minuto\" \/>\n<script type=\"application\/ld+json\" class=\"yoast-schema-graph\">{\"@context\":\"https:\\\/\\\/schema.org\",\"@graph\":[{\"@type\":\"WebPage\",\"@id\":\"https:\\\/\\\/www.karlhauser.com\\\/it\\\/prodotti\\\/fregio-da-berretto-per-4-granatieri-di-sardegna-ww2-italian-cap-badge\\\/\",\"url\":\"https:\\\/\\\/www.karlhauser.com\\\/it\\\/prodotti\\\/fregio-da-berretto-per-4-granatieri-di-sardegna-ww2-italian-cap-badge\\\/\",\"name\":\"Fregio da berretto per 4\u00b0 Granatieri di Sardegna \u2013 WW2 Italian Cap Badge - Karl H\u00e4user\",\"isPartOf\":{\"@id\":\"https:\\\/\\\/www.karlhauser.com\\\/it\\\/#website\"},\"primaryImageOfPage\":{\"@id\":\"https:\\\/\\\/www.karlhauser.com\\\/it\\\/prodotti\\\/fregio-da-berretto-per-4-granatieri-di-sardegna-ww2-italian-cap-badge\\\/#primaryimage\"},\"image\":{\"@id\":\"https:\\\/\\\/www.karlhauser.com\\\/it\\\/prodotti\\\/fregio-da-berretto-per-4-granatieri-di-sardegna-ww2-italian-cap-badge\\\/#primaryimage\"},\"thumbnailUrl\":\"https:\\\/\\\/www.karlhauser.com\\\/wp-content\\\/uploads\\\/2023\\\/10\\\/IMG_6853.jpg\",\"datePublished\":\"2023-10-24T15:08:03+00:00\",\"dateModified\":\"2025-10-16T15:54:54+00:00\",\"breadcrumb\":{\"@id\":\"https:\\\/\\\/www.karlhauser.com\\\/it\\\/prodotti\\\/fregio-da-berretto-per-4-granatieri-di-sardegna-ww2-italian-cap-badge\\\/#breadcrumb\"},\"inLanguage\":\"it-IT\",\"potentialAction\":[{\"@type\":\"ReadAction\",\"target\":[\"https:\\\/\\\/www.karlhauser.com\\\/it\\\/prodotti\\\/fregio-da-berretto-per-4-granatieri-di-sardegna-ww2-italian-cap-badge\\\/\"]}]},{\"@type\":\"ImageObject\",\"inLanguage\":\"it-IT\",\"@id\":\"https:\\\/\\\/www.karlhauser.com\\\/it\\\/prodotti\\\/fregio-da-berretto-per-4-granatieri-di-sardegna-ww2-italian-cap-badge\\\/#primaryimage\",\"url\":\"https:\\\/\\\/www.karlhauser.com\\\/wp-content\\\/uploads\\\/2023\\\/10\\\/IMG_6853.jpg\",\"contentUrl\":\"https:\\\/\\\/www.karlhauser.com\\\/wp-content\\\/uploads\\\/2023\\\/10\\\/IMG_6853.jpg\",\"width\":1376,\"height\":2124},{\"@type\":\"BreadcrumbList\",\"@id\":\"https:\\\/\\\/www.karlhauser.com\\\/it\\\/prodotti\\\/fregio-da-berretto-per-4-granatieri-di-sardegna-ww2-italian-cap-badge\\\/#breadcrumb\",\"itemListElement\":[{\"@type\":\"ListItem\",\"position\":1,\"name\":\"Home\",\"item\":\"https:\\\/\\\/www.karlhauser.com\\\/it\\\/\"},{\"@type\":\"ListItem\",\"position\":2,\"name\":\"Negozio\",\"item\":\"https:\\\/\\\/www.karlhauser.com\\\/it\\\/negozio\\\/\"},{\"@type\":\"ListItem\",\"position\":3,\"name\":\"Fregio da berretto per 4\u00b0 Granatieri di Sardegna \u2013 WW2 Italian Cap Badge\"}]},{\"@type\":\"WebSite\",\"@id\":\"https:\\\/\\\/www.karlhauser.com\\\/it\\\/#website\",\"url\":\"https:\\\/\\\/www.karlhauser.com\\\/it\\\/\",\"name\":\"Karl H\u00e4user\",\"description\":\"Milit\u00e4rische Antiquit\u00e4ten und Waffen Vermittlung\",\"publisher\":{\"@id\":\"https:\\\/\\\/www.karlhauser.com\\\/it\\\/#organization\"},\"potentialAction\":[{\"@type\":\"SearchAction\",\"target\":{\"@type\":\"EntryPoint\",\"urlTemplate\":\"https:\\\/\\\/www.karlhauser.com\\\/it\\\/?s={search_term_string}\"},\"query-input\":{\"@type\":\"PropertyValueSpecification\",\"valueRequired\":true,\"valueName\":\"search_term_string\"}}],\"inLanguage\":\"it-IT\"},{\"@type\":\"Organization\",\"@id\":\"https:\\\/\\\/www.karlhauser.com\\\/it\\\/#organization\",\"name\":\"Karl H\u00e4user\",\"url\":\"https:\\\/\\\/www.karlhauser.com\\\/it\\\/\",\"logo\":{\"@type\":\"ImageObject\",\"inLanguage\":\"it-IT\",\"@id\":\"https:\\\/\\\/www.karlhauser.com\\\/it\\\/#\\\/schema\\\/logo\\\/image\\\/\",\"url\":\"https:\\\/\\\/www.karlhauser.com\\\/wp-content\\\/uploads\\\/2022\\\/09\\\/KH-generico-3.jpg\",\"contentUrl\":\"https:\\\/\\\/www.karlhauser.com\\\/wp-content\\\/uploads\\\/2022\\\/09\\\/KH-generico-3.jpg\",\"width\":470,\"height\":470,\"caption\":\"Karl H\u00e4user\"},\"image\":{\"@id\":\"https:\\\/\\\/www.karlhauser.com\\\/it\\\/#\\\/schema\\\/logo\\\/image\\\/\"},\"sameAs\":[\"https:\\\/\\\/www.instagram.com\\\/karlhauser.antik\\\/\",\"https:\\\/\\\/www.youtube.com\\\/channel\\\/UCt-9t2bku12mwXmte0FJLGQ\",\"https:\\\/\\\/www.ebay.it\\\/str\\\/karlhausermilitaryantiques?_trksid=p2047675.m3561.l2563\"]}]}<\/script>\n<!-- \/ Yoast SEO plugin. -->","yoast_head_json":{"title":"Fregio da berretto per 4\u00b0 Granatieri di Sardegna \u2013 WW2 Italian Cap Badge - Karl H\u00e4user","robots":{"index":"index","follow":"follow","max-snippet":"max-snippet:-1","max-image-preview":"max-image-preview:large","max-video-preview":"max-video-preview:-1"},"canonical":"https:\/\/www.karlhauser.com\/it\/prodotti\/fregio-da-berretto-per-4-granatieri-di-sardegna-ww2-italian-cap-badge\/","og_locale":"it_IT","og_type":"article","og_title":"Fregio da berretto per 4\u00b0 Granatieri di Sardegna \u2013 WW2 Italian Cap Badge - Karl H\u00e4user","og_description":"Regio Esercito Italiano WW2","og_url":"https:\/\/www.karlhauser.com\/it\/prodotti\/fregio-da-berretto-per-4-granatieri-di-sardegna-ww2-italian-cap-badge\/","og_site_name":"Karl H\u00e4user","article_modified_time":"2025-10-16T15:54:54+00:00","og_image":[{"width":1376,"height":2124,"url":"https:\/\/www.karlhauser.com\/wp-content\/uploads\/2023\/10\/IMG_6853.jpg","type":"image\/jpeg"}],"twitter_card":"summary_large_image","twitter_misc":{"Tempo di lettura stimato":"1 minuto"},"schema":{"@context":"https:\/\/schema.org","@graph":[{"@type":"WebPage","@id":"https:\/\/www.karlhauser.com\/it\/prodotti\/fregio-da-berretto-per-4-granatieri-di-sardegna-ww2-italian-cap-badge\/","url":"https:\/\/www.karlhauser.com\/it\/prodotti\/fregio-da-berretto-per-4-granatieri-di-sardegna-ww2-italian-cap-badge\/","name":"Fregio da berretto per 4\u00b0 Granatieri di Sardegna \u2013 WW2 Italian Cap Badge - Karl H\u00e4user","isPartOf":{"@id":"https:\/\/www.karlhauser.com\/it\/#website"},"primaryImageOfPage":{"@id":"https:\/\/www.karlhauser.com\/it\/prodotti\/fregio-da-berretto-per-4-granatieri-di-sardegna-ww2-italian-cap-badge\/#primaryimage"},"image":{"@id":"https:\/\/www.karlhauser.com\/it\/prodotti\/fregio-da-berretto-per-4-granatieri-di-sardegna-ww2-italian-cap-badge\/#primaryimage"},"thumbnailUrl":"https:\/\/www.karlhauser.com\/wp-content\/uploads\/2023\/10\/IMG_6853.jpg","datePublished":"2023-10-24T15:08:03+00:00","dateModified":"2025-10-16T15:54:54+00:00","breadcrumb":{"@id":"https:\/\/www.karlhauser.com\/it\/prodotti\/fregio-da-berretto-per-4-granatieri-di-sardegna-ww2-italian-cap-badge\/#breadcrumb"},"inLanguage":"it-IT","potentialAction":[{"@type":"ReadAction","target":["https:\/\/www.karlhauser.com\/it\/prodotti\/fregio-da-berretto-per-4-granatieri-di-sardegna-ww2-italian-cap-badge\/"]}]},{"@type":"ImageObject","inLanguage":"it-IT","@id":"https:\/\/www.karlhauser.com\/it\/prodotti\/fregio-da-berretto-per-4-granatieri-di-sardegna-ww2-italian-cap-badge\/#primaryimage","url":"https:\/\/www.karlhauser.com\/wp-content\/uploads\/2023\/10\/IMG_6853.jpg","contentUrl":"https:\/\/www.karlhauser.com\/wp-content\/uploads\/2023\/10\/IMG_6853.jpg","width":1376,"height":2124},{"@type":"BreadcrumbList","@id":"https:\/\/www.karlhauser.com\/it\/prodotti\/fregio-da-berretto-per-4-granatieri-di-sardegna-ww2-italian-cap-badge\/#breadcrumb","itemListElement":[{"@type":"ListItem","position":1,"name":"Home","item":"https:\/\/www.karlhauser.com\/it\/"},{"@type":"ListItem","position":2,"name":"Negozio","item":"https:\/\/www.karlhauser.com\/it\/negozio\/"},{"@type":"ListItem","position":3,"name":"Fregio da berretto per 4\u00b0 Granatieri di Sardegna \u2013 WW2 Italian Cap Badge"}]},{"@type":"WebSite","@id":"https:\/\/www.karlhauser.com\/it\/#website","url":"https:\/\/www.karlhauser.com\/it\/","name":"Karl H\u00e4user","description":"Milit\u00e4rische Antiquit\u00e4ten und Waffen Vermittlung","publisher":{"@id":"https:\/\/www.karlhauser.com\/it\/#organization"},"potentialAction":[{"@type":"SearchAction","target":{"@type":"EntryPoint","urlTemplate":"https:\/\/www.karlhauser.com\/it\/?s={search_term_string}"},"query-input":{"@type":"PropertyValueSpecification","valueRequired":true,"valueName":"search_term_string"}}],"inLanguage":"it-IT"},{"@type":"Organization","@id":"https:\/\/www.karlhauser.com\/it\/#organization","name":"Karl H\u00e4user","url":"https:\/\/www.karlhauser.com\/it\/","logo":{"@type":"ImageObject","inLanguage":"it-IT","@id":"https:\/\/www.karlhauser.com\/it\/#\/schema\/logo\/image\/","url":"https:\/\/www.karlhauser.com\/wp-content\/uploads\/2022\/09\/KH-generico-3.jpg","contentUrl":"https:\/\/www.karlhauser.com\/wp-content\/uploads\/2022\/09\/KH-generico-3.jpg","width":470,"height":470,"caption":"Karl H\u00e4user"},"image":{"@id":"https:\/\/www.karlhauser.com\/it\/#\/schema\/logo\/image\/"},"sameAs":["https:\/\/www.instagram.com\/karlhauser.antik\/","https:\/\/www.youtube.com\/channel\/UCt-9t2bku12mwXmte0FJLGQ","https:\/\/www.ebay.it\/str\/karlhausermilitaryantiques?_trksid=p2047675.m3561.l2563"]}]}},"_links":{"self":[{"href":"https:\/\/www.karlhauser.com\/it\/wp-json\/wp\/v2\/product\/5965","targetHints":{"allow":["GET"]}}],"collection":[{"href":"https:\/\/www.karlhauser.com\/it\/wp-json\/wp\/v2\/product"}],"about":[{"href":"https:\/\/www.karlhauser.com\/it\/wp-json\/wp\/v2\/types\/product"}],"wp:featuredmedia":[{"embeddable":true,"href":"https:\/\/www.karlhauser.com\/it\/wp-json\/wp\/v2\/media\/5966"}],"wp:attachment":[{"href":"https:\/\/www.karlhauser.com\/it\/wp-json\/wp\/v2\/media?parent=5965"}],"wp:term":[{"taxonomy":"product_brand","embeddable":true,"href":"https:\/\/www.karlhauser.com\/it\/wp-json\/wp\/v2\/product_brand?post=5965"},{"taxonomy":"product_cat","embeddable":true,"href":"https:\/\/www.karlhauser.com\/it\/wp-json\/wp\/v2\/product_cat?post=5965"},{"taxonomy":"product_tag","embeddable":true,"href":"https:\/\/www.karlhauser.com\/it\/wp-json\/wp\/v2\/product_tag?post=5965"}],"curies":[{"name":"wp","href":"https:\/\/api.w.org\/{rel}","templated":true}]}}