{"id":8509,"date":"2024-02-22T07:54:07","date_gmt":"2024-02-22T06:54:07","guid":{"rendered":"https:\/\/www.karlhauser.com\/?post_type=product&#038;p=8509"},"modified":"2025-10-17T08:27:47","modified_gmt":"2025-10-17T06:27:47","slug":"fotoalbum-of-a-german-veteran-in-grenadier-regiment-554-including-pictures-of-a-knights-cross-awarded-officer-in-stalingrad","status":"publish","type":"product","link":"https:\/\/www.karlhauser.com\/it\/prodotti\/fotoalbum-of-a-german-veteran-in-grenadier-regiment-554-including-pictures-of-a-knights-cross-awarded-officer-in-stalingrad\/","title":{"rendered":"Fotoalbum of a German Veteran in Grenadier Regiment 554 &#8211; including pictures of a Knight&#8217;s Cross awarded officer in Stalingrad"},"content":{"rendered":"<p>Size 25 x 18<\/p>\n<p>18 pages<\/p>\n<p>137 photos<\/p>\n<p>just a few photos missing and one page damaged (as shown in pictures)<\/p>\n<p>&nbsp;<\/p>\n","protected":false},"excerpt":{"rendered":"<p>Hauptmann D. L. Friedrich Kimmich, Army (Heer), Major of the Landwehr, Leader of the II.\/Grenadier-Regiment 554 (Major d. Landwehr Fhr. II.\/G. R. 554) was awarded the Knight&#8217;s Cross of the Iron Cross on the 11th of December 1942 by General der Infanterie Kurt von der Chevallerie, to recognize extreme battlefield bravery or successful military leadership. Kimmich\u2019s Knights Cross was awarded in the heat of battle in Stalingrad. The following newspaper excerpt (dated 17.12.1942) describes why Kimmich received the Knight\u2019s Cross\u2026 \u201cMajor der Landwehr Kimmich and his Grenadier-Bataillon stormed a strongly fortified and heavily defended enemy hill. Those determined Bolshevik counterattacks that followed were crushed in the face of the inspiring leadership of the commander and the bravery of his Grenadiers. This action took place in the central section of the Eastern front at the end of this past September.\u201d Kimmich was born on July 13th, 1890. He survived the end of the war and more\u00a0 until October 20th, 1962.<\/p>\n<p>Size 25 x 18<\/p>\n<p>18 pages<\/p>\n<p>137 photos<\/p>\n<p>just a few photos missing and one page damaged (as shown in pictures)<\/p>\n","protected":false},"featured_media":8582,"template":"","meta":{"_acf_changed":false},"product_brand":[],"product_cat":[383,653],"product_tag":[586,587],"class_list":{"0":"post-8509","1":"product","2":"type-product","3":"status-publish","4":"has-post-thumbnail","6":"product_cat-german-1919-1945","7":"product_cat-military-photos","8":"product_tag-knights-cross","9":"product_tag-ritter-kreuz","11":"first","12":"outofstock","13":"taxable","14":"shipping-taxable","15":"purchasable","16":"product-type-simple"},"acf":[],"yoast_head":"<!-- This site is optimized with the Yoast SEO plugin v27.6 - https:\/\/yoast.com\/product\/yoast-seo-wordpress\/ -->\n<title>Fotoalbum of a German Veteran in Grenadier Regiment 554 - including pictures of a Knight&#039;s Cross awarded officer in Stalingrad - Karl H\u00e4user<\/title>\n<meta name=\"robots\" content=\"index, follow, max-snippet:-1, max-image-preview:large, max-video-preview:-1\" \/>\n<link rel=\"canonical\" href=\"https:\/\/www.karlhauser.com\/it\/prodotti\/fotoalbum-of-a-german-veteran-in-grenadier-regiment-554-including-pictures-of-a-knights-cross-awarded-officer-in-stalingrad\/\" \/>\n<meta property=\"og:locale\" content=\"it_IT\" \/>\n<meta property=\"og:type\" content=\"article\" \/>\n<meta property=\"og:title\" content=\"Fotoalbum of a German Veteran in Grenadier Regiment 554 - including pictures of a Knight&#039;s Cross awarded officer in Stalingrad - Karl H\u00e4user\" \/>\n<meta property=\"og:description\" content=\"Hauptmann D. L. Friedrich Kimmich, Army (Heer), Major of the Landwehr, Leader of the II.\/Grenadier-Regiment 554 (Major d. Landwehr Fhr. II.\/G. R. 554) was awarded the Knight&#039;s Cross of the Iron Cross on the 11th of December 1942 by General der Infanterie Kurt von der Chevallerie, to recognize extreme battlefield bravery or successful military leadership. Kimmich\u2019s Knights Cross was awarded in the heat of battle in Stalingrad. The following newspaper excerpt (dated 17.12.1942) describes why Kimmich received the Knight\u2019s Cross\u2026 \u201cMajor der Landwehr Kimmich and his Grenadier-Bataillon stormed a strongly fortified and heavily defended enemy hill. Those determined Bolshevik counterattacks that followed were crushed in the face of the inspiring leadership of the commander and the bravery of his Grenadiers. This action took place in the central section of the Eastern front at the end of this past September.\u201d Kimmich was born on July 13th, 1890. He survived the end of the war and more\u00a0 until October 20th, 1962.  Size 25 x 18  18 pages  137 photos  just a few photos missing and one page damaged (as shown in pictures)\" \/>\n<meta property=\"og:url\" content=\"https:\/\/www.karlhauser.com\/it\/prodotti\/fotoalbum-of-a-german-veteran-in-grenadier-regiment-554-including-pictures-of-a-knights-cross-awarded-officer-in-stalingrad\/\" \/>\n<meta property=\"og:site_name\" content=\"Karl H\u00e4user\" \/>\n<meta property=\"article:modified_time\" content=\"2025-10-17T06:27:47+00:00\" \/>\n<meta property=\"og:image\" content=\"https:\/\/www.karlhauser.com\/wp-content\/uploads\/2024\/02\/L1000622.jpg\" \/>\n\t<meta property=\"og:image:width\" content=\"1920\" \/>\n\t<meta property=\"og:image:height\" content=\"1606\" \/>\n\t<meta property=\"og:image:type\" content=\"image\/jpeg\" \/>\n<meta name=\"twitter:card\" content=\"summary_large_image\" \/>\n<meta name=\"twitter:label1\" content=\"Tempo di lettura stimato\" \/>\n\t<meta name=\"twitter:data1\" content=\"1 minuto\" \/>\n<script type=\"application\/ld+json\" class=\"yoast-schema-graph\">{\"@context\":\"https:\\\/\\\/schema.org\",\"@graph\":[{\"@type\":\"WebPage\",\"@id\":\"https:\\\/\\\/www.karlhauser.com\\\/it\\\/prodotti\\\/fotoalbum-of-a-german-veteran-in-grenadier-regiment-554-including-pictures-of-a-knights-cross-awarded-officer-in-stalingrad\\\/\",\"url\":\"https:\\\/\\\/www.karlhauser.com\\\/it\\\/prodotti\\\/fotoalbum-of-a-german-veteran-in-grenadier-regiment-554-including-pictures-of-a-knights-cross-awarded-officer-in-stalingrad\\\/\",\"name\":\"Fotoalbum of a German Veteran in Grenadier Regiment 554 - including pictures of a Knight's Cross awarded officer in Stalingrad - Karl H\u00e4user\",\"isPartOf\":{\"@id\":\"https:\\\/\\\/www.karlhauser.com\\\/it\\\/#website\"},\"primaryImageOfPage\":{\"@id\":\"https:\\\/\\\/www.karlhauser.com\\\/it\\\/prodotti\\\/fotoalbum-of-a-german-veteran-in-grenadier-regiment-554-including-pictures-of-a-knights-cross-awarded-officer-in-stalingrad\\\/#primaryimage\"},\"image\":{\"@id\":\"https:\\\/\\\/www.karlhauser.com\\\/it\\\/prodotti\\\/fotoalbum-of-a-german-veteran-in-grenadier-regiment-554-including-pictures-of-a-knights-cross-awarded-officer-in-stalingrad\\\/#primaryimage\"},\"thumbnailUrl\":\"https:\\\/\\\/www.karlhauser.com\\\/wp-content\\\/uploads\\\/2024\\\/02\\\/L1000622.jpg\",\"datePublished\":\"2024-02-22T06:54:07+00:00\",\"dateModified\":\"2025-10-17T06:27:47+00:00\",\"breadcrumb\":{\"@id\":\"https:\\\/\\\/www.karlhauser.com\\\/it\\\/prodotti\\\/fotoalbum-of-a-german-veteran-in-grenadier-regiment-554-including-pictures-of-a-knights-cross-awarded-officer-in-stalingrad\\\/#breadcrumb\"},\"inLanguage\":\"it-IT\",\"potentialAction\":[{\"@type\":\"ReadAction\",\"target\":[\"https:\\\/\\\/www.karlhauser.com\\\/it\\\/prodotti\\\/fotoalbum-of-a-german-veteran-in-grenadier-regiment-554-including-pictures-of-a-knights-cross-awarded-officer-in-stalingrad\\\/\"]}]},{\"@type\":\"ImageObject\",\"inLanguage\":\"it-IT\",\"@id\":\"https:\\\/\\\/www.karlhauser.com\\\/it\\\/prodotti\\\/fotoalbum-of-a-german-veteran-in-grenadier-regiment-554-including-pictures-of-a-knights-cross-awarded-officer-in-stalingrad\\\/#primaryimage\",\"url\":\"https:\\\/\\\/www.karlhauser.com\\\/wp-content\\\/uploads\\\/2024\\\/02\\\/L1000622.jpg\",\"contentUrl\":\"https:\\\/\\\/www.karlhauser.com\\\/wp-content\\\/uploads\\\/2024\\\/02\\\/L1000622.jpg\",\"width\":1920,\"height\":1606},{\"@type\":\"BreadcrumbList\",\"@id\":\"https:\\\/\\\/www.karlhauser.com\\\/it\\\/prodotti\\\/fotoalbum-of-a-german-veteran-in-grenadier-regiment-554-including-pictures-of-a-knights-cross-awarded-officer-in-stalingrad\\\/#breadcrumb\",\"itemListElement\":[{\"@type\":\"ListItem\",\"position\":1,\"name\":\"Home\",\"item\":\"https:\\\/\\\/www.karlhauser.com\\\/it\\\/\"},{\"@type\":\"ListItem\",\"position\":2,\"name\":\"Negozio\",\"item\":\"https:\\\/\\\/www.karlhauser.com\\\/it\\\/negozio\\\/\"},{\"@type\":\"ListItem\",\"position\":3,\"name\":\"Fotoalbum of a German Veteran in Grenadier Regiment 554 &#8211; including pictures of a Knight&#8217;s Cross awarded officer in Stalingrad\"}]},{\"@type\":\"WebSite\",\"@id\":\"https:\\\/\\\/www.karlhauser.com\\\/it\\\/#website\",\"url\":\"https:\\\/\\\/www.karlhauser.com\\\/it\\\/\",\"name\":\"Karl H\u00e4user\",\"description\":\"Milit\u00e4rische Antiquit\u00e4ten und Waffen Vermittlung\",\"publisher\":{\"@id\":\"https:\\\/\\\/www.karlhauser.com\\\/it\\\/#organization\"},\"potentialAction\":[{\"@type\":\"SearchAction\",\"target\":{\"@type\":\"EntryPoint\",\"urlTemplate\":\"https:\\\/\\\/www.karlhauser.com\\\/it\\\/?s={search_term_string}\"},\"query-input\":{\"@type\":\"PropertyValueSpecification\",\"valueRequired\":true,\"valueName\":\"search_term_string\"}}],\"inLanguage\":\"it-IT\"},{\"@type\":\"Organization\",\"@id\":\"https:\\\/\\\/www.karlhauser.com\\\/it\\\/#organization\",\"name\":\"Karl H\u00e4user\",\"url\":\"https:\\\/\\\/www.karlhauser.com\\\/it\\\/\",\"logo\":{\"@type\":\"ImageObject\",\"inLanguage\":\"it-IT\",\"@id\":\"https:\\\/\\\/www.karlhauser.com\\\/it\\\/#\\\/schema\\\/logo\\\/image\\\/\",\"url\":\"https:\\\/\\\/www.karlhauser.com\\\/wp-content\\\/uploads\\\/2022\\\/09\\\/KH-generico-3.jpg\",\"contentUrl\":\"https:\\\/\\\/www.karlhauser.com\\\/wp-content\\\/uploads\\\/2022\\\/09\\\/KH-generico-3.jpg\",\"width\":470,\"height\":470,\"caption\":\"Karl H\u00e4user\"},\"image\":{\"@id\":\"https:\\\/\\\/www.karlhauser.com\\\/it\\\/#\\\/schema\\\/logo\\\/image\\\/\"},\"sameAs\":[\"https:\\\/\\\/www.instagram.com\\\/karlhauser.antik\\\/\",\"https:\\\/\\\/www.youtube.com\\\/channel\\\/UCt-9t2bku12mwXmte0FJLGQ\",\"https:\\\/\\\/www.ebay.it\\\/str\\\/karlhausermilitaryantiques?_trksid=p2047675.m3561.l2563\"]}]}<\/script>\n<!-- \/ Yoast SEO plugin. -->","yoast_head_json":{"title":"Fotoalbum of a German Veteran in Grenadier Regiment 554 - including pictures of a Knight's Cross awarded officer in Stalingrad - Karl H\u00e4user","robots":{"index":"index","follow":"follow","max-snippet":"max-snippet:-1","max-image-preview":"max-image-preview:large","max-video-preview":"max-video-preview:-1"},"canonical":"https:\/\/www.karlhauser.com\/it\/prodotti\/fotoalbum-of-a-german-veteran-in-grenadier-regiment-554-including-pictures-of-a-knights-cross-awarded-officer-in-stalingrad\/","og_locale":"it_IT","og_type":"article","og_title":"Fotoalbum of a German Veteran in Grenadier Regiment 554 - including pictures of a Knight's Cross awarded officer in Stalingrad - Karl H\u00e4user","og_description":"Hauptmann D. L. Friedrich Kimmich, Army (Heer), Major of the Landwehr, Leader of the II.\/Grenadier-Regiment 554 (Major d. Landwehr Fhr. II.\/G. R. 554) was awarded the Knight's Cross of the Iron Cross on the 11th of December 1942 by General der Infanterie Kurt von der Chevallerie, to recognize extreme battlefield bravery or successful military leadership. Kimmich\u2019s Knights Cross was awarded in the heat of battle in Stalingrad. The following newspaper excerpt (dated 17.12.1942) describes why Kimmich received the Knight\u2019s Cross\u2026 \u201cMajor der Landwehr Kimmich and his Grenadier-Bataillon stormed a strongly fortified and heavily defended enemy hill. Those determined Bolshevik counterattacks that followed were crushed in the face of the inspiring leadership of the commander and the bravery of his Grenadiers. This action took place in the central section of the Eastern front at the end of this past September.\u201d Kimmich was born on July 13th, 1890. He survived the end of the war and more\u00a0 until October 20th, 1962.  Size 25 x 18  18 pages  137 photos  just a few photos missing and one page damaged (as shown in pictures)","og_url":"https:\/\/www.karlhauser.com\/it\/prodotti\/fotoalbum-of-a-german-veteran-in-grenadier-regiment-554-including-pictures-of-a-knights-cross-awarded-officer-in-stalingrad\/","og_site_name":"Karl H\u00e4user","article_modified_time":"2025-10-17T06:27:47+00:00","og_image":[{"width":1920,"height":1606,"url":"https:\/\/www.karlhauser.com\/wp-content\/uploads\/2024\/02\/L1000622.jpg","type":"image\/jpeg"}],"twitter_card":"summary_large_image","twitter_misc":{"Tempo di lettura stimato":"1 minuto"},"schema":{"@context":"https:\/\/schema.org","@graph":[{"@type":"WebPage","@id":"https:\/\/www.karlhauser.com\/it\/prodotti\/fotoalbum-of-a-german-veteran-in-grenadier-regiment-554-including-pictures-of-a-knights-cross-awarded-officer-in-stalingrad\/","url":"https:\/\/www.karlhauser.com\/it\/prodotti\/fotoalbum-of-a-german-veteran-in-grenadier-regiment-554-including-pictures-of-a-knights-cross-awarded-officer-in-stalingrad\/","name":"Fotoalbum of a German Veteran in Grenadier Regiment 554 - including pictures of a Knight's Cross awarded officer in Stalingrad - Karl H\u00e4user","isPartOf":{"@id":"https:\/\/www.karlhauser.com\/it\/#website"},"primaryImageOfPage":{"@id":"https:\/\/www.karlhauser.com\/it\/prodotti\/fotoalbum-of-a-german-veteran-in-grenadier-regiment-554-including-pictures-of-a-knights-cross-awarded-officer-in-stalingrad\/#primaryimage"},"image":{"@id":"https:\/\/www.karlhauser.com\/it\/prodotti\/fotoalbum-of-a-german-veteran-in-grenadier-regiment-554-including-pictures-of-a-knights-cross-awarded-officer-in-stalingrad\/#primaryimage"},"thumbnailUrl":"https:\/\/www.karlhauser.com\/wp-content\/uploads\/2024\/02\/L1000622.jpg","datePublished":"2024-02-22T06:54:07+00:00","dateModified":"2025-10-17T06:27:47+00:00","breadcrumb":{"@id":"https:\/\/www.karlhauser.com\/it\/prodotti\/fotoalbum-of-a-german-veteran-in-grenadier-regiment-554-including-pictures-of-a-knights-cross-awarded-officer-in-stalingrad\/#breadcrumb"},"inLanguage":"it-IT","potentialAction":[{"@type":"ReadAction","target":["https:\/\/www.karlhauser.com\/it\/prodotti\/fotoalbum-of-a-german-veteran-in-grenadier-regiment-554-including-pictures-of-a-knights-cross-awarded-officer-in-stalingrad\/"]}]},{"@type":"ImageObject","inLanguage":"it-IT","@id":"https:\/\/www.karlhauser.com\/it\/prodotti\/fotoalbum-of-a-german-veteran-in-grenadier-regiment-554-including-pictures-of-a-knights-cross-awarded-officer-in-stalingrad\/#primaryimage","url":"https:\/\/www.karlhauser.com\/wp-content\/uploads\/2024\/02\/L1000622.jpg","contentUrl":"https:\/\/www.karlhauser.com\/wp-content\/uploads\/2024\/02\/L1000622.jpg","width":1920,"height":1606},{"@type":"BreadcrumbList","@id":"https:\/\/www.karlhauser.com\/it\/prodotti\/fotoalbum-of-a-german-veteran-in-grenadier-regiment-554-including-pictures-of-a-knights-cross-awarded-officer-in-stalingrad\/#breadcrumb","itemListElement":[{"@type":"ListItem","position":1,"name":"Home","item":"https:\/\/www.karlhauser.com\/it\/"},{"@type":"ListItem","position":2,"name":"Negozio","item":"https:\/\/www.karlhauser.com\/it\/negozio\/"},{"@type":"ListItem","position":3,"name":"Fotoalbum of a German Veteran in Grenadier Regiment 554 &#8211; including pictures of a Knight&#8217;s Cross awarded officer in Stalingrad"}]},{"@type":"WebSite","@id":"https:\/\/www.karlhauser.com\/it\/#website","url":"https:\/\/www.karlhauser.com\/it\/","name":"Karl H\u00e4user","description":"Milit\u00e4rische Antiquit\u00e4ten und Waffen Vermittlung","publisher":{"@id":"https:\/\/www.karlhauser.com\/it\/#organization"},"potentialAction":[{"@type":"SearchAction","target":{"@type":"EntryPoint","urlTemplate":"https:\/\/www.karlhauser.com\/it\/?s={search_term_string}"},"query-input":{"@type":"PropertyValueSpecification","valueRequired":true,"valueName":"search_term_string"}}],"inLanguage":"it-IT"},{"@type":"Organization","@id":"https:\/\/www.karlhauser.com\/it\/#organization","name":"Karl H\u00e4user","url":"https:\/\/www.karlhauser.com\/it\/","logo":{"@type":"ImageObject","inLanguage":"it-IT","@id":"https:\/\/www.karlhauser.com\/it\/#\/schema\/logo\/image\/","url":"https:\/\/www.karlhauser.com\/wp-content\/uploads\/2022\/09\/KH-generico-3.jpg","contentUrl":"https:\/\/www.karlhauser.com\/wp-content\/uploads\/2022\/09\/KH-generico-3.jpg","width":470,"height":470,"caption":"Karl H\u00e4user"},"image":{"@id":"https:\/\/www.karlhauser.com\/it\/#\/schema\/logo\/image\/"},"sameAs":["https:\/\/www.instagram.com\/karlhauser.antik\/","https:\/\/www.youtube.com\/channel\/UCt-9t2bku12mwXmte0FJLGQ","https:\/\/www.ebay.it\/str\/karlhausermilitaryantiques?_trksid=p2047675.m3561.l2563"]}]}},"_links":{"self":[{"href":"https:\/\/www.karlhauser.com\/it\/wp-json\/wp\/v2\/product\/8509","targetHints":{"allow":["GET"]}}],"collection":[{"href":"https:\/\/www.karlhauser.com\/it\/wp-json\/wp\/v2\/product"}],"about":[{"href":"https:\/\/www.karlhauser.com\/it\/wp-json\/wp\/v2\/types\/product"}],"wp:featuredmedia":[{"embeddable":true,"href":"https:\/\/www.karlhauser.com\/it\/wp-json\/wp\/v2\/media\/8582"}],"wp:attachment":[{"href":"https:\/\/www.karlhauser.com\/it\/wp-json\/wp\/v2\/media?parent=8509"}],"wp:term":[{"taxonomy":"product_brand","embeddable":true,"href":"https:\/\/www.karlhauser.com\/it\/wp-json\/wp\/v2\/product_brand?post=8509"},{"taxonomy":"product_cat","embeddable":true,"href":"https:\/\/www.karlhauser.com\/it\/wp-json\/wp\/v2\/product_cat?post=8509"},{"taxonomy":"product_tag","embeddable":true,"href":"https:\/\/www.karlhauser.com\/it\/wp-json\/wp\/v2\/product_tag?post=8509"}],"curies":[{"name":"wp","href":"https:\/\/api.w.org\/{rel}","templated":true}]}}